{"id":9486,"date":"2026-03-20T09:15:27","date_gmt":"2026-03-20T02:15:27","guid":{"rendered":"https:\/\/bouleetbilles.net\/kermesse\/"},"modified":"2026-03-24T09:11:29","modified_gmt":"2026-03-24T02:11:29","slug":"ngay-hoi-gia-dinh","status":"publish","type":"page","link":"https:\/\/bouleetbilles.net\/vi\/ngay-hoi-gia-dinh\/","title":{"rendered":"Ng\u00e0y h\u1ed9i Gia \u0111\u00ecnh"},"content":{"rendered":"<div class=\"et_pb_section_0 et_pb_section et_pb_fullwidth_section et_section_regular et_block_section\"><section class=\"et_pb_fullwidth_header_0 et_pb_fullwidth_header et_pb_bg_layout_dark et_pb_text_align_center et_pb_module et_flex_module\"><div class=\"et_pb_fullwidth_header_container center\"><div class=\"header-content-container center\"><div class=\"header-content et_flex_module\"><h1 class=\"et_pb_module_header\">NG\u00c0Y H\u1ed8I GIA \u0110\u00ccNH<\/h1><span class=\"et_pb_fullwidth_header_subhead\">Boule &amp; Billes h\u00e2n h\u1ea1nh m\u1eddi qu\u00fd v\u1ecb tham d\u1ef1 Ng\u00e0y h\u1ed9i Gia \u0111\u00ecnh, Th\u1ee9 B\u1ea3y, ng\u00e0y 28 th\u00e1ng 3 n\u0103m 2026, t\u1eeb 9:00 s\u00e1ng \u0111\u1ebfn 1:00 chi\u1ec1u.<\/span><div class=\"et_pb_header_content_wrapper\"><h4>Khu\u00f4n vi\u00ean B\u00ecnh Thanh!<\/h4>\n<\/div><div class=\"et_pb_header_button_wrapper\"><a class=\"et_pb_button et_pb_more_button et_pb_button_one\" href=\"https:\/\/share.google\/u8GIBTPTSIu9QHwuJ\">N\u00f3 \u0111\u00e2u r\u1ed3i?<\/a><a class=\"et_pb_button et_pb_more_button et_pb_button_two\" href=\"https:\/\/bouleetbilles.net\/contactez-nous\/\">Li\u00ean h\u1ec7 v\u1edbi ch\u00fang t\u00f4i<\/a><\/div><\/div><\/div><\/div><div class=\"et_pb_fullwidth_header_overlay\"><\/div><div class=\"et_pb_fullwidth_header_scroll\"><\/div><\/section><\/div><div class=\"et_pb_section_1 et_pb_section et_section_regular et_block_section\"><div class=\"et_pb_row_0 et_pb_row et_block_row\"><div class=\"et_pb_column_0 et_pb_column et_pb_column_3_5 et_block_column et_pb_css_mix_blend_mode_passthrough\"><div class=\"et_pb_text_0 et_pb_text et_pb_bg_layout_light et_pb_module et_block_module\"><div class=\"et_pb_text_inner\"><h2>Th\u00f4ng tin th\u1ef1c t\u1ebf<\/h2>\n<p><strong>Ng\u00e0y: Th\u1ee9 B\u1ea3y, ng\u00e0y 28 th\u00e1ng 3<\/strong><br \/> <strong>Gi\u1edd l\u00e0m vi\u1ec7c: 9:00 s\u00e1ng \u2013 1:00 chi\u1ec1u<\/strong><br \/> <strong>\u0110\u1ecba \u0111i\u1ec3m: <a href=\"https:\/\/share.google\/u8GIBTPTSIu9QHwuJ\" target=\"_blank\" rel=\"noopener\">Khu\u00f4n vi\u00ean B\u00ecnh Th\u1ea1nh<\/a><\/strong><\/p>\n<p>Trong m\u1ed9t b\u1ea7u kh\u00f4ng kh\u00ed l\u1ec5 h\u1ed9i, \u1ea5m \u00e1p v\u00e0 th\u00e2n thi\u1ec7n, h\u00e3y \u0111\u1ebfn v\u00e0 <strong>chia s\u1ebb m\u1ed9t bu\u1ed5i s\u00e1ng tuy\u1ec7t v\u1eddi v\u1edbi gia \u0111\u00ecnh b\u1ea1n<\/strong> v\u00e0 kh\u00e1m ph\u00e1 th\u1ebf gi\u1edbi c\u1ee7a ng\u00f4i tr\u01b0\u1eddng ch\u00fang t\u00f4i th\u00f4ng qua nhi\u1ec1u ho\u1ea1t \u0111\u1ed9ng \u0111\u01b0\u1ee3c t\u1ed5 ch\u1ee9c xuy\u00ean su\u1ed1t s\u1ef1 ki\u1ec7n.<\/p>\n<p>D\u00f9 b\u1ea1n \u0111\u00e3 l\u00e0 m\u1ed9t ph\u1ea7n c\u1ee7a c\u1ed9ng \u0111\u1ed3ng Boule &amp; Billes, \u0111ang t\u00ecm tr\u01b0\u1eddng h\u1ecdc cho con m\u00ecnh, hay \u0111\u01a1n gi\u1ea3n ch\u1ec9 mu\u1ed1n d\u00e0nh th\u1eddi gian vui v\u1ebb b\u00ean gia \u0111\u00ecnh, ch\u00fang t\u00f4i r\u1ea5t h\u00e2n h\u1ea1nh \u0111\u01b0\u1ee3c ch\u00e0o \u0111\u00f3n b\u1ea1n \u0111\u1ebfn chia s\u1ebb m\u1ed9t bu\u1ed5i s\u00e1ng \u1ea5m \u00e1p, th\u00e2n m\u1eadt v\u00e0 c\u1edfi m\u1edf d\u00e0nh cho t\u1ea5t c\u1ea3 m\u1ecdi ng\u01b0\u1eddi.<\/p>\n<\/div><\/div><\/div><div class=\"et_pb_column_1 et_pb_column et_pb_column_2_5 et-last-child et_block_column et_pb_css_mix_blend_mode_passthrough\"><div class=\"et_pb_image_0 et_pb_image et_pb_module et_block_module\"><span class=\"et_pb_image_wrap\"><img decoding=\"async\" src=\"https:\/\/bouleetbilles.net\/wp-content\/uploads\/2026\/03\/flyer-kermesse-boule-et-billes-mars-2026.webp\" width=\"1414\" height=\"2000\" srcset=\"https:\/\/bouleetbilles.net\/wp-content\/uploads\/2026\/03\/flyer-kermesse-boule-et-billes-mars-2026.webp 1414w, https:\/\/bouleetbilles.net\/wp-content\/uploads\/2026\/03\/flyer-kermesse-boule-et-billes-mars-2026-1280x1810.webp 1280w, https:\/\/bouleetbilles.net\/wp-content\/uploads\/2026\/03\/flyer-kermesse-boule-et-billes-mars-2026-980x1386.webp 980w, https:\/\/bouleetbilles.net\/wp-content\/uploads\/2026\/03\/flyer-kermesse-boule-et-billes-mars-2026-480x679.webp 480w\" sizes=\"(min-width: 0px) and (max-width: 480px) 480px, (min-width: 481px) and (max-width: 980px) 980px, (min-width: 981px) and (max-width: 1280px) 1280px, (min-width: 1281px) 1414px, 100vw\" class=\"wp-image-9397\" title=\"T\u1edd r\u01a1i qu\u1ea3ng c\u00e1o h\u1ed9i ch\u1ee3 bi v\u00e0 b\u00f3ng, th\u00e1ng 3 n\u0103m 2026\" alt=\"T\u1edd r\u01a1i qu\u1ea3ng c\u00e1o h\u1ed9i ch\u1ee3 bi v\u00e0 b\u00f3ng, th\u00e1ng 3 n\u0103m 2026\" \/><\/span><\/div><\/div><\/div><div class=\"et_pb_row_1 et_pb_row et_block_row\"><div class=\"et_pb_column_2 et_pb_column et_pb_column_1_2 et_block_column et_pb_css_mix_blend_mode_passthrough\"><div class=\"et_pb_blurb_0 et_pb_blurb et_pb_bg_layout_light et_pb_blurb_position_top et_pb_module et_block_module\"><div class=\"et_pb_blurb_content\"><div class=\"et_pb_main_blurb_image\"><span class=\"et_pb_image_wrap et_pb_only_image_mode_wrap\"><img decoding=\"async\" src=\"https:\/\/bouleetbilles.net\/wp-content\/uploads\/2026\/03\/Jeux-de-kermesse.webp\" width=\"1232\" height=\"693\" srcset=\"https:\/\/bouleetbilles.net\/wp-content\/uploads\/2026\/03\/Jeux-de-kermesse.webp 1232w, https:\/\/bouleetbilles.net\/wp-content\/uploads\/2026\/03\/Jeux-de-kermesse-980x551.webp 980w, https:\/\/bouleetbilles.net\/wp-content\/uploads\/2026\/03\/Jeux-de-kermesse-480x270.webp 480w\" sizes=\"(min-width: 0px) and (max-width: 480px) 480px, (min-width: 481px) and (max-width: 980px) 980px, (min-width: 981px) 1232px, 100vw\" class=\"et-waypoint et_pb_animation_top et_pb_animation_top_tablet et_pb_animation_top_phone wp-image-9402\" alt=\"Tr\u00f2 ch\u01a1i l\u1ec5 h\u1ed9i\" \/><\/span><\/div><div class=\"et_pb_blurb_container\"><h4 class=\"et_pb_module_header\">Tr\u00f2 ch\u01a1i l\u1ec5 h\u1ed9i<\/h4><div class=\"et_pb_blurb_description\"><p>Tr\u1ebb em v\u00e0 gia \u0111\u00ecnh c\u00f3 th\u1ec3 tham gia nhi\u1ec1u tr\u00f2 ch\u01a1i l\u1ec5 h\u1ed9i kh\u00e1c nhau su\u1ed1t bu\u1ed5i s\u00e1ng. Gi\u1eefa ni\u1ec1m vui, th\u1eed th\u00e1ch v\u00e0 ti\u1ebfng c\u01b0\u1eddi, m\u1ecdi ng\u01b0\u1eddi s\u1ebd t\u00ecm th\u1ea5y \u0111i\u1ec1u g\u00ec \u0111\u00f3 \u0111\u1ec3 t\u1eadn h\u01b0\u1edfng kho\u1ea3ng th\u1eddi gian vui v\u1ebb v\u00e0 th\u00e2n thi\u1ec7n v\u1edbi gia \u0111\u00ecnh trong b\u1ea7u kh\u00f4ng kh\u00ed l\u1ec5 h\u1ed9i. <\/p>\n<\/div><\/div><\/div><\/div><div class=\"et_pb_blurb_1 et_pb_blurb et_pb_bg_layout_light et_pb_blurb_position_top et_pb_module et_block_module\"><div class=\"et_pb_blurb_content\"><div class=\"et_pb_main_blurb_image\"><span class=\"et_pb_image_wrap et_pb_only_image_mode_wrap\"><img decoding=\"async\" src=\"https:\/\/bouleetbilles.net\/wp-content\/uploads\/2026\/03\/Animations-diverses-1.webp\" width=\"1232\" height=\"693\" srcset=\"https:\/\/bouleetbilles.net\/wp-content\/uploads\/2026\/03\/Animations-diverses-1.webp 1232w, https:\/\/bouleetbilles.net\/wp-content\/uploads\/2026\/03\/Animations-diverses-1-980x551.webp 980w, https:\/\/bouleetbilles.net\/wp-content\/uploads\/2026\/03\/Animations-diverses-1-480x270.webp 480w\" sizes=\"(min-width: 0px) and (max-width: 480px) 480px, (min-width: 481px) and (max-width: 980px) 980px, (min-width: 981px) 1232px, 100vw\" class=\"et-waypoint et_pb_animation_top et_pb_animation_top_tablet et_pb_animation_top_phone wp-image-9539\" alt=\"C\u00e1c ho\u1ea1t \u0111\u1ed9ng kh\u00e1c nhau\" \/><\/span><\/div><div class=\"et_pb_blurb_container\"><h4 class=\"et_pb_module_header\">C\u00e1c ho\u1ea1t \u0111\u1ed9ng kh\u00e1c nhau<\/h4><div class=\"et_pb_blurb_description\"><p>Nhi\u1ec1u ho\u1ea1t \u0111\u1ed9ng \u0111a d\u1ea1ng s\u1ebd di\u1ec5n ra su\u1ed1t bu\u1ed5i s\u00e1ng v\u00e0 g\u00f3p ph\u1ea7n t\u1ea1o n\u00ean kh\u00f4ng kh\u00ed l\u1ec5 h\u1ed9i cho s\u1ef1 ki\u1ec7n. Nh\u1eefng \u0111i\u1ec1u b\u1ea5t ng\u1edd, \u0111i\u1ec3m nh\u1ea5n v\u00e0 kho\u1ea3nh kh\u1eafc chia s\u1ebb s\u1ebd bi\u1ebfn Ng\u00e0y Gia \u0111\u00ecnh n\u00e0y th\u00e0nh m\u1ed9t bu\u1ed5i sum h\u1ecdp vui v\u1ebb v\u00e0 \u1ea5m \u00e1p d\u00e0nh cho c\u1ea3 ng\u01b0\u1eddi l\u1edbn v\u00e0 tr\u1ebb nh\u1ecf. <\/p>\n<\/div><\/div><\/div><\/div><\/div><div class=\"et_pb_column_3 et_pb_column et_pb_column_1_2 et-last-child et_block_column et_pb_css_mix_blend_mode_passthrough\"><div class=\"et_pb_blurb_2 et_pb_blurb et_pb_bg_layout_light et_pb_blurb_position_top et_pb_module et_block_module\"><div class=\"et_pb_blurb_content\"><div class=\"et_pb_main_blurb_image\"><span class=\"et_pb_image_wrap et_pb_only_image_mode_wrap\"><img decoding=\"async\" src=\"https:\/\/bouleetbilles.net\/wp-content\/uploads\/2026\/03\/Workshops.webp\" width=\"1232\" height=\"693\" srcset=\"https:\/\/bouleetbilles.net\/wp-content\/uploads\/2026\/03\/Workshops.webp 1232w, https:\/\/bouleetbilles.net\/wp-content\/uploads\/2026\/03\/Workshops-980x551.webp 980w, https:\/\/bouleetbilles.net\/wp-content\/uploads\/2026\/03\/Workshops-480x270.webp 480w\" sizes=\"(min-width: 0px) and (max-width: 480px) 480px, (min-width: 481px) and (max-width: 980px) 980px, (min-width: 981px) 1232px, 100vw\" class=\"et-waypoint et_pb_animation_top et_pb_animation_top_tablet et_pb_animation_top_phone wp-image-9400\" alt=\"H\u1ed9i th\u1ea3o\" \/><\/span><\/div><div class=\"et_pb_blurb_container\"><h4 class=\"et_pb_module_header\">H\u1ed9i th\u1ea3o<\/h4><div class=\"et_pb_blurb_description\"><p>C\u00e1c bu\u1ed5i h\u1ed9i th\u1ea3o mi\u1ec5n ph\u00ed s\u1ebd \u0111\u01b0\u1ee3c t\u1ed5 ch\u1ee9c su\u1ed1t bu\u1ed5i s\u00e1ng, m\u1eddi c\u00e1c em nh\u1ecf kh\u00e1m ph\u00e1, s\u00e1ng t\u1ea1o v\u00e0 th\u1eed nghi\u1ec7m th\u00f4ng qua nhi\u1ec1u ho\u1ea1t \u0111\u1ed9ng kh\u00e1c nhau, trong m\u1ed9t b\u1ea7u kh\u00f4ng kh\u00ed v\u1eeba vui v\u1ebb v\u1eeba k\u00edch th\u00edch t\u01b0 duy.<\/p>\n<\/div><\/div><\/div><\/div><div class=\"et_pb_blurb_3 et_pb_blurb et_pb_bg_layout_light et_pb_blurb_position_top et_pb_module et_block_module\"><div class=\"et_pb_blurb_content\"><div class=\"et_pb_main_blurb_image\"><span class=\"et_pb_image_wrap et_pb_only_image_mode_wrap\"><img decoding=\"async\" src=\"https:\/\/bouleetbilles.net\/wp-content\/uploads\/2026\/03\/Restauration-sur-place.webp\" width=\"1232\" height=\"693\" srcset=\"https:\/\/bouleetbilles.net\/wp-content\/uploads\/2026\/03\/Restauration-sur-place.webp 1232w, https:\/\/bouleetbilles.net\/wp-content\/uploads\/2026\/03\/Restauration-sur-place-980x551.webp 980w, https:\/\/bouleetbilles.net\/wp-content\/uploads\/2026\/03\/Restauration-sur-place-480x270.webp 480w\" sizes=\"(min-width: 0px) and (max-width: 480px) 480px, (min-width: 481px) and (max-width: 980px) 980px, (min-width: 981px) 1232px, 100vw\" class=\"et-waypoint et_pb_animation_top et_pb_animation_top_tablet et_pb_animation_top_phone wp-image-9401\" alt=\"D\u1ecbch v\u1ee5 \u0103n u\u1ed1ng t\u1ea1i ch\u1ed7\" \/><\/span><\/div><div class=\"et_pb_blurb_container\"><h4 class=\"et_pb_module_header\">D\u1ecbch v\u1ee5 \u0103n u\u1ed1ng t\u1ea1i ch\u1ed7<\/h4><div class=\"et_pb_blurb_description\"><p>\u0110\u1ec3 k\u00e9o d\u00e0i kho\u1ea3nh kh\u1eafc n\u00e0y trong b\u1ea7u kh\u00f4ng kh\u00ed th\u00e2n thi\u1ec7n, d\u1ecbch v\u1ee5 \u0103n u\u1ed1ng s\u1ebd \u0111\u01b0\u1ee3c cung c\u1ea5p t\u1ea1i ch\u1ed7, cho ph\u00e9p m\u1ecdi ng\u01b0\u1eddi t\u1eadn h\u01b0\u1edfng tr\u1ecdn v\u1eb9n bu\u1ed5i s\u00e1ng l\u1ec5 h\u1ed9i n\u00e0y c\u00f9ng gia \u0111\u00ecnh.<\/p>\n<\/div><\/div><\/div><\/div><\/div><\/div><div class=\"et_pb_row_2 et_pb_row et_block_row\"><div class=\"et_pb_column_4 et_pb_column et_pb_column_4_4 et-last-child et_block_column et_pb_css_mix_blend_mode_passthrough\"><div class=\"et_pb_text_1 et_pb_text et_pb_bg_layout_light et_pb_module et_block_module\"><div class=\"et_pb_text_inner\"><h3>\ud83c\udf81 Tombola &amp; Lucky Envelopes<\/h3>\n<p><span style=\"font-weight: 400;\">\u00c0 l\u2019occasion de cette matin\u00e9e festive, la tombola et le jeu des lucky enveloppes viendront offrir de belles surprises aux familles.<\/span><\/p>\n<\/div><\/div><\/div><\/div><div class=\"et_pb_row_3 et_pb_row et_block_row\"><div class=\"et_pb_column_5 et_pb_column et_pb_column_1_2 et_block_column et_pb_css_mix_blend_mode_passthrough\"><div class=\"et_pb_image_1 et_pb_image et_pb_module et_block_module\"><span class=\"et_pb_image_wrap\"><img decoding=\"async\" src=\"https:\/\/bouleetbilles.net\/wp-content\/uploads\/2026\/03\/Tombola.webp\" width=\"1232\" height=\"693\" srcset=\"https:\/\/bouleetbilles.net\/wp-content\/uploads\/2026\/03\/Tombola.webp 1232w, https:\/\/bouleetbilles.net\/wp-content\/uploads\/2026\/03\/Tombola-980x551.webp 980w, https:\/\/bouleetbilles.net\/wp-content\/uploads\/2026\/03\/Tombola-480x270.webp 480w\" sizes=\"(min-width: 0px) and (max-width: 480px) 480px, (min-width: 481px) and (max-width: 980px) 980px, (min-width: 981px) 1232px, 100vw\" class=\"wp-image-9398\" title=\"Tombola\" alt=\"Tombola\" \/><\/span><\/div><\/div><div class=\"et_pb_column_6 et_pb_column et_pb_column_1_2 et-last-child et_block_column et_pb_css_mix_blend_mode_passthrough\"><div class=\"et_pb_text_2 et_pb_text et_pb_bg_layout_light et_pb_module et_block_module\"><div class=\"et_pb_text_inner\"><h4>Une tombola exceptionnelle<\/h4>\n<p>Plus de 50 lots d\u2019une valeur sup\u00e9rieure \u00e0 500 000 VND sont \u00e0 gagner : s\u00e9jours, exp\u00e9riences uniques, restaurants, activit\u00e9s sportives, bien-\u00eatre et loisirs\u2026 Une belle diversit\u00e9 de cadeaux pour faire de ce moment un temps fort de la matin\u00e9e.<\/p>\n<h4>Lucky Envelopes \u2013 100% gagnant<\/h4>\n<p>Le jour de la kermesse, tentez \u00e9galement votre chance avec les lucky envelopes :<br \/>plus de 150 vouchers (entre 100 000 et 500 000 VND) ainsi que de nombreux cadeaux sont \u00e0 remporter.<\/p>\n<p>Chaque enveloppe est gagnante\u2026 pour le plaisir de repartir avec une surprise.<\/p>\n<h4>Un immense merci \u00e0 nos partenaires<\/h4>\n<p>Gr\u00e2ce \u00e0 la g\u00e9n\u00e9rosit\u00e9 de nos partenaires, <strong>plus de 100 000 000 VND de lots<\/strong> ont \u00e9t\u00e9 r\u00e9unis.<br \/>Leur soutien contribue pleinement \u00e0 la r\u00e9ussite de cette Journ\u00e9e des familles<\/p>\n<\/div><\/div><\/div><\/div><div class=\"et_pb_row_4 et_pb_row et_block_row\"><div class=\"et_pb_column_7 et_pb_column et_pb_column_4_4 et-last-child et_block_column et_pb_css_mix_blend_mode_passthrough\"><div class=\"et_pb_image_2 et_pb_image et_pb_module et_block_module\"><span class=\"et_pb_image_wrap\"><img decoding=\"async\" src=\"https:\/\/bouleetbilles.net\/wp-content\/uploads\/2026\/03\/partenaires-tombola-boule-et-billes-kermesse-2026.webp\" width=\"2245\" height=\"1587\" srcset=\"https:\/\/bouleetbilles.net\/wp-content\/uploads\/2026\/03\/partenaires-tombola-boule-et-billes-kermesse-2026.webp 2245w, https:\/\/bouleetbilles.net\/wp-content\/uploads\/2026\/03\/partenaires-tombola-boule-et-billes-kermesse-2026-1280x905.webp 1280w, https:\/\/bouleetbilles.net\/wp-content\/uploads\/2026\/03\/partenaires-tombola-boule-et-billes-kermesse-2026-980x693.webp 980w, https:\/\/bouleetbilles.net\/wp-content\/uploads\/2026\/03\/partenaires-tombola-boule-et-billes-kermesse-2026-480x339.webp 480w\" sizes=\"(min-width: 0px) and (max-width: 480px) 480px, (min-width: 481px) and (max-width: 980px) 980px, (min-width: 981px) and (max-width: 1280px) 1280px, (min-width: 1281px) 2245px, 100vw\" class=\"wp-image-9404\" title=\"partenaires tombola boule et billes kermesse 2026\" alt=\"partenaires tombola boule et billes kermesse 2026\" \/><\/span><\/div><\/div><\/div><\/div>","protected":false},"excerpt":{"rendered":"<p>Boule &amp; Billes h\u00e2n h\u1ea1nh m\u1eddi qu\u00fd v\u1ecb tham d\u1ef1 Ng\u00e0y h\u1ed9i Gia \u0111\u00ecnh, Th\u1ee9 B\u1ea3y, ng\u00e0y 28 th\u00e1ng 3 n\u0103m 2026, t\u1eeb 9:00 s\u00e1ng \u0111\u1ebfn 1:00 chi\u1ec1u.<\/p>\n","protected":false},"author":110,"featured_media":9484,"parent":0,"menu_order":0,"comment_status":"closed","ping_status":"closed","template":"","meta":{"_seopress_robots_primary_cat":"","_seopress_titles_title":"","_seopress_titles_desc":"","_seopress_robots_index":"","footnotes":""},"class_list":["post-9486","page","type-page","status-publish","has-post-thumbnail","hentry"],"_links":{"self":[{"href":"https:\/\/bouleetbilles.net\/vi\/wp-json\/wp\/v2\/pages\/9486","targetHints":{"allow":["GET"]}}],"collection":[{"href":"https:\/\/bouleetbilles.net\/vi\/wp-json\/wp\/v2\/pages"}],"about":[{"href":"https:\/\/bouleetbilles.net\/vi\/wp-json\/wp\/v2\/types\/page"}],"author":[{"embeddable":true,"href":"https:\/\/bouleetbilles.net\/vi\/wp-json\/wp\/v2\/users\/110"}],"replies":[{"embeddable":true,"href":"https:\/\/bouleetbilles.net\/vi\/wp-json\/wp\/v2\/comments?post=9486"}],"version-history":[{"count":13,"href":"https:\/\/bouleetbilles.net\/vi\/wp-json\/wp\/v2\/pages\/9486\/revisions"}],"predecessor-version":[{"id":9645,"href":"https:\/\/bouleetbilles.net\/vi\/wp-json\/wp\/v2\/pages\/9486\/revisions\/9645"}],"wp:featuredmedia":[{"embeddable":true,"href":"https:\/\/bouleetbilles.net\/vi\/wp-json\/wp\/v2\/media\/9484"}],"wp:attachment":[{"href":"https:\/\/bouleetbilles.net\/vi\/wp-json\/wp\/v2\/media?parent=9486"}],"curies":[{"name":"wp","href":"https:\/\/api.w.org\/{rel}","templated":true}]}}