{"id":9271,"date":"2026-01-22T09:58:13","date_gmt":"2026-01-22T02:58:13","guid":{"rendered":"https:\/\/bouleetbilles.net\/he-anh-ngu-quoc-te\/"},"modified":"2026-04-10T04:06:58","modified_gmt":"2026-04-10T04:06:58","slug":"he-anh-ngu-quoc-te","status":"publish","type":"page","link":"https:\/\/bouleetbilles.net\/vi\/he-anh-ngu-quoc-te\/","title":{"rendered":"H\u1ec7 Anh ng\u1eef Qu\u1ed1c t\u1ebf"},"content":{"rendered":"<p><div class=\"et_d4_element et_pb_section et_pb_section_0  et_pb_css_mix_blend_mode et_pb_fullwidth_section et_section_regular et_block_section\" >\n\t\t\t\t\n\t\t\t\t\n\t\t\t\t\n\t\t\t\t\n\t\t\t\t\n\t\t\t\t\n\t\t\t\t<section class=\"et_pb_module et_d4_element et_pb_fullwidth_header et_pb_fullwidth_header_0  et_pb_css_mix_blend_mode et_pb_text_align_center et_pb_bg_layout_dark\">\n\t\t\t\t\n\t\t\t\t\n\t\t\t\t\n\t\t\t\t\n\t\t\t\t<div class=\"et_pb_fullwidth_header_container center\">\n\t\t\t\t\t<div class=\"header-content-container center\">\n\t\t\t\t\t<div class=\"header-content\">\n\t\t\t\t\t\t\n\t\t\t\t\t\t<h1 class=\"et_pb_module_header\">PH\u1ea6N QU\u1ed0C T\u1ebe C\u1ee6A ANH<\/h1>\n\t\t\t\t\t\t<span class=\"et_pb_fullwidth_header_subhead\">T\u1eeb \u0111\u1ea7u n\u0103m h\u1ecdc th\u00e1ng 9 n\u0103m 2025, Tr\u01b0\u1eddng Qu\u1ed1c t\u1ebf Ph\u00e1p Boule & Billes \u0111\u00e3 cung c\u1ea5p ch\u01b0\u01a1ng tr\u00ecnh h\u1ecdc qu\u1ed1c t\u1ebf theo h\u1ec7 th\u1ed1ng gi\u00e1o d\u1ee5c Anh cho h\u1ecdc sinh t\u1eeb b\u1eadc CP \u0111\u1ebfn CM2.<\/span>\n\t\t\t\t\t\t<div class=\"et_pb_header_content_wrapper\"><\/div>\n\t\t\t\t\t\t<a class=\"et_pb_button et_pb_more_button et_pb_button_one\" href=\"https:\/\/bouleetbilles.net\/vi\/lien-he-voi-chung-toi\/\">H\u00e3y li\u00ean h\u1ec7 v\u1edbi ch\u00fang t\u00f4i<\/a><a class=\"et_pb_button et_pb_more_button et_pb_button_two\" href=\"https:\/\/portal.bouleetbilles.net\/fr\/appointment\">Tham quan tr\u01b0\u1eddng<\/a>\n\t\t\t\t\t<\/div>\n\t\t\t\t<\/div>\n\t\t\t\t\t\n\t\t\t\t<\/div>\n\t\t\t\t<div class=\"et_pb_fullwidth_header_overlay\"><\/div>\n\t\t\t\t<div class=\"et_pb_fullwidth_header_scroll\"><\/div>\n\t\t\t<\/section>\n\t\t\t\t\n\t\t\t\t\n\t\t\t<\/div><div class=\"et_d4_element et_pb_section et_pb_section_1  et_pb_css_mix_blend_mode et_section_regular et_block_section\" >\n\t\t\t\t\n\t\t\t\t\n\t\t\t\t\n\t\t\t\t\n\t\t\t\t\n\t\t\t\t\n\t\t\t\t<div class=\"et_d4_element et_pb_row et_pb_row_0  et_pb_css_mix_blend_mode et_block_row\">\n\t\t\t\t<div class=\"et_d4_element et_pb_column_1_4 et_pb_column et_pb_column_0  et_pb_css_mix_blend_mode et_block_column\">\n\t\t\t\t\n\t\t\t\t\n\t\t\t\t\n\t\t\t\t\n\t\t\t\t<div class=\"et_pb_module et_d4_element et_pb_image et_pb_image_0\">\n\t\t\t\t\n\t\t\t\t\n\t\t\t\t\n\t\t\t\t\n\t\t\t\t<span class=\"et_pb_image_wrap \"><img decoding=\"async\" width=\"540\" height=\"540\" src=\"https:\/\/bouleetbilles.net\/wp-content\/uploads\/2026\/01\/uk-flag.webp\" alt=\"C\u1edd Anh\" title=\"C\u1edd Anh\" srcset=\"https:\/\/bouleetbilles.net\/wp-content\/uploads\/2026\/01\/uk-flag.webp 540w, https:\/\/bouleetbilles.net\/wp-content\/uploads\/2026\/01\/uk-flag-480x480.webp 480w\" sizes=\"(min-width: 0px) and (max-width: 480px) 480px, (min-width: 481px) 540px, 100vw\" class=\"wp-image-9142\" \/><\/span>\n\t\t\t<\/div>\n\t\t\t<\/div><div class=\"et_d4_element et_pb_column_3_4 et_pb_column et_pb_column_1  et_pb_css_mix_blend_mode et-last-child et_block_column\">\n\t\t\t\t\n\t\t\t\t\n\t\t\t\t\n\t\t\t\t\n\t\t\t\t<div class=\"et_pb_module et_d4_element et_pb_text et_pb_text_0  et_pb_text_align_left et_pb_bg_layout_light\">\n\t\t\t\t\n\t\t\t\t\n\t\t\t\t\n\t\t\t\t\n\t\t\t\t<div class=\"et_pb_text_inner\"><h2>T\u1eeb \u0111\u1ea7u n\u0103m h\u1ecdc th\u00e1ng 9 n\u0103m 2025, Tr\u01b0\u1eddng Qu\u1ed1c t\u1ebf Ph\u00e1p Boule & Billes \u0111\u00e3 cung c\u1ea5p ch\u01b0\u01a1ng tr\u00ecnh SIB (Ch\u01b0\u01a1ng tr\u00ecnh Qu\u1ed1c t\u1ebf Anh) cho h\u1ecdc sinh t\u1eeb l\u1edbp CP \u0111\u1ebfn CM2.<\/h2>\n<p>Vi\u1ec7c m\u1edf chuy\u00ean m\u1ee5c n\u00e0y \u0111\u00e3 \u0111\u01b0\u1ee3c x\u00e1c nh\u1eadn b\u1eb1ng <a href=\"https:\/\/www.legifrance.gouv.fr\/jorf\/id\/JORFTEXT000051020573\" target=\"_blank\" rel=\"noopener\">ngh\u1ecb \u0111\u1ecbnh ng\u00e0y 18 th\u00e1ng 12 n\u0103m 2024,<\/a> quy \u0111\u1ecbnh danh s\u00e1ch c\u00e1c chuy\u00ean m\u1ee5c v\u00e0 l\u1edbp h\u1ecdc qu\u1ed1c t\u1ebf d\u1eabn \u0111\u1ebfn ch\u01b0\u01a1ng tr\u00ecnh T\u00fa t\u00e0i Qu\u1ed1c t\u1ebf Ph\u00e1p (BFI) t\u1ea1i c\u00e1c tr\u01b0\u1eddng ph\u1ed5 th\u00f4ng, cao \u0111\u1eb3ng v\u00e0 trung h\u1ecdc.<\/p>\n<p>H\u1ec7 th\u1ed1ng n\u00e0y gi\u00fap c\u1ee7ng c\u1ed1 vi\u1ec7c h\u1ecdc ti\u1ebfng Anh trong m\u00f4i tr\u01b0\u1eddng tr\u01b0\u1eddng h\u1ecdc qu\u1ed1c t\u1ebf.<\/p>\n<p>\u0110i\u1ec1u n\u00e0y c\u0169ng cho ph\u00e9p h\u1ecdc sinh trong tr\u01b0\u1eddng ch\u00fang t\u00f4i tham gia m\u1ed9t ch\u01b0\u01a1ng tr\u00ecnh ng\u00f4n ng\u1eef v\u00e0 v\u0103n h\u00f3a m\u1ea1ch l\u1ea1c m\u00e0 c\u00e1c em c\u00f3 th\u1ec3 ti\u1ebfp t\u1ee5c khi l\u00ean l\u1edbp 6 t\u1ea1i <span>tr\u01b0\u1eddng Trung h\u1ecdc Qu\u1ed1c t\u1ebf Ph\u00e1p Marguerite Duras<\/span> .<\/p><\/div>\n\t\t\t<\/div>\n\t\t\t<\/div>\n\t\t\t\t\n\t\t\t\t\n\t\t\t\t\n\t\t\t\t\n\t\t\t<\/div><div class=\"et_d4_element et_pb_row et_pb_row_1  et_pb_css_mix_blend_mode et_block_row\">\n\t\t\t\t<div class=\"et_d4_element et_pb_column_1_2 et_pb_column et_pb_column_2  et_pb_css_mix_blend_mode et_block_column\">\n\t\t\t\t\n\t\t\t\t\n\t\t\t\t\n\t\t\t\t\n\t\t\t\t<div class=\"et_pb_module et_d4_element et_pb_text et_pb_text_1  et_pb_text_align_left et_pb_bg_layout_light\">\n\t\t\t\t\n\t\t\t\t\n\t\t\t\t\n\t\t\t\t\n\t\t\t\t<div class=\"et_pb_text_inner\"><h2>Gi\u1edbi thi\u1ec7u v\u1ec1 Ph\u00e2n h\u1ed9i Qu\u1ed1c t\u1ebf Anh:<\/h2>\n<h3>Ph\u00e2n hi\u1ec7u Qu\u1ed1c t\u1ebf Anh l\u00e0 m\u1ed9t ch\u01b0\u01a1ng tr\u00ecnh song ng\u1eef v\u00e0 song v\u0103n h\u00f3a, \u0111\u01b0\u1ee3c th\u00e0nh l\u1eadp b\u1edfi h\u1ec7 th\u1ed1ng gi\u00e1o d\u1ee5c qu\u1ed1c gia Ph\u00e1p, h\u1ee3p t\u00e1c v\u1edbi V\u01b0\u01a1ng qu\u1ed1c Anh.<\/h3>\n<p>\u0110i\u1ec3m \u0111\u1eb7c bi\u1ec7t c\u1ee7a ch\u01b0\u01a1ng tr\u00ecnh n\u00e0y l\u00e0 t\u00edch h\u1ee3p v\u00e0o h\u1ec7 th\u1ed1ng gi\u00e1o d\u1ee5c Ph\u00e1p vi\u1ec7c gi\u1ea3ng d\u1ea1y kh\u00f4ng ch\u1ec9 v\u1ec1 ng\u00f4n ng\u1eef m\u00e0 c\u00f2n, v\u00e0 ch\u1ee7 y\u1ebfu l\u00e0, v\u1ec1 v\u0103n h\u00f3a v\u00e0 v\u0103n h\u1ecdc c\u1ee7a qu\u1ed1c gia \u0111\u1ed1i t\u00e1c.<\/p><\/div>\n\t\t\t<\/div>\n\t\t\t<\/div><div class=\"et_d4_element et_pb_column_1_2 et_pb_column et_pb_column_3  et_pb_css_mix_blend_mode et-last-child et_block_column\">\n\t\t\t\t\n\t\t\t\t\n\t\t\t\t\n\t\t\t\t\n\t\t\t\t<div class=\"et_pb_module et_d4_element et_pb_text et_pb_text_2  et_pb_text_align_left et_pb_bg_layout_light\">\n\t\t\t\t\n\t\t\t\t\n\t\t\t\t\n\t\t\t\t\n\t\t\t\t<div class=\"et_pb_text_inner\"><h2>Quy tr\u00ecnh nh\u1eadp SIB:  <\/h2><\/div>\n\t\t\t<\/div><div class=\"et_pb_module et_d4_element et_pb_blurb et_pb_blurb_0  et_pb_text_align_left  et_pb_blurb_position_left et_block_module et_pb_bg_layout_light\">\n\t\t\t\t\n\t\t\t\t\n\t\t\t\t\n\t\t\t\t\n\t\t\t\t<div class=\"et_pb_blurb_content\">\n\t\t\t\t\t<div class=\"et_pb_main_blurb_image et_pb_css_mix_blend_mode\"><span class=\"et_pb_image_wrap\"><span class=\"et-waypoint et_pb_animation_top et_pb_animation_top_tablet et_pb_animation_top_phone et-pb-icon\">R<\/span><\/span><\/div>\n\t\t\t\t\t<div class=\"et_pb_blurb_container\">\n\t\t\t\t\t\t<h4 class=\"et_pb_module_header\"><span>C\u00e1c cu\u1ed9c ki\u1ec3m tra \u0111\u01b0\u1ee3c th\u1ef1c hi\u1ec7n h\u00e0ng n\u0103m.<\/span><\/h4>\n\t\t\t\t\t\t<div class=\"et_pb_blurb_description\"><p>v\u1edbi t\u1ea5t c\u1ea3 h\u1ecdc sinh t\u1eeb b\u1eadc m\u1ea7m non \u0111\u1ebfn l\u1edbp 1 \u0111\u1ec3 \u0111\u00e1nh gi\u00e1 kh\u1ea3 n\u0103ng h\u00f2a nh\u1eadp v\u00e0o h\u1ec7 th\u1ed1ng c\u1ee7a c\u00e1c em.<\/p><\/div>\n\t\t\t\t\t<\/div>\n\t\t\t\t<\/div>\n\t\t\t<\/div><div class=\"et_pb_module et_d4_element et_pb_blurb et_pb_blurb_1  et_pb_text_align_left  et_pb_blurb_position_left et_block_module et_pb_bg_layout_light\">\n\t\t\t\t\n\t\t\t\t\n\t\t\t\t\n\t\t\t\t\n\t\t\t\t<div class=\"et_pb_blurb_content\">\n\t\t\t\t\t<div class=\"et_pb_main_blurb_image et_pb_css_mix_blend_mode\"><span class=\"et_pb_image_wrap\"><span class=\"et-waypoint et_pb_animation_top et_pb_animation_top_tablet et_pb_animation_top_phone et-pb-icon\">R<\/span><\/span><\/div>\n\t\t\t\t\t<div class=\"et_pb_blurb_container\">\n\t\t\t\t\t\t<h4 class=\"et_pb_module_header\"><span>D\u00e0nh cho c\u00e1c l\u1edbp GS v\u00e0 CP<\/span><\/h4>\n\t\t\t\t\t\t<div class=\"et_pb_blurb_description\"><p>C\u00e1c b\u00e0i ki\u1ec3m tra t\u1eadp trung v\u00e0o kh\u1ea3 n\u0103ng hi\u1ec3u v\u00e0 k\u1ef9 n\u0103ng giao ti\u1ebfp b\u1eb1ng l\u1eddi n\u00f3i.<\/p><\/div>\n\t\t\t\t\t<\/div>\n\t\t\t\t<\/div>\n\t\t\t<\/div><div class=\"et_pb_module et_d4_element et_pb_blurb et_pb_blurb_2  et_pb_text_align_left  et_pb_blurb_position_left et_block_module et_pb_bg_layout_light\">\n\t\t\t\t\n\t\t\t\t\n\t\t\t\t\n\t\t\t\t\n\t\t\t\t<div class=\"et_pb_blurb_content\">\n\t\t\t\t\t<div class=\"et_pb_main_blurb_image et_pb_css_mix_blend_mode\"><span class=\"et_pb_image_wrap\"><span class=\"et-waypoint et_pb_animation_top et_pb_animation_top_tablet et_pb_animation_top_phone et-pb-icon\">R<\/span><\/span><\/div>\n\t\t\t\t\t<div class=\"et_pb_blurb_container\">\n\t\t\t\t\t\t<h4 class=\"et_pb_module_header\"><span>D\u00e0nh cho c\u00e1c l\u1edbp CE1, CE2 v\u00e0 CM1<\/span><\/h4>\n\t\t\t\t\t\t<div class=\"et_pb_blurb_description\"><p>C\u00e1c b\u00e0i ki\u1ec3m tra t\u1eadp trung v\u00e0o k\u1ef9 n\u0103ng nghe v\u00e0 \u0111\u1ecdc hi\u1ec3u.<\/p><\/div>\n\t\t\t\t\t<\/div>\n\t\t\t\t<\/div>\n\t\t\t<\/div><div class=\"et_pb_module et_d4_element et_pb_blurb et_pb_blurb_3  et_pb_text_align_left  et_pb_blurb_position_left et_block_module et_pb_bg_layout_light\">\n\t\t\t\t\n\t\t\t\t\n\t\t\t\t\n\t\t\t\t\n\t\t\t\t<div class=\"et_pb_blurb_content\">\n\t\t\t\t\t<div class=\"et_pb_main_blurb_image et_pb_css_mix_blend_mode\"><span class=\"et_pb_image_wrap\"><span class=\"et-waypoint et_pb_animation_top et_pb_animation_top_tablet et_pb_animation_top_phone et-pb-icon\">R<\/span><\/span><\/div>\n\t\t\t\t\t<div class=\"et_pb_blurb_container\">\n\t\t\t\t\t\t<h4 class=\"et_pb_module_header\"><span>Cho n\u0103m h\u1ecdc 2025-2026<\/span><\/h4>\n\t\t\t\t\t\t<div class=\"et_pb_blurb_description\"><p>C\u00f3 40 h\u1ecdc sinh tham gia ch\u01b0\u01a1ng tr\u00ecnh t\u1eeb CP \u0111\u1ebfn CM2 (kho\u1ea3ng 40% t\u1ed5ng s\u1ed1 h\u1ecdc sinh).<\/p><\/div>\n\t\t\t\t\t<\/div>\n\t\t\t\t<\/div>\n\t\t\t<\/div>\n\t\t\t<\/div>\n\t\t\t\t\n\t\t\t\t\n\t\t\t\t\n\t\t\t\t\n\t\t\t<\/div>\n\t\t\t\t\n\t\t\t\t\n\t\t\t<\/div><div class=\"et_d4_element et_pb_section et_pb_section_2 et_pb_with_background  et_pb_css_mix_blend_mode et_section_regular et_block_section\" >\n\t\t\t\t\n\t\t\t\t\n\t\t\t\t\n\t\t\t\t\n\t\t\t\t\n\t\t\t\t\n\t\t\t\t<div class=\"et_d4_element et_pb_row et_pb_row_2  et_pb_css_mix_blend_mode et_block_row\">\n\t\t\t\t<div class=\"et_d4_element et_pb_column_4_4 et_pb_column et_pb_column_4  et_pb_css_mix_blend_mode et-last-child et_block_column\">\n\t\t\t\t\n\t\t\t\t\n\t\t\t\t\n\t\t\t\t\n\t\t\t\t<div class=\"et_pb_module et_d4_element et_pb_text et_pb_text_3  et_pb_text_align_left et_pb_bg_layout_light\">\n\t\t\t\t\n\t\t\t\t\n\t\t\t\t\n\t\t\t\t\n\t\t\t\t<div class=\"et_pb_text_inner\"><h2>B\u1eaft \u0111\u1ea7u t\u1eeb n\u0103m h\u1ecdc 2026-2027<\/h2><\/div>\n\t\t\t<\/div>\n\t\t\t<\/div>\n\t\t\t\t\n\t\t\t\t\n\t\t\t\t\n\t\t\t\t\n\t\t\t<\/div><div class=\"et_d4_element et_pb_row et_pb_row_3  et_pb_css_mix_blend_mode et_block_row\">\n\t\t\t\t<div class=\"et_d4_element et_pb_column_1_2 et_pb_column et_pb_column_5  et_pb_css_mix_blend_mode et_block_column\">\n\t\t\t\t\n\t\t\t\t\n\t\t\t\t\n\t\t\t\t\n\t\t\t\t<div class=\"et_pb_module et_d4_element et_pb_cta_0 et_pb_promo  et_pb_text_align_center et_pb_bg_layout_light\">\n\t\t\t\t\n\t\t\t\t\n\t\t\t\t\n\t\t\t\t\n\t\t\t\t<div class=\"et_pb_promo_description\"><h2 class=\"et_pb_module_header\">Con c\u1ee7a b\u1ea1n \u0111\u00e3 \u0111\u01b0\u1ee3c ghi danh v\u00e0o tr\u01b0\u1eddng r\u1ed3i.<\/h2><div><ul>\n<li style=\"text-align: left;\"><span style=\"font-weight: 400;\">B\u00e0i ki\u1ec3m tra x\u1ebfp l\u1edbp s\u1ebd \u0111\u01b0\u1ee3c t\u1ed5 ch\u1ee9c v\u00e0o th\u00e1ng 5 h\u00e0ng n\u0103m \u0111\u1ec3 \u0111\u00e1nh gi\u00e1 xem sinh vi\u00ean c\u00f3 ph\u00f9 h\u1ee3p \u0111\u1ec3 ti\u1ebfp t\u1ee5c ho\u1eb7c ng\u1eebng ch\u01b0\u01a1ng tr\u00ecnh SIB hay kh\u00f4ng.<\/span><\/li>\n<li style=\"text-align: left;\"><span style=\"font-weight: 400;\">\u1ee6y ban Qu\u1ed1c t\u1ebf, ch\u1ecbu tr\u00e1ch nhi\u1ec7m xem x\u00e9t c\u00e1c \u0111\u01a1n \u0111\u0103ng k\u00fd, s\u1ebd h\u1ecdp v\u00e0o cu\u1ed1i th\u00e1ng 5 n\u0103m 2026.<\/span><\/li>\n<li style=\"text-align: left;\"><span style=\"font-weight: 400;\">Ban n\u00e0y bao g\u1ed3m c\u00e1c th\u00e0nh vi\u00ean ban qu\u1ea3n l\u00fd, gi\u00e1o s\u01b0 ph\u1ee5 tr\u00e1ch SIB, m\u1ed9t gi\u00e1o vi\u00ean v\u00e0 m\u1ed9t \u0111\u1ea1i di\u1ec7n c\u1ee7a H\u1ed9i Ph\u1ee5 huynh (APE).<\/span><\/li>\n<li style=\"text-align: left;\"><span style=\"font-weight: 400;\">C\u00e1c gia \u0111\u00ecnh s\u1ebd \u0111\u01b0\u1ee3c th\u00f4ng b\u00e1o v\u1ec1 c\u00e1c \u00fd ki\u1ebfn \u200b\u200bdo \u1ee6y ban Ban Qu\u1ed1c t\u1ebf \u0111\u01b0a ra qua email.<\/span><\/li>\n<\/ul>\n<p><img decoding=\"async\" src=\"https:\/\/bouleetbilles.net\/wp-content\/uploads\/2026\/01\/2-Section-Internationale-Britannique-Ecole-Francaise-au-Vietnam-Boule-et-Billes.webp\" width=\"540\" height=\"540\" alt=\"2- Tr\u01b0\u1eddng Ph\u00e1p ng\u1eef Qu\u1ed1c t\u1ebf Anh t\u1ea1i Vi\u1ec7t Nam Boule et Billes\" class=\"wp-image-9158 aligncenter size-full\" srcset=\"https:\/\/bouleetbilles.net\/wp-content\/uploads\/2026\/01\/2-Section-Internationale-Britannique-Ecole-Francaise-au-Vietnam-Boule-et-Billes.webp 540w, https:\/\/bouleetbilles.net\/wp-content\/uploads\/2026\/01\/2-Section-Internationale-Britannique-Ecole-Francaise-au-Vietnam-Boule-et-Billes-480x480.webp 480w\" sizes=\"(min-width: 0px) and (max-width: 480px) 480px, (min-width: 481px) 540px, 100vw\" \/><\/p><\/div><\/div>\n\t\t\t\t\n\t\t\t<\/div>\n\t\t\t<\/div><div class=\"et_d4_element et_pb_column_1_2 et_pb_column et_pb_column_6  et_pb_css_mix_blend_mode et-last-child et_block_column\">\n\t\t\t\t\n\t\t\t\t\n\t\t\t\t\n\t\t\t\t\n\t\t\t\t<div class=\"et_pb_module et_d4_element et_pb_cta_1 et_pb_promo  et_pb_text_align_center et_pb_bg_layout_light\">\n\t\t\t\t\n\t\t\t\t\n\t\t\t\t\n\t\t\t\t\n\t\t\t\t<div class=\"et_pb_promo_description\"><h2 class=\"et_pb_module_header\">Con b\u1ea1n l\u00e0 h\u1ecdc sinh m\u1edbi c\u1ee7a tr\u01b0\u1eddng.<\/h2><div><ul>\n<li style=\"text-align: left;\"><span style=\"font-weight: 400;\">H\u1ec7 th\u1ed1ng SIB s\u1ebd \u0111\u01b0\u1ee3c gi\u1edbi thi\u1ec7u cho b\u1ea1n trong chuy\u1ebfn th\u0103m c\u01a1 s\u1edf n\u00e0y.  <\/span><\/li>\n<li style=\"text-align: left;\"><span style=\"font-weight: 400;\">Gi\u00e1o vi\u00ean ph\u1ee5 tr\u00e1ch SIB s\u1ebd t\u1ed5 ch\u1ee9c b\u00e0i ki\u1ec3m tra x\u1ebfp l\u1edbp trong hai tu\u1ea7n \u0111\u1ea7u ti\u00ean c\u1ee7a n\u0103m h\u1ecdc.<\/span><\/li>\n<li style=\"text-align: left;\"><span style=\"font-weight: 400;\">Ban ph\u1ee5 tr\u00e1ch m\u00f4n h\u1ecdc qu\u1ed1c t\u1ebf s\u1ebd h\u1ecdp sau k\u1ef3 \u0111\u00e1nh gi\u00e1 qu\u1ed1c gia \u0111\u1ec3 xem x\u00e9t h\u1ed3 s\u01a1 h\u1ecdc t\u1eadp c\u1ee7a sinh vi\u00ean b\u1eb1ng ti\u1ebfng Ph\u00e1p.  <\/span><\/li>\n<li style=\"text-align: left;\"><span style=\"font-weight: 400;\">C\u00e1c gia \u0111\u00ecnh s\u1ebd \u0111\u01b0\u1ee3c th\u00f4ng b\u00e1o v\u1ec1 c\u00e1c \u00fd ki\u1ebfn \u200b\u200bdo \u1ee6y ban Ban Qu\u1ed1c t\u1ebf \u0111\u01b0a ra qua email.<\/span><\/li>\n<\/ul>\n<p><img decoding=\"async\" src=\"https:\/\/bouleetbilles.net\/wp-content\/uploads\/2026\/01\/1-Section-Internationale-Britannique-Ecole-Francaise-au-Vietnam-Boule-et-Billes.webp\" width=\"540\" height=\"540\" alt=\"1- Tr\u01b0\u1eddng Ph\u00e1p ng\u1eef Qu\u1ed1c t\u1ebf Anh t\u1ea1i Vi\u1ec7t Nam Boule et Billes\" class=\"wp-image-9159 aligncenter size-full\" srcset=\"https:\/\/bouleetbilles.net\/wp-content\/uploads\/2026\/01\/1-Section-Internationale-Britannique-Ecole-Francaise-au-Vietnam-Boule-et-Billes.webp 540w, https:\/\/bouleetbilles.net\/wp-content\/uploads\/2026\/01\/1-Section-Internationale-Britannique-Ecole-Francaise-au-Vietnam-Boule-et-Billes-480x480.webp 480w\" sizes=\"(min-width: 0px) and (max-width: 480px) 480px, (min-width: 481px) 540px, 100vw\" \/><\/p><\/div><\/div>\n\t\t\t\t\n\t\t\t<\/div>\n\t\t\t<\/div>\n\t\t\t\t\n\t\t\t\t\n\t\t\t\t\n\t\t\t\t\n\t\t\t<\/div>\n\t\t\t\t\n\t\t\t\t\n\t\t\t<\/div><div class=\"et_d4_element et_pb_section et_pb_section_3  et_pb_css_mix_blend_mode et_section_regular et_block_section\" >\n\t\t\t\t\n\t\t\t\t\n\t\t\t\t\n\t\t\t\t\n\t\t\t\t\n\t\t\t\t\n\t\t\t\t<div class=\"et_d4_element et_pb_row et_pb_row_4  et_pb_css_mix_blend_mode et_block_row\">\n\t\t\t\t<div class=\"et_d4_element et_pb_column_3_5 et_pb_column et_pb_column_7  et_pb_css_mix_blend_mode et_block_column\">\n\t\t\t\t\n\t\t\t\t\n\t\t\t\t\n\t\t\t\t\n\t\t\t\t<div class=\"et_pb_module et_d4_element et_pb_text et_pb_text_4  et_pb_text_align_left et_pb_bg_layout_light\">\n\t\t\t\t\n\t\t\t\t\n\t\t\t\t\n\t\t\t\t\n\t\t\t\t<div class=\"et_pb_text_inner\"><h2>Ti\u1ebfp n\u1ed1i ch\u01b0\u01a1ng tr\u00ecnh h\u1ecdc qu\u1ed1c t\u1ebf c\u1ee7a Anh t\u1ea1i tr\u01b0\u1eddng qu\u1ed1c t\u1ebf Ph\u00e1p \u1edf Duras.<\/h2>\n<p><strong>Quan tr\u1ecdng :<\/strong><\/p>\n<ul>\n<li><span style=\"font-weight: 400;\">Vi\u1ec7c con b\u1ea1n \u0111\u01b0\u1ee3c h\u00f2a nh\u1eadp v\u00e0o ch\u01b0\u01a1ng tr\u00ecnh SIB t\u1ea1i tr\u01b0\u1eddng kh\u00f4ng \u0111\u1ea3m b\u1ea3o con b\u1ea1n s\u1ebd c\u00f3 m\u1ed9t su\u1ea5t trong ch\u01b0\u01a1ng tr\u00ecnh SIB khi l\u00ean l\u1edbp 6 \u1edf tr\u01b0\u1eddng trung h\u1ecdc c\u01a1 s\u1edf.<\/span><\/li>\n<li><span style=\"font-weight: 400;\">Xin nh\u1eafc l\u1ea1i, vi\u1ec7c ti\u1ebfp nh\u1eadn v\u00e0o ch\u01b0\u01a1ng tr\u00ecnh SIB t\u1ea1i LFI Duras \u0111\u01b0\u1ee3c th\u1ef1c hi\u1ec7n theo y\u00eau c\u1ea7u c\u1ee7a gia \u0111\u00ecnh v\u00e0 sau khi n\u1ed9p h\u1ed3 s\u01a1.<\/span><\/li>\n<li><span style=\"font-weight: 400;\">C\u00e1c b\u00e0i ki\u1ec3m tra \u0111\u01b0\u1ee3c t\u1ed5 ch\u1ee9c nh\u1eb1m \u0111\u00e1nh gi\u00e1 xem sinh vi\u00ean c\u00f3 \u0111\u1ee7 kh\u1ea3 n\u0103ng ti\u1ebfp t\u1ee5c theo h\u1ecdc kh\u00f3a h\u1ecdc \u0111\u1ea7y th\u1eed th\u00e1ch n\u00e0y hay kh\u00f4ng.<\/span><\/li>\n<li><span style=\"font-weight: 400;\">S\u1ed1 l\u01b0\u1ee3ng ch\u1ed7 h\u1ecdc t\u1ea1i l\u1edbp 6 SIB \u1edf LFI Duras c\u00f3 h\u1ea1n v\u00e0 t\u1ea5t c\u1ea3 h\u1ecdc sinh t\u1eeb c\u00e1c tr\u01b0\u1eddng Ph\u00e1p \u0111\u00e3 n\u1ed9p \u0111\u01a1n \u0111\u1ec1u ph\u1ea3i tham gia k\u1ef3 thi tuy\u1ec3n sinh.<\/span><\/li>\n<li><span style=\"font-weight: 400;\">\u0110i\u1ec1u quan tr\u1ecdng c\u1ea7n nh\u1edb l\u00e0 vi\u1ec7c tuy\u1ec3n ch\u1ecdn ch\u1ee7 y\u1ebfu d\u1ef1a<\/span> <span style=\"font-weight: 400;\">tr\u00ean kh\u1ea3 n\u0103ng s\u1eed d\u1ee5ng ti\u1ebfng Ph\u00e1p v\u00e0 n\u0103ng l\u1ef1c l\u00e0m vi\u1ec7c c\u1ee7a sinh vi\u00ean<\/span> <span style=\"font-weight: 400;\">, v\u00ec t\u1ea5t c\u1ea3 c\u00e1c \u1ee9ng vi\u00ean \u0111\u1ec1u \u0111\u00e3 c\u00f3 tr\u00ecnh \u0111\u1ed9 ti\u1ebfng Anh r\u1ea5t t\u1ed1t.<\/span><\/li>\n<\/ul>\n<p><b>Xin nh\u1eafc l\u1ea1i<\/b> <span style=\"font-weight: 400;\">: C\u00f3 6 h\u1ecdc sinh t\u1eeb Tr\u01b0\u1eddng Qu\u1ed1c t\u1ebf Ph\u00e1p Boule & Billes n\u1ed9p \u0111\u01a1n v\u00e0o ch\u01b0\u01a1ng tr\u00ecnh SIB t\u1ea1i LFI Duras cho n\u0103m h\u1ecdc 2025-2026 v\u00e0 2 em \u0111\u00e3 \u0111\u01b0\u1ee3c nh\u1eadn.<\/span><\/p><\/div>\n\t\t\t<\/div>\n\t\t\t<\/div><div class=\"et_d4_element et_pb_column_2_5 et_pb_column et_pb_column_8  et_pb_css_mix_blend_mode et-last-child et_block_column\">\n\t\t\t\t\n\t\t\t\t\n\t\t\t\t\n\t\t\t\t\n\t\t\t\t<div class=\"et_pb_with_border et_pb_module et_d4_element et_pb_image et_pb_image_1\">\n\t\t\t\t\n\t\t\t\t\n\t\t\t\t\n\t\t\t\t\n\t\t\t\t<span class=\"et_pb_image_wrap \"><img decoding=\"async\" width=\"640\" height=\"640\" src=\"https:\/\/bouleetbilles.net\/wp-content\/uploads\/2026\/01\/eleves-ecole-boule-et-billes-poursuite-detudes-au-lycee-francais-margueritte-duras-Medium.webp\" alt=\"H\u1ecdc sinh t\u1eeb Tr\u01b0\u1eddng Qu\u1ed1c t\u1ebf Ph\u00e1p Boule &amp; Billes ti\u1ebfp t\u1ee5c h\u1ecdc t\u1ea1i tr\u01b0\u1eddng trung h\u1ecdc Ph\u00e1p Marguerite Duras.\" title=\"H\u1ecdc sinh t\u1eeb Tr\u01b0\u1eddng Qu\u1ed1c t\u1ebf Ph\u00e1p Boule &amp; Billes ti\u1ebfp t\u1ee5c h\u1ecdc t\u1ea1i tr\u01b0\u1eddng trung h\u1ecdc Ph\u00e1p Marguerite Duras.\" srcset=\"https:\/\/bouleetbilles.net\/wp-content\/uploads\/2026\/01\/eleves-ecole-boule-et-billes-poursuite-detudes-au-lycee-francais-margueritte-duras-Medium.webp 640w, https:\/\/bouleetbilles.net\/wp-content\/uploads\/2026\/01\/eleves-ecole-boule-et-billes-poursuite-detudes-au-lycee-francais-margueritte-duras-Medium-480x480.webp 480w\" sizes=\"(min-width: 0px) and (max-width: 480px) 480px, (min-width: 481px) 640px, 100vw\" class=\"wp-image-9258\" \/><\/span>\n\t\t\t<\/div>\n\t\t\t<\/div>\n\t\t\t\t\n\t\t\t\t\n\t\t\t\t\n\t\t\t\t\n\t\t\t<\/div><div class=\"et_d4_element et_pb_row et_pb_row_5  et_pb_css_mix_blend_mode et_block_row\">\n\t\t\t\t<div class=\"et_d4_element et_pb_column_1_2 et_pb_column et_pb_column_9  et_pb_css_mix_blend_mode et_block_column\">\n\t\t\t\t\n\t\t\t\t\n\t\t\t\t\n\t\t\t\t\n\t\t\t\t<div class=\"et_pb_button_module_wrapper et_pb_button_0_wrapper  et_pb_module \">\n\t\t\t\t<a class=\"et_pb_button et_d4_element et_pb_button_0 et_pb_bg_layout_light et_block_module\" href=\"https:\/\/bouleetbilles.net\/vi\/lien-he-voi-chung-toi\/\" target=\"_blank\">Li\u00ean h\u1ec7 v\u1edbi ch\u00fang t\u00f4i<\/a>\n\t\t\t<\/div>\n\t\t\t<\/div><div class=\"et_d4_element et_pb_column_1_2 et_pb_column et_pb_column_10  et_pb_css_mix_blend_mode et-last-child et_block_column\">\n\t\t\t\t\n\t\t\t\t\n\t\t\t\t\n\t\t\t\t\n\t\t\t\t<div class=\"et_pb_button_module_wrapper et_pb_button_1_wrapper  et_pb_module \">\n\t\t\t\t<a class=\"et_pb_button et_d4_element et_pb_button_1 et_pb_bg_layout_light et_block_module\" href=\"https:\/\/portal.bouleetbilles.net\/fr\/appointment\" target=\"_blank\">Tham quan tr\u01b0\u1eddng<\/a>\n\t\t\t<\/div>\n\t\t\t<\/div>\n\t\t\t\t\n\t\t\t\t\n\t\t\t\t\n\t\t\t\t\n\t\t\t<\/div>\n\t\t\t\t\n\t\t\t\t\n\t\t\t<\/div><\/p>\n","protected":false},"excerpt":{"rendered":"","protected":false},"author":110,"featured_media":9504,"parent":0,"menu_order":0,"comment_status":"closed","ping_status":"closed","template":"","meta":{"_seopress_robots_primary_cat":"","_seopress_titles_title":"","_seopress_titles_desc":"","_seopress_robots_index":"","_et_pb_use_builder":"on","_et_pb_old_content":"","_et_gb_content_width":"","footnotes":""},"class_list":["post-9271","page","type-page","status-publish","has-post-thumbnail","hentry"],"_links":{"self":[{"href":"https:\/\/bouleetbilles.net\/vi\/wp-json\/wp\/v2\/pages\/9271","targetHints":{"allow":["GET"]}}],"collection":[{"href":"https:\/\/bouleetbilles.net\/vi\/wp-json\/wp\/v2\/pages"}],"about":[{"href":"https:\/\/bouleetbilles.net\/vi\/wp-json\/wp\/v2\/types\/page"}],"author":[{"embeddable":true,"href":"https:\/\/bouleetbilles.net\/vi\/wp-json\/wp\/v2\/users\/110"}],"replies":[{"embeddable":true,"href":"https:\/\/bouleetbilles.net\/vi\/wp-json\/wp\/v2\/comments?post=9271"}],"version-history":[{"count":6,"href":"https:\/\/bouleetbilles.net\/vi\/wp-json\/wp\/v2\/pages\/9271\/revisions"}],"predecessor-version":[{"id":9285,"href":"https:\/\/bouleetbilles.net\/vi\/wp-json\/wp\/v2\/pages\/9271\/revisions\/9285"}],"wp:featuredmedia":[{"embeddable":true,"href":"https:\/\/bouleetbilles.net\/vi\/wp-json\/wp\/v2\/media\/9504"}],"wp:attachment":[{"href":"https:\/\/bouleetbilles.net\/vi\/wp-json\/wp\/v2\/media?parent=9271"}],"curies":[{"name":"wp","href":"https:\/\/api.w.org\/{rel}","templated":true}]}}