{"id":9070,"date":"2026-01-16T10:23:12","date_gmt":"2026-01-16T03:23:12","guid":{"rendered":"https:\/\/bouleetbilles.net\/ngay-mo-cua\/"},"modified":"2026-03-24T09:11:23","modified_gmt":"2026-03-24T02:11:23","slug":"ngay-mo-cua","status":"publish","type":"page","link":"https:\/\/bouleetbilles.net\/vi\/ngay-mo-cua\/","title":{"rendered":"Ng\u00e0y h\u1ed9i m\u1edf c\u1eeda"},"content":{"rendered":"<div class=\"et_pb_section_0 et_pb_section et_pb_fullwidth_section et_section_regular et_block_section\"><section class=\"et_pb_fullwidth_header_0 et_pb_fullwidth_header et_pb_bg_layout_dark et_pb_text_align_center et_pb_module et_flex_module\"><div class=\"et_pb_fullwidth_header_container center\"><div class=\"header-content-container center\"><div class=\"header-content et_flex_module\"><h1 class=\"et_pb_module_header\">NG\u00c0Y M\u1ede C\u1eecA<\/h1><span class=\"et_pb_fullwidth_header_subhead\">H\u00e3y kh\u00e1m ph\u00e1 Tr\u01b0\u1eddng Qu\u1ed1c t\u1ebf Ph\u00e1p c\u1ee7a ch\u00fang t\u00f4i, g\u1eb7p g\u1ee1 c\u00e1c gi\u00e1o vi\u00ean v\u00e0 t\u00ecm hi\u1ec3u c\u00e1c ch\u01b0\u01a1ng tr\u00ecnh c\u1ee7a ch\u00fang t\u00f4i.<\/span><div class=\"et_pb_header_content_wrapper\"><h3>Th\u1ee9 b\u1ea3y, ng\u00e0y 7 th\u00e1ng 3<br \/>9:00 s\u00e1ng \u2013 12:00 tr\u01b0a<br \/>C\u01a1 s\u1edf Th\u1ea3o \u0110i\u1ec1n<\/h3>\n<\/div><div class=\"et_pb_header_button_wrapper\"><a class=\"et_pb_button et_pb_more_button et_pb_button_one\" href=\"https:\/\/forms.gle\/VVrRQhYUQqeoiWhf8\">T\u00f4i c\u00f3 th\u1ec3 \u0111\u1ebfn!<\/a><a class=\"et_pb_button et_pb_more_button et_pb_button_two\" href=\"https:\/\/portal.bouleetbilles.net\/vi\/appointment\">H\u00e3y \u0111\u1ebfn th\u0103m tr\u01b0\u1eddng v\u00e0o m\u1ed9t ng\u00e0y kh\u00e1c.<\/a><\/div><\/div><\/div><\/div><div class=\"et_pb_fullwidth_header_overlay\"><\/div><div class=\"et_pb_fullwidth_header_scroll\"><\/div><\/section><\/div><div class=\"et_pb_section_1 et_pb_section et_section_regular et_block_section\"><div class=\"et_pb_row_0 et_pb_row et_block_row\"><div class=\"et_pb_column_0 et_pb_column et_pb_column_4_4 et-last-child et_block_column et_pb_css_mix_blend_mode_passthrough\"><div class=\"et_pb_text_0 et_pb_text et_pb_bg_layout_light et_pb_module et_block_module\"><div class=\"et_pb_text_inner\"><h2>Nh\u1eefng \u0111i\u1ec1u b\u1ea1n s\u1ebd kh\u00e1m ph\u00e1 trong Ng\u00e0y h\u1ed9i m\u1edf c\u1eeda c\u1ee7a ch\u00fang t\u00f4i<\/h2>\n<p><strong>Ng\u00e0y: Th\u1ee9 B\u1ea3y, ng\u00e0y 7 th\u00e1ng 3<\/strong><br \/><strong>Gi\u1edd m\u1edf c\u1eeda: 9:00 s\u00e1ng \u2013 12:00 tr\u01b0a<\/strong><br \/><strong>\u0110\u1ecba \u0111i\u1ec3m: <a href=\"https:\/\/share.google\/bktQHgV4WeZsMgJJL\" target=\"_blank\" rel=\"noopener\">C\u01a1 s\u1edf Th\u1ea3o \u0110i\u1ec1n<\/a><\/strong><\/p>\n<\/div><\/div><\/div><\/div><div class=\"et_pb_row_1 et_pb_row et_block_row\"><div class=\"et_pb_column_1 et_pb_column et_pb_column_1_2 et_block_column et_pb_css_mix_blend_mode_passthrough\"><div class=\"et_pb_blurb_0 et_pb_blurb et_pb_bg_layout_light et_pb_blurb_position_left et_pb_module et_block_module\"><div class=\"et_pb_blurb_content\"><div class=\"et_pb_main_blurb_image\"><span class=\"et_pb_image_wrap\"><span class=\"et-pb-icon\">R<\/span><\/span><\/div><div class=\"et_pb_blurb_container\"><h4 class=\"et_pb_module_header\">G\u1eb7p g\u1ee1 \u0111\u1ed9i ng\u0169 gi\u1ea3ng vi\u00ean c\u1ee7a ch\u00fang t\u00f4i<\/h4><div class=\"et_pb_blurb_description\"><p>(Gi\u00e1o vi\u00ean ti\u1ebfng Ph\u00e1p, ti\u1ebfng Anh v\u00e0 ti\u1ebfng Vi\u1ec7t)<\/p>\n<\/div><\/div><\/div><\/div><div class=\"et_pb_blurb_1 et_pb_blurb et_pb_bg_layout_light et_pb_blurb_position_left et_pb_module et_block_module\"><div class=\"et_pb_blurb_content\"><div class=\"et_pb_main_blurb_image\"><span class=\"et_pb_image_wrap\"><span class=\"et-pb-icon\">R<\/span><\/span><\/div><div class=\"et_pb_blurb_container\"><h4 class=\"et_pb_module_header\">H\u00e3y gh\u00e9 th\u0103m c\u00e1c l\u1edbp h\u1ecdc m\u1eabu gi\u00e1o v\u00e0 ti\u1ec3u h\u1ecdc c\u1ee7a ch\u00fang t\u00f4i.<\/h4><\/div><\/div><\/div><div class=\"et_pb_blurb_2 et_pb_blurb et_pb_bg_layout_light et_pb_blurb_position_left et_pb_module et_block_module\"><div class=\"et_pb_blurb_content\"><div class=\"et_pb_main_blurb_image\"><span class=\"et_pb_image_wrap\"><span class=\"et-pb-icon\">R<\/span><\/span><\/div><div class=\"et_pb_blurb_container\"><h4 class=\"et_pb_module_header\">Kh\u00e1m ph\u00e1 ch\u01b0\u01a1ng tr\u00ecnh ti\u1ebfng Ph\u00e1p v\u00e0 ph\u01b0\u01a1ng ph\u00e1p gi\u1ea3ng d\u1ea1y c\u1ee7a ch\u00fang t\u00f4i.<\/h4><\/div><\/div><\/div><div class=\"et_pb_blurb_3 et_pb_blurb et_pb_bg_layout_light et_pb_blurb_position_left et_pb_module et_block_module\"><div class=\"et_pb_blurb_content\"><div class=\"et_pb_main_blurb_image\"><span class=\"et_pb_image_wrap\"><span class=\"et-pb-icon\">R<\/span><\/span><\/div><div class=\"et_pb_blurb_container\"><h4 class=\"et_pb_module_header\">T\u00ecm hi\u1ec3u th\u00eam v\u1ec1 c\u00e1c ho\u1ea1t \u0111\u1ed9ng ngo\u1ea1i kh\u00f3a v\u00e0 trung t\u00e2m gi\u1ea3i tr\u00ed c\u1ee7a ch\u00fang t\u00f4i.<\/h4><\/div><\/div><\/div><div class=\"et_pb_blurb_4 et_pb_blurb et_pb_bg_layout_light et_pb_blurb_position_left et_pb_module et_block_module\"><div class=\"et_pb_blurb_content\"><div class=\"et_pb_main_blurb_image\"><span class=\"et_pb_image_wrap\"><span class=\"et-pb-icon\">R<\/span><\/span><\/div><div class=\"et_pb_blurb_container\"><h4 class=\"et_pb_module_header\">Kh\u00e1m ph\u00e1 c\u00e1c d\u1ecbch v\u1ee5 c\u1ee7a tr\u01b0\u1eddng ch\u00fang t\u00f4i: nh\u00e0 \u0103n, xe \u0111\u01b0a \u0111\u00f3n h\u1ecdc sinh v\u00e0 c\u00e1c ho\u1ea1t \u0111\u1ed9ng h\u00e0ng ng\u00e0y.<\/h4><\/div><\/div><\/div><\/div><div class=\"et_pb_column_2 et_pb_column et_pb_column_1_2 et-last-child et_block_column et_pb_css_mix_blend_mode_passthrough\"><div class=\"et_pb_cta_0 et_pb_promo et_pb_bg_layout_light et_pb_module et_block_module\"><div class=\"et_pb_promo_description\"><h2 class=\"et_pb_module_header\">\u0110\u00e2y l\u00e0 c\u01a1 h\u1ed9i tuy\u1ec7t v\u1eddi \u0111\u1ec3 b\u1ea1n tr\u1ea3i nghi\u1ec7m kh\u00f4ng kh\u00ed c\u1ee7a tr\u01b0\u1eddng v\u00e0 \u0111\u1eb7t t\u1ea5t c\u1ea3 c\u00e1c c\u00e2u h\u1ecfi c\u1ee7a m\u00ecnh.<\/h2><div class=\"et_pb_promo_content\"><p><img decoding=\"async\" src=\"https:\/\/bouleetbilles.net\/wp-content\/uploads\/2026\/01\/5-Journees-Portes-Ouvertes-Visiter-Ecole-Francaise-Saigon-Boule-et-Billes.webp\" width=\"540\" height=\"540\" alt=\"5 - Ng\u00e0y h\u1ed9i m\u1edf c\u1eeda: Tham quan Tr\u01b0\u1eddng d\u1ea1y l\u00e0m b\u00e1nh Boule et Billes t\u1ea1i S\u00e0i G\u00f2n\" class=\"wp-image-8997 aligncenter size-full\" srcset=\"https:\/\/bouleetbilles.net\/wp-content\/uploads\/2026\/01\/5-Journees-Portes-Ouvertes-Visiter-Ecole-Francaise-Saigon-Boule-et-Billes.webp 540w, https:\/\/bouleetbilles.net\/wp-content\/uploads\/2026\/01\/5-Journees-Portes-Ouvertes-Visiter-Ecole-Francaise-Saigon-Boule-et-Billes-480x480.webp 480w\" sizes=\"(min-width: 0px) and (max-width: 480px) 480px, (min-width: 481px) 540px, 100vw\" \/><\/p>\n<\/div><\/div><div class=\"et_pb_button_wrapper\"><a class=\"et_pb_button et_pb_promo_button\" target=\"_blank\" href=\"https:\/\/forms.gle\/dHXbbmjxzwZeraCm7\" rel=\"noreferrer\">T\u00f4i s\u1ebd c\u00f3 m\u1eb7t \u1edf \u0111\u00f3!<\/a><\/div><\/div><\/div><\/div><div class=\"et_pb_row_2 et_pb_row et_block_row\"><div class=\"et_pb_column_3 et_pb_column et_pb_column_1_2 et_block_column et_pb_css_mix_blend_mode_passthrough\"><div class=\"et_pb_text_1 et_pb_text et_pb_bg_layout_light et_pb_module et_block_module\"><div class=\"et_pb_text_inner\"><h3>Kh\u00e1m ph\u00e1 c\u1ed9ng \u0111\u1ed3ng qu\u1ed1c t\u1ebf \u0111\u1ea7y l\u00f2ng nh\u00e2n \u00e1i c\u1ee7a ch\u00fang t\u00f4i!<\/h3>\n<p><strong>H\u00e3y c\u00f9ng tham gia bu\u1ed5i s\u00e1ng kh\u00e1m ph\u00e1, trao \u0111\u1ed5i s\u00e1ch v\u00e0 c\u00e1c ho\u1ea1t \u0111\u1ed9ng d\u00e0nh cho gia \u0111\u00ecnh v\u1edbi ch\u00fang t\u00f4i.<\/strong><\/p>\n<p>Ch\u00fang t\u00f4i tr\u00e2n tr\u1ecdng m\u1eddi c\u00e1c gia \u0111\u00ecnh c\u00f9ng tham gia kh\u00e1m ph\u00e1 m\u00f4i tr\u01b0\u1eddng h\u1ecdc t\u1eadp qu\u1ed1c t\u1ebf, chu \u0111\u00e1o v\u00e0 b\u00e0i b\u1ea3n c\u1ee7a ch\u00fang t\u00f4i. V\u00e0o bu\u1ed5i s\u00e1ng, c\u00e1c em nh\u1ecf v\u00e0 gia \u0111\u00ecnh c\u0169ng s\u1ebd \u0111\u01b0\u1ee3c tham gia c\u00e1c ho\u1ea1t \u0111\u1ed9ng li\u00ean quan \u0111\u1ebfn s\u00e1ch, bao g\u1ed3m trao \u0111\u1ed5i s\u00e1ch v\u00e0 gi\u1edd \u0111\u1ecdc s\u00e1ch, trong m\u1ed9t b\u1ea7u kh\u00f4ng kh\u00ed tho\u1ea3i m\u00e1i v\u00e0 th\u00e2n thi\u1ec7n. <\/p>\n<p><strong>M\u1ed9t ng\u00f4i tr\u01b0\u1eddng n\u01a1i m\u1ed7i \u0111\u1ee9a tr\u1ebb h\u1ecdc t\u1eadp theo t\u1ed1c \u0111\u1ed9 ri\u00eang c\u1ee7a m\u00ecnh.<\/strong><\/p>\n<p>Boule &amp; Billes l\u00e0 tr\u01b0\u1eddng qu\u1ed1c t\u1ebf Ph\u00e1p ch\u00e0o \u0111\u00f3n tr\u1ebb em t\u1eeb \u0111\u1ed9 tu\u1ed5i m\u1eabu gi\u00e1o \u0111\u1ebfn ti\u1ec3u h\u1ecdc (\u0111\u1ebfn 11 tu\u1ed5i), c\u0169ng nh\u01b0 tr\u1ebb em t\u1eeb 6 th\u00e1ng tu\u1ed5i t\u1ea1i nh\u00e0 tr\u1ebb. Ch\u00fang t\u00f4i cung c\u1ea5p m\u1ed9t m\u00f4i tr\u01b0\u1eddng \u1ea5m \u00e1p, h\u00f2a nh\u1eadp v\u00e0 c\u00f3 c\u1ea5u tr\u00fac t\u1ed1t, n\u01a1i m\u1ed7i tr\u1ebb \u0111\u01b0\u1ee3c h\u1ed7 tr\u1ee3 theo nhu c\u1ea7u v\u00e0 t\u1ed1c \u0111\u1ed9 h\u1ecdc t\u1eadp c\u00e1 nh\u00e2n c\u1ee7a m\u00ecnh. <\/p>\n<\/div><\/div><\/div><div class=\"et_pb_column_4 et_pb_column et_pb_column_1_2 et-last-child et_block_column et_pb_css_mix_blend_mode_passthrough\"><div class=\"et_pb_text_2 et_pb_text et_pb_bg_layout_light et_pb_module et_block_module\"><div class=\"et_pb_text_inner\"><h3><span style=\"font-size: 22px;\">T\u1ea1i sao n\u00ean ch\u1ecdn Boule &amp; Billes?<\/span><\/h3>\n<p>Ph\u01b0\u01a1ng ph\u00e1p gi\u00e1o d\u1ee5c c\u1ee7a ch\u00fang t\u00f4i: l\u1ed9 tr\u00ecnh h\u1ecdc t\u1eadp c\u00e1 nh\u00e2n h\u00f3a cho m\u1ed7i tr\u1ebb em.<\/p>\n<p>T\u1ea1i Boule &amp; Billes, ch\u00fang t\u00f4i tin r\u1eb1ng m\u1ecdi tr\u1ebb em \u0111\u1ec1u c\u00f3 th\u1ec3 th\u00e0nh c\u00f4ng khi vi\u1ec7c h\u1ecdc t\u1eadp \u0111\u01b0\u1ee3c \u0111i\u1ec1u ch\u1ec9nh ph\u00f9 h\u1ee3p v\u1edbi nhu c\u1ea7u, t\u1ed1c \u0111\u1ed9 v\u00e0 ti\u1ec1m n\u0103ng c\u00e1 nh\u00e2n c\u1ee7a c\u00e1c em.<\/p>\n<ul>\n<li>T\u00f4n tr\u1ecdng t\u1ed1c \u0111\u1ed9 ph\u00e1t tri\u1ec3n c\u1ee7a m\u1ed7i \u0111\u1ee9a tr\u1ebb<\/li>\n<li>Gi\u00e1 tr\u1ecb gi\u00e1o d\u1ee5c c\u1ee7a ch\u00fang t\u00f4i<\/li>\n<li>\u0110\u00e1nh gi\u00e1 k\u1ef9 n\u0103ng li\u00ean t\u1ee5c<\/li>\n<li>Nh\u00f3m c\u1ea5p \u0111\u1ed9<\/li>\n<li>H\u1ed7 tr\u1ee3 c\u00e1 nh\u00e2n v\u00e0 h\u1ecdc nh\u00f3m nh\u1ecf (APC)<\/li>\n<li>H\u1ed7 tr\u1ee3 h\u1ecdc sinh c\u00f3 nhu c\u1ea7u gi\u00e1o d\u1ee5c \u0111\u1eb7c bi\u1ec7t<\/li>\n<li><a href=\"https:\/\/bouleetbilles.net\/vi\/loc-hoc-tieng-phap-fle-flsco\/\" target=\"_blank\" rel=\"noopener\">FLESCO<\/a> \u2013 D\u1ecbch v\u1ee5 h\u1ed7 tr\u1ee3 ti\u1ebfng Ph\u00e1p \u0111\u01b0\u1ee3c thi\u1ebft k\u1ebf ri\u00eang<\/li>\n<\/ul>\n<p><strong>M\u1ee5c ti\u00eau c\u1ee7a ch\u00fang t\u00f4i: h\u1ed7 tr\u1ee3 m\u1ed7i tr\u1ebb em \u0111\u1ea1t \u0111\u01b0\u1ee3c th\u00e0nh c\u00f4ng<\/strong> th\u00f4ng qua l\u1ed9 tr\u00ecnh h\u1ecdc t\u1eadp c\u00e1 nh\u00e2n h\u00f3a, to\u00e0n di\u1ec7n v\u00e0 c\u00f3 c\u1ea5u tr\u00fac.<\/p>\n<\/div><\/div><\/div><\/div><div class=\"et_pb_row_3 et_pb_row et_block_row\"><div class=\"et_pb_column_5 et_pb_column et_pb_column_1_3 et_block_column et_pb_css_mix_blend_mode_passthrough\"><div class=\"et_pb_image_0 et_pb_image et_pb_module et_block_module\"><span class=\"et_pb_image_wrap\"><img decoding=\"async\" src=\"https:\/\/bouleetbilles.net\/wp-content\/uploads\/2026\/01\/3-Journees-Portes-Ouvertes-Visiter-Ecole-Francaise-Saigon-Boule-et-Billes-2.webp\" width=\"540\" height=\"540\" srcset=\"https:\/\/bouleetbilles.net\/wp-content\/uploads\/2026\/01\/3-Journees-Portes-Ouvertes-Visiter-Ecole-Francaise-Saigon-Boule-et-Billes-2.webp 540w, https:\/\/bouleetbilles.net\/wp-content\/uploads\/2026\/01\/3-Journees-Portes-Ouvertes-Visiter-Ecole-Francaise-Saigon-Boule-et-Billes-2-480x480.webp 480w\" sizes=\"(min-width: 0px) and (max-width: 480px) 480px, (min-width: 481px) 540px, 100vw\" class=\"wp-image-9010\" title=\"3 - Ng\u00e0y h\u1ed9i m\u1edf c\u1eeda: Tham quan Tr\u01b0\u1eddng d\u1ea1y l\u00e0m b\u00e1nh Boule et Billes c\u1ee7a S\u00e0i G\u00f2n\" alt=\"3 - Ng\u00e0y h\u1ed9i m\u1edf c\u1eeda: Tham quan Tr\u01b0\u1eddng d\u1ea1y l\u00e0m b\u00e1nh Boule et Billes c\u1ee7a S\u00e0i G\u00f2n\" \/><\/span><\/div><\/div><div class=\"et_pb_column_6 et_pb_column et_pb_column_1_3 et_block_column et_pb_css_mix_blend_mode_passthrough\"><div class=\"et_pb_image_1 et_pb_image et_pb_module et_block_module\"><span class=\"et_pb_image_wrap\"><img decoding=\"async\" src=\"https:\/\/bouleetbilles.net\/wp-content\/uploads\/2026\/01\/4-Journees-Portes-Ouvertes-Visiter-Ecole-Francaise-Saigon-Boule-et-Billes-1.webp\" width=\"540\" height=\"540\" srcset=\"https:\/\/bouleetbilles.net\/wp-content\/uploads\/2026\/01\/4-Journees-Portes-Ouvertes-Visiter-Ecole-Francaise-Saigon-Boule-et-Billes-1.webp 540w, https:\/\/bouleetbilles.net\/wp-content\/uploads\/2026\/01\/4-Journees-Portes-Ouvertes-Visiter-Ecole-Francaise-Saigon-Boule-et-Billes-1-480x480.webp 480w\" sizes=\"(min-width: 0px) and (max-width: 480px) 480px, (min-width: 481px) 540px, 100vw\" class=\"wp-image-9013\" title=\"4 - Ng\u00e0y h\u1ed9i m\u1edf c\u1eeda: Tham quan Tr\u01b0\u1eddng d\u1ea1y l\u00e0m b\u00e1nh Boule et Billes c\u1ee7a S\u00e0i G\u00f2n\" alt=\"4 - Ng\u00e0y h\u1ed9i m\u1edf c\u1eeda: Tham quan Tr\u01b0\u1eddng d\u1ea1y l\u00e0m b\u00e1nh Boule et Billes c\u1ee7a S\u00e0i G\u00f2n\" \/><\/span><\/div><\/div><div class=\"et_pb_column_7 et_pb_column et_pb_column_1_3 et-last-child et_block_column et_pb_css_mix_blend_mode_passthrough\"><div class=\"et_pb_image_2 et_pb_image et_pb_module et_block_module\"><span class=\"et_pb_image_wrap\"><img decoding=\"async\" src=\"https:\/\/bouleetbilles.net\/wp-content\/uploads\/2026\/01\/2-Journees-Portes-Ouvertes-Visiter-Ecole-Francaise-Saigon-Boule-et-Billes-2.webp\" width=\"540\" height=\"540\" srcset=\"https:\/\/bouleetbilles.net\/wp-content\/uploads\/2026\/01\/2-Journees-Portes-Ouvertes-Visiter-Ecole-Francaise-Saigon-Boule-et-Billes-2.webp 540w, https:\/\/bouleetbilles.net\/wp-content\/uploads\/2026\/01\/2-Journees-Portes-Ouvertes-Visiter-Ecole-Francaise-Saigon-Boule-et-Billes-2-480x480.webp 480w\" sizes=\"(min-width: 0px) and (max-width: 480px) 480px, (min-width: 481px) 540px, 100vw\" class=\"wp-image-9012\" title=\"2 - Ng\u00e0y h\u1ed9i m\u1edf c\u1eeda: Tham quan Tr\u01b0\u1eddng d\u1ea1y l\u00e0m b\u00e1nh Boule et Billes c\u1ee7a S\u00e0i G\u00f2n\" alt=\"2 - Ng\u00e0y h\u1ed9i m\u1edf c\u1eeda: Tham quan Tr\u01b0\u1eddng d\u1ea1y l\u00e0m b\u00e1nh Boule et Billes c\u1ee7a S\u00e0i G\u00f2n\" \/><\/span><\/div><\/div><\/div><div class=\"et_pb_row_6 et_pb_row et_block_row\"><div class=\"et_pb_column_11 et_pb_column et_pb_column_1_2 et_block_column et_pb_css_mix_blend_mode_passthrough\"><div class=\"et_pb_module et_pb_button_module_wrapper et_pb_button_0_wrapper\"><a class=\"et_pb_button_0 et_pb_button et_pb_bg_layout_light et_pb_module et_block_module\" href=\"https:\/\/forms.gle\/S7zP9LqwdeNWEjBE9\" target=\"_blank\">T\u00f4i x\u00e1c nh\u1eadn s\u1ef1 tham d\u1ef1 c\u1ee7a m\u00ecnh.<\/a><\/div><div class=\"et_pb_text_4 et_pb_text et_pb_bg_layout_light et_pb_module et_block_module\"><div class=\"et_pb_text_inner\"><p><strong>Ng\u00e0y: Th\u1ee9 B\u1ea3y, ng\u00e0y 7 th\u00e1ng 3<\/strong><br \/><strong>Gi\u1edd m\u1edf c\u1eeda: 9:00 s\u00e1ng \u2013 12:00 tr\u01b0a<\/strong><br \/><strong>\u0110\u1ecba \u0111i\u1ec3m: <a href=\"https:\/\/share.google\/bktQHgV4WeZsMgJJL\" target=\"_blank\" rel=\"noopener\">Khu\u00f4n vi\u00ean C\u01a1 s\u1edf Th\u1ea3o \u0110i\u1ec1nTh\u1ea3o \u0110i\u1ec1n<\/a><\/strong><\/p>\n<\/div><\/div><\/div><div class=\"et_pb_column_12 et_pb_column et_pb_column_1_2 et-last-child et_block_column et_pb_css_mix_blend_mode_passthrough\"><div class=\"et_pb_module et_pb_button_module_wrapper et_pb_button_1_wrapper\"><a class=\"et_pb_button_1 et_pb_button et_pb_bg_layout_light et_pb_module et_block_module\" href=\"https:\/\/portal.bouleetbilles.net\/vi\/appointment\" target=\"_blank\">T\u00f4i mu\u1ed1n \u0111\u1ebfn th\u0103m tr\u01b0\u1eddng v\u00e0o m\u1ed9t d\u1ecbp kh\u00e1c.<\/a><\/div><\/div><\/div><\/div>","protected":false},"excerpt":{"rendered":"","protected":false},"author":110,"featured_media":9069,"parent":0,"menu_order":0,"comment_status":"closed","ping_status":"closed","template":"","meta":{"_seopress_robots_primary_cat":"","_seopress_titles_title":"","_seopress_titles_desc":"","_seopress_robots_index":"","footnotes":""},"class_list":["post-9070","page","type-page","status-publish","has-post-thumbnail","hentry"],"_links":{"self":[{"href":"https:\/\/bouleetbilles.net\/vi\/wp-json\/wp\/v2\/pages\/9070","targetHints":{"allow":["GET"]}}],"collection":[{"href":"https:\/\/bouleetbilles.net\/vi\/wp-json\/wp\/v2\/pages"}],"about":[{"href":"https:\/\/bouleetbilles.net\/vi\/wp-json\/wp\/v2\/types\/page"}],"author":[{"embeddable":true,"href":"https:\/\/bouleetbilles.net\/vi\/wp-json\/wp\/v2\/users\/110"}],"replies":[{"embeddable":true,"href":"https:\/\/bouleetbilles.net\/vi\/wp-json\/wp\/v2\/comments?post=9070"}],"version-history":[{"count":9,"href":"https:\/\/bouleetbilles.net\/vi\/wp-json\/wp\/v2\/pages\/9070\/revisions"}],"predecessor-version":[{"id":9640,"href":"https:\/\/bouleetbilles.net\/vi\/wp-json\/wp\/v2\/pages\/9070\/revisions\/9640"}],"wp:featuredmedia":[{"embeddable":true,"href":"https:\/\/bouleetbilles.net\/vi\/wp-json\/wp\/v2\/media\/9069"}],"wp:attachment":[{"href":"https:\/\/bouleetbilles.net\/vi\/wp-json\/wp\/v2\/media?parent=9070"}],"curies":[{"name":"wp","href":"https:\/\/api.w.org\/{rel}","templated":true}]}}