{"id":7550,"date":"2025-02-08T23:16:26","date_gmt":"2025-02-08T16:16:26","guid":{"rendered":"https:\/\/bouleetbilles.net\/sau-lan-tham-dau-tien\/"},"modified":"2026-03-24T09:11:11","modified_gmt":"2026-03-24T02:11:11","slug":"sau-lan-tham-dau-tien","status":"publish","type":"page","link":"https:\/\/bouleetbilles.net\/vi\/sau-lan-tham-dau-tien\/","title":{"rendered":"Sau l\u1ea7n th\u0103m \u0111\u1ea7u ti\u00ean"},"content":{"rendered":"<p><div class=\"et_d4_element et_pb_section et_pb_section_0  et_pb_css_mix_blend_mode et_pb_fullwidth_section et_section_regular et_block_section\" >\n\t\t\t\t\n\t\t\t\t\n\t\t\t\t\n\t\t\t\t\n\t\t\t\t\n\t\t\t\t\n\t\t\t\t<section class=\"et_pb_module et_d4_element et_pb_fullwidth_header et_pb_fullwidth_header_0  et_pb_css_mix_blend_mode et_pb_text_align_center et_pb_bg_layout_dark\">\n\t\t\t\t\n\t\t\t\t\n\t\t\t\t\n\t\t\t\t\n\t\t\t\t<div class=\"et_pb_fullwidth_header_container center\">\n\t\t\t\t\t<div class=\"header-content-container center\">\n\t\t\t\t\t<div class=\"header-content\">\n\t\t\t\t\t\t\n\t\t\t\t\t\t<h1 class=\"et_pb_module_header\">Sau l\u1ea7n th\u0103m \u0111\u1ea7u ti\u00ean<\/h1>\n\t\t\t\t\t\t<span class=\"et_pb_fullwidth_header_subhead\">Th\u00f4ng tin b\u1ed5 sung sau khi \u0111\u00e3 th\u0103m tr\u01b0\u1eddng c\u1ee7a ch\u00fang t\u00f4i.<\/span>\n\t\t\t\t\t\t<div class=\"et_pb_header_content_wrapper\"><\/div>\n\t\t\t\t\t\t<a class=\"et_pb_button et_pb_more_button et_pb_button_one\" href=\"https:\/\/bouleetbilles.net\/tarifs\/#dt-tabs|6\">Xem b\u1ea3ng gi\u00e1<\/a><a class=\"et_pb_button et_pb_more_button et_pb_button_two\" href=\"https:\/\/bouleetbilles.net\/vi\/lien-he-voi-chung-toi\/\">Li\u00ean H\u1ec7<\/a>\n\t\t\t\t\t<\/div>\n\t\t\t\t<\/div>\n\t\t\t\t\t\n\t\t\t\t<\/div>\n\t\t\t\t<div class=\"et_pb_fullwidth_header_overlay\"><\/div>\n\t\t\t\t<div class=\"et_pb_fullwidth_header_scroll\"><a href=\"#\" class=\"scroll-down-container\">\n\t\t\t\t\t<span class=\"scroll-down et-pb-icon\">;<\/span>\n\t\t\t\t\t\n\t\t\t\t\t\n\t\t\t\t<\/a><\/div>\n\t\t\t<\/section>\n\t\t\t\t\n\t\t\t\t\n\t\t\t<\/div><div class=\"et_d4_element et_pb_section et_pb_section_1  et_pb_css_mix_blend_mode et_section_regular et_block_section\" >\n\t\t\t\t\n\t\t\t\t\n\t\t\t\t\n\t\t\t\t\n\t\t\t\t\n\t\t\t\t\n\t\t\t\t<div class=\"et_d4_element et_pb_row et_pb_row_0  et_pb_css_mix_blend_mode et_block_row\">\n\t\t\t\t<div class=\"et_d4_element et_pb_column_4_4 et_pb_column et_pb_column_0  et_pb_css_mix_blend_mode et-last-child et_block_column\">\n\t\t\t\t\n\t\t\t\t\n\t\t\t\t\n\t\t\t\t\n\t\t\t\t<div id=\"dt-tabs\" class=\"et_pb_module et_d4_element et_pb_tabs et_pb_tabs_0 \" >\n\t\t\t\t\n\t\t\t\t\n\t\t\t\t\n\t\t\t\t\n\t\t\t\t<ul class=\"et_pb_tabs_controls clearfix\">\n\t\t\t\t\t<li class=\"et_pb_tab_0 et_pb_tab_active\"><a href=\"#\">Ch\u00e0o \u0111\u00f3n d\u00e0nh cho ph\u1ee5 huynh ng\u01b0\u1eddi n\u01b0\u1edbc ngo\u00e0i<\/a><\/li><li class=\"et_pb_tab_1\"><a href=\"#\">L\u1edbp h\u1ecdc ti\u1ebfng Ph\u00e1p (FLE\/FLSCO)<\/a><\/li><li class=\"et_pb_tab_2\"><a href=\"#\">L\u1ecbch h\u1ecdc<\/a><\/li><li class=\"et_pb_tab_3\"><a href=\"#\">Ph\u00e2n b\u1ed5 tr\u1ebb em theo qu\u1ed1c t\u1ecbch<\/a><\/li><li class=\"et_pb_tab_4\"><a href=\"#\">H\u01b0\u1edbng d\u1eabn giao ti\u1ebfp v\u1edbi ph\u1ee5 huynh<\/a><\/li><li class=\"et_pb_tab_5\"><a href=\"#\">L\u1ee3i \u00edch c\u1ee7a m\u1ea1ng l\u01b0\u1edbi AEFE<\/a><\/li><li class=\"et_pb_tab_6\"><a href=\"#\">C\u01a1 h\u1ed9i<\/a><\/li>\n\t\t\t\t<\/ul>\n\t\t\t\t<div class=\"et_pb_all_tabs\">\n\t\t\t\t\t<div class=\"et_d4_element et_pb_tab et_pb_tab_0 clearfix et_pb_active_content\">\n\t\t\t\t\n\t\t\t\t\n\t\t\t\t\n\t\t\t\t\n\t\t\t\t<div class=\"et_pb_tab_content\"><p>Xem <a href=\"https:\/\/bouleetbilles.net\/vi\/danh-cho-cac-gia-dinh-nuoc-ngoai\/\" target=\"_blank\" rel=\"noopener\">trang d\u00e0nh ri\u00eang<\/a> v\u1edbi t\u1ea5t c\u1ea3 th\u00f4ng tin.<\/p><\/div>\n\t\t\t<\/div><div class=\"et_d4_element et_pb_tab et_pb_tab_1 clearfix\">\n\t\t\t\t\n\t\t\t\t\n\t\t\t\t\n\t\t\t\t\n\t\t\t\t<div class=\"et_pb_tab_content\"><p>Truy c\u1eadp trang d\u00e0nh ri\u00eang \u0111\u1ec3 bi\u1ebft th\u00f4ng tin chi ti\u1ebft v\u1ec1 <a href=\"https:\/\/bouleetbilles.net\/vi\/loc-hoc-tieng-phap-fle-flsco\/\" target=\"_blank\" rel=\"noopener\">c\u00e1c kh\u00f3a h\u1ecdc ti\u1ebfng Ph\u00e1p (FLE\/FLSCO)<\/a>.<\/p><\/div>\n\t\t\t<\/div><div class=\"et_d4_element et_pb_tab et_pb_tab_2 clearfix\">\n\t\t\t\t\n\t\t\t\t\n\t\t\t\t\n\t\t\t\t\n\t\t\t\t<div class=\"et_pb_tab_content\"><p>M\u1edf <a href=\"https:\/\/bouleetbilles.net\/vi\/lich-hoc\/\" target=\"_blank\" rel=\"noopener\">L\u1ecbch h\u1ecdc<\/a> trong m\u1ed9t tab m\u1edbi.<\/p><\/div>\n\t\t\t<\/div><div class=\"et_d4_element et_pb_tab et_pb_tab_3 clearfix\">\n\t\t\t\t\n\t\t\t\t\n\t\t\t\t\n\t\t\t\t\n\t\t\t\t<div class=\"et_pb_tab_content\"><h3>Ph\u00e2n b\u1ed5 tr\u1ebb em theo qu\u1ed1c t\u1ecbch 2023-2024<\/h3>\n<p><img decoding=\"async\" class=\"wp-image-7528 aligncenter size-full\" src=\"https:\/\/bouleetbilles.net\/wp-content\/uploads\/2025\/02\/Repartition-enfant-par-nationalite-2023-2024.webp\" alt=\"Ph\u00e2n b\u1ed5 tr\u1ebb em theo qu\u1ed1c t\u1ecbch 2023-2024\" width=\"908\" height=\"874\" srcset=\"https:\/\/bouleetbilles.net\/wp-content\/uploads\/2025\/02\/Repartition-enfant-par-nationalite-2023-2024.webp 908w, https:\/\/bouleetbilles.net\/wp-content\/uploads\/2025\/02\/Repartition-enfant-par-nationalite-2023-2024-480x462.webp 480w\" sizes=\"(min-width: 0px) and (max-width: 480px) 480px, (min-width: 481px) 908px, 100vw\" \/><\/p>\n<p><strong>T\u1ed5ng c\u1ed9ng: 225 tr\u1ebb em t\u1ea1i hai c\u01a1 s\u1edf:<\/strong><\/p>\n<ul>\n<li>147 tr\u1ebb em t\u1ea1i Binh Thanh<\/li>\n<li>78 tr\u1ebb em t\u1ea1i Thao Dien<\/li>\n<\/ul>\n<p><strong>Ph\u00e2n b\u1ed5:<\/strong><\/p>\n<ul>\n<li>118 tr\u1ebb em mang qu\u1ed1c t\u1ecbch Ph\u00e1p (52,4%)<\/li>\n<li>72 tr\u1ebb em mang qu\u1ed1c t\u1ecbch Vi\u1ec7t Nam (32%)<\/li>\n<li>35 tr\u1ebb em mang c\u00e1c qu\u1ed1c t\u1ecbch kh\u00e1c (15,6%)<\/li>\n<\/ul>\n<p><em>(C\u1eadp nh\u1eadt: Th\u00e1ng 9 n\u0103m 2024)<\/em><\/p><\/div>\n\t\t\t<\/div><div class=\"et_d4_element et_pb_tab et_pb_tab_4 clearfix\">\n\t\t\t\t\n\t\t\t\t\n\t\t\t\t\n\t\t\t\t\n\t\t\t\t<div class=\"et_pb_tab_content\"><table border=\"1\" width=\"100%\">\n<thead>\n<tr>\n<th><b>Qu\u00e1i g\u00ec - b\u1edfi ai?<\/b><\/th>\n<th><b>Nh\u01b0 th\u1ebf n\u00e0o?<\/b><\/th>\n<th><b>Khi n\u00e0o?<\/b><\/th>\n<th><b>QUAN TR\u1eccNG<\/b><\/th>\n<th><b>Cho ai?<\/b><\/th>\n<\/tr>\n<\/thead>\n<tbody>\n<tr>\n<td><b>B\u00e0i t\u1eadp v\u1ec1 nh\u00e0<\/b> - c\u00e1c gi\u00e1o vi\u00ean<\/td>\n<td>s\u1ed5 b\u00e0i t\u1eadp<\/td>\n<td>h\u00e0ng tu\u1ea7n<\/td>\n<td>cao<\/td>\n<td>h\u1ecdc sinh<\/td>\n<\/tr>\n<tr>\n<td><b>C\u00e1c cu\u1ed9c h\u1ecdp th\u1ec9nh tho\u1ea3ng<\/b> - c\u00e1c gi\u00e1o vi\u00ean<\/td>\n<td>email<\/td>\n<td>khi c\u1ea7n thi\u1ebft<\/td>\n<td>cao<\/td>\n<td>ph\u1ee5 huynh<\/td>\n<\/tr>\n<tr>\n<td><b>V\u1eafng m\u1eb7t ho\u1eb7c mu\u1ed9n<\/b> - ph\u1ee5 huynh<\/td>\n<td>Classdojo v\u00e0\/ho\u1eb7c \u0111i\u1ec7n tho\u1ea1i\/email t\u1eeb v\u0103n ph\u00f2ng<\/td>\n<td>khi c\u1ea7n thi\u1ebft<\/td>\n<td>cao<\/td>\n<td>gi\u00e1o vi\u00ean \/ V\u0103n ph\u00f2ng<\/td>\n<\/tr>\n<tr>\n<td><b>Chuy\u1ec3n giao s\u1ed5 h\u1ecdc b\u1ea1 ti\u1ec3u h\u1ecdc<\/b> - c\u00e1c gi\u00e1o vi\u00ean<\/td>\n<td>chuy\u1ec3n giao theo cu\u1ed9c h\u1eb9n qua email + C\u1ed5ng K6<\/td>\n<td>2 l\u1ea7n m\u1ed7i n\u0103m<\/td>\n<td>cao<\/td>\n<td>ph\u1ee5 huynh<\/td>\n<\/tr>\n<tr>\n<td><b>Chuy\u1ec3n giao s\u1ed5 th\u00e0nh t\u00edch m\u1ea7m non<\/b> - c\u00e1c gi\u00e1o vi\u00ean<\/td>\n<td>chuy\u1ec3n giao theo cu\u1ed9c h\u1eb9n qua email<\/td>\n<td>2 l\u1ea7n m\u1ed7i n\u0103m<\/td>\n<td>cao<\/td>\n<td>ph\u1ee5 huynh<\/td>\n<\/tr>\n<tr>\n<td><b>Ng\u00e0y h\u1ed9i v\u00e0 s\u1ef1 ki\u1ec7n c\u1ee7a tr\u01b0\u1eddng<\/b> - v\u0103n ph\u00f2ng<\/td>\n<td>email<\/td>\n<td>1 \u0111\u1ebfn 2 tu\u1ea7n tr\u01b0\u1edbc<\/td>\n<td>cao<\/td>\n<td>ph\u1ee5 huynh<\/td>\n<\/tr>\n<tr>\n<td><b>Th\u00f4ng tin t\u1eeb ban gi\u00e1m hi\u1ec7u<\/b> - v\u0103n ph\u00f2ng<\/td>\n<td>email<\/td>\n<td>khi c\u1ea7n thi\u1ebft<\/td>\n<td>cao<\/td>\n<td>ph\u1ee5 huynh<\/td>\n<\/tr>\n<tr>\n<td><b>C\u1ea5p c\u1ee9u cho h\u1ecdc sinh<\/b> - y t\u00e1 \/ gi\u00e1o vi\u00ean<\/td>\n<td>\u0111i\u1ec7n tho\u1ea1i<\/td>\n<td>n\u1ebfu c\u1ea7n<\/td>\n<td>cao<\/td>\n<td>ph\u1ee5 huynh<\/td>\n<\/tr>\n<tr>\n<td><b>Cu\u1ed9c h\u1ecdp ph\u1ee5 huynh \u0111\u1ea7u n\u0103m h\u1ecdc<\/b> - v\u0103n ph\u00f2ng v\u00e0 PE<\/td>\n<td>email<\/td>\n<td>1 l\u1ea7n v\u00e0o th\u00e1ng 9<\/td>\n<td>cao<\/td>\n<td>ph\u1ee5 huynh<\/td>\n<\/tr>\n<tr>\n<td><b>C\u00e1c ho\u1ea1t \u0111\u1ed9ng ngo\u1ea1i kh\u00f3a<\/b> - ng\u01b0\u1eddi ph\u1ee5 tr\u00e1ch ngo\u1ea1i kh\u00f3a<\/td>\n<td>C\u1ed5ng (\u0111\u0103ng k\u00fd) + email + ClassDojo (h\u00ecnh \u1ea3nh)<\/td>\n<td>theo h\u1ecdc k\u1ef3 + th\u00f4ng tin h\u00e0ng tu\u1ea7n<\/td>\n<td>cao<\/td>\n<td>ph\u1ee5 huynh<\/td>\n<\/tr>\n<tr>\n<td><b>Th\u00f4ng tin tr\u01b0\u1eddng h\u1ecdc (L\u1ec5 h\u1ed9i\/Chuy\u1ebfn \u0111i)<\/b> - d\u1ecbch v\u1ee5 truy\u1ec1n th\u00f4ng<\/td>\n<td>Classdojo\/m\u1ea1ng x\u00e3 h\u1ed9i<\/td>\n<td>theo c\u00e1c s\u1ef1 ki\u1ec7n trong tu\u1ea7n<\/td>\n<td>trung b\u00ecnh<\/td>\n<td>ph\u1ee5 huynh<\/td>\n<\/tr>\n<tr>\n<td><b>Th\u00f4ng tin v\u1ec1 \u0111\u1eddi s\u1ed1ng l\u1edbp h\u1ecdc<\/b> - c\u00e1c gi\u00e1o vi\u00ean<\/td>\n<td>Classdojo<\/td>\n<td>\u1ede m\u1eabu gi\u00e1o = 1 l\u1ea7n\/tu\u1ea7n<br \/>\u1ede ti\u1ec3u h\u1ecdc = theo nhu c\u1ea7u<\/td>\n<td>trung b\u00ecnh<\/td>\n<td>h\u1ecdc sinh v\u00e0 ph\u1ee5 huynh<\/td>\n<\/tr>\n<tr>\n<td><b>Th\u00f4ng tin s\u01b0 ph\u1ea1m t\u1eeb tr\u01b0\u1eddng<\/b> - d\u1ecbch v\u1ee5 s\u01b0 ph\u1ea1m<\/td>\n<td>Classdojo<\/td>\n<td>khi c\u1ea7n thi\u1ebft<\/td>\n<td>trung b\u00ecnh<\/td>\n<td>Ph\u1ee5 huynh c\u1ee7a c\u1ea3 2 tr\u01b0\u1eddng<\/td>\n<\/tr>\n<tr>\n<td><b>Th\u1ef1c \u0111\u01a1n h\u00e0ng th\u00e1ng<\/b> - v\u0103n ph\u00f2ng<\/td>\n<td>C\u1ed5ng th\u00f4ng tin<\/td>\n<td>h\u00e0ng th\u00e1ng<\/td>\n<td>trung b\u00ecnh<\/td>\n<td>ph\u1ee5 huynh<\/td>\n<\/tr>\n<\/tbody>\n<\/table><\/div>\n\t\t\t<\/div><div class=\"et_d4_element et_pb_tab et_pb_tab_5 clearfix\">\n\t\t\t\t\n\t\t\t\t\n\t\t\t\t\n\t\t\t\t\n\t\t\t\t<div class=\"et_pb_tab_content\"><h3>Ch\u1ea5t L\u01b0\u1ee3ng v\u00e0 S\u1ef1 Nghi\u00eam T\u00fac trong Gi\u1ea3ng D\u1ea1y:<\/h3>\n<p>Ch\u01b0\u01a1ng tr\u00ecnh h\u1ecdc c\u1ee7a Ph\u00e1p n\u1ed5i ti\u1ebfng v\u1edbi s\u1ef1 nghi\u00eam ng\u1eb7t h\u1ecdc thu\u1eadt v\u00e0 \u0111\u1ed9 s\u00e2u trong c\u00e1c m\u00f4n khoa h\u1ecdc, v\u0103n h\u1ecdc v\u00e0 nh\u00e2n v\u0103n. H\u1ecdc sinh nh\u1eadn \u0111\u01b0\u1ee3c n\u1ec1n t\u1ea3ng v\u1eefng ch\u1eafc gi\u00fap h\u1ecd chu\u1ea9n b\u1ecb t\u1ed1t cho gi\u00e1o d\u1ee5c \u0111\u1ea1i h\u1ecdc.<\/p>\n<h3>\u0110a Ng\u00f4n Ng\u1eef, M\u1edf R\u1ed9ng V\u0103n H\u00f3a v\u00e0 M\u1edf R\u1ed9ng Qu\u1ed1c T\u1ebf:<\/h3>\n<p>Ngo\u00e0i ti\u1ebfng Ph\u00e1p, h\u1ecdc sinh th\u01b0\u1eddng h\u1ecdc nhi\u1ec1u ngo\u1ea1i ng\u1eef kh\u00e1c, \u0111i\u1ec1u n\u00e0y gi\u00fap h\u1ecd chu\u1ea9n b\u1ecb t\u1ed1t cho m\u00f4i tr\u01b0\u1eddng qu\u1ed1c t\u1ebf.<\/p>\n<p>M\u1ea1ng l\u01b0\u1edbi AEFE mang l\u1ea1i s\u1ef1 ti\u1ebfp c\u1eadn v\u0103n h\u00f3a quan tr\u1ecdng, v\u1edbi c\u00e1c ch\u01b0\u01a1ng tr\u00ecnh v\u00e0 trao \u0111\u1ed5i qu\u1ed1c t\u1ebf l\u00e0m phong ph\u00fa th\u00eam tr\u1ea3i nghi\u1ec7m c\u1ee7a h\u1ecdc sinh.<\/p>\n<h3>Ch\u1ee9ng Ch\u1ec9 C\u00f4ng Nh\u1eadn Qu\u1ed1c T\u1ebf:<\/h3>\n<p>B\u1eb1ng t\u1ed1t nghi\u1ec7p trung h\u1ecdc Ph\u00e1p \u0111\u01b0\u1ee3c c\u00f4ng nh\u1eadn r\u1ed9ng r\u00e3i v\u00e0 t\u00f4n tr\u1ecdng tr\u00ean to\u00e0n th\u1ebf gi\u1edbi, gi\u00fap vi\u1ec7c nh\u1eadp h\u1ecdc v\u00e0o c\u00e1c tr\u01b0\u1eddng \u0111\u1ea1i h\u1ecdc v\u00e0 grandes \u00e9coles qu\u1ed1c t\u1ebf tr\u1edf n\u00ean thu\u1eadn l\u1ee3i.<\/p>\n<h3>\u0110a D\u1ea1ng C\u00e1c L\u1ef1a Ch\u1ecdn Gi\u00e1o D\u1ee5c:<\/h3>\n<p>M\u1ea1ng l\u01b0\u1edbi AEFE cung c\u1ea5p c\u00e1c l\u1ef1a ch\u1ecdn nh\u01b0 B\u1eb1ng T\u00fa T\u00e0i Qu\u1ed1c T\u1ebf (OIB), c\u00e1c chuy\u00ean ng\u00e0nh Ch\u00e2u \u00c2u ho\u1eb7c Ch\u00e2u \u00c1, v\u00e0 c\u00e1c ch\u01b0\u01a1ng tr\u00ecnh \u0111\u1eb7c bi\u1ec7t ph\u00f9 h\u1ee3p v\u1edbi h\u1ecdc sinh ng\u01b0\u1eddi n\u01b0\u1edbc ngo\u00e0i.<\/p>\n<h3>Ti\u1ebfp C\u1eadn M\u1ea1ng L\u01b0\u1edbi To\u00e0n C\u1ea7u & Di Chuy\u1ec3n Qu\u1ed1c T\u1ebf:<\/h3>\n<p>M\u1ea1ng l\u01b0\u1edbi AEFE bao g\u1ed3m h\u01a1n 500 c\u01a1 s\u1edf \u1edf h\u01a1n 130 qu\u1ed1c gia, mang l\u1ea1i c\u01a1 h\u1ed9i trao \u0111\u1ed5i v\u00e0 di chuy\u1ec3n qu\u1ed1c t\u1ebf cho h\u1ecdc sinh.<\/p>\n<h3>Chi Ph\u00ed H\u1ecdc Ph\u00ed:<\/h3>\n<p>M\u1ea1ng l\u01b0\u1edbi AEFE c\u1ee7a c\u00e1c tr\u01b0\u1eddng Ph\u00e1p t\u1ea1i TP. H\u1ed3 Ch\u00ed Minh l\u00e0 m\u1ed9t trong nh\u1eefng tr\u01b0\u1eddng c\u00f3 chi ph\u00ed h\u1ecdc ph\u00ed th\u1ea5p nh\u1ea5t so v\u1edbi c\u00e1c tr\u01b0\u1eddng qu\u1ed1c t\u1ebf kh\u00e1c.<\/p><\/div>\n\t\t\t<\/div><div class=\"et_d4_element et_pb_tab et_pb_tab_6 clearfix\">\n\t\t\t\t\n\t\t\t\t\n\t\t\t\t\n\t\t\t\t\n\t\t\t\t<div class=\"et_pb_tab_content\"><h2>C\u01a1 h\u1ed9i sau khi ho\u00e0n th\u00e0nh ch\u01b0\u01a1ng tr\u00ecnh h\u1ecdc trong m\u1ea1ng l\u01b0\u1edbi AEFE<\/h2>\n<p><span style=\"font-weight: 400;\">M\u1ea1ng l\u01b0\u1edbi AEFE (T\u1ed5 ch\u1ee9c Gi\u00e1o d\u1ee5c Ph\u00e1p t\u1ea1i n\u01b0\u1edbc ngo\u00e0i) cung c\u1ea5p m\u1ed9t s\u1ef1 chu\u1ea9n b\u1ecb xu\u1ea5t s\u1eafc cho vi\u1ec7c h\u1ecdc \u0111\u1ea1i h\u1ecdc, l\u00e0 b\u1ec7 ph\u00f3ng v\u1eefng ch\u1eafc cho gi\u00e1o d\u1ee5c \u0111\u1ea1i h\u1ecdc v\u00e0 s\u1ef1 h\u1ed9i nh\u1eadp ngh\u1ec1 nghi\u1ec7p <\/span><b><i>t\u1ea1i Ph\u00e1p, ch\u00e2u \u00c2u v\u00e0 tr\u00ean to\u00e0n th\u1ebf gi\u1edbi.<\/i><\/b><\/p>\n<h3><b>T\u1ea1i Ph\u00e1p<\/b><\/h3>\n<ol>\n<li style=\"font-weight: 400;\" aria-level=\"1\"><b>C\u00e1c Tr\u01b0\u1eddng L\u1edbn<\/b><span style=\"font-weight: 400;\">:<\/span>\n<ul>\n<li style=\"font-weight: 400;\" aria-level=\"2\"><span style=\"font-weight: 400;\">H\u1ecdc sinh c\u1ee7a m\u1ea1ng l\u01b0\u1edbi AEFE c\u00f3 th\u1ec3 v\u00e0o c\u00e1c l\u1edbp d\u1ef1 b\u1ecb cho c\u00e1c tr\u01b0\u1eddng l\u1edbn, t\u1eeb \u0111\u00f3 c\u00f3 th\u1ec3 v\u00e0o c\u00e1c c\u01a1 s\u1edf gi\u00e1o d\u1ee5c danh ti\u1ebfng nh\u01b0 HEC, ESSEC, Sciences Po, Polytechnique, v.v.<\/span><\/li>\n<\/ul>\n<\/li>\n<li style=\"font-weight: 400;\" aria-level=\"1\"><b>\u0110\u1ea1i h\u1ecdc<\/b><span style=\"font-weight: 400;\">:<\/span>\n<ul>\n<li style=\"font-weight: 400;\" aria-level=\"2\"><span style=\"font-weight: 400;\">Sinh vi\u00ean c\u00f3 th\u1ec3 \u0111\u0103ng k\u00fd v\u00e0o c\u00e1c tr\u01b0\u1eddng \u0111\u1ea1i h\u1ecdc \u1edf Ph\u00e1p \u0111\u1ec3 ti\u1ebfp t\u1ee5c h\u1ecdc c\u00e1c ch\u01b0\u01a1ng tr\u00ecnh c\u1eed nh\u00e2n, th\u1ea1c s\u0129 v\u00e0 ti\u1ebfn s\u0129 trong nhi\u1ec1u l\u0129nh v\u1ef1c kh\u00e1c nhau.<\/span><\/li>\n<li style=\"font-weight: 400;\" aria-level=\"2\"><span style=\"font-weight: 400;\">Parcoursup l\u00e0 n\u1ec1n t\u1ea3ng ch\u00ednh \u0111\u1ec3 \u0111\u0103ng k\u00fd v\u00e0o c\u00e1c ch\u01b0\u01a1ng tr\u00ecnh \u0111\u1ea1i h\u1ecdc t\u1ea1i Ph\u00e1p.<\/span><\/li>\n<\/ul>\n<\/li>\n<li style=\"font-weight: 400;\" aria-level=\"1\"><b>C\u00e1c Vi\u1ec7n \u0110\u00e0o T\u1ea1o Chuy\u00ean Ng\u00e0nh<\/b><span style=\"font-weight: 400;\">:<\/span>\n<ul>\n<li style=\"font-weight: 400;\" aria-level=\"2\"><span style=\"font-weight: 400;\">C\u00e1c tr\u01b0\u1eddng chuy\u00ean ng\u00e0nh v\u1ec1 ngh\u1ec7 thu\u1eadt, thi\u1ebft k\u1ebf, ki\u1ebfn tr\u00fac, v\u00e0 c\u00e1c ng\u00e0nh ngh\u1ec1 y t\u1ebf c\u0169ng c\u00f3 s\u1eb5n cho h\u1ecdc sinh.<\/span><\/li>\n<\/ul>\n<\/li>\n<\/ol>\n<h3><b>T\u1ea1i Ch\u00e2u \u00c2u<\/b><\/h3>\n<ol>\n<li style=\"font-weight: 400;\" aria-level=\"1\"><b>Ch\u01b0\u01a1ng Tr\u00ecnh Erasmus+<\/b><span style=\"font-weight: 400;\">:<\/span>\n<ul>\n<li style=\"font-weight: 400;\" aria-level=\"2\"><span style=\"font-weight: 400;\">H\u1ecdc sinh c\u00f3 th\u1ec3 tham gia ch\u01b0\u01a1ng tr\u00ecnh n\u00e0y \u0111\u1ec3 th\u1ef1c hi\u1ec7n c\u00e1c cu\u1ed9c trao \u0111\u1ed5i sinh vi\u00ean t\u1ea1i c\u00e1c qu\u1ed1c gia kh\u00e1c \u1edf ch\u00e2u \u00c2u.<\/span><\/li>\n<\/ul>\n<\/li>\n<li style=\"font-weight: 400;\" aria-level=\"1\"><b>\u0110\u1ea1i h\u1ecdc ch\u00e2u \u00c2u<\/b><span style=\"font-weight: 400;\">:<\/span>\n<ul>\n<li style=\"font-weight: 400;\" aria-level=\"2\"><span style=\"font-weight: 400;\">B\u1eb1ng t\u1ed1t nghi\u1ec7p trung h\u1ecdc Ph\u00e1p \u0111\u01b0\u1ee3c c\u00f4ng nh\u1eadn r\u1ed9ng r\u00e3i \u1edf ch\u00e2u \u00c2u, gi\u00fap vi\u1ec7c nh\u1eadp h\u1ecdc v\u00e0o c\u00e1c tr\u01b0\u1eddng \u0111\u1ea1i h\u1ecdc ch\u00e2u \u00c2u tr\u1edf n\u00ean d\u1ec5 d\u00e0ng.<\/span><\/li>\n<\/ul>\n<\/li>\n<\/ol>\n<h3><b>T\u1ea1i qu\u1ed1c t\u1ebf<\/b><\/h3>\n<ol>\n<li style=\"font-weight: 400;\" aria-level=\"1\"><b>Hoa K\u1ef3 v\u00e0 Canada<\/b><span style=\"font-weight: 400;\">:<\/span>\n<ul>\n<li style=\"font-weight: 400;\" aria-level=\"2\"><span style=\"font-weight: 400;\">H\u1ecdc sinh c\u1ee7a m\u1ea1ng l\u01b0\u1edbi AEFE c\u00f3 th\u1ec3 \u0111\u0103ng k\u00fd v\u00e0o c\u00e1c tr\u01b0\u1eddng \u0111\u1ea1i h\u1ecdc \u1edf M\u1ef9 v\u00e0 Canada.<\/span><\/li>\n<\/ul>\n<\/li>\n<li style=\"font-weight: 400;\" aria-level=\"1\"><b>V\u01b0\u01a1ng qu\u1ed1c Anh<\/b><span style=\"font-weight: 400;\">:<\/span>\n<ul>\n<li style=\"font-weight: 400;\" aria-level=\"2\"><span style=\"font-weight: 400;\">C\u00e1c tr\u01b0\u1eddng \u0111\u1ea1i h\u1ecdc \u1edf Anh ch\u1ea5p nh\u1eadn h\u1ecdc sinh t\u1ed1t nghi\u1ec7p trung h\u1ecdc Ph\u00e1p.<\/span><\/li>\n<\/ul>\n<\/li>\n<\/ol>\n<ol start=\"3\">\n<li><b>C\u00e1c khu v\u1ef1c kh\u00e1c tr\u00ean th\u1ebf gi\u1edbi<\/b><span style=\"font-weight: 400;\">:<\/span><\/li>\n<\/ol>\n<ul>\n<li style=\"font-weight: 400;\" aria-level=\"2\"><span style=\"font-weight: 400;\">H\u1ecdc sinh c\u0169ng c\u00f3 th\u1ec3 \u0111\u0103ng k\u00fd v\u00e0o c\u00e1c tr\u01b0\u1eddng \u0111\u1ea1i h\u1ecdc \u1edf c\u00e1c khu v\u1ef1c nh\u01b0 Ch\u00e2u \u00c1, Ch\u00e2u \u00dac, M\u1ef9 Latinh, v.v., n\u01a1i c\u00e1c b\u1eb1ng c\u1ea5p c\u1ee7a Ph\u00e1p th\u01b0\u1eddng \u0111\u01b0\u1ee3c c\u00f4ng nh\u1eadn.<\/span><\/li>\n<\/ul>\n<h3><b>Chi ph\u00ed gi\u00e1o d\u1ee5c \u0111\u1ea1i h\u1ecdc<\/b><\/h3>\n<p><span style=\"font-weight: 400;\">T\u1ea1i ch\u00e2u \u00c2u, chi ph\u00ed h\u1ecdc \u0111\u1ea1i h\u1ecdc th\u01b0\u1eddng th\u1ea5p h\u01a1n nhi\u1ec1u so v\u1edbi c\u00e1c qu\u1ed1c gia kh\u00e1c, \u0111\u1eb7c bi\u1ec7t l\u00e0 Hoa K\u1ef3, Canada ho\u1eb7c \u00dac.<\/span><\/p>\n<p><span style=\"font-weight: 400;\">\u1ede nhi\u1ec1u qu\u1ed1c gia ch\u00e2u \u00c2u, gi\u00e1o d\u1ee5c \u0111\u1ea1i h\u1ecdc \u0111\u01b0\u1ee3c nh\u00e0 n\u01b0\u1edbc tr\u1ee3 c\u1ea5p l\u1edbn, gi\u00fap gi\u1eef m\u1ee9c h\u1ecdc ph\u00ed th\u1ea5p, th\u1eadm ch\u00ed mi\u1ec5n ph\u00ed cho sinh vi\u00ean ch\u00e2u \u00c2u.<\/span><\/p>\n<p><span style=\"font-weight: 400;\">Gi\u00e1o d\u1ee5c th\u01b0\u1eddng \u0111\u01b0\u1ee3c coi l\u00e0 m\u1ed9t nhi\u1ec7m v\u1ee5 ph\u1ee5c v\u1ee5 c\u00f4ng c\u1ed9ng \u1edf ch\u00e2u \u00c2u, \u0111i\u1ec1u n\u00e0y c\u00f3 ngh\u0129a l\u00e0 t\u1ea5t c\u1ea3 m\u1ecdi ng\u01b0\u1eddi \u0111\u1ec1u c\u00f3 quy\u1ec1n ti\u1ebfp c\u1eadn gi\u00e1o d\u1ee5c \u0111\u1ea1i h\u1ecdc, b\u1ea5t k\u1ec3 t\u00ecnh tr\u1ea1ng t\u00e0i ch\u00ednh.<\/span><\/p>\n<p><span style=\"font-weight: 400;\">M\u1ed9t s\u1ed1 qu\u1ed1c gia ch\u00e2u \u00c2u \u0111\u00e3 \u00e1p d\u1ee5ng c\u00e1c ch\u00ednh s\u00e1ch x\u00e3 h\u1ed9i nh\u1eb1m t\u1ea1o \u0111i\u1ec1u ki\u1ec7n thu\u1eadn l\u1ee3i cho sinh vi\u00ean ti\u1ebfp c\u1eadn gi\u00e1o d\u1ee5c \u0111\u1ea1i h\u1ecdc, nh\u01b0 h\u1ecdc b\u1ed5ng, h\u1ed7 tr\u1ee3 ch\u1ed7 \u1edf, gi\u1ea3m gi\u00e1 v\u00e9 ph\u01b0\u01a1ng ti\u1ec7n giao th\u00f4ng, v.v.<\/span><\/p>\n<h3><b>T\u00f3m l\u1ea1i, nh\u1eefng l\u1ee3i th\u1ebf c\u1ee7a m\u1ed9t ch\u01b0\u01a1ng tr\u00ecnh AEFE l\u00e0:<\/b><\/h3>\n<ul>\n<li aria-level=\"1\"><b>Chu\u1ea9n b\u1ecb xu\u1ea5t s\u1eafc cho gi\u00e1o d\u1ee5c \u0111\u1ea1i h\u1ecdc v\u00e0 c\u00f4ng nh\u1eadn qu\u1ed1c t\u1ebf v\u1ec1 b\u1eb1ng t\u1ed1t nghi\u1ec7p trung h\u1ecdc Ph\u00e1p.<\/b><\/li>\n<\/ul>\n<ul>\n<li aria-level=\"1\"><b>Quy\u1ec1n l\u1ee3i \u01b0u ti\u00ean v\u00e0o c\u00e1c tr\u01b0\u1eddng l\u1edbn c\u1ee7a Ph\u00e1p v\u00e0 c\u00e1c tr\u01b0\u1eddng \u0111\u1ea1i h\u1ecdc ch\u00e2u \u00c2u.<\/b><\/li>\n<\/ul>\n<ul>\n<li aria-level=\"1\"><b>C\u01a1 h\u1ed9i tham gia c\u00e1c ch\u01b0\u01a1ng tr\u00ecnh trao \u0111\u1ed5i qu\u1ed1c t\u1ebf nh\u01b0 Erasmus+.<\/b><\/li>\n<\/ul>\n<ul>\n<li aria-level=\"1\"><b>Tri\u1ec3n v\u1ecdng ngh\u1ec1 nghi\u1ec7p to\u00e0n c\u1ea7u.<\/b><\/li>\n<\/ul>\n<ul>\n<li aria-level=\"1\"><b>Quy\u1ec1n ti\u1ebfp c\u1eadn gi\u00e1o d\u1ee5c \u0111\u1ea1i h\u1ecdc ch\u1ea5t l\u01b0\u1ee3ng v\u1edbi chi ph\u00ed th\u1ea5p t\u1ea1i ch\u00e2u \u00c2u.<\/b><\/li>\n<\/ul>\n<p><b>M\u1ea1ng l\u01b0\u1edbi AEFE th\u1ef1c s\u1ef1 l\u00e0 m\u1ed9t b\u1ec7 ph\u00f3ng gi\u00fap con b\u1ea1n th\u00e0nh c\u00f4ng v\u00e0 gi\u00fap em \u1ea5y ph\u00e1t tri\u1ec3n to\u00e0n di\u1ec7n trong h\u1ecdc t\u1eadp v\u00e0 t\u01b0\u01a1ng lai ngh\u1ec1 nghi\u1ec7p.<\/b><\/p><\/div>\n\t\t\t<\/div>\n\t\t\t\t<\/div>\n\t\t\t<\/div>\n\t\t\t<\/div>\n\t\t\t\t\n\t\t\t\t\n\t\t\t\t\n\t\t\t\t\n\t\t\t<\/div>\n\t\t\t\t\n\t\t\t\t\n\t\t\t<\/div><\/p>\n","protected":false},"excerpt":{"rendered":"","protected":false},"author":110,"featured_media":5737,"parent":0,"menu_order":0,"comment_status":"closed","ping_status":"closed","template":"","meta":{"_seopress_robots_primary_cat":"","_seopress_titles_title":"","_seopress_titles_desc":"","_seopress_robots_index":"","_et_pb_use_builder":"on","_et_pb_old_content":"","_et_gb_content_width":"","footnotes":""},"class_list":["post-7550","page","type-page","status-publish","has-post-thumbnail","hentry"],"_links":{"self":[{"href":"https:\/\/bouleetbilles.net\/vi\/wp-json\/wp\/v2\/pages\/7550","targetHints":{"allow":["GET"]}}],"collection":[{"href":"https:\/\/bouleetbilles.net\/vi\/wp-json\/wp\/v2\/pages"}],"about":[{"href":"https:\/\/bouleetbilles.net\/vi\/wp-json\/wp\/v2\/types\/page"}],"author":[{"embeddable":true,"href":"https:\/\/bouleetbilles.net\/vi\/wp-json\/wp\/v2\/users\/110"}],"replies":[{"embeddable":true,"href":"https:\/\/bouleetbilles.net\/vi\/wp-json\/wp\/v2\/comments?post=7550"}],"version-history":[{"count":11,"href":"https:\/\/bouleetbilles.net\/vi\/wp-json\/wp\/v2\/pages\/7550\/revisions"}],"predecessor-version":[{"id":9683,"href":"https:\/\/bouleetbilles.net\/vi\/wp-json\/wp\/v2\/pages\/7550\/revisions\/9683"}],"wp:featuredmedia":[{"embeddable":true,"href":"https:\/\/bouleetbilles.net\/vi\/wp-json\/wp\/v2\/media\/5737"}],"wp:attachment":[{"href":"https:\/\/bouleetbilles.net\/vi\/wp-json\/wp\/v2\/media?parent=7550"}],"curies":[{"name":"wp","href":"https:\/\/api.w.org\/{rel}","templated":true}]}}