{"id":7339,"date":"2025-01-23T16:34:58","date_gmt":"2025-01-23T09:34:58","guid":{"rendered":"https:\/\/bouleetbilles.net\/danh-cho-cac-gia-dinh-nuoc-ngoai\/"},"modified":"2026-03-24T09:11:08","modified_gmt":"2026-03-24T02:11:08","slug":"danh-cho-cac-gia-dinh-nuoc-ngoai","status":"publish","type":"page","link":"https:\/\/bouleetbilles.net\/vi\/danh-cho-cac-gia-dinh-nuoc-ngoai\/","title":{"rendered":"D\u00e0nh cho c\u00e1c gia \u0111\u00ecnh n\u01b0\u1edbc ngo\u00e0i"},"content":{"rendered":"<div class=\"et_pb_section_0 et_pb_section et_pb_fullwidth_section et_section_regular et_block_section\"><section class=\"et_pb_fullwidth_header_0 et_pb_fullwidth_header et_pb_bg_layout_dark et_pb_text_align_center et_pb_module et_flex_module\"><div class=\"et_pb_fullwidth_header_container center\"><div class=\"header-content-container center\"><div class=\"header-content et_flex_module\"><h1 class=\"et_pb_module_header\">D\u00e0nh cho c\u00e1c gia \u0111\u00ecnh n\u01b0\u1edbc ngo\u00e0i<\/h1><span class=\"et_pb_fullwidth_header_subhead\">S\u1ed5 tay ch\u00e0o \u0111\u00f3n d\u00e0nh cho ph\u1ee5 huynh n\u01b0\u1edbc ngo\u00e0i. B\u1ea1n \u0111\u00e3 ch\u1ecdn m\u1ed9t tr\u01b0\u1eddng h\u1ecdc Ph\u00e1p cho con c\u1ee7a m\u00ecnh.<\/span><div class=\"et_pb_header_button_wrapper\"><a class=\"et_pb_button et_pb_more_button et_pb_button_one\" href=\"https:\/\/bouleetbilles.net\/vi\/bieu-gia\/#dt-tabs|6\">Xem b\u1ea3ng gi\u00e1<\/a><a class=\"et_pb_button et_pb_more_button et_pb_button_two\" href=\"https:\/\/bouleetbilles.net\/contactez-nous\/\">Li\u00ean H\u1ec7<\/a><\/div><\/div><\/div><\/div><div class=\"et_pb_fullwidth_header_overlay\"><\/div><div class=\"et_pb_fullwidth_header_scroll\"><a class=\"scroll-down-container\" href=\"#\"><span class=\"scroll-down et-pb-icon\">;<\/span><\/a><\/div><\/section><\/div><div class=\"et_pb_section_1 et_pb_section et_section_regular et_block_section\"><div class=\"et_pb_row_0 et_pb_row et_block_row\"><div class=\"et_pb_column_0 et_pb_column et_pb_column_4_4 et-last-child et_block_column et_pb_css_mix_blend_mode_passthrough\"><div class=\"et_pb_tabs_0 et_pb_tabs et_pb_module\" id=\"dt-tabs\"><ul class=\"et_pb_tabs_controls clearfix\"><li class=\"et_pb_tab_nav_item_0 et_pb_tab_nav_item et_pb_tab_0 et_pb_tab_active\"><a class=\"et_pb_tab_nav_item_link\" href=\"#\">Gi\u1edbi thi\u1ec7u<\/a><\/li><li class=\"et_pb_tab_nav_item_1 et_pb_tab_nav_item et_pb_tab_1\"><a class=\"et_pb_tab_nav_item_link\" href=\"#\">L\u1edbp h\u1ecdc ti\u1ebfng Ph\u00e1p (FLE\/FLSCO)<\/a><\/li><\/ul><div class=\"et_pb_all_tabs\"><div class=\"et_pb_tab_0 et_pb_tab clearfix et_pb_active_content et_pb_module et_block_module\"><div class=\"et_pb_tab_content\"><p><img decoding=\"async\" src=\"https:\/\/bouleetbilles.net\/wp-content\/uploads\/2025\/01\/logo-ministere-education-nationale-aefe-et-boule-et-billes-1024x318.webp\" alt=\"logo ministere education nationale aefe et boule et billes\" \/><\/p>\n<p>Tr\u01b0\u1eddng Boule &amp; Billes nh\u1eadn h\u1ecdc sinh t\u1eeb 6 th\u00e1ng tu\u1ed5i \u0111i h\u1ecdc nh\u00e0 tr\u1ebb. C\u00e1c em sau \u0111\u00f3 ti\u1ebfp t\u1ee5c h\u1ecdc l\u00ean m\u1ea7m non cho t\u1edbi ti\u1ec3u h\u1ecdc (10 \u2013 11 tu\u1ed5i).<\/p>\n<h2>Tr\u01b0\u1eddng m\u1ea7m non Ph\u00e1p (t\u1eeb 3 t\u1edbi 5 tu\u1ed5i)<\/h2>\n<p>Tr\u01b0\u1eddng m\u1ea7m non nh\u1eadn tr\u1ebb em t\u1eeb 3 tu\u1ed5i (\u0111\u00f4i khi nh\u1eadn t\u1eeb 2 tu\u1ed5i). Trong ba n\u0103m, c\u00e1c em s\u1ebd h\u1ecdc c\u00e1c ki\u1ebfn th\u1ee9c v\u00e0 k\u1ef9 n\u0103ng ph\u00f9 h\u1ee3p v\u1edbi l\u1ee9a tu\u1ed5i c\u1ee7a c\u00e1c em. Tr\u01b0\u1eddng m\u1ea7m non \u0111\u00f3ng vai tr\u00f2 ch\u00ednh y\u1ebfu trong ch\u1eb7ng \u0111\u01b0\u1eddng h\u1ecdc t\u1eadp c\u1ee7a tr\u1ebb, cho ph\u00e9p c\u00e1c em v\u00e0o l\u1edbp M\u1ed9t (CP) m\u1ed9t c\u00e1ch t\u1ef1 tin v\u00e0 th\u00e0nh c\u00f4ng. \u0110\u00e2y l\u00e0 l\u00fd do t\u1ea1i sao vi\u1ec7c \u0111\u0103ng k\u00fd cho tr\u1ebb h\u1ecdc t\u1eeb nh\u00e0 tr\u1ebb, n\u1ebfu c\u00f3 th\u1ec3, l\u00e0 m\u1ed9t vi\u1ec7c quan tr\u1ecdng.<\/p>\n<h2>Tr\u01b0\u1eddng ti\u1ec3u h\u1ecdc Ph\u00e1p (t\u1eeb 6 t\u1edbi 11 tu\u1ed5i)<\/h2>\n<ol>\n<li><strong>CP<\/strong> l\u1edbp M\u1ed9t<\/li>\n<li><strong>CE1<\/strong> l\u1edbp Hai<\/li>\n<li><strong>CE2<\/strong> l\u1edbp Ba<\/li>\n<li><strong>CM1<\/strong> l\u1edbp B\u1ed1n<\/li>\n<li><strong>CM2<\/strong> l\u1edbp N\u0103m<\/li>\n<\/ol>\n<h2>Ch\u01b0\u01a1ng tr\u00ecnh h\u1ecdc s\u1ebd \u0111\u01b0\u1ee3c d\u1ea1y b\u1eb1ng ti\u1ebfng Ph\u00e1p<\/h2>\n<p>Con c\u1ee7a qu\u00fd v\u1ecb s\u1ebd h\u1ecdc n\u00f3i, \u0111\u1ecdc, vi\u1ebft, \u0111\u1ebfm s\u1ed1 b\u1eb1ng ti\u1ebfng Ph\u00e1p.<\/p>\n<p>Nh\u1edd v\u00e0o kh\u1ea3 n\u0103ng giao ti\u1ebfp ti\u1ebfng Ph\u00e1p t\u1ed1t, con c\u1ee7a qu\u00fd v\u1ecb s\u1ebd c\u00f3 th\u1ec3 theo h\u1ecdc \u0111\u01b0\u1ee3c t\u1ea5t c\u1ea3 c\u00e1c m\u00f4n v\u00e0 k\u1ebft giao v\u1edbi b\u1ea1n m\u1edbi.<\/p>\n<h3>T\u1ea1i sao qu\u00fd v\u1ecb ch\u1ecdn tr\u01b0\u1eddng Ph\u00e1p cho con m\u00ecnh ?<\/h3>\n<ul>\n<li>Qu\u00fd v\u1ecb y\u00eau th\u00edch n\u01b0\u1edbc Ph\u00e1p v\u00e0 v\u0103n h\u00f3a Ph\u00e1p.<\/li>\n<li>Qu\u00fd v\u1ecb bi\u1ebft ti\u1ebfng Ph\u00e1p ho\u1eb7c c\u00f3 d\u1ef1 \u0111\u1ecbnh h\u1ecdc ti\u1ebfng Ph\u00e1p.<\/li>\n<li>C\u00e1c \u01b0u \u0111i\u1ec3m c\u1ee7a h\u1ec7 th\u1ed1ng gi\u00e1o d\u1ee5c c\u1ee7a Ph\u00e1p nh\u01b0 s\u1ef1 t\u1ef1 tin, ni\u1ec1m h\u1ea1nh ph\u00fac, c\u00e1c bu\u1ed5i tranh lu\u1eadn mang t\u00ednh x\u00e2y d\u1ef1ng, ki\u1ebfn th\u1ee9c v\u0103n h\u00f3a chung, kh\u1ea3 n\u0103ng s\u00e1ng t\u1ea1o \u0111\u00e3 h\u1ea5p d\u1eabn qu\u00fd v\u1ecb.<\/li>\n<li>Qu\u00fd v\u1ecb d\u1ef1 \u0111\u1ecbnh s\u1ebd \u0111\u1ecbnh c\u01b0 t\u1ea1i m\u1ed9t n\u01b0\u1edbc n\u00f3i ti\u1ebfng Ph\u00e1p.<\/li>\n<li>Qu\u00fd v\u1ecb \u0111\u00e3 c\u00f3 k\u1ebf ho\u1ea1ch cho con m\u00ecnh ti\u1ebfp t\u1ee5c theo h\u1ecdc h\u1ec7 th\u1ed1ng gi\u00e1o d\u1ee5c c\u1ee7a Ph\u00e1p trong t\u01b0\u01a1ng lai.<\/li>\n<\/ul>\n<h3>Nh\u1eefng ch\u01b0\u01a1ng tr\u00ecnh ph\u1ee5 \u0111\u1ea1o m\u00e0 tr\u01b0\u1eddng ch\u00fang t\u00f4i \u0111\u1ec1 xu\u1ea5t v\u1edbi qu\u00fd v\u1ecb ?<\/h3>\n<p>V\u00e0o \u0111\u1ea7u n\u0103m h\u1ecdc, con c\u1ee7a qu\u00fd v\u1ecb s\u1ebd \u0111\u01b0\u1ee3c ki\u1ec3m tra tr\u00ecnh \u0111\u1ed9. K\u1ebft qu\u1ea3 c\u1ee7a con s\u1ebd \u0111\u01b0\u1ee3c nghi\u00ean c\u1ee9u \u0111\u1ec3 \u0111\u01b0a ra m\u1ed9t ch\u01b0\u01a1ng tr\u00ecnh ph\u1ee5 \u0111\u1ea1o ph\u00f9 h\u1ee3p v\u1edbi \u01b0u ti\u00ean d\u00e0nh cho vi\u1ec7c h\u1ecdc ti\u1ebfng Ph\u00e1p.<\/p>\n<p>\u0110a ph\u1ea7n s\u1ef1 h\u1ed7 tr\u1ee3 n\u00e0y t\u1eadp trung v\u00e0o h\u1ecdc n\u00f3i, \u0111i\u1ec1u t\u1ed1i c\u1ea7n thi\u1ebft l\u00e0 tr\u1ebb ph\u1ea3i giao ti\u1ebfp \u0111\u01b0\u1ee3c \u0111\u1ec3 c\u00f3 th\u1ec3 theo k\u1ecbp ch\u01b0\u01a1ng tr\u00ecnh h\u1ecdc m\u1ed9t c\u00e1ch t\u1ed1t nh\u1ea5t.<\/p>\n<h3>Nh\u1eefng \u0111i\u1ec3m kh\u00e1c nhau c\u1ee7a c\u00e1c ch\u01b0\u01a1ng tr\u00ecnh ph\u1ee5 \u0111\u1ea1o :<\/h3>\n<p><strong> \u2013 <a href=\"https:\/\/bouleetbilles.net\/vi\/loc-hoc-tieng-phap-fle-flsco\/\" target=\"_blank\" rel=\"noopener\">FLSco<\/a> (Ti\u1ebfng Ph\u00e1p h\u1ecdc \u0111\u01b0\u1eddng) :<\/strong> m\u1ed9t gi\u00e1o vi\u00ean chuy\u00ean m\u00f4n d\u1ea1y ti\u1ebfng Ph\u00e1p h\u1ecdc \u0111\u01b0\u1eddng s\u1ebd ph\u1ee5 tr\u00e1ch m\u1ed9t nh\u00f3m nh\u1ecf c\u00e1c em trong gi\u1edd h\u1ecdc ch\u00ednh (nhi\u1ec1u bu\u1ed5i m\u1ed7i tu\u1ea7n) \u0111\u1ec3 gi\u00fap ph\u00e1t tri\u1ec3n k\u1ef9 n\u0103ng ng\u00f4n ng\u1eef cho c\u00e1c em.<\/p>\n<p><strong>\u2013 <a href=\"https:\/\/bouleetbilles.net\/vi\/loc-hoc-tieng-phap-fle-flsco\/\" target=\"_blank\" rel=\"noopener\">FLE<\/a> (Ti\u1ebfng Ph\u00e1p cho ng\u01b0\u1eddi n\u01b0\u1edbc ngo\u00e0i) :<\/strong> d\u1ea1y n\u1ec1n t\u1ea3ng c\u01a1 b\u1ea3n c\u1ee7a ti\u1ebfng Ph\u00e1p \u0111\u1ec3 c\u00e1c em c\u00f3 th\u1ec3 nghe hi\u1ec3u giao ti\u1ebfp v\u00e0 vi\u1ebft v\u00e0 sau \u0111\u00f3 \u0111\u1ea1t \u0111\u01b0\u1ee3c m\u1ed9t kh\u1ea3 n\u0103ng \u0111\u1ec3 c\u00e1c em t\u1ef1 th\u1ec3 hi\u1ec7n b\u1ea3n th\u00e2n b\u1eb1ng giao ti\u1ebfp v\u00e0 vi\u1ebft. H\u1ecdc sinh s\u1ebd h\u1ecdc ti\u1ebfng Ph\u00e1p v\u1edbi m\u1ed9t gi\u00e1o vi\u00ean chuy\u00ean m\u00f4n FLE b\u00ean ngo\u00e0i l\u1edbp h\u1ecdc ch\u00ednh c\u1ee7a m\u00ecnh.<\/p>\n<ul>\n<li>H\u1ecdc b\u00ean ngo\u00e0i l\u1edbp : c\u00e1c em s\u1ebd h\u1ecdc theo nh\u00f3m trong m\u1ed9t l\u1edbp ri\u00eang \u0111\u1ec3 luy\u1ec7n t\u1eadp c\u00e1c k\u1ef9 n\u0103ng nh\u1eafm t\u1edbi.<\/li>\n<\/ul>\n<p><strong>\u2013 <a href=\"https:\/\/bouleetbilles.net\/vi\/hoat-dong-ngoai-go\/\" target=\"_blank\" rel=\"noopener\">FLE ludique<\/a> (Ti\u1ebfng Ph\u00e1p vui v\u1ebb - ho\u1ea1t \u0111\u1ed9ng ngo\u1ea1i kh\u00f3a)<\/strong> : m\u1ed9t gi\u00e1o vi\u00ean s\u1ebd ph\u1ee5 tr\u00e1ch c\u00e1c ho\u1ea1t \u0111\u1ed9ng v\u1ec1 ng\u00f4n ng\u1eef cho m\u1ed9t nh\u00f3m h\u1ecdc sinh nh\u1ecf.<\/p>\n<p>Ngo\u00e0i c\u00e1c ch\u01b0\u01a1ng tr\u00ecnh ph\u1ee5 \u0111\u1ea1o c\u00f3 t\u00ednh ph\u00ed n\u00eau tr\u00ean, m\u1ed7i m\u1ed9t gi\u00e1o vi\u00ean ch\u1ee7 nhi\u1ec7m l\u1edbp \u0111\u1ec1u c\u00f3 ph\u01b0\u01a1ng ph\u00e1p gi\u1ea3ng d\u1ea1y linh \u0111\u1ed9ng c\u00f3 th\u1ec3 \u0111i\u1ec1u ch\u1ec9nh vi\u1ec7c h\u1ecdc ph\u00f9 h\u1ee3p v\u1edbi nhu c\u1ea7u c\u1ee7a t\u1eebng em.<\/p>\n<p>\u00a0<strong>\u2013 PPRE - D\u1ef1 \u00e1n s\u01b0 ph\u1ea1m \u0111\u1ec3 gi\u00e1o d\u1ee5c th\u00e0nh c\u00f4ng<\/strong> : (v\u1edbi m\u1ed9t ph\u1ea7n ng\u00f4n ng\u1eef) c\u00f3 th\u1ec3 \u0111\u01b0\u1ee3c l\u1eadp ra, d\u1ef1 \u00e1n n\u00e0y s\u1ebd \u0111\u01b0\u1ee3c gi\u1edbi thi\u1ec7u v\u1edbi ph\u1ee5 huynh trong bu\u1ed5i g\u1eb7p v\u1edbi gi\u00e1o vi\u00ean v\u00e0 gi\u00e1m \u0111\u1ed1c.<\/p>\n<p>D\u1ef1 \u00e1n n\u00e0y s\u1ebd ch\u1ec9 ra c\u1ee5 th\u1ec3 c\u00e1c nhu c\u1ea7u v\u00e0 c\u00e1c ch\u01b0\u01a1ng tr\u00ecnh ph\u00f9 h\u1ee3p \u0111\u1ec3 gi\u00fap h\u1ecdc sinh ti\u1ebfn b\u1ed9. Trong \u0111\u00f3 c\u0169ng s\u1ebd \u0111\u1ec1 c\u1eadp \u0111\u1ebfn c\u00e1c khuy\u1ebfn ngh\u1ecb d\u1ef1 ki\u1ebfn \u200b\u200bngo\u00e0i gi\u1edd h\u1ecdc.<\/p>\n<p><strong>\u2013 APC (H\u1ecdc k\u00e8m th\u00eam)<\/strong> : ho\u1ea1t \u0111\u1ed9ng mi\u1ec5n ph\u00ed trong gi\u1edd h\u1ecdc, gi\u00e1o vi\u00ean s\u1ebd xem l\u1ea1i, c\u00f9ng v\u1edbi m\u1ed9t nh\u00f3m h\u1ecdc sinh, c\u00e1c ki\u1ebfn th\u1ee9c c\u1ee5 th\u1ec3 m\u00e0 c\u00e1c em ch\u01b0a n\u1eafm \u0111\u01b0\u1ee3c.<\/p>\n<p><strong>\u2013 T\u1ed5ng k\u1ebft cu\u1ed1i k\u1ef3<\/strong> : cu\u1ed1i m\u1ed7i k\u1ef3, ph\u1ee5 huynh s\u1ebd nh\u1eadn \u0111\u01b0\u1ee3c b\u1ea3n t\u1ed5ng k\u1ebft trong \u0111\u00f3 c\u00f3 ghi r\u00f5 qu\u00e1 tr\u00ecnh ti\u1ebfn b\u1ed9 v\u00e0 c\u00e1c ki\u1ebfn th\u1ee9c m\u00e0 tr\u1ebb em \u0111\u00e3 ti\u1ebfp thu. \u0110\u1ed1i v\u1edbi c\u00e1c em kh\u1ed1i m\u1eabu gi\u00e1o, ph\u1ee5 huynh s\u1ebd \u0111\u01b0\u1ee3c nh\u1eadn b\u1ea3n t\u1ed5ng k\u1ebft 2 l\u1ea7n trong n\u0103m.<\/p>\n<h3>Ph\u1ee5 huynh c\u00f3 th\u1ec3 l\u00e0m g\u00ec \u0111\u1ec3 tr\u1ee3 gi\u00fap cho con m\u00ecnh ?<\/h3>\n<p>\u2013 Th\u1ec3 hi\u1ec7n s\u1ef1 quan t\u00e2m h\u00e0ng ng\u00e0y t\u1edbi vi\u1ec7c h\u1ecdc c\u1ee7a con. Bu\u1ed5i t\u1ed1i, qu\u00fd v\u1ecb h\u00e3y h\u1ecfi con v\u1ec1 nh\u1eefng g\u00ec con \u0111\u00e3 l\u00e0m \u1edf tr\u01b0\u1eddng, con ch\u01a1i v\u1edbi ai, con \u0111\u00e3 \u0103n m\u00f3n g\u00ec\u2026 Sinh ho\u1ea1t \u1edf tr\u01b0\u1eddng c\u1ee7a con l\u00e0 m\u1ed9t kho\u1ea3ng th\u1eddi gian quan tr\u1ecdng trong ng\u00e0y v\u00e0 con n\u00ean chia s\u1ebb v\u1ec1 n\u00f3 v\u1edbi gia \u0111\u00ecnh.<\/p>\n<p>\u2013 Tranh th\u1ee7 m\u1ecdi c\u01a1 h\u1ed9i \u0111\u1ec3 ti\u1ebfp x\u00fac v\u1edbi ti\u1ebfng Ph\u00e1p : ch\u01a1i v\u1edbi c\u00e1c b\u1ea1n n\u00f3i ti\u1ebfng Ph\u00e1p, ch\u01a1i th\u1ec3 thao v\u00e0 s\u1eed d\u1ee5ng ti\u1ebfng Ph\u00e1p, xem phim, nghe k\u1ec3 chuy\u1ec7n, nghe podcasts\u2026<\/p>\n<p>\u2013 \u0110\u0103ng k\u00fd v\u00e0 th\u01b0\u1eddng xuy\u00ean \u0111\u01b0a tr\u1ebb t\u1edbi th\u01b0 vi\u1ec7n IDECAF.<\/p>\n<p>\u2013 Xem s\u1ed5 li\u00ean l\u1ea1c, s\u1ed5 b\u00e0i t\u1eadp v\u1ec1 nh\u00e0, Padlet t\u1ea1o b\u1edfi gi\u00e1o vi\u00ean c\u1ee7a con v\u00e0 \u0111\u1ed3ng th\u1eddi \u0111\u1ec3 \u00fd t\u1edbi d\u1ee5ng c\u1ee5 h\u1ecdc t\u1eadp c\u1ee7a con.<\/p>\n<p>\u2013 Con c\u1ea7n ph\u1ea3i l\u00e0m b\u00e0i t\u1eadp th\u01b0\u1eddng xuy\u00ean v\u00e0 n\u1ebfu c\u00f3 th\u1ec3, ph\u1ee5 huynh h\u00e3y \u0111\u0103ng k\u00fd cho con ho\u1ea1t \u0111\u1ed9ng ngo\u1ea1i kh\u00f3a \u00ab Etude \u00bb (tr\u1ee3 gi\u00fap l\u00e0m b\u00e0i t\u1eadp) \u1edf tr\u01b0\u1eddng ho\u1eb7c \u0111\u0103ng k\u00fd cho tr\u1ebb v\u00e0o c\u00e1c trung t\u00e2m ph\u1ee5 \u0111\u1ea1o nh\u01b0 <i>Hexagone, l\u2019Atelier, Bonjour<\/i> ho\u1eb7c m\u1eddi m\u1ed9t gia s\u01b0 \u0111\u1ec3 h\u1ed7 tr\u1ee3 c\u00e1c con l\u00e0m b\u00e0i t\u1eadp v\u1ec1 nh\u00e0 m\u1ed7i t\u1ed1i.<\/p>\n<p>\u2013 \u00d4n l\u1ea1i ti\u1ebfng Ph\u00e1p t\u1ea1i nh\u00e0 : c\u00e1c con n\u00ean \u0111\u1ecdc s\u00e1ch th\u00e0nh ti\u1ebfng ho\u1eb7c k\u1ec3 l\u1ea1i m\u1ed9t c\u00e2u chuy\u1ec7n cho ph\u1ee5 huynh b\u1eb1ng ti\u1ebfng Ph\u00e1p ngay c\u1ea3 khi qu\u00fd v\u1ecb kh\u00f4ng bi\u1ebft ng\u00f4n ng\u1eef n\u00e0y.<\/p>\n<p>\u2013 Qu\u00fd v\u1ecb c\u0169ng c\u00f3 th\u1ec3 \u0111\u0103ng k\u00fd cho con l\u00e0m c\u00e1c ho\u1ea1t \u0111\u1ed9ng ngo\u1ea1i kh\u00f3a gi\u1ea3i tr\u00ed c\u00f3 s\u1eed d\u1ee5ng ti\u1ebfng Ph\u00e1p ho\u1eb7c ho\u1ea1t \u0111\u1ed9ng Ti\u1ebfng Ph\u00e1p vui v\u1ebb FLE Ludique.<\/p>\n<p>\u0110i\u1ec1u c\u1ea7n thi\u1ebft l\u00e0 ph\u1ea3i coi tr\u1ecdng v\u00e0 quan t\u00e2m t\u1edbi vi\u1ec7c h\u1ecdc ti\u1ebfng Ph\u00e1p c\u1ee7a tr\u1ebb.<\/p>\n<p>\u2013 Qu\u00fd v\u1ecb c\u0169ng c\u00f3 th\u1ec3 b\u1eaft \u0111\u1ea7u h\u1ecdc ti\u1ebfng Ph\u00e1p b\u1eb1ng c\u00e1ch \u0111\u0103ng k\u00fd c\u00e1c kh\u00f3a h\u1ecdc d\u00e0nh cho ng\u01b0\u1eddi l\u1edbn \u1edf IDECAF. H\u1ecdc ti\u1ebfng Ph\u00e1p c\u00f3 th\u1ec3 \u0111\u01b0\u1ee3c coi nh\u01b0 m\u1ed9t d\u1ef1 \u00e1n h\u1ecdc th\u00eam ng\u00f4n ng\u1eef m\u1edbi c\u1ee7a c\u1ea3 gia \u0111\u00ecnh.<\/p>\n<p>\u2013 <a href=\"mailto:ape.bouleetbilles@gmail.com\" target=\"_blank\" rel=\"noopener\">Li\u00ean h\u1ec7 v\u1edbi H\u1ed9i ph\u1ee5 huynh h\u1ecdc sinh c\u1ee7a tr\u01b0\u1eddng<\/a>\u00a0(s\u1eed d\u1ee5ng ti\u1ebfng Ph\u00e1p, ti\u1ebfng Anh v\u00e0 ti\u1ebfng Vi\u1ec7t). H\u1ed9i ph\u1ee5 huynh c\u00f3 th\u1ec3 k\u1ebft n\u1ed1i qu\u00fd v\u1ecb v\u1edbi nh\u1eefng ph\u1ee5 huynh kh\u00e1c c\u00f3 c\u00f9ng m\u1ed9t m\u1ed1i quan t\u00e2m v\u1edbi qu\u00fd v\u1ecb.<\/p>\n<p><strong>C\u00e1m \u01a1n qu\u00fd ph\u1ee5 huynh \u0111\u00e3 l\u1ef1a ch\u1ecdn tr\u01b0\u1eddng Boule &amp; Billes.<\/strong><\/p>\n<\/div><\/div><div class=\"et_pb_tab_1 et_pb_tab clearfix et_pb_module et_block_module\"><div class=\"et_pb_tab_content\"><p>Truy c\u1eadp v\u00e0o trang d\u00e0nh ri\u00eang cho c\u00e1c gi\u1ea3i th\u00edch \u0111\u1ea7y \u0111\u1ee7 v\u1ec1 <a href=\"https:\/\/bouleetbilles.net\/vi\/loc-hoc-tieng-phap-fle-flsco\/\" target=\"_blank\" rel=\"noopener\">c\u00e1c kh\u00f3a h\u1ecdc ti\u1ebfng Ph\u00e1p (FLE\/FLSCO).<\/a><\/p>\n<\/div><\/div><\/div><\/div><\/div><\/div><\/div>","protected":false},"excerpt":{"rendered":"<p>S\u1ed5 tay ch\u00e0o \u0111\u00f3n d\u00e0nh cho ph\u1ee5 huynh n\u01b0\u1edbc ngo\u00e0i. B\u1ea1n \u0111\u00e3 ch\u1ecdn m\u1ed9t tr\u01b0\u1eddng h\u1ecdc Ph\u00e1p cho con c\u1ee7a m\u00ecnh.<\/p>\n","protected":false},"author":110,"featured_media":7318,"parent":0,"menu_order":0,"comment_status":"closed","ping_status":"closed","template":"","meta":{"_seopress_robots_primary_cat":"","_seopress_titles_title":"","_seopress_titles_desc":"","_seopress_robots_index":"","footnotes":""},"class_list":["post-7339","page","type-page","status-publish","has-post-thumbnail","hentry"],"_links":{"self":[{"href":"https:\/\/bouleetbilles.net\/vi\/wp-json\/wp\/v2\/pages\/7339","targetHints":{"allow":["GET"]}}],"collection":[{"href":"https:\/\/bouleetbilles.net\/vi\/wp-json\/wp\/v2\/pages"}],"about":[{"href":"https:\/\/bouleetbilles.net\/vi\/wp-json\/wp\/v2\/types\/page"}],"author":[{"embeddable":true,"href":"https:\/\/bouleetbilles.net\/vi\/wp-json\/wp\/v2\/users\/110"}],"replies":[{"embeddable":true,"href":"https:\/\/bouleetbilles.net\/vi\/wp-json\/wp\/v2\/comments?post=7339"}],"version-history":[{"count":15,"href":"https:\/\/bouleetbilles.net\/vi\/wp-json\/wp\/v2\/pages\/7339\/revisions"}],"predecessor-version":[{"id":9628,"href":"https:\/\/bouleetbilles.net\/vi\/wp-json\/wp\/v2\/pages\/7339\/revisions\/9628"}],"wp:featuredmedia":[{"embeddable":true,"href":"https:\/\/bouleetbilles.net\/vi\/wp-json\/wp\/v2\/media\/7318"}],"wp:attachment":[{"href":"https:\/\/bouleetbilles.net\/vi\/wp-json\/wp\/v2\/media?parent=7339"}],"curies":[{"name":"wp","href":"https:\/\/api.w.org\/{rel}","templated":true}]}}