{"id":6130,"date":"2017-08-09T09:08:05","date_gmt":"2017-08-09T02:08:05","guid":{"rendered":"https:\/\/bouleetbilles.net\/dich-vu-van-chuyen\/"},"modified":"2026-03-24T09:10:22","modified_gmt":"2026-03-24T02:10:22","slug":"dich-vu-dua-don","status":"publish","type":"page","link":"https:\/\/bouleetbilles.net\/vi\/dich-vu-dua-don\/","title":{"rendered":"D\u1ecbch v\u1ee5 \u0111\u01b0a \u0111\u00f3n"},"content":{"rendered":"<div class=\"et_pb_section_0 et_pb_section et_pb_fullwidth_section et_section_regular et_block_section\"><section class=\"et_pb_fullwidth_header_0 et_pb_fullwidth_header et_pb_bg_layout_dark et_pb_text_align_center et_pb_module et_flex_module\"><div class=\"et_pb_fullwidth_header_container center\"><div class=\"header-content-container center\"><div class=\"header-content et_flex_module\"><h1 class=\"et_pb_module_header\">D\u1ecaCH V\u1ee4 \u0110\u01afA \u0110\u00d3N<\/h1><span class=\"et_pb_fullwidth_header_subhead\">D\u1ecbch v\u1ee5 h\u00e0ng ng\u00e0y cho h\u01a1n 120 h\u1ecdc sinh t\u1ea1i hai c\u01a1 s\u1edf tr\u01b0\u1eddng Boule v\u00e0 Billes.<\/span><div class=\"et_pb_header_button_wrapper\"><a class=\"et_pb_button et_pb_more_button et_pb_button_one\" href=\"https:\/\/bouleetbilles.net\/vi\/bieu-gia\/#dt-tabs|2\">Bi\u1ec3u gi\u00e1<\/a><a class=\"et_pb_button et_pb_more_button et_pb_button_two\" href=\"https:\/\/bouleetbilles.net\/contactez-nous\/\">Li\u00ean H\u1ec7<\/a><\/div><\/div><\/div><\/div><div class=\"et_pb_fullwidth_header_overlay\"><\/div><div class=\"et_pb_fullwidth_header_scroll\"><\/div><\/section><\/div><div class=\"et_pb_section_1 et_pb_section et_section_regular et_block_section\"><div class=\"et_pb_row_0 et_pb_row et_block_row\"><div class=\"et_pb_column_0 et_pb_column et_pb_column_4_4 et-last-child et_block_column et_pb_css_mix_blend_mode_passthrough\"><div class=\"et_pb_tabs_0 et_pb_tabs et_pb_module\" id=\"dt-tabs\"><ul class=\"et_pb_tabs_controls clearfix\"><li class=\"et_pb_tab_nav_item_0 et_pb_tab_nav_item et_pb_tab_0 et_pb_tab_active\"><a class=\"et_pb_tab_nav_item_link\" href=\"#\">Gi\u1edbi thi\u1ec7u<\/a><\/li><li class=\"et_pb_tab_nav_item_1 et_pb_tab_nav_item et_pb_tab_1\"><a class=\"et_pb_tab_nav_item_link\" href=\"#\">Th\u1eddi kh\u00f3a bi\u1ec3u<\/a><\/li><li class=\"et_pb_tab_nav_item_2 et_pb_tab_nav_item et_pb_tab_2\"><a class=\"et_pb_tab_nav_item_link\" href=\"#\">D\u1ef1 \u00e1n gi\u00e1o d\u1ee5c<\/a><\/li><li class=\"et_pb_tab_nav_item_3 et_pb_tab_nav_item et_pb_tab_3\"><a class=\"et_pb_tab_nav_item_link\" href=\"#\">Ch\u00ednh s\u00e1ch ng\u00f4n ng\u1eef<\/a><\/li><li class=\"et_pb_tab_nav_item_4 et_pb_tab_nav_item et_pb_tab_4\"><a class=\"et_pb_tab_nav_item_link\" href=\"#\">C\u00e2u h\u1ecfi th\u01b0\u1eddng g\u1eb7p<\/a><\/li><\/ul><div class=\"et_pb_all_tabs\"><div class=\"et_pb_tab_0 et_pb_tab clearfix et_pb_active_content et_pb_module et_block_module\"><div class=\"et_pb_tab_content\"><p>M\u1ed7i ng\u00e0y, h\u01a1n 120 tr\u1ebb em \u0111\u01b0\u1ee3c h\u01b0\u1edfng d\u1ecbch v\u1ee5 v\u1eadn chuy\u1ec3n c\u1ee7a c\u00e1c tr\u01b0\u1eddng Boule &amp; Billes.<\/p>\n<p>D\u1ecbch v\u1ee5 n\u00e0y \u0111\u00e3 \u0111\u01b0\u1ee3c \u0111i\u1ec1u ch\u1ec9nh \u0111\u1ec3 \u0111\u00e1p \u1ee9ng nhu c\u1ea7u c\u1ee7a b\u1ea1n t\u1eeb khi tr\u01b0\u1eddng \u0111\u01b0\u1ee3c th\u00e0nh l\u1eadp v\u00e0o th\u00e1ng 11 n\u0103m 2004.<\/p>\n<p>Ch\u00fang t\u00f4i c\u00f3 5 xe bu\u00fdt, m\u1ed7i xe c\u00f3 16 ch\u1ed7 ng\u1ed3i.<\/p>\n<p>Ngo\u00e0i ra, ch\u00fang t\u00f4i \u0111\u00e3 h\u1ee3p t\u00e1c trong nhi\u1ec1u n\u0103m v\u1edbi 2 c\u00f4ng ty taxi (Mailinh v\u00e0 Vinasun) \u0111\u1ec3 \u0111\u1ea3m b\u1ea3o d\u1ecbch v\u1ee5 xe bu\u00fdt \u0111\u01b0a \u0111\u00f3n \u1edf c\u00e1c khu v\u1ef1c c\u00f3 \u00edt tr\u1ebb em.<\/p>\n<p>D\u1ecbch v\u1ee5 \u0111\u01b0\u1ee3c \u0111i\u1ec1u ph\u1ed1i b\u1edfi ng\u01b0\u1eddi ph\u1ee5 tr\u00e1ch c\u1ee7a ch\u00fang t\u00f4i, Madeleine NGUY\u1ec4N, ng\u01b0\u1eddi s\u1ebd giao ti\u1ebfp v\u1edbi b\u1ea1n b\u1eb1ng ti\u1ebfng Ph\u00e1p, ti\u1ebfng Anh v\u00e0 ti\u1ebfng Vi\u1ec7t.<\/p>\n<p>Hai l\u1ef1a ch\u1ecdn \u0111\u01b0\u1ee3c cung c\u1ea5p cho c\u00e1c gia \u0111\u00ecnh: L\u1ed8 TR\u00ccNH XE BU\u00ddT - \u0110\u00d3N T\u1ea0I NH\u00c0.<\/p>\n<p>M\u1ed7i xe bu\u00fdt c\u00f3 m\u1ed9t ng\u01b0\u1eddi \u0111i k\u00e8m t\u1eeb tr\u01b0\u1eddng.<\/p>\n<p>Nh\u1eefng ng\u01b0\u1eddi \u0111i k\u00e8m d\u1ec5 d\u00e0ng nh\u1eadn di\u1ec7n qua \u00e1o polo c\u1ee7a Boule &amp; Billes.<\/p>\n<p>Nh\u00f3m v\u1eadn chuy\u1ec3n bao g\u1ed3m 24 ng\u01b0\u1eddi (nh\u00e2n vi\u00ean \u0111i k\u00e8m, t\u00e0i x\u1ebf, ng\u01b0\u1eddi qu\u1ea3n l\u00fd v\u00e0 \u0111i\u1ec1u ph\u1ed1i vi\u00ean).<\/p>\n<p>Quy \u0111\u1ecbnh v\u1ec1 v\u1eadn chuy\u1ec3n \u0111\u01b0\u1ee3c th\u00f4ng b\u00e1o cho c\u00e1c gia \u0111\u00ecnh khi \u0111\u0103ng k\u00fd d\u1ecbch v\u1ee5 v\u1eadn chuy\u1ec3n m\u1edf v\u00e0 c\u00f3 th\u1ec3 tham kh\u1ea3o tr\u00ean c\u1ed5ng th\u00f4ng tin \u0111\u1eb7c bi\u1ec7t d\u00e0nh cho ph\u1ee5 huynh c\u1ee7a ch\u00fang t\u00f4i (<a href=\"https:\/\/portal.bouleetbilles.net\/\">li\u00ean k\u1ebft<\/a>).<\/p>\n<p><strong>L\u1ed8 TR\u00ccNH XE BU\u00ddT<\/strong><\/p>\n<p>D\u01b0\u1edbi \u0111\u00e2y l\u00e0 c\u00e1c \u0111i\u1ec3m \u0111\u00f3n tr\u00ean b\u1ea3n \u0111\u1ed3:<\/p>\n<ul>\n<li><a href=\"https:\/\/www.google.com\/maps\/d\/viewer?mid=1MDRI6X-zne1y3PzXmfqaW4WoE4eHRig&amp;usp=sharing\" target=\"_blank\" rel=\"noopener\">\u0110i\u1ec3m \u0111\u00f3n (l\u1ed9 tr\u00ecnh) - Ph\u00fa M\u1ef9 H\u01b0ng D7<\/a><\/li>\n<li><a href=\"https:\/\/www.google.com\/maps\/d\/viewer?mid=1wnvqLfR_JJ2KBU17gFXhcbj4wIsxGYk&amp;usp=sharing\" target=\"_blank\" rel=\"noopener\">\u0110i\u1ec3m \u0111\u00f3n (l\u1ed9 tr\u00ecnh) - Tr\u01b0\u1eddng Th\u1ea3o \u0110i\u1ec1n<\/a><\/li>\n<li><a href=\"https:\/\/www.google.com\/maps\/d\/viewer?mid=1Hfx0WU3iEM_-LFreAbhjy3xfQlhA9uY&amp;usp=sharing\" target=\"_blank\" rel=\"noopener\">\u0110i\u1ec3m \u0111\u00f3n (l\u1ed9 tr\u00ecnh) - Tr\u01b0\u1eddng B\u00ecnh Th\u1ea1nh<\/a><\/li>\n<\/ul>\n<p><strong>\u0110\u00d3N T\u1ea0I NH\u00c0<\/strong><\/p>\n<p>D\u01b0\u1edbi \u0111\u00e2y l\u00e0 chi ti\u1ebft c\u00e1c khu v\u1ef1c \u0111\u00f3n t\u1ea1i nh\u00e0:<\/p>\n<p><img decoding=\"async\" class=\"wp-image-5550 aligncenter size-full\" src=\"https:\/\/bouleetbilles.net\/wp-content\/uploads\/2024\/07\/8-TARIF-PAR-TRAJET-GIA-CHO-1-LUOT-TARIFF-FOR-A-TRIP-HCMC-School-French-Boule-et-Billes.png\" alt=\"8 - TARIF PAR TRAJET : GIA\u0301 CHO 1 LU\u031bO\u031b\u0323T : TARIFF FOR A TRIP HCMC School French Boule et Billes\" width=\"726\" height=\"531\" srcset=\"https:\/\/bouleetbilles.net\/wp-content\/uploads\/2024\/07\/8-TARIF-PAR-TRAJET-GIA-CHO-1-LUOT-TARIFF-FOR-A-TRIP-HCMC-School-French-Boule-et-Billes.png 726w, https:\/\/bouleetbilles.net\/wp-content\/uploads\/2024\/07\/8-TARIF-PAR-TRAJET-GIA-CHO-1-LUOT-TARIFF-FOR-A-TRIP-HCMC-School-French-Boule-et-Billes-480x351.png 480w\" sizes=\"(min-width: 0px) and (max-width: 480px) 480px, (min-width: 481px) 726px, 100vw\" \/><\/p>\n<p>M\u1ecdi th\u00f4ng tin chi ti\u1ebft, vui l\u00f2ng li\u00ean h\u1ec7 v\u1edbi ng\u01b0\u1eddi ph\u1ee5 tr\u00e1ch V\u1eadn chuy\u1ec3n:<\/p>\n<p>Madeleine NGUY\u1ec4N: transport.duadon@bouleetbilles.net<\/p>\n<\/div><\/div><div class=\"et_pb_tab_1 et_pb_tab clearfix et_pb_module et_block_module\"><div class=\"et_pb_tab_content\"><h2><span style=\"font-weight: 400;\">Xe \u0111\u01b0a \u0111\u00f3n bu\u1ed5i s\u00e1ng<\/span><\/h2>\n<p>Kh\u1edfi h\u00e0nh t\u00f9y n\u01a1i \u1edf t\u1eeb 6h45 \u0111\u1ebfn 7h55.<\/p>\n<h2><span style=\"font-weight: 400;\">Xe \u0111\u01b0a \u0111\u00f3n bu\u1ed5i tr\u01b0a (Nh\u00e0 tr\u1ebb - Th\u1ee9 T\u01b0)<\/span><\/h2>\n<p>R\u1eddi tr\u01b0\u1eddng l\u00fac 12h tr\u01b0a.<\/p>\n<h2><span style=\"font-weight: 400;\">Xe \u0111\u01b0a \u0111\u00f3n bu\u1ed5i chi\u1ec1u :<\/span><\/h2>\n<p>Kh\u1edfi h\u00e0nh\u00a0 l\u00fac 15h05<br \/>Kh\u1edfi h\u00e0nh l\u00fac 16h25<\/p>\n<p>\u0110\u1ebfn nh\u00e0 t\u00f9y thu\u1ed9c v\u00e0o v\u1ecb tr\u00ed, giao th\u00f4ng v\u00e0 th\u1eddi ti\u1ebft!<\/p>\n<\/div><\/div><div class=\"et_pb_tab_2 et_pb_tab clearfix et_pb_module et_block_module\"><div class=\"et_pb_tab_content\"><p>M\u1ee5c ti\u00eau c\u1ee7a d\u1ecbch v\u1ee5 \u0111\u01b0a \u0111\u00f3n l\u00e0:<\/p>\n<p>\u0110\u1ec3 \u0111\u1ea3m b\u1ea3o an to\u00e0n cho m\u1ecdi ng\u01b0\u1eddi<br \/>Vi\u1ec7c th\u1eaft d\u00e2y an to\u00e0n l\u00e0 b\u1eaft bu\u1ed9c.<br \/>Gh\u1ebf ng\u1ed3i \u00f4 t\u00f4 theo ti\u00eau ch\u00ed c\u1ee7a ch\u00fang t\u00f4i.<br \/>\u0110\u00e0o t\u1ea1o \u0111\u1ed9i ng\u0169: s\u01a1 c\u1ee9u (1 l\u1ea7n\/n\u0103m), l\u1eafp \u0111\u1eb7t thi\u1ebft b\u1ecb v\u00e0 an to\u00e0n giao th\u00f4ng (2 l\u1ea7n\/n\u0103m)<\/p>\n<p>B\u1ea3o hi\u1ec3m xe v\u00e0 h\u00e0nh kh\u00e1ch<\/p>\n<p>Linh ho\u1ea1t:<br \/>C\u00f3 kh\u1ea3 n\u0103ng \u0111\u1ec3 \u0111i\u1ec1u ch\u1ec9nh trong m\u1ee9c \u0111\u1ed9 c\u00f3 th\u1ec3 theo y\u00eau c\u1ea7u c\u1ee7a ph\u1ee5 huynh.<br \/>Xe nh\u1ecf<br \/>T\u00f9y theo d\u1ecbch v\u1ee5 m\u00e0 c\u00f3 m\u1ee9c ph\u00ed kh\u00e1c nhau.<br \/>VIP: \u0110\u00f3n v\u00e0 tr\u1ea3 t\u1eadn nh\u00e0.<br \/>Tu\u00e2n theo l\u1ecbch tr\u00ecnh<br \/>Giao ti\u1ebfp nhanh ch\u00f3ng. Ph\u1ed5 bi\u1ebfn th\u00f4ng tin (Ph\u1ee5 huynh-Ph\u1ee5 tr\u00e1ch-Nh\u00e2n vi\u00ean \u0111\u01b0a \u0111\u00f3n \/ Ph\u1ee5 huynh-Nh\u00e2n vi\u00ean \u0111\u01b0a \u0111\u00f3n-Ph\u1ee5 tr\u00e1ch \/ Ph\u1ee5 huynh-Ph\u1ee5 tr\u00e1ch)<br \/>Nh\u00e2n vi\u00ean chu \u0111\u00e1o, t\u01b0\u01a1i c\u01b0\u1eddi, s\u1eb5n s\u00e0ng.<br \/>S\u1ef1 vui v\u1ebb c\u1ee7a tr\u1ebb.<br \/>Th\u1ef1c hi\u1ec7n c\u00e1c quy \u0111\u1ecbnh.<\/p>\n<\/div><\/div><div class=\"et_pb_tab_3 et_pb_tab clearfix et_pb_module et_block_module\"><div class=\"et_pb_tab_content\"><p>\u0110\u1ea1i \u0111a s\u1ed1 nh\u00e2n vi\u00ean ch\u1ec9 n\u00f3i \u0111\u01b0\u1ee3c ti\u1ebfng Vi\u1ec7t. (T\u00e0i x\u1ebf - Nh\u00e2n vi\u00ean \u0111\u01b0a \u0111\u00f3n)<\/p>\n<p>Tuy nhi\u00ean, m\u1ed9t s\u1ed1 nh\u00e2n vi\u00ean c\u00f3 th\u1ec3 n\u00f3i b\u1eb1ng ti\u1ebfng Ph\u00e1p ho\u1eb7c ti\u1ebfng Anh.<\/p>\n<p>Giao ti\u1ebfp chung c\u1ee7a ch\u00fang t\u00f4i \u0111\u01b0\u1ee3c th\u1ef1c hi\u1ec7n b\u1eb1ng 3 ng\u00f4n ng\u1eef th\u00f4ng qua ng\u01b0\u1eddi qu\u1ea3n l\u00fd v\u00e0 \u0111i\u1ec1u ph\u1ed1i vi\u00ean.<\/p>\n<p>Nh\u00e2n vi\u00ean \u0111\u01b0a \u0111\u00f3n c\u1ee7a ch\u00fang t\u00f4i c\u00f3 kh\u1ea3 n\u0103ng li\u00ean l\u1ea1c v\u1edbi ph\u1ee5 huynh qua SMS b\u1eb1ng 3 ng\u00f4n ng\u1eef \u0111\u1ec3 th\u00f4ng b\u00e1o v\u1ec1 s\u1ef1 ch\u1eadm tr\u1ec5 ho\u1eb7c tin c\u1ea7n thi\u1ebft kh\u00e1c.<\/p>\n<\/div><\/div><div class=\"et_pb_tab_4 et_pb_tab clearfix et_pb_module et_block_module\"><div class=\"et_pb_tab_content\"><ul>\n<li><strong>Tr\u1ebb b\u1ecb say xe.<\/strong><\/li>\n<\/ul>\n<p>Th\u00f4ng b\u00e1o cho ng\u01b0\u1eddi ph\u1ee5 tr\u00e1ch v\u00e0 nh\u00e2n vi\u00ean \u0111\u01b0a \u0111\u00f3n.<\/p>\n<p>Tr\u1ebb s\u1ebd \u0111\u01b0\u1ee3c ng\u1ed3i \u1edf h\u00e0ng gh\u1ebf \u0111\u1ea7u.<\/p>\n<p>Trong tr\u01b0\u1eddng h\u1ee3p x\u1ea3y ra s\u1ef1 c\u1ed1, tr\u1ebb s\u1ebd \u0111\u01b0\u1ee3c v\u1ec7 sinh v\u00e0 thay qu\u1ea7n \u00e1o \u0111\u1ec3 tho\u1ea3i m\u00e1i vui ch\u01a1i c\u1ea3 ng\u00e0y.<\/p>\n<ul>\n<li><strong>Ch\u1ec9 thanh to\u00e1n theo qu\u00fd hay c\u00f3 th\u1ec3 thanh to\u00e1n b\u1eb1ng v\u00e9?<\/strong><\/li>\n<\/ul>\n<p>D\u1ecbch v\u1ee5 \u0111\u01b0a \u0111\u00f3n ho\u1ea1t \u0111\u1ed9ng theo qu\u00fd ho\u1eb7c theo n\u0103m (Thanh to\u00e1n c\u1ed1 \u0111\u1ecbnh).<\/p>\n<p>Tuy nhi\u00ean c\u00f3 th\u1ec3 thanh to\u00e1n b\u1eb1ng v\u00e9 (Th\u1ec9nh tho\u1ea3ng) t\u00f9y theo s\u1ed1 l\u01b0\u1ee3ng ch\u1ed7 c\u00f2n tr\u1ed1ng v\u00e0 \u0111\u1ecba \u0111i\u1ec3m \u0111\u00f3n tr\u1ea3 tr\u1ebb.<\/p>\n<ul>\n<li><strong>Tr\u1ebb c\u00f3 th\u1ec3 th\u1ec9nh tho\u1ea3ng \u0111i xe \u0111\u01b0a \u0111\u00f3n \u0111\u01b0\u1ee3c kh\u00f4ng?<\/strong><\/li>\n<\/ul>\n<p>C\u00f3 t\u00f9y thu\u1ed9c v\u00e0o s\u1ed1 l\u01b0\u1ee3ng ch\u1ed7 c\u00f3 s\u1eb5n. Thanh to\u00e1n b\u1eb1ng v\u00e9.<\/p>\n<ul>\n<li><strong>C\u00f3 d\u00e2y an to\u00e0n tr\u00ean \u00f4 t\u00f4 kh\u00f4ng?<\/strong><\/li>\n<\/ul>\n<p>T\u1ea5t c\u1ea3 xe bu\u00fdt \u0111\u1ec1u c\u00f3 d\u00e2y an to\u00e0n c\u0169ng nh\u01b0 taxi.<\/p>\n<p>Khi d\u00e2y \u0111ai tr\u00ean xe taxi \u1edf d\u01b0\u1edbi gh\u1ebf ch\u00fang t\u00f4i y\u00eau c\u1ea7u t\u00e0i x\u1ebf th\u00e1o ra. Trong tr\u01b0\u1eddng h\u1ee3p t\u1eeb ch\u1ed1i ch\u00fang t\u00f4i \u0111\u1ed5i taxi.<\/p>\n<ul>\n<li><strong>T\u00e0i x\u1ebf taxi c\u00f3 gi\u1ed1ng nhau kh\u00f4ng?<\/strong><\/li>\n<\/ul>\n<p>Kh\u00f4ng, nh\u01b0ng ch\u00fang t\u00f4i c\u1ed1 g\u1eafng gi\u1eef li\u00ean l\u1ea1c v\u1edbi h\u1ecd.<\/p>\n<ul>\n<li><strong>C\u00e1c \u0111i\u1ec1u ki\u1ec7n an to\u00e0n cho tr\u1ebb 12 th\u00e1ng tu\u1ed5i l\u00e0 g\u00ec?<\/strong><\/li>\n<\/ul>\n<p>Tham kh\u1ea3o c\u00e1c quy \u0111\u1ecbnh v\u1eadn chuy\u1ec3n. \u0110i\u1ec3m 12 Ch\u00ednh s\u00e1ch th\u1eaft d\u00e2y an to\u00e0n v\u00e0 s\u1eed d\u1ee5ng gh\u1ebf ng\u1ed3i \u00f4 t\u00f4 trong quy \u0111\u1ecbnh v\u1eadn t\u1ea3i.<\/p>\n<ul>\n<li><strong>Tr\u1ebb c\u00f3 \u1edf m\u1ed9t m\u00ecnh v\u1edbi ng\u01b0\u1eddi l\u00e1i xe kh\u00f4ng?<\/strong><\/li>\n<\/ul>\n<p>Kh\u00f4ng, lu\u00f4n c\u00f3 nh\u00e2n vi\u00ean \u0111\u01b0a \u0111\u00f3n c\u1ee7a tr\u01b0\u1eddng.<\/p>\n<ul>\n<li><strong>Tr\u1ebb c\u00f3 \u0111\u01b0\u1ee3c nh\u00e2n vi\u00ean \u0111\u01b0a \u0111\u00f3n b\u1ebf kh\u00f4ng, tr\u1ebb quen r\u1ed3i.<\/strong><\/li>\n<\/ul>\n<p>Kh\u00f4ng, \u0111i\u1ec1u n\u00e0y tr\u00e1i v\u1edbi quy \u0111\u1ecbnh c\u1ee7a ch\u00fang t\u00f4i.<\/p>\n<ul>\n<li><strong>B\u1ea1n l\u00e0m g\u00ec khi tr\u1ebb kh\u00f3c?<\/strong><\/li>\n<\/ul>\n<p>C\u00f4ng vi\u1ec7c c\u1ee7a ng\u01b0\u1eddi ch\u0103m s\u00f3c l\u00e0 \u0111\u1ea3m b\u1ea3o s\u1ee9c kh\u1ecfe cho tr\u1ebb ngay c\u1ea3 khi \u0111\u00f4i khi r\u1ea5t kh\u00f3 \u0111\u1ec3 an \u1ee7i tr\u1ebb.<\/p>\n<ul>\n<li><strong>C\u00f3 th\u1eddi gian th\u00edch \u1ee9ng cho tr\u1ebb tr\u00ean xe bu\u00fdt kh\u00f4ng?<\/strong><\/li>\n<\/ul>\n<p>N\u00ean b\u1eaft \u0111\u1ea7u b\u1eb1ng chuy\u1ebfn \u0111\u01b0a v\u1ec1 tr\u01b0\u1edbc<\/p>\n<ul>\n<li><strong>C\u00f3 ph\u1ea3i tr\u1ebb lu\u00f4n lu\u00f4n \u0111i c\u00f9ng c\u00f9ng m\u1ed9t nh\u00e2n vi\u00ean \u0111\u01b0a \u0111\u00f3n ?<\/strong><\/li>\n<\/ul>\n<p>N\u1ebfu kh\u00f4ng thay \u0111\u1ed5i xe \u0111\u01b0a \u0111\u00f3n (chuy\u1ebfn xe - th\u1eddi gian- v\u1eafng m\u1eb7t): C\u00f3.<\/p>\n<ul>\n<li><strong>Tr\u1ebb c\u00f3 th\u1ec3 \u0103n s\u00e1ng\/\u0103n nh\u1eb9 tr\u00ean xe \u0111\u01b0a \u0111\u00f3n kh\u00f4ng?<\/strong><\/li>\n<\/ul>\n<p>KH\u00d4NG.<\/p>\n<p>B\u1eefa s\u00e1ng ho\u1eb7c b\u1eefa \u0103n nh\u1eb9 n\u00ean \u0111\u01b0\u1ee3c th\u1ef1c hi\u1ec7n \u1edf nh\u00e0.<\/p>\n<ul>\n<li><strong>N\u1ebfu xe bu\u00fdt \u0111\u1ebfn n\u01a1i nh\u01b0ng kh\u00f4ng c\u00f3 ng\u01b0\u1eddi \u0111\u00f3n th\u00ec sao?<\/strong><\/li>\n<\/ul>\n<p>Xem \u0111i\u1ec3m 8 v\u1eafng m\u1eb7t v\u00e0 n\u1ed9p mu\u1ed9n.<\/p>\n<ul>\n<li><strong>Xe bu\u00fdt c\u00f3 th\u1ec3 \u0111\u1ee3i ch\u00fang t\u00f4i \u0111\u01b0\u1ee3c kh\u00f4ng?<\/strong><\/li>\n<\/ul>\n<p>Xem \u0111i\u1ec3m 8 c\u1ee7a quy \u0111\u1ecbnh<\/p>\n<ul>\n<li><strong>L\u00e0m sao \u0111\u1ec3 bi\u1ebft xe bu\u00fdt \u0111\u1ebfn mu\u1ed9n hay s\u1edbm?<\/strong><\/li>\n<\/ul>\n<p>Theo quy tr\u00ecnh c\u1ee7a ch\u00fang t\u00f4i, ng\u01b0\u1eddi h\u1ed9 t\u1ed1ng ph\u1ea3i g\u1eedi tin nh\u1eafn \u0111\u1ec3 th\u00f4ng b\u00e1o<\/p>\n<ul>\n<li><strong>D\u1ecbch v\u1ee5 \u0111\u01b0a \u0111\u00f3n c\u00f3 ho\u1ea1t \u0111\u1ed9ng trong th\u1eddi gian \u1edf trung t\u00e2m gi\u1ea3i tr\u00ed kh\u00f4ng?<\/strong><\/li>\n<\/ul>\n<p>C\u00f3, v\u1edbi s\u1ef1 \u0111i\u1ec1u ch\u1ec9nh l\u1ecbch tr\u00ecnh.<\/p>\n<\/div><\/div><\/div><\/div><\/div><\/div><\/div><div class=\"et_pb_section_2 et_pb_section et_section_regular et_block_section\"><div class=\"et_pb_row_1 et_pb_row et_block_row\"><div class=\"et_pb_column_1 et_pb_column et_pb_column_4_4 et-last-child et_block_column et_pb_css_mix_blend_mode_passthrough\"><div class=\"et_pb_module et_pb_button_module_wrapper et_pb_button_0_wrapper preset--module--divi-button--8184cb9b-42f7-4818-81ef-c140a1978c04_wrapper\"><a class=\"et_pb_button_0 et_pb_button et_pb_bg_layout_light et_pb_module et_block_module preset--module--divi-button--8184cb9b-42f7-4818-81ef-c140a1978c04\" href=\"https:\/\/bouleetbilles.net\/tarifs\/\" target=\"_blank\" data-icon=\"E\">Xem t\u1ea5t c\u1ea3 bi\u1ec3u gi\u00e1<\/a><\/div><div class=\"et_pb_cta_0 et_pb_promo et_pb_bg_layout_dark et_pb_module et_block_module\"><div class=\"et_pb_promo_description\"><h2 class=\"et_pb_module_header\">\u0111\u1eb7t l\u1ecbch h\u1eb9n tr\u1ef1c ti\u1ebfp<\/h2><div class=\"et_pb_promo_content\"><p>\u0110\u1ed9i ng\u0169 c\u1ee7a ch\u00fang t\u00f4i s\u1eb5n s\u00e0ng linh ho\u1ea1t theo s\u1edf th\u00edch c\u1ee7a b\u1ea1n \u0111\u1ec3 h\u01b0\u1edbng d\u1eabn tham quan c\u00e1c khu\u00f4n vi\u00ean tr\u01b0\u1eddng. N\u1ebfu b\u1ea1n mu\u1ed1n g\u1eb7p g\u1ee1 ch\u00fang t\u00f4i v\u00e0 \u0111\u1eb7t l\u1ecbch tham quan c\u00f3 h\u01b0\u1edbng d\u1eabn t\u1ea1i Th\u1ea3o \u0110i\u1ec1n ho\u1eb7c B\u00ecnh Th\u1ea1nh, vui l\u00f2ng truy c\u1eadp v\u00e0o m\u1eabu \u0111\u01a1n y\u00eau c\u1ea7u tham quan tr\u1ef1c tuy\u1ebfn:<\/p>\n<\/div><\/div><div class=\"et_pb_button_wrapper\"><a class=\"et_pb_button et_pb_promo_button\" target=\"_blank\" href=\"https:\/\/bouleetbilles.net\/contactez-nous\/\" data-icon=\"\uf073\" rel=\"noreferrer\">Truy c\u1eadp v\u00e0o m\u1eabu \u0111\u01a1n<\/a><\/div><\/div><\/div><\/div><\/div>","protected":false},"excerpt":{"rendered":"<p>D\u1ecaCH V\u1ee4 \u0110\u01afA \u0110\u00d3N<br \/>\nD\u1ecbch v\u1ee5 h\u00e0ng ng\u00e0y cho h\u01a1n 120 h\u1ecdc sinh t\u1ea1i hai c\u01a1 s\u1edf tr\u01b0\u1eddng Boule v\u00e0 Billes.<br \/>\nTham kh\u1ea3o gi\u00e1 c\u1ea3. Th\u0103m tr\u01b0\u1eddng c\u1ee7a ch\u00fang t\u00f4i<\/p>\n","protected":false},"author":110,"featured_media":6493,"parent":0,"menu_order":0,"comment_status":"closed","ping_status":"closed","template":"","meta":{"_seopress_robots_primary_cat":"","_seopress_titles_title":"","_seopress_titles_desc":"","_seopress_robots_index":"","footnotes":""},"class_list":["post-6130","page","type-page","status-publish","has-post-thumbnail","hentry"],"_links":{"self":[{"href":"https:\/\/bouleetbilles.net\/vi\/wp-json\/wp\/v2\/pages\/6130","targetHints":{"allow":["GET"]}}],"collection":[{"href":"https:\/\/bouleetbilles.net\/vi\/wp-json\/wp\/v2\/pages"}],"about":[{"href":"https:\/\/bouleetbilles.net\/vi\/wp-json\/wp\/v2\/types\/page"}],"author":[{"embeddable":true,"href":"https:\/\/bouleetbilles.net\/vi\/wp-json\/wp\/v2\/users\/110"}],"replies":[{"embeddable":true,"href":"https:\/\/bouleetbilles.net\/vi\/wp-json\/wp\/v2\/comments?post=6130"}],"version-history":[{"count":35,"href":"https:\/\/bouleetbilles.net\/vi\/wp-json\/wp\/v2\/pages\/6130\/revisions"}],"predecessor-version":[{"id":9580,"href":"https:\/\/bouleetbilles.net\/vi\/wp-json\/wp\/v2\/pages\/6130\/revisions\/9580"}],"wp:featuredmedia":[{"embeddable":true,"href":"https:\/\/bouleetbilles.net\/vi\/wp-json\/wp\/v2\/media\/6493"}],"wp:attachment":[{"href":"https:\/\/bouleetbilles.net\/vi\/wp-json\/wp\/v2\/media?parent=6130"}],"curies":[{"name":"wp","href":"https:\/\/api.w.org\/{rel}","templated":true}]}}