{"id":6114,"date":"2024-04-21T10:28:28","date_gmt":"2024-04-21T03:28:28","guid":{"rendered":"https:\/\/bouleetbilles.net\/dich-vu-giu-tre\/"},"modified":"2026-03-24T09:10:46","modified_gmt":"2026-03-24T02:10:46","slug":"dich-vu-giu-tre","status":"publish","type":"page","link":"https:\/\/bouleetbilles.net\/vi\/dich-vu-giu-tre\/","title":{"rendered":"D\u1ecbch v\u1ee5 gi\u1eef tr\u1ebb"},"content":{"rendered":"<p><div class=\"et_d4_element et_pb_section et_pb_section_0  et_pb_css_mix_blend_mode et_pb_fullwidth_section et_section_regular et_block_section\" >\n\t\t\t\t\n\t\t\t\t\n\t\t\t\t\n\t\t\t\t\n\t\t\t\t\n\t\t\t\t\n\t\t\t\t<section class=\"et_pb_module et_d4_element et_pb_fullwidth_header et_pb_fullwidth_header_0  et_pb_css_mix_blend_mode et_pb_text_align_center et_pb_bg_layout_dark\">\n\t\t\t\t\n\t\t\t\t\n\t\t\t\t\n\t\t\t\t\n\t\t\t\t<div class=\"et_pb_fullwidth_header_container center\">\n\t\t\t\t\t<div class=\"header-content-container center\">\n\t\t\t\t\t<div class=\"header-content\">\n\t\t\t\t\t\t\n\t\t\t\t\t\t<h1 class=\"et_pb_module_header\">D\u1ecaCH V\u1ee4 GI\u1eee TR\u1eba<\/h1>\n\t\t\t\t\t\t<span class=\"et_pb_fullwidth_header_subhead\">D\u1ecbch v\u1ee5 ch\u0103m s\u00f3c linh ho\u1ea1t cho tr\u1ebb t\u1eeb 8h00 \u0111\u1ebfn 18h00 t\u1eeb 18 th\u00e1ng \u0111\u1ebfn 5 tu\u1ed5i.<\/span>\n\t\t\t\t\t\t<div class=\"et_pb_header_content_wrapper\"><\/div>\n\t\t\t\t\t\t<a class=\"et_pb_button et_pb_more_button et_pb_button_one\" href=\"https:\/\/bouleetbilles.net\/vi\/bieu-gia\/#dt-tabs|4\">Xem b\u1ea3ng gi\u00e1<\/a><a class=\"et_pb_button et_pb_more_button et_pb_button_two\" href=\"https:\/\/bouleetbilles.net\/vi\/lien-he-voi-chung-toi\/\">Li\u00ean H\u1ec7<\/a>\n\t\t\t\t\t<\/div>\n\t\t\t\t<\/div>\n\t\t\t\t\t\n\t\t\t\t<\/div>\n\t\t\t\t<div class=\"et_pb_fullwidth_header_overlay\"><\/div>\n\t\t\t\t<div class=\"et_pb_fullwidth_header_scroll\"><a href=\"#\" class=\"scroll-down-container\">\n\t\t\t\t\t<span class=\"scroll-down et-pb-icon\">;<\/span>\n\t\t\t\t\t\n\t\t\t\t\t\n\t\t\t\t<\/a><\/div>\n\t\t\t<\/section>\n\t\t\t\t\n\t\t\t\t\n\t\t\t<\/div><div class=\"et_d4_element et_pb_section et_pb_section_1  et_pb_css_mix_blend_mode et_section_regular et_block_section\" >\n\t\t\t\t\n\t\t\t\t\n\t\t\t\t\n\t\t\t\t\n\t\t\t\t\n\t\t\t\t\n\t\t\t\t<div class=\"et_d4_element et_pb_row et_pb_row_0  et_pb_css_mix_blend_mode et_block_row\">\n\t\t\t\t<div class=\"et_d4_element et_pb_column_4_4 et_pb_column et_pb_column_0  et_pb_css_mix_blend_mode et-last-child et_block_column\">\n\t\t\t\t\n\t\t\t\t\n\t\t\t\t\n\t\t\t\t\n\t\t\t\t<div id=\"dt-tabs\" class=\"et_pb_module et_d4_element et_pb_tabs et_pb_tabs_0 \" >\n\t\t\t\t\n\t\t\t\t\n\t\t\t\t\n\t\t\t\t\n\t\t\t\t<ul class=\"et_pb_tabs_controls clearfix\">\n\t\t\t\t\t<li class=\"et_pb_tab_0 et_pb_tab_active\"><a href=\"#\">Gi\u1edbi thi\u1ec7u<\/a><\/li><li class=\"et_pb_tab_1\"><a href=\"#\">Th\u00f4ng tin chi ti\u1ebft<\/a><\/li><li class=\"et_pb_tab_2\"><a href=\"#\">\u0110\u0103ng k\u00fd<\/a><\/li><li class=\"et_pb_tab_3\"><a href=\"#\">C\u00e2u h\u1ecfi th\u01b0\u1eddng g\u1eb7p<\/a><\/li>\n\t\t\t\t<\/ul>\n\t\t\t\t<div class=\"et_pb_all_tabs\">\n\t\t\t\t\t<div class=\"et_d4_element et_pb_tab et_pb_tab_0 clearfix et_pb_active_content\">\n\t\t\t\t\n\t\t\t\t\n\t\t\t\t\n\t\t\t\t\n\t\t\t\t<div class=\"et_pb_tab_content\"><h2>T\u1ea1i B\u00ecnh Th\u1ea1nh<\/h2>\n<p>D\u1ecbch v\u1ee5 tr\u00f4ng tr\u1ebb t\u1ea1i c\u01a1 s\u1edf B\u00ecnh Th\u1ea1nh cho ph\u00e9p b\u1ea1n g\u1eedi tr\u1ebb t\u1eeb <strong>8h00 \u0111\u1ebfn 17h00.<\/strong> D\u1ecbch v\u1ee5 n\u00e0y d\u00e0nh cho tr\u1ebb t\u1eeb 18 th\u00e1ng \u0111\u1ebfn 3 tu\u1ed5i, <strong>bao g\u1ed3m t\u1ea5t c\u1ea3 tr\u1ebb em<\/strong> \u0111\u00e3 \u0111\u0103ng k\u00fd t\u1ea1i nh\u00e0 tr\u1ebb c\u1ee7a tr\u01b0\u1eddng Boule et Billes, c\u0169ng nh\u01b0 tr\u1ebb \u0111\u00e3 \u0111\u0103ng k\u00fd t\u1ea1i c\u00e1c c\u01a1 s\u1edf gi\u00e1o d\u1ee5c kh\u00e1c v\u00e0 c\u00e1c tr\u01b0\u1eddng h\u1ee3p nh\u01b0 kh\u00f4ng c\u00f3 kh\u1ea3 n\u0103ng \u0111\u1ebfn \u0111\u00f3n tr\u1ebb ho\u1eb7c gi\u1eef tr\u1ebb sau gi\u1edd h\u1ecdc.<\/p>\n<h2>T\u1ea1i Th\u1ea3o \u0110i\u1ec1n<\/h2>\n<p>D\u1ecbch v\u1ee5 tr\u00f4ng tr\u1ebb t\u1ea1i c\u01a1 s\u1edf Th\u1ea3o \u0110i\u1ec1n cho ph\u00e9p b\u1ea1n g\u1eedi tr\u1ebb t\u1eeb 15h00 \u0111\u1ebfn 18h00. D\u1ecbch v\u1ee5 n\u00e0y d\u00e0nh cho tr\u1ebb t\u1eeb 18 th\u00e1ng \u0111\u1ebfn 5 tu\u1ed5i, bao g\u1ed3m t\u1ea5t c\u1ea3 tr\u1ebb em \u0111\u00e3 \u0111\u0103ng k\u00fd t\u1ea1i nh\u00e0 tr\u1ebb c\u1ee7a Boule et Billes, c\u0169ng nh\u01b0 tr\u1ebb \u0111\u00e3 \u0111\u0103ng k\u00fd t\u1ea1i c\u00e1c c\u01a1 s\u1edf gi\u00e1o d\u1ee5c kh\u00e1c v\u00e0 c\u00e1c tr\u01b0\u1eddng h\u1ee3p nh\u01b0 kh\u00f4ng c\u00f3 kh\u1ea3 n\u0103ng \u0111\u1ebfn \u0111\u00f3n tr\u1ebb ho\u1eb7c gi\u1eef tr\u1ebb sau gi\u1edd h\u1ecdc.<\/p>\n<p>D\u1ecbch v\u1ee5 n\u00e0y \u0111\u01b0\u1ee3c th\u00e0nh l\u1eadp v\u00e0o n\u0103m 2023, b\u1ed5 sung cho d\u1ecbch v\u1ee5 ti\u1ebfp nh\u1eadn tr\u1ebb t\u1ea1i <a href=\"https:\/\/bouleetbilles.net\/vi\/nha-tre\/\" target=\"_blank\" rel=\"noopener\">nh\u00e0 tr\u1ebb \u1edf c\u01a1 s\u1edf B\u00ecnh Th\u1ea1nh v\u00e0 Th\u1ea3o \u0110i\u1ec1n<\/a> trong su\u1ed1t c\u1ea3 ng\u00e0y. Nh\u00e0 tr\u1ebb ti\u1ebfp nh\u1eadn tr\u1ebb t\u1ea1i c\u1ea3 hai c\u01a1 s\u1edf t\u1eeb 7h30 \u0111\u1ebfn 16h30 v\u00e0o c\u00e1c ng\u00e0y t\u1eeb th\u1ee9 Hai \u0111\u1ebfn th\u1ee9 S\u00e1u.<\/p><\/div>\n\t\t\t<\/div><div class=\"et_d4_element et_pb_tab et_pb_tab_1 clearfix\">\n\t\t\t\t\n\t\t\t\t\n\t\t\t\t\n\t\t\t\t\n\t\t\t\t<div class=\"et_pb_tab_content\"><h2>Th\u00f4ng tin chi ti\u1ebft<\/h2>\n<h3>1. D\u1ecbch v\u1ee5 tr\u00f4ng tr\u1ebb<\/h3>\n<h4>1.1 \u0110i\u1ec1u ki\u1ec7n \u0111\u0103ng k\u00fd d\u1ecbch v\u1ee5 tr\u00f4ng tr\u1ebb<\/h4>\n<p>D\u1ecbch v\u1ee5 tr\u00f4ng tr\u1ebb l\u00e0 m\u1ed9t h\u00ecnh th\u1ee9c tr\u00f4ng tr\u1ebb b\u00e1n th\u1eddi gian, c\u00f3 th\u1ec3 l\u00e0 theo y\u00eau c\u1ea7u ho\u1eb7c \u0111\u1ecbnh k\u1ef3, gi\u1edbi h\u1ea1n trong m\u1ed9t v\u00e0i gi\u1edd ho\u1eb7c n\u1eeda ng\u00e0y m\u1ed7i tu\u1ea7n, c\u1ea7n ph\u1ea3i \u0111\u0103ng k\u00fd v\u00e0 t\u00f9y thu\u1ed9c v\u00e0o s\u1ef1 c\u00f3 s\u1eb5n ch\u1ed7.<\/p>\n<p>D\u1ecbch v\u1ee5 n\u00e0y \u0111\u01b0\u1ee3c t\u1ed5 ch\u1ee9c trong khu\u00f4n vi\u00ean c\u1ee7a nh\u00f3m tr\u1ebb Boule et Billes v\u00e0 \u0111\u01b0\u1ee3c gi\u00e1m s\u00e1t b\u1edfi ng\u01b0\u1eddi qu\u1ea3n l\u00fd v\u00e0 \u0111\u1ed9i ng\u0169 c\u1ee7a c\u00f4 \u1ea5y.<\/p>\n<p>D\u1ecbch v\u1ee5 n\u00e0y m\u1edf c\u1eeda cho t\u1ea5t c\u1ea3 tr\u1ebb em t\u1eeb 18 th\u00e1ng \u0111\u1ebfn 5 tu\u1ed5i, t\u1eeb 8h00 \u0111\u1ebfn 17h00 t\u1ea1i B\u00ecnh Th\u00e0nh ho\u1eb7c t\u1eeb 15h00 \u0111\u1ebfn 18h00 t\u1ea1i Th\u1ea3o \u0110i\u1ec1n, t\u00f9y theo nhu c\u1ea7u c\u1ee7a c\u00e1c gia \u0111\u00ecnh.<\/p>\n<p>Tr\u01b0\u1edbc khi g\u1eedi tr\u1ebb l\u1ea7n \u0111\u1ea7u ti\u00ean t\u1ea1i d\u1ecbch v\u1ee5 tr\u00f4ng tr\u1ebb, ph\u1ee5 huynh c\u1ea7n \u0111\u1ecdc k\u1ef9 n\u1ed9i quy n\u00e0y v\u00e0 n\u1ed9p m\u1eabu th\u00f4ng tin v\u00e0 t\u1edd khai khi\u1ebfu n\u1ea1i \u0111\u00e3 ho\u00e0n th\u00e0nh v\u00e0 k\u00fd t\u00ean t\u1ea1i v\u0103n ph\u00f2ng, c\u00f9ng v\u1edbi vi\u1ec7c thanh to\u00e1n ph\u00ed d\u1ecbch v\u1ee5.<\/p>\n<p>Ch\u00fang t\u00f4i cung c\u1ea5p m\u1ee9c gi\u00e1 150.000 VND\/gi\u1edd. Ph\u1ee5 huynh ph\u1ea3i thanh to\u00e1n tr\u01b0\u1edbc khi g\u1eedi tr\u1ebb, v\u00e0 b\u1ea5t k\u1ef3 gi\u1edd n\u00e0o b\u1eaft \u0111\u1ea7u \u0111\u1ec1u s\u1ebd \u0111\u01b0\u1ee3c t\u00ednh ph\u00ed.<\/p>\n<p>\u0110\u1ec3 bi\u1ebft th\u00eam th\u00f4ng tin ho\u1eb7c \u0111\u0103ng k\u00fd cho tr\u1ebb, ph\u1ee5 huynh c\u00f3 th\u1ec3 li\u00ean h\u1ec7 v\u1edbi ng\u01b0\u1eddi qu\u1ea3n l\u00fd ho\u1eb7c v\u0103n ph\u00f2ng qua \u0111\u1ecba ch\u1ec9 email: <a href=\"mailto:secretariat.thaodien@bouleetbilles.net\" target=\"_blank\" rel=\"noopener\">secretariat.thaodien@bouleetbilles.net<\/a> ho\u1eb7c qua s\u1ed1 <strong>\u0111i\u1ec7n tho\u1ea1i 028 3744 26 40<\/strong>.<\/p>\n<h4>1.2 Ti\u1ebfp nh\u1eadn tr\u1ebb<\/h4>\n<p>Ng\u01b0\u1eddi qu\u1ea3n l\u00fd v\u00e0 \u0111\u1ed9i ng\u0169 c\u1ee7a c\u00f4 \u1ea5y l\u00e0 nh\u1eefng ng\u01b0\u1eddi li\u00ean h\u1ec7 tr\u1ef1c ti\u1ebfp v\u1edbi ph\u1ee5 huynh khi ti\u1ebfp nh\u1eadn tr\u1ebb.<\/p>\n<p>D\u1ecbch v\u1ee5 tr\u00f4ng tr\u1ebb l\u00e0 m\u1ed9t n\u01a1i \u0111\u1ec3 tr\u1ebb giao l\u01b0u, ph\u00e1t tri\u1ec3n nh\u1eadn th\u1ee9c. Ch\u00fang t\u00f4i cung c\u1ea5p cho tr\u1ebb c\u00e1c ho\u1ea1t \u0111\u1ed9ng ph\u00f9 h\u1ee3p v\u1edbi \u0111\u1ed9 tu\u1ed5i v\u00e0 nhu c\u1ea7u c\u1ee7a tr\u1ebb, t\u01b0\u01a1ng t\u1ef1 nh\u01b0 c\u00e1c ho\u1ea1t \u0111\u1ed9ng m\u00e0 ch\u00fang t\u00f4i t\u1ed5 ch\u1ee9c t\u1ea1i c\u00e1c nh\u00f3m tr\u1ebb.<\/p>\n<p>Ch\u00fang t\u00f4i c\u0169ng t\u1ed5 ch\u1ee9c th\u1eddi gian ch\u01a1i ngo\u00e0i tr\u1eddi khi th\u1eddi ti\u1ebft v\u00e0 m\u1ee9c \u0111\u1ed9 \u00f4 nhi\u1ec5m cho ph\u00e9p, c\u00f9ng v\u1edbi c\u00e1c ho\u1ea1t \u0111\u1ed9ng \u0111\u01b0\u1ee3c h\u01b0\u1edbng d\u1eabn v\u00e0 th\u1eddi gian ch\u01a1i t\u1ef1 do.<\/p>\n<p>N\u1ebfu m\u1ed9t tr\u1ebb g\u1eb7p kh\u00f3 kh\u0103n trong vi\u1ec7c th\u00edch nghi ho\u1eb7c c\u00f3 v\u1ea5n \u0111\u1ec1 trong qu\u00e1 tr\u00ecnh ti\u1ebfp nh\u1eadn, \u0111\u1ed9i ng\u0169 s\u1ebd li\u00ean l\u1ea1c v\u1edbi ph\u1ee5 huynh \u0111\u1ec3 th\u00f4ng b\u00e1o.<\/p>\n<p>\u0110\u1ec3 c\u00f3 th\u1ec3 \u0111\u00f3n ti\u1ebfp tr\u1ebb trong \u0111i\u1ec1u ki\u1ec7n t\u1ed1t nh\u1ea5t, ch\u00fang t\u00f4i y\u00eau c\u1ea7u c\u00e1c gia \u0111\u00ecnh th\u00f4ng b\u00e1o tr\u01b0\u1edbc v\u1ec1 s\u1ef1 c\u00f3 m\u1eb7t c\u1ee7a tr\u1ebb, l\u00fd t\u01b0\u1edfng l\u00e0 th\u00f4ng b\u00e1o v\u00e0o bu\u1ed5i t\u1ed1i h\u00f4m tr\u01b0\u1edbc \u0111\u1ed1i v\u1edbi bu\u1ed5i s\u00e1ng h\u00f4m sau. C\u00e1c ph\u1ee5 huynh \u0111\u00e3 \u0111\u0103ng k\u00fd cho tr\u1ebb t\u1ea1i d\u1ecbch v\u1ee5 tr\u00f4ng tr\u1ebb c\u00f3 tr\u00e1ch nhi\u1ec7m th\u00f4ng b\u00e1o cho ng\u01b0\u1eddi qu\u1ea3n l\u00fd ho\u1eb7c v\u0103n ph\u00f2ng n\u1ebfu c\u00f3 s\u1ef1 thay \u0111\u1ed5i.<\/p>\n<h3>2. Dinh d\u01b0\u1ee1ng, s\u1ee9c kh\u1ecfe v\u00e0 ch\u0103m s\u00f3c<\/h3>\n<h4>2.1 B\u1eefa \u0103n<\/h4>\n<p>Ch\u00fang t\u00f4i cung c\u1ea5p b\u1eefa x\u1ebf do nh\u00e0 b\u1ebfp c\u1ee7a tr\u01b0\u1eddng chu\u1ea9n b\u1ecb, ph\u1ee5 huynh c\u00f3 th\u1ec3 tham kh\u1ea3o th\u1ef1c \u0111\u01a1n t\u1ea1i l\u1ed1i v\u00e0o nh\u00f3m tr\u1ebb ho\u1eb7c <a href=\"https:\/\/bouleetbilles.net\/vi\/cang-tin\/\" target=\"_blank\" rel=\"noopener\">tr\u00ean website, t\u1ea1i trang \"c\u0103ng tin\"<\/a>.<\/p>\n<p>Tr\u1ebb em c\u00f3 d\u1ecb \u1ee9ng th\u1ef1c ph\u1ea9m ho\u1eb7c ch\u1ebf \u0111\u1ed9 \u0103n \u0111\u1eb7c bi\u1ec7t c\u1ea7n mang theo b\u1eefa x\u1ebf t\u1eeb nh\u00e0, trong m\u1ed9t th\u00f9ng gi\u1eef l\u1ea1nh, c\u00f3 nh\u00e3n t\u00ean c\u1ee7a tr\u1ebb.<\/p>\n<p>B\u1eefa x\u1ebf di\u1ec5n ra t\u1eeb 15h00 \u0111\u1ebfn 15h30.<\/p>\n<p>B\u1eefa tr\u01b0a \u0111\u01b0\u1ee3c cung c\u1ea5p cho tr\u1ebb trong khu\u00f4n kh\u1ed5 c\u00e1c ho\u1ea1t \u0111\u1ed9ng c\u1ee7a nh\u00f3m tr\u1ebb, v\u1edbi ph\u1ee5 ph\u00ed 80.000 VND. Ph\u1ee5 huynh c\u1ea7n \u0111\u1ea3m b\u1ea3o r\u1eb1ng tr\u1ebb c\u00f3 m\u1ed9t b\u1eefa \u0103n ph\u00f9 h\u1ee3p n\u1ebfu c\u00f3 ch\u1ebf \u0111\u1ed9 \u0103n \u0111\u1eb7c bi\u1ec7t.<\/p>\n<h4>2.2 S\u1ee9c kh\u1ecfe<\/h4>\n<p>Tr\u1ebb em m\u1eafc b\u1ec7nh l\u00e2y nhi\u1ec5m s\u1ebd kh\u00f4ng \u0111\u01b0\u1ee3c nh\u1eadn v\u00e0o d\u1ecbch v\u1ee5 tr\u00f4ng tr\u1ebb.<\/p>\n<p>Kh\u00f4ng c\u00f3 thu\u1ed1c n\u00e0o \u0111\u01b0\u1ee3c ph\u00e9p s\u1eed d\u1ee5ng t\u1ea1i d\u1ecbch v\u1ee5 tr\u00f4ng tr\u1ebb, ngay c\u1ea3 khi c\u00f3 \u0111\u01a1n thu\u1ed1c t\u1eeb b\u00e1c s\u0129.<\/p>\n<p>N\u1ebfu tr\u1ebb c\u00f3 tri\u1ec7u ch\u1ee9ng l\u00e2y nhi\u1ec5m trong th\u1eddi gian \u0111\u01b0\u1ee3c \u0111\u00f3n ti\u1ebfp, ph\u1ee5 huynh ph\u1ea3i \u0111\u1ebfn \u0111\u00f3n tr\u1ebb c\u00e0ng s\u1edbm c\u00e0ng t\u1ed1t.<\/p>\n<h4>2.3 Ch\u0103m s\u00f3c<\/h4>\n<p>Tr\u1ebb em tham gia d\u1ecbch v\u1ee5 tr\u00f4ng tr\u1ebb c\u1ea7n mang theo dung d\u1ecbch ch\u1ed1ng mu\u1ed7i, kem ch\u1ed1ng n\u1eafng, b\u00ecnh n\u01b0\u1edbc, t\u00e3 v\u00e0 m\u1ed9t b\u1ed9 qu\u1ea7n \u00e1o thay th\u1ebf.<\/p>\n<p>\u0110\u1ed9i ng\u0169 ch\u0103m s\u00f3c s\u1ebd s\u1eed d\u1ee5ng n\u01b0\u1edbc v\u00e0 x\u00e0 ph\u00f2ng khi thay t\u00e3 cho tr\u1ebb. N\u1ebfu s\u1eed d\u1ee5ng c\u00e1c s\u1ea3n ph\u1ea9m \u0111\u1eb7c bi\u1ec7t (v\u00ed d\u1ee5 nh\u01b0 kem \u0111\u1eb7c tr\u1ecb), ph\u1ee5 huynh ph\u1ea3i cung c\u1ea5p s\u1ea3n ph\u1ea9m \u0111\u00f3.<\/p>\n<p>Tr\u01b0\u1eddng s\u1ebd t\u00ednh ph\u00ed cho t\u00e3 v\u00e0 qu\u1ea7n \u00e1o thay th\u1ebf kh\u00f4ng \u0111\u01b0\u1ee3c cung c\u1ea5p trong t\u00fai c\u1ee7a tr\u1ebb, v\u1edbi m\u1ee9c ph\u00ed c\u1ed1 \u0111\u1ecbnh l\u00e0 50.000 VND.<\/p>\n<h3><strong>3. Th\u00f4ng tin kh\u00e1c<\/strong><\/h3>\n<p>Tr\u1ebb em c\u00f3 th\u1ec3 mang theo g\u1ea5u b\u00f4ng ho\u1eb7c n\u00fam v\u00fa n\u1ebfu c\u1ea7n.<\/p>\n<p>\u0110\u1ed3 d\u00f9ng v\u00e0 \u0111\u1ed3 ch\u01a1i c\u00e1 nh\u00e2n ph\u1ea3i \u0111\u1ec3 l\u1ea1i \u1edf nh\u00e0.<\/p>\n<p>Trang s\u1ee9c, k\u1eb9p t\u00f3c v\u00e0 c\u00e1c v\u1eadt d\u1ee5ng nguy hi\u1ec3m b\u1ecb c\u1ea5m t\u1ea1i d\u1ecbch v\u1ee5 tr\u00f4ng tr\u1ebb.<\/p><\/div>\n\t\t\t<\/div><div class=\"et_d4_element et_pb_tab et_pb_tab_2 clearfix\">\n\t\t\t\t\n\t\t\t\t\n\t\t\t\t\n\t\t\t\t\n\t\t\t\t<div class=\"et_pb_tab_content\"><h3>\u0110\u0103ng k\u00fd<\/h3>\n<h4>\u0110\u0103ng k\u00fd tr\u1ef1c ti\u1ebfp<\/h4>\n<ol>\n<li>T\u1ea3i v\u1ec1 v\u00e0 \u0111i\u1ec1n v\u00e0o <a href=\"https:\/\/drive.google.com\/file\/d\/1zKoq4GaI3y-fqFQ2qqKNCg56Z0sdpWGs\/view\" target=\"_blank\" rel=\"noopener\">m\u1eabu th\u00f4ng tin<\/a><\/li>\n<li>T\u1ea3i v\u1ec1 v\u00e0 \u0111i\u1ec1n v\u00e0o <a href=\"https:\/\/drive.google.com\/file\/d\/1UJKXXVaPlIJYf7iirUA8nH3hbhp0Seyg\/view\" target=\"_blank\" rel=\"noopener\">m\u1eabu tranh ch\u1ea5p<\/a><\/li>\n<li>G\u1eedi cho ch\u00fang t\u00f4i c\u1ea3 hai t\u00e0i li\u1ec7u qua email: <a href=\"mailto:secretariat.thaodien@bouleetbilles.net\" target=\"_blank\" rel=\"noopener\">secretariat.thaodien@bouleetbilles.net<\/a><\/li>\n<\/ol>\n<h4>\u0110\u0103ng k\u00fd tr\u1ef1c tuy\u1ebfn<\/h4>\n<ol>\n<li>\u0110i\u1ec1n v\u00e0o m\u1eabu \u0111\u0103ng k\u00fd tr\u1ef1c tuy\u1ebfn (Google Form) <a href=\"https:\/\/docs.google.com\/forms\/d\/e\/1FAIpQLSfIDp_slZ7M1I85VKQFzaRXUS3rlPqq0brmhBrFU4t3Ppyi0A\/viewform\" target=\"_blank\" rel=\"noopener\">t\u1ea1i \u0111\u00e2y<\/a>.<\/li>\n<li>V\u0103n ph\u00f2ng s\u1ebd li\u00ean h\u1ec7 v\u1edbi b\u1ea1n \u0111\u1ec3 ho\u00e0n t\u1ea5t vi\u1ec7c \u0111\u0103ng k\u00fd.<\/li>\n<li>T\u1ea3i v\u1ec1 v\u00e0 \u0111i\u1ec1n v\u00e0o <a href=\"https:\/\/drive.google.com\/file\/d\/1UJKXXVaPlIJYf7iirUA8nH3hbhp0Seyg\/view\" target=\"_blank\" rel=\"noopener\">m\u1eabu tranh ch\u1ea5p<\/a> ho\u1eb7c y\u00eau c\u1ea7u \u0111i\u1ec1n m\u1eabu khi\u1ebfu n\u1ea1i tr\u1ef1c ti\u1ebfp t\u1ea1i ch\u1ed7 v\u00e0o ng\u00e0y b\u1ea1n g\u1eedi tr\u1ebb.<\/li>\n<\/ol><\/div>\n\t\t\t<\/div><div class=\"et_d4_element et_pb_tab et_pb_tab_3 clearfix\">\n\t\t\t\t\n\t\t\t\t\n\t\t\t\t\n\t\t\t\t\n\t\t\t\t<div class=\"et_pb_tab_content\"><ul>\n<li><strong>Con tr\u1ebb t\u00f4i c\u00f3 b\u1ea3o hi\u1ec3m v\u1edbi tr\u01b0\u1eddng kh\u00f4ng?<br \/><\/strong>Ch\u00fang t\u00f4i kh\u00f4ng cung c\u1ea5p b\u1ea3o hi\u1ec3m ng\u1eafn h\u1ea1n. Tuy nhi\u00ean, tr\u01b0\u1eddng s\u1ebd b\u1ea3o hi\u1ec3m cho c\u00e1c tr\u1ebb.<\/li>\n<li><strong>T\u00f4i c\u00f3 th\u1ec3 g\u1eedi con t\u00f4i m\u00e0 kh\u00f4ng th\u00f4ng b\u00e1o tr\u01b0\u1edbc kh\u00f4ng?<\/strong><br \/>Kh\u00f4ng, ph\u1ee5 huynh ph\u1ea3i th\u00f4ng b\u00e1o v\u1edbi ng\u01b0\u1eddi qu\u1ea3n l\u00fd v\u1ec1 vi\u1ec7c g\u1eedi con tr\u01b0\u1edbc \u0111\u1ee7 th\u1eddi gian, l\u00fd t\u01b0\u1edfng l\u00e0 th\u00f4ng b\u00e1o v\u00e0o bu\u1ed5i t\u1ed1i h\u00f4m tr\u01b0\u1edbc \u0111\u1ed1i v\u1edbi bu\u1ed5i s\u00e1ng h\u00f4m sau.<\/li>\n<li><strong>N\u1ebfu con t\u00f4i kh\u00f4ng ng\u1eebng kh\u00f3c th\u00ec sao?<\/strong><br \/>N\u1ebfu m\u1ed9t tr\u1ebb g\u1eb7p kh\u00f3 kh\u0103n ho\u1eb7c n\u1ebfu vi\u1ec7c th\u00edch nghi trong nh\u00f3m g\u1eb7p v\u1ea5n \u0111\u1ec1, \u0111\u1ed9i ng\u0169 ch\u0103m s\u00f3c c\u00f3 quy\u1ec1n li\u00ean h\u1ec7 v\u1edbi ph\u1ee5 huynh \u0111\u1ec3 th\u00f4ng b\u00e1o.<\/li>\n<li><strong>Thanh to\u00e1n d\u1ecbch v\u1ee5 tr\u00f4ng tr\u1ebb khi n\u00e0o?<br \/><\/strong>Thanh to\u00e1n s\u1ebd \u0111\u01b0\u1ee3c th\u1ef1c hi\u1ec7n tr\u01b0\u1edbc ho\u1eb7c sau khi g\u1eedi con t\u1ea1i tr\u1ea1m gi\u1eef tr\u1ebb. M\u1ecdi gi\u1edd \u0111\u00e3 b\u1eaft \u0111\u1ea7u s\u1ebd \u0111\u01b0\u1ee3c t\u00ednh ph\u00ed.<\/li>\n<li><strong>Con t\u00f4i s\u1ebd l\u00e0m g\u00ec?<br \/><\/strong>Tr\u1ebb em s\u1ebd tham gia v\u00e0o c\u00e1c ho\u1ea1t \u0111\u1ed9ng ph\u00f9 h\u1ee3p v\u1edbi \u0111\u1ed9 tu\u1ed5i v\u00e0 nhu c\u1ea7u c\u1ee7a m\u00ecnh, gi\u00fap ph\u00e1t tri\u1ec3n s\u1ef1 h\u00f2a nh\u1eadp x\u00e3 h\u1ed9i v\u00e0 s\u1ef1 ph\u00e1t tri\u1ec3n. S\u1ebd c\u00f3 th\u1eddi gian ch\u01a1i ngo\u00e0i tr\u1eddi khi th\u1eddi ti\u1ebft cho ph\u00e9p, c\u00f9ng v\u1edbi c\u00e1c ho\u1ea1t \u0111\u1ed9ng c\u00f3 s\u1ef1 gi\u00e1m s\u00e1t v\u00e0 th\u1eddi gian ch\u01a1i t\u1ef1 do.<\/li>\n<\/ul><\/div>\n\t\t\t<\/div>\n\t\t\t\t<\/div>\n\t\t\t<\/div>\n\t\t\t<\/div>\n\t\t\t\t\n\t\t\t\t\n\t\t\t\t\n\t\t\t\t\n\t\t\t<\/div>\n\t\t\t\t\n\t\t\t\t\n\t\t\t<\/div><\/p>\n","protected":false},"excerpt":{"rendered":"<p>D\u1ecbch v\u1ee5 gi\u1eef tr\u1ebb t\u1ea1i Th\u1ea3o \u0110i\u1ec1n ho\u1eb7c B\u00ecnh Th\u1ea1nh. D\u1ecbch v\u1ee5 tr\u00f4ng tr\u1ebb theo gi\u1edd cho tr\u1ebb t\u1eeb 8h00 \u0111\u1ebfn 18h00, t\u1eeb 18 th\u00e1ng \u0111\u1ebfn 5 tu\u1ed5i.<\/p>\n","protected":false},"author":110,"featured_media":6115,"parent":0,"menu_order":0,"comment_status":"closed","ping_status":"closed","template":"","meta":{"_seopress_robots_primary_cat":"","_seopress_titles_title":"%%post_title%% %%sep%% %%sitetitle%%","_seopress_titles_desc":"D\u1ecbch v\u1ee5 gi\u1eef tr\u1ebb t\u1ea1i Th\u1ea3o \u0110i\u1ec1n ho\u1eb7c B\u00ecnh Th\u1ea1nh. D\u1ecbch v\u1ee5 tr\u00f4ng tr\u1ebb theo gi\u1edd cho tr\u1ebb t\u1eeb 8h00 \u0111\u1ebfn 18h00, t\u1eeb 18 th\u00e1ng \u0111\u1ebfn 5 tu\u1ed5i.","_seopress_robots_index":"","_et_pb_use_builder":"on","_et_pb_old_content":"","_et_gb_content_width":"","footnotes":""},"class_list":["post-6114","page","type-page","status-publish","has-post-thumbnail","hentry"],"_links":{"self":[{"href":"https:\/\/bouleetbilles.net\/vi\/wp-json\/wp\/v2\/pages\/6114","targetHints":{"allow":["GET"]}}],"collection":[{"href":"https:\/\/bouleetbilles.net\/vi\/wp-json\/wp\/v2\/pages"}],"about":[{"href":"https:\/\/bouleetbilles.net\/vi\/wp-json\/wp\/v2\/types\/page"}],"author":[{"embeddable":true,"href":"https:\/\/bouleetbilles.net\/vi\/wp-json\/wp\/v2\/users\/110"}],"replies":[{"embeddable":true,"href":"https:\/\/bouleetbilles.net\/vi\/wp-json\/wp\/v2\/comments?post=6114"}],"version-history":[{"count":36,"href":"https:\/\/bouleetbilles.net\/vi\/wp-json\/wp\/v2\/pages\/6114\/revisions"}],"predecessor-version":[{"id":7629,"href":"https:\/\/bouleetbilles.net\/vi\/wp-json\/wp\/v2\/pages\/6114\/revisions\/7629"}],"wp:featuredmedia":[{"embeddable":true,"href":"https:\/\/bouleetbilles.net\/vi\/wp-json\/wp\/v2\/media\/6115"}],"wp:attachment":[{"href":"https:\/\/bouleetbilles.net\/vi\/wp-json\/wp\/v2\/media?parent=6114"}],"curies":[{"name":"wp","href":"https:\/\/api.w.org\/{rel}","templated":true}]}}