{"id":6111,"date":"2024-04-21T14:20:31","date_gmt":"2024-04-21T07:20:31","guid":{"rendered":"https:\/\/bouleetbilles.net\/du-an-truong\/"},"modified":"2026-04-10T04:06:58","modified_gmt":"2026-04-10T04:06:58","slug":"du-an-truong","status":"publish","type":"page","link":"https:\/\/bouleetbilles.net\/vi\/du-an-truong\/","title":{"rendered":"D\u1ef1 \u00e1n tr\u01b0\u1eddng h\u1ecdc 2025-2028"},"content":{"rendered":"<p><div class=\"et_d4_element et_pb_section et_pb_section_0  et_pb_css_mix_blend_mode et_pb_fullwidth_section et_section_regular et_block_section\" >\n\t\t\t\t\n\t\t\t\t\n\t\t\t\t\n\t\t\t\t\n\t\t\t\t\n\t\t\t\t\n\t\t\t\t<section class=\"et_pb_module et_d4_element et_pb_fullwidth_header et_pb_fullwidth_header_0  et_pb_css_mix_blend_mode et_pb_text_align_center et_pb_bg_layout_dark\">\n\t\t\t\t\n\t\t\t\t\n\t\t\t\t\n\t\t\t\t\n\t\t\t\t<div class=\"et_pb_fullwidth_header_container center\">\n\t\t\t\t\t<div class=\"header-content-container center\">\n\t\t\t\t\t<div class=\"header-content\">\n\t\t\t\t\t\t\n\t\t\t\t\t\t<h1 class=\"et_pb_module_header\" data-et-multi-view=\"{&quot;schema&quot;:{&quot;content&quot;:{&quot;desktop&quot;:&quot;D\\u1ef1 \\u00e1n tr\\u01b0\\u1eddng h\\u1ecdc 2025-2028&quot;,&quot;tablet&quot;:&quot;M\\u1eaaU GI\\u00c1O&quot;},&quot;target&quot;:&quot;&quot;,&quot;hover_selector&quot;:&quot;&quot;},&quot;slug&quot;:&quot;et_pb_fullwidth_header&quot;}\" data-et-multi-view-load-tablet-hidden=\"true\">D\u1ef1 \u00e1n tr\u01b0\u1eddng h\u1ecdc 2025-2028<\/h1>\n\t\t\t\t\t\t<span class=\"et_pb_fullwidth_header_subhead\">Tr\u01b0\u1eddng m\u1eabu gi\u00e1o v\u00e0 ti\u1ec3u h\u1ecdc<\/span>\n\t\t\t\t\t\t<div class=\"et_pb_header_content_wrapper\"><\/div>\n\t\t\t\t\t\t\n\t\t\t\t\t<\/div>\n\t\t\t\t<\/div>\n\t\t\t\t\t\n\t\t\t\t<\/div>\n\t\t\t\t<div class=\"et_pb_fullwidth_header_overlay\"><\/div>\n\t\t\t\t<div class=\"et_pb_fullwidth_header_scroll\"><a href=\"#\" class=\"scroll-down-container\">\n\t\t\t\t\t<span class=\"scroll-down et-pb-icon\">;<\/span>\n\t\t\t\t\t\n\t\t\t\t\t\n\t\t\t\t<\/a><\/div>\n\t\t\t<\/section>\n\t\t\t\t\n\t\t\t\t\n\t\t\t<\/div><div class=\"et_d4_element et_pb_section et_pb_section_1  et_pb_css_mix_blend_mode et_section_regular et_block_section\" >\n\t\t\t\t\n\t\t\t\t\n\t\t\t\t\n\t\t\t\t\n\t\t\t\t\n\t\t\t\t\n\t\t\t\t<div class=\"et_d4_element et_pb_row et_pb_row_0  et_pb_css_mix_blend_mode et_block_row\">\n\t\t\t\t<div class=\"et_d4_element et_pb_column_4_4 et_pb_column et_pb_column_0  et_pb_css_mix_blend_mode et-last-child et_block_column\">\n\t\t\t\t\n\t\t\t\t\n\t\t\t\t\n\t\t\t\t\n\t\t\t\t<div class=\"et_pb_module et_d4_element et_pb_text et_pb_text_0  et_pb_text_align_left et_pb_bg_layout_light\">\n\t\t\t\t\n\t\t\t\t\n\t\t\t\t\n\t\t\t\t\n\t\t\t\t<div class=\"et_pb_text_inner\"><h2>Ch\u00ednh s\u00e1ch d\u1ea1y ng\u00f4n ng\u1eef<\/h2>\n<h3>M\u1eabu gi\u00e1o<\/h3>\n<figure class=\"table\">\n<table class=\"ck-table-resized\">\n<colgroup>\n<col>\n<col>\n<col><\/colgroup>\n<tbody>\n<tr>\n<td><\/td>\n<td><strong>Tr\u01b0\u1eddng m\u1ea7m non v\u00e0 m\u1eabu gi\u00e1o<\/strong><\/td>\n<td><strong>Ph\u1ea7n l\u1edbn<\/strong><\/td>\n<\/tr>\n<tr>\n<td><strong>L\u1ecbch tr\u00ecnh h\u00e0ng tu\u1ea7n<\/strong><\/td>\n<td><strong>24 gi\u1edd<\/strong><\/td>\n<td><strong>26 gi\u1edd<\/strong><\/td>\n<\/tr>\n<tr>\n<td><span>TI\u1ebeNG VI\u1ec6T<\/span><\/td>\n<td><span>1 gi\u1edd<\/span><\/td>\n<td><span>2 gi\u1edd<\/span><\/td>\n<\/tr>\n<tr>\n<td><span>TI\u1ebeNG ANH<\/span><\/td>\n<td><span>1 gi\u1edd<\/span><\/td>\n<td><span>2 gi\u1edd<\/span><\/td>\n<\/tr>\n<tr>\n<td><span>EMILE (ti\u1ebfng Anh)<\/span><\/td>\n<td><span>2 x 30 ph\u00fat<\/span> <span>(K\u1ef9 n\u0103ng v\u1eadn \u0111\u1ed9ng v\u00e0 ngh\u1ec7 thu\u1eadt)<\/span><\/td>\n<td><span>2 x 45 ph\u00fat<\/span> <span>(K\u1ef9 n\u0103ng v\u1eadn \u0111\u1ed9ng v\u00e0 ngh\u1ec7 thu\u1eadt)<\/span><\/td>\n<\/tr>\n<tr>\n<td><strong>T\u1ed5ng s\u1ed1 ng\u00f4n ng\u1eef<\/strong><\/td>\n<td><strong>3 gi\u1edd<\/strong><\/td>\n<td><strong>5 gi\u1edd 30<\/strong><\/td>\n<\/tr>\n<tr>\n<td colspan=\"3\"><strong>Ch\u01b0\u01a1ng tr\u00ecnh d\u00e0nh cho sinh vi\u00ean kh\u00f4ng ph\u1ea3i ng\u01b0\u1eddi b\u1ea3n x\u1ee9 n\u00f3i ti\u1ebfng Ph\u00e1p (sinh vi\u00ean c\u00f3 ti\u1ebfng m\u1eb9 \u0111\u1ebb kh\u00f4ng ph\u1ea3i l\u00e0 ti\u1ebfng m\u1eb9 \u0111\u1ebb)<\/strong><\/td>\n<\/tr>\n<tr>\n<td>Ti\u1ebfng Ph\u00e1p <span>chuy\u00ean s\u00e2u<\/span> <span>nh\u01b0 m\u1ed9t ngo\u1ea1i ng\u1eef<\/span> (FLE)<\/td>\n<td><\/td>\n<td><span>10 gi\u1edd\/ 8 gi\u1edd\/ 6 gi\u1edd\/4 gi\u1edd\/ 2 gi\u1edd<\/span><\/td>\n<\/tr>\n<tr>\n<td><span>FLSco<\/span> <span>Ng\u00f4n ng\u1eef Ph\u00e1p c\u1ee7a Tr\u01b0\u1eddng h\u1ecdc<\/span><\/td>\n<td><\/td>\n<td><span>4 gi\u1edd<\/span><\/td>\n<\/tr>\n<\/tbody>\n<\/table>\n<\/figure>\n<h3>Ti\u1ec3u h\u1ecdc<\/h3>\n<div dir=\"ltr\" align=\"left\">\n<figure class=\"table\">\n<table class=\"ck-table-resized\">\n<colgroup>\n<col width=\"96\">\n<col width=\"115\">\n<col width=\"115\">\n<col width=\"115\"><\/colgroup>\n<tbody>\n<tr>\n<td><\/td>\n<td>\n<p dir=\"ltr\"><span><strong>CP CE1  <\/strong><\/span><\/p>\n<\/td>\n<td>\n<p dir=\"ltr\"><span><strong>CE2<\/strong><\/span><\/p>\n<\/td>\n<td>\n<p dir=\"ltr\"><span><strong>CM<\/strong><\/span><\/p>\n<\/td>\n<\/tr>\n<tr>\n<td>\n<p dir=\"ltr\"><span><strong>L\u1ecbch tr\u00ecnh h\u00e0ng tu\u1ea7n<\/strong><\/span><\/p>\n<\/td>\n<td>\n<p dir=\"ltr\"><span><strong>26 gi\u1edd<\/strong><\/span><\/p>\n<\/td>\n<td>\n<p dir=\"ltr\"><span><strong>26 gi\u1edd<\/strong><\/span><\/p>\n<\/td>\n<td>\n<p dir=\"ltr\"><span><strong>26 gi\u1edd<\/strong><\/span><\/p>\n<\/td>\n<\/tr>\n<tr>\n<td>C\u1ea5p<\/td>\n<td>\n<p dir=\"ltr\"><span><strong>L\u1edbp 1 v\u00e0 l\u1edbp 2<\/strong><\/span><\/p>\n<\/td>\n<td>\n<p dir=\"ltr\"><span><strong>L\u1edbp 3<\/strong><\/span><\/p>\n<\/td>\n<td>\n<p dir=\"ltr\"><span><strong>L\u1edbp 4 v\u00e0 l\u1edbp 5<\/strong><\/span><\/p>\n<\/td>\n<\/tr>\n<tr>\n<td>\n<p dir=\"ltr\"><span>TI\u1ebeNG VI\u1ec6T<\/span><\/p>\n<\/td>\n<td>\n<p dir=\"ltr\"><span>2 gi\u1edd<\/span><\/p>\n<\/td>\n<td>\n<p dir=\"ltr\"><span>2 gi\u1edd<\/span><\/p>\n<\/td>\n<td>\n<p dir=\"ltr\"><span>2 gi\u1edd<\/span><\/p>\n<\/td>\n<\/tr>\n<tr>\n<td>\n<p dir=\"ltr\"><span>TI\u1ebeNG ANH<\/span><\/p>\n<\/td>\n<td>\n<p dir=\"ltr\"><span>2 gi\u1edd<\/span><\/p>\n<\/td>\n<td>\n<p dir=\"ltr\"><span>2 gi\u1edd<\/span><\/p>\n<\/td>\n<td>\n<p dir=\"ltr\"><span>2 gi\u1edd<\/span><\/p>\n<\/td>\n<\/tr>\n<tr>\n<td>\n<p dir=\"ltr\"><span>EMILE (ti\u1ebfng Anh)<\/span><\/p>\n<\/td>\n<td>\n<p dir=\"ltr\"><span>2 x 45 ph\u00fat (Ngh\u1ec7 thu\u1eadt v\u00e0 QLM)<\/span><\/p>\n<\/td>\n<td>\n<p dir=\"ltr\"><span>2 x 1 gi\u1edd<\/span><\/p>\n<p dir=\"ltr\"><span>(Ngh\u1ec7 thu\u1eadt v\u00e0 QLM)<\/span><\/p>\n<\/td>\n<td>\n<p dir=\"ltr\"><span>2 x 1 gi\u1edd (Ngh\u1ec7 thu\u1eadt, Khoa h\u1ecdc v\u00e0 \u0110\u1ecba l\u00fd)<\/span><\/p>\n<\/td>\n<\/tr>\n<tr>\n<td>\n<p dir=\"ltr\"><span>EMILE (ti\u1ebfng Vi\u1ec7t) d\u00e0nh cho tr\u1ebb em Vi\u1ec7t Nam<\/span><\/p>\n<\/td>\n<td>\n<p dir=\"ltr\"><span>KH\u00d4NG<\/span><\/p>\n<\/td>\n<td>\n<p dir=\"ltr\"><span>KH\u00d4NG<\/span><\/p>\n<\/td>\n<td>\n<p dir=\"ltr\"><span>1 gi\u1edd (\u0111\u1ecba l\u00fd)<\/span><\/p>\n<\/td>\n<\/tr>\n<tr>\n<td>\n<p dir=\"ltr\"><span><strong>T\u1ed5ng s\u1ed1 ng\u00f4n ng\u1eef<\/strong><\/span><\/p>\n<\/td>\n<td>\n<p dir=\"ltr\"><span><strong>5 gi\u1edd 30<\/strong><\/span><\/p>\n<\/td>\n<td>\n<p dir=\"ltr\"><span><strong>6 gi\u1edd<\/strong><\/span><\/p>\n<\/td>\n<td>\n<p dir=\"ltr\"><span><strong>7 gi\u1edd<\/strong><\/span><\/p>\n<\/td>\n<\/tr>\n<tr>\n<td colspan=\"4\">\n<p dir=\"ltr\"><span><strong>Ch\u01b0\u01a1ng tr\u00ecnh d\u00e0nh cho sinh vi\u00ean kh\u00f4ng ph\u1ea3i ng\u01b0\u1eddi b\u1ea3n x\u1ee9 n\u00f3i ti\u1ebfng Ph\u00e1p (sinh vi\u00ean c\u00f3 ti\u1ebfng m\u1eb9 \u0111\u1ebb kh\u00f4ng ph\u1ea3i l\u00e0 ti\u1ebfng m\u1eb9 \u0111\u1ebb)<\/strong><\/span><\/p>\n<\/td>\n<\/tr>\n<tr>\n<td>\n<p dir=\"ltr\"><span>Ti\u1ebfng Ph\u00e1p chuy\u00ean s\u00e2u nh\u01b0 m\u1ed9t ngo\u1ea1i ng\u1eef<\/span><\/p>\n<p dir=\"ltr\"><span>Ti\u1ebfng Ph\u00e1p nh\u01b0 m\u1ed9t ngo\u1ea1i ng\u1eef<\/span><\/p>\n<\/td>\n<td>\n<p dir=\"ltr\"><span> <\/span><\/p>\n<p dir=\"ltr\"><span>10 gi\u1edd s\u00e1ng\/8 gi\u1edd s\u00e1ng\/6 gi\u1edd s\u00e1ng\/4 gi\u1edd s\u00e1ng\/2 gi\u1edd s\u00e1ng<\/span><\/p>\n<\/td>\n<td>\n<p dir=\"ltr\"><span> <\/span><\/p>\n<p dir=\"ltr\"><span>10 gi\u1edd s\u00e1ng\/8 gi\u1edd s\u00e1ng\/6 gi\u1edd s\u00e1ng\/4 gi\u1edd s\u00e1ng\/2 gi\u1edd s\u00e1ng<\/span><\/p>\n<\/td>\n<td>\n<p dir=\"ltr\"><span> <\/span><\/p>\n<p dir=\"ltr\"><span>10 gi\u1edd s\u00e1ng\/8 gi\u1edd s\u00e1ng\/6 gi\u1edd s\u00e1ng\/4 gi\u1edd s\u00e1ng\/2 gi\u1edd s\u00e1ng<\/span><\/p>\n<\/td>\n<\/tr>\n<tr>\n<td>\n<p dir=\"ltr\"><span>FLSco<\/span><\/p>\n<p dir=\"ltr\"><span>Ti\u1ebfng Ph\u00e1p l\u00e0 ng\u00f4n ng\u1eef gi\u1ea3ng d\u1ea1y<\/span><\/p>\n<\/td>\n<td>\n<p dir=\"ltr\"><span>CP: 3 gi\u1edd<\/span><\/p>\n<p dir=\"ltr\"><span>CE1: 2 gi\u1edd<\/span><\/p>\n<\/td>\n<td>\n<p dir=\"ltr\"><span>2 gi\u1edd<\/span><\/p>\n<\/td>\n<td>\n<p dir=\"ltr\"><span>2 gi\u1edd<\/span><\/p>\n<\/td>\n<\/tr>\n<\/tbody>\n<\/table>\n<\/figure>\n<\/div>\n<h2>Ba tr\u1ecdng t\u00e2m ch\u00ednh c\u1ee7a D\u1ef1 \u00e1n C\u01a1 s\u1edf 2025\u20132028 c\u1ee7a Tr\u01b0\u1eddng Qu\u1ed1c t\u1ebf Ph\u00e1p Boule & Billes g\u1ed3m:<\/h2>\n<h3>Th\u1ee9 1: Ti\u1ebfng Ph\u00e1p nh\u01b0 m\u1ed9t ph\u01b0\u01a1ng ti\u1ec7n gi\u00fap m\u1ecdi h\u1ecdc sinh th\u00e0nh c\u00f4ng<\/h3>\n<h4>M\u1ee5c ti\u00eau ch\u00ednh:<\/h4>\n<ul>\n<li>C\u1ea3i thi\u1ec7n kh\u1ea3 n\u0103ng nghe hi\u1ec3u (r\u00e8n luy\u1ec7n k\u1ef9 n\u0103ng l\u1eafng nghe).<\/li>\n<li>C\u1ea3i thi\u1ec7n k\u1ef9 n\u0103ng di\u1ec5n \u0111\u1ea1t b\u1eb1ng l\u1eddi n\u00f3i.<\/li>\n<li>Cung c\u1ea5p h\u01b0\u1edbng d\u1eabn t\u1eeb v\u1ef1ng r\u00f5 r\u00e0ng, ti\u1ebfn b\u1ed9 v\u00e0 c\u00f3 c\u1ea5u tr\u00fac.<\/li>\n<li>Cung c\u1ea5p c\u00e1c c\u1ea5u tr\u00fac ng\u00f4n ng\u1eef c\u00f3 c\u1ea5u tr\u00fac v\u00e0 khuy\u1ebfn kh\u00edch h\u1ecdc sinh di\u1ec5n \u0111\u1ea1t l\u1ea1i b\u1eb1ng l\u1eddi c\u1ee7a m\u00ecnh.<\/li>\n<li>X\u00e9t \u0111\u1ebfn t\u00ednh \u0111a ng\u00f4n ng\u1eef trong nh\u1eefng kh\u00f3 kh\u0103n v\u1ec1 c\u00fa ph\u00e1p.<\/li>\n<li>Khuy\u1ebfn kh\u00edch h\u1ecdc sinh b\u1eaft \u0111\u1ea7u vi\u1ebft t\u1eeb chu k\u1ef3 1 tr\u1edf \u0111i.<\/li>\n<li>X\u00e2y d\u1ef1ng m\u1ed9t h\u00e0nh tr\u00ecnh v\u0103n h\u1ecdc ti\u1ebfn b\u1ed9.<\/li>\n<\/ul>\n<h3>Tr\u1ee5c 2: X\u00e2y d\u1ef1ng h\u00e0nh tr\u00ecnh ngh\u1ec7 thu\u1eadt v\u00e0 v\u0103n h\u00f3a t\u1eadp th\u1ec3 v\u00e0 c\u00e1 nh\u00e2n<\/h3>\n<h4>M\u1ee5c ti\u00eau ch\u00ednh:<\/h4>\n<ul>\n<li>\u0110\u1ec1 xu\u1ea5t m\u1ed9t cu\u1ed9c kh\u00e1m ph\u00e1 theo chi\u1ec1u xo\u1eafn \u1ed1c v\u1ec1 10 lo\u1ea1i h\u00ecnh ngh\u1ec7 thu\u1eadt.<\/li>\n<li>\u0110\u1ec3 thu h\u00fat h\u1ecdc sinh tham gia v\u00e0o qu\u00e1 tr\u00ecnh s\u1ea3n xu\u1ea5t ngh\u1ec7 thu\u1eadt.<\/li>\n<li>\u0110\u1ec3 thu h\u00fat sinh vi\u00ean v\u00e0o qu\u00e1 tr\u00ecnh kh\u00e1m ph\u00e1 \"t\u1ea1i ch\u1ed7\".<\/li>\n<\/ul>\n<h4>Ch\u01b0\u01a1ng tr\u00ecnh ngh\u1ec7 thu\u1eadt v\u00e0 v\u0103n h\u00f3a \u0111\u01b0\u1ee3c<\/h4>\n<ul>\n<li><strong>Ti\u1ebfp c\u1eadn (Fr\u00e9quenter)<\/strong>: Tham d\u1ef1 m\u1ed9t bu\u1ed5i bi\u1ec3u di\u1ec5n tr\u1ef1c ti\u1ebfp, th\u0103m m\u1ed9t \u0111\u1ecba \u0111i\u1ec3m v\u0103n h\u00f3a, kh\u00e1m ph\u00e1 m\u1ed9t t\u00e1c ph\u1ea9m\/ngh\u1ec7 s\u0129, g\u1eb7p g\u1ee1 m\u1ed9t<br \/>chuy\u00ean gia ngh\u1ec7 thu\u1eadt v\u00e0 v\u0103n h\u00f3a.<\/li>\n<li><strong>Th\u1ef1c h\u00e0nh (Pratiquer)<\/strong>: Tr\u1ea3i nghi\u1ec7m ho\u1ea1t \u0111\u1ed9ng ngh\u1ec7 thu\u1eadt v\u1edbi m\u1ed9t ngh\u1ec7 s\u0129 ho\u1eb7c tr\u00ecnh b\u00e0y t\u00e1c ph\u1ea9m c\u1ee7a m\u00ecnh trong l\u1edbp.<\/li>\n<li><strong>Ti\u1ebfp nh\u1eadn (S\u2019approprier)<\/strong>: B\u00e0y t\u1ecf c\u1ea3m x\u00fac\/t\u00ecnh c\u1ea3m, v\u1eadn d\u1ee5ng ki\u1ebfn th\u1ee9c \u0111\u1ec3 s\u00e1ng t\u1ea1o ho\u1eb7c ph\u00e2n t\u00edch.<\/li>\n<\/ul>\n<h3>Th\u1ee9 3: Gi\u00e1o d\u1ee5c h\u1ecdc sinh tr\u1edf th\u00e0nh c\u00f4ng d\u00e2n c\u00f3 \u00fd th\u1ee9c, c\u00f3 tr\u00e1ch nhi\u1ec7m v\u00e0 s\u1ef1 g\u1eafn k\u1ebft v\u1edbi h\u00e0nh<br \/>tinh v\u00e0 s\u1ef1 s\u1ed1ng<\/h3>\n<h4>M\u1ee5c ti\u00eau ch\u00ednh:<\/h4>\n<ul>\n<li>Ph\u00e1t tri\u1ec3n k\u1ef9 n\u0103ng t\u00e2m l\u00fd x\u00e3 h\u1ed9i cho h\u1ecdc sinh.<\/li>\n<li>N\u00e2ng cao s\u1ee9c kh\u1ecfe t\u1ed5ng th\u1ec3 cho h\u1ecdc sinh trong 5 l\u0129nh v\u1ef1c (Gi\u00e1o d\u1ee5c dinh d\u01b0\u1ee1ng, Ph\u00f2ng ng\u1eeba nguy c\u01a1 t\u1eeb m\u00e0n h\u00ecnh v\u00e0 internet, Gi\u1ea5c ng\u1ee7, Th\u1ec3 thao, V\u1ec7 sinh).<\/li>\n<li>Gi\u00e1o d\u1ee5c v\u00ec s\u1ef1 ph\u00e1t tri\u1ec3n b\u1ec1n v\u1eefng v\u00e0 b\u1ea3o t\u1ed3n s\u1ef1 s\u1ed1ng.<\/li>\n<\/ul><\/div>\n\t\t\t<\/div>\n\t\t\t<\/div>\n\t\t\t\t\n\t\t\t\t\n\t\t\t\t\n\t\t\t\t\n\t\t\t<\/div>\n\t\t\t\t\n\t\t\t\t\n\t\t\t<\/div><\/p>\n","protected":false},"excerpt":{"rendered":"<p>D\u1ef1 \u00e1n tr\u01b0\u1eddng h\u1ecdc 2025-2028 cho tr\u01b0\u1eddng m\u1eabu gi\u00e1o v\u00e0 ti\u1ec3u h\u1ecdc Boule Et Billes. Ch\u00ednh s\u00e1ch ng\u00f4n ng\u1eef v\u00e0 d\u1ef1 \u00e1n gi\u00e1o d\u1ee5c. <\/p>\n","protected":false},"author":110,"featured_media":6112,"parent":0,"menu_order":0,"comment_status":"closed","ping_status":"closed","template":"","meta":{"_seopress_robots_primary_cat":"","_seopress_titles_title":"","_seopress_titles_desc":"","_seopress_robots_index":"yes","_et_pb_use_builder":"on","_et_pb_old_content":"","_et_gb_content_width":"","footnotes":""},"class_list":["post-6111","page","type-page","status-publish","has-post-thumbnail","hentry"],"_links":{"self":[{"href":"https:\/\/bouleetbilles.net\/vi\/wp-json\/wp\/v2\/pages\/6111","targetHints":{"allow":["GET"]}}],"collection":[{"href":"https:\/\/bouleetbilles.net\/vi\/wp-json\/wp\/v2\/pages"}],"about":[{"href":"https:\/\/bouleetbilles.net\/vi\/wp-json\/wp\/v2\/types\/page"}],"author":[{"embeddable":true,"href":"https:\/\/bouleetbilles.net\/vi\/wp-json\/wp\/v2\/users\/110"}],"replies":[{"embeddable":true,"href":"https:\/\/bouleetbilles.net\/vi\/wp-json\/wp\/v2\/comments?post=6111"}],"version-history":[{"count":12,"href":"https:\/\/bouleetbilles.net\/vi\/wp-json\/wp\/v2\/pages\/6111\/revisions"}],"predecessor-version":[{"id":8756,"href":"https:\/\/bouleetbilles.net\/vi\/wp-json\/wp\/v2\/pages\/6111\/revisions\/8756"}],"wp:featuredmedia":[{"embeddable":true,"href":"https:\/\/bouleetbilles.net\/vi\/wp-json\/wp\/v2\/media\/6112"}],"wp:attachment":[{"href":"https:\/\/bouleetbilles.net\/vi\/wp-json\/wp\/v2\/media?parent=6111"}],"curies":[{"name":"wp","href":"https:\/\/api.w.org\/{rel}","templated":true}]}}