{"id":6103,"date":"2018-05-28T12:24:20","date_gmt":"2018-05-28T05:24:20","guid":{"rendered":"https:\/\/bouleetbilles.net\/lich-hoc\/"},"modified":"2026-04-10T04:06:58","modified_gmt":"2026-04-10T04:06:58","slug":"calendrierscolaire","status":"publish","type":"page","link":"https:\/\/bouleetbilles.net\/vi\/calendrierscolaire\/","title":{"rendered":"L\u1ecbch h\u1ecdc"},"content":{"rendered":"<div class=\"et_pb_section_0 et_pb_section et_pb_fullwidth_section et_section_regular et_block_section\"><section class=\"et_pb_fullwidth_header_0 et_pb_fullwidth_header et_pb_bg_layout_dark et_pb_text_align_center et_pb_module et_flex_module\"><div class=\"et_pb_fullwidth_header_container center\"><div class=\"header-content-container center\"><div class=\"header-content et_flex_module\"><h1 class=\"et_pb_module_header\">L\u1ecbch h\u1ecdc<\/h1><span class=\"et_pb_fullwidth_header_subhead\">L\u1ecbch h\u1ecdc, k\u1ef3 ngh\u1ec9 h\u1ecdc v\u00e0 ng\u00e0y ngh\u1ec9 l\u1ec5 \u0111\u01b0\u1ee3c theo d\u00f5i b\u1edfi Tr\u01b0\u1eddng Qu\u1ed1c t\u1ebf Ph\u00e1p Boule & Billes<\/span><div class=\"et_pb_header_button_wrapper\"><a class=\"et_pb_button et_pb_more_button et_pb_button_one\" href=\"#dt-tabs|1\">Calendrier cr\u00e8che<\/a><a class=\"et_pb_button et_pb_more_button et_pb_button_two\" href=\"#dt-tabs|2\">Calendrier \u00e9cole<\/a><\/div><\/div><\/div><\/div><div class=\"et_pb_fullwidth_header_overlay\"><\/div><div class=\"et_pb_fullwidth_header_scroll\"><a class=\"scroll-down-container\" href=\"#\"><span class=\"scroll-down et-pb-icon\">;<\/span><\/a><\/div><\/section><\/div><div class=\"et_pb_section_1 et_pb_section et_section_regular et_block_section\" id=\"th\u00f4ng tin\"><div class=\"et_pb_row_0 et_pb_row et_block_row\"><div class=\"et_pb_column_0 et_pb_column et_pb_column_4_4 et-last-child et_block_column et_pb_css_mix_blend_mode_passthrough\"><div class=\"et_pb_tabs_0 et_pb_tabs et_pb_module\" id=\"dt-tabs\"><ul class=\"et_pb_tabs_controls clearfix\"><li class=\"et_pb_tab_nav_item_0 et_pb_tab_nav_item et_pb_tab_0 et_pb_tab_active\"><a class=\"et_pb_tab_nav_item_link\" href=\"#\">Gi\u1edbi thi\u1ec7u<\/a><\/li><li class=\"et_pb_tab_nav_item_1 et_pb_tab_nav_item et_pb_tab_1\"><a class=\"et_pb_tab_nav_item_link\" href=\"#\">Xem l\u1ecbch c\u1ee7a nh\u00e0 tr\u1ebb<\/a><\/li><li class=\"et_pb_tab_nav_item_2 et_pb_tab_nav_item et_pb_tab_2\"><a class=\"et_pb_tab_nav_item_link\" href=\"#\">Xem l\u1ecbch h\u1ecdc c\u1ee7a tr\u01b0\u1eddng<\/a><\/li><\/ul><div class=\"et_pb_all_tabs\"><div class=\"et_pb_tab_0 et_pb_tab clearfix et_pb_active_content et_pb_module et_block_module\"><div class=\"et_pb_tab_content\"><h2 class=\"white\">Nh\u1eefng \u0111i\u1ec3m c\u1ea7n nh\u1edb v\u1ec1 l\u1ecbch h\u1ecdc c\u1ee7a tr\u01b0\u1eddng:<\/h2>\n<ul>\n<li>Boule et Billes tu\u00e2n theo l\u1ecbch h\u1ecdc c\u1ee7a Ph\u00e1p, c\u1ee5 th\u1ec3 h\u01a1n l\u00e0 <strong>Khu v\u1ef1c A.<\/strong> Th\u00f4ng tin chi ti\u1ebft h\u01a1n c\u00f3 th\u1ec3 \u0111\u01b0\u1ee3c t\u00ecm th\u1ea5y tr\u00ean <a href=\"https:\/\/www.service-public.fr\/particuliers\/vosdroits\/F31952\" target=\"_blank\" rel=\"noopener\">trang web ch\u00ednh th\u1ee9c c\u1ee7a S\u1edf Gi\u00e1o d\u1ee5c<\/a> . <\/li>\n<li>N\u0103m h\u1ecdc m\u1edbi th\u01b0\u1eddng b\u1eaft \u0111\u1ea7u v\u00e0o tu\u1ea7n \u0111\u1ea7u ti\u00ean c\u1ee7a th\u00e1ng Ch\u00edn.<\/li>\n<li>N\u0103m h\u1ecdc k\u1ebft th\u00fac v\u00e0o tu\u1ea7n cu\u1ed1i c\u00f9ng c\u1ee7a th\u00e1ng S\u00e1u.<\/li>\n<li>Trong khi \u0111\u00f3, c\u00e1c l\u1edbp h\u1ecdc v\u00e0 <a href=\"https:\/\/bouleetbilles.net\/vi\/hoat-dong-ngoai-khoa\/\">c\u00e1c ho\u1ea1t \u0111\u1ed9ng ngo\u1ea1i kh\u00f3a kh\u00e1c<\/a> di\u1ec5n ra t\u1eeb th\u1ee9 Hai \u0111\u1ebfn th\u1ee9 S\u00e1u. Kh\u00f4ng c\u00f3 l\u1edbp h\u1ecdc v\u00e0o th\u1ee9 B\u1ea3y.<\/li>\n<li>C\u00e1c ng\u00e0y ngh\u1ec9 h\u1ecdc l\u00e0:\n<ul>\n<li>K\u1ef3 ngh\u1ec9 L\u1ec5 C\u00e1c Th\u00e1nh (hai tu\u1ea7n, t\u1eeb cu\u1ed1i th\u00e1ng M\u01b0\u1eddi \u0111\u1ebfn \u0111\u1ea7u th\u00e1ng M\u01b0\u1eddi M\u1ed9t)<\/li>\n<li>K\u1ef3 ngh\u1ec9 Gi\u00e1ng sinh (hai tu\u1ea7n, t\u1eeb cu\u1ed1i th\u00e1ng 12 \u0111\u1ebfn \u0111\u1ea7u th\u00e1ng 1)<\/li>\n<li>K\u1ef3 ngh\u1ec9 \u0111\u00f4ng (hai tu\u1ea7n. Ng\u00e0y c\u1ee5 th\u1ec3 thay \u0111\u1ed5i h\u00e0ng n\u0103m: t\u1eeb th\u00e1ng Hai \u0111\u1ebfn th\u00e1ng Ba)<\/li>\n<li>K\u1ef3 ngh\u1ec9 xu\u00e2n (hai tu\u1ea7n. Ng\u00e0y c\u1ee5 th\u1ec3 thay \u0111\u1ed5i h\u00e0ng n\u0103m: t\u1eeb th\u00e1ng T\u01b0 \u0111\u1ebfn th\u00e1ng N\u0103m)<\/li>\n<li>K\u1ef3 ngh\u1ec9 h\u00e8 (hai th\u00e1ng, th\u00e1ng B\u1ea3y v\u00e0 th\u00e1ng T\u00e1m)<\/li>\n<\/ul>\n<\/li>\n<li>Trong th\u1eddi gian ngh\u1ec9 h\u1ecdc, tr\u01b0\u1eddng m\u1edf <a href=\"https:\/\/bouleetbilles.net\/vi\/hoi-trai\/\">trung t\u00e2m gi\u1ea3i tr\u00ed<\/a> v\u00e0o c\u00e1c ng\u00e0y trong tu\u1ea7n cho t\u1ea5t c\u1ea3 h\u1ecdc sinh, kh\u00f4ng ch\u1ec9 nh\u1eefng em \u0111\u00e3 \u0111\u0103ng k\u00fd v\u1edbi Boule et Billes.<\/li>\n<li>Nh\u00e0 tr\u01b0\u1eddng c\u0169ng ngh\u1ec9 c\u00e1c ng\u00e0y l\u1ec5 \u0111\u1ecba ph\u01b0\u01a1ng theo \u0110i\u1ec1u 112 B\u1ed9 lu\u1eadt Lao \u0111\u1ed9ng Vi\u1ec7t Nam. C\u1ee5 th\u1ec3, nh\u00e0 tr\u01b0\u1eddng c\u00f3 th\u00eam c\u00e1c ng\u00e0y ngh\u1ec9 sau:\n<ul>\n<li>\u2248 m\u1ed9t tu\u1ea7n cho \"T\u1ebft \u00c2m l\u1ecbch\" hay T\u1ebft Nguy\u00ean \u0111\u00e1n v\u00e0o th\u00e1ng Gi\u00eang, th\u00e1ng Hai ho\u1eb7c th\u00e1ng Ba.<\/li>\n<li>1 ng\u00e0y t\u01b0\u1edfng nh\u1edb c\u00e1c vua H\u00f9ng V\u01b0\u01a1ng (Ng\u00e0y Gi\u1ed7 T\u1ed5 H\u00f9ng V\u01b0\u01a1ng) r\u01a1i v\u00e0o gi\u1eefa th\u00e1ng 3 v\u00e0 th\u00e1ng 4.<\/li>\n<li>1 ng\u00e0y 30\/4 l\u00e0 Ng\u00e0y th\u1ed1ng nh\u1ea5t \u0111\u1ea5t n\u01b0\u1edbc (Ng\u00e0y Chi\u1ebfn th\u1eafng)<\/li>\n<li>Ng\u00e0y 1 th\u00e1ng 5, ng\u00e0y Qu\u1ed1c t\u1ebf Lao \u0111\u1ed9ng.<\/li>\n<li>C\u00f2n 2 ng\u00e0y n\u1eefa l\u00e0 \u0111\u1ebfn ng\u00e0y 2 th\u00e1ng 9, ng\u00e0y Qu\u1ed1c kh\u00e1nh.<\/li>\n<\/ul>\n<\/li>\n<\/ul>\n<\/div><\/div><div class=\"et_pb_tab_1 et_pb_tab clearfix et_pb_module et_block_module\"><div class=\"et_pb_tab_content\"><h2>L\u1ecbch nh\u00e0 tr\u1ebb<\/h2>\n<p><img decoding=\"async\" src=\"https:\/\/bouleetbilles.net\/wp-content\/uploads\/2025\/03\/calendrier-2025-2026-boule-et-billes-ecole-francaise-vietnam-creche.webp\" width=\"2142\" height=\"1296\" alt=\"L\u1ecbch n\u0103m h\u1ecdc 2025-2026, qu\u1ea3 c\u1ea7u v\u00e0 bi, tr\u01b0\u1eddng h\u1ecdc Ph\u00e1p, nh\u00e0 tr\u1ebb Vi\u1ec7t Nam.\" class=\"wp-image-7709 aligncenter size-full\" srcset=\"https:\/\/bouleetbilles.net\/wp-content\/uploads\/2025\/03\/calendrier-2025-2026-boule-et-billes-ecole-francaise-vietnam-creche.webp 2142w, https:\/\/bouleetbilles.net\/wp-content\/uploads\/2025\/03\/calendrier-2025-2026-boule-et-billes-ecole-francaise-vietnam-creche-1280x774.webp 1280w, https:\/\/bouleetbilles.net\/wp-content\/uploads\/2025\/03\/calendrier-2025-2026-boule-et-billes-ecole-francaise-vietnam-creche-980x593.webp 980w, https:\/\/bouleetbilles.net\/wp-content\/uploads\/2025\/03\/calendrier-2025-2026-boule-et-billes-ecole-francaise-vietnam-creche-480x290.webp 480w\" sizes=\"(min-width: 0px) and (max-width: 480px) 480px, (min-width: 481px) and (max-width: 980px) 980px, (min-width: 981px) and (max-width: 1280px) 1280px, (min-width: 1281px) 2142px, 100vw\" \/><\/p>\n<p>&nbsp;<\/p>\n<\/div><\/div><div class=\"et_pb_tab_2 et_pb_tab clearfix et_pb_module et_block_module\"><div class=\"et_pb_tab_content\"><h2>L\u1ecbch h\u1ecdc c\u1ee7a tr\u01b0\u1eddng m\u1eabu gi\u00e1o v\u00e0 ti\u1ec3u h\u1ecdc:<\/h2>\n<p><img decoding=\"async\" src=\"https:\/\/bouleetbilles.net\/wp-content\/uploads\/2025\/03\/calendrier-2025-2026-boule-et-billes-ecole-francaise-vietnam-primaire-et-maternelle.webp\" width=\"1460\" height=\"900\" alt=\"L\u1ecbch n\u0103m h\u1ecdc 2025-2026, b\u00f3ng v\u00e0 bi, tr\u01b0\u1eddng h\u1ecdc Ph\u00e1p, Vi\u1ec7t Nam, ti\u1ec3u h\u1ecdc v\u00e0 m\u1eabu gi\u00e1o\" class=\"wp-image-7712 aligncenter size-full\" srcset=\"https:\/\/bouleetbilles.net\/wp-content\/uploads\/2025\/03\/calendrier-2025-2026-boule-et-billes-ecole-francaise-vietnam-primaire-et-maternelle.webp 1460w, https:\/\/bouleetbilles.net\/wp-content\/uploads\/2025\/03\/calendrier-2025-2026-boule-et-billes-ecole-francaise-vietnam-primaire-et-maternelle-1280x789.webp 1280w, https:\/\/bouleetbilles.net\/wp-content\/uploads\/2025\/03\/calendrier-2025-2026-boule-et-billes-ecole-francaise-vietnam-primaire-et-maternelle-980x604.webp 980w, https:\/\/bouleetbilles.net\/wp-content\/uploads\/2025\/03\/calendrier-2025-2026-boule-et-billes-ecole-francaise-vietnam-primaire-et-maternelle-480x296.webp 480w\" sizes=\"(min-width: 0px) and (max-width: 480px) 480px, (min-width: 481px) and (max-width: 980px) 980px, (min-width: 981px) and (max-width: 1280px) 1280px, (min-width: 1281px) 1460px, 100vw\" \/><\/p>\n<\/div><\/div><\/div><\/div><\/div><\/div><div class=\"et_pb_row_1 et_pb_row et-vb-row--no-module et_block_row\"><div class=\"et_pb_column_1 et_pb_column et_pb_column_4_4 et-last-child et_block_column et_pb_column_empty et_pb_css_mix_blend_mode_passthrough\"><\/div><\/div><\/div>","protected":false},"excerpt":{"rendered":"<p>L\u1ecbch h\u1ecdc, k\u1ef3 ngh\u1ec9 h\u1ecdc v\u00e0 ng\u00e0y l\u1ec5 \u0111\u01b0\u1ee3c theo d\u00f5i b\u1edfi tr\u01b0\u1eddng Boule et Billes, bao g\u1ed3m c\u00e1c ng\u00e0y h\u1ecdc ch\u00ednh th\u1ee9c c\u1ee7a n\u0103m hi\u1ec7n t\u1ea1i v\u00e0 c\u00e1c th\u00f4ng tin kh\u00e1c.<\/p>\n","protected":false},"author":110,"featured_media":6104,"parent":0,"menu_order":0,"comment_status":"closed","ping_status":"closed","template":"","meta":{"_seopress_robots_primary_cat":"","_seopress_titles_title":"","_seopress_titles_desc":"","_seopress_robots_index":"","footnotes":""},"class_list":["post-6103","page","type-page","status-publish","has-post-thumbnail","hentry"],"_links":{"self":[{"href":"https:\/\/bouleetbilles.net\/vi\/wp-json\/wp\/v2\/pages\/6103","targetHints":{"allow":["GET"]}}],"collection":[{"href":"https:\/\/bouleetbilles.net\/vi\/wp-json\/wp\/v2\/pages"}],"about":[{"href":"https:\/\/bouleetbilles.net\/vi\/wp-json\/wp\/v2\/types\/page"}],"author":[{"embeddable":true,"href":"https:\/\/bouleetbilles.net\/vi\/wp-json\/wp\/v2\/users\/110"}],"replies":[{"embeddable":true,"href":"https:\/\/bouleetbilles.net\/vi\/wp-json\/wp\/v2\/comments?post=6103"}],"version-history":[{"count":27,"href":"https:\/\/bouleetbilles.net\/vi\/wp-json\/wp\/v2\/pages\/6103\/revisions"}],"predecessor-version":[{"id":9595,"href":"https:\/\/bouleetbilles.net\/vi\/wp-json\/wp\/v2\/pages\/6103\/revisions\/9595"}],"wp:featuredmedia":[{"embeddable":true,"href":"https:\/\/bouleetbilles.net\/vi\/wp-json\/wp\/v2\/media\/6104"}],"wp:attachment":[{"href":"https:\/\/bouleetbilles.net\/vi\/wp-json\/wp\/v2\/media?parent=6103"}],"curies":[{"name":"wp","href":"https:\/\/api.w.org\/{rel}","templated":true}]}}