{"id":5736,"date":"2024-04-21T19:26:50","date_gmt":"2024-04-21T12:26:50","guid":{"rendered":"https:\/\/bouleetbilles.net\/quy-trinh-chong-o-nhiem-khong-khi\/"},"modified":"2026-03-24T09:10:58","modified_gmt":"2026-03-24T02:10:58","slug":"quy-trinh-chong-o-nhiem-khong-khi","status":"publish","type":"page","link":"https:\/\/bouleetbilles.net\/vi\/quy-trinh-chong-o-nhiem-khong-khi\/","title":{"rendered":"Quy tri\u0300nh cho\u0302\u0301ng o\u0302 nhie\u0302\u0303m kho\u0302ng khi\u0301"},"content":{"rendered":"<div class=\"et_d4_element et_pb_section et_pb_section_0  et_pb_css_mix_blend_mode et_section_regular et_block_section\" >\n\t\t\t\t\n\t\t\t\t\n\t\t\t\t\n\t\t\t\t\n\t\t\t\t\n\t\t\t\t\n\t\t\t\t<div class=\"et_d4_element et_pb_row et_pb_row_0  et_pb_css_mix_blend_mode et_block_row\">\n\t\t\t\t<div class=\"et_d4_element et_pb_column_4_4 et_pb_column et_pb_column_0  et_pb_css_mix_blend_mode et-last-child et_block_column\">\n\t\t\t\t\n\t\t\t\t\n\t\t\t\t\n\t\t\t\t\n\t\t\t\t<div class=\"et_pb_module et_d4_element et_pb_text et_pb_text_0  et_pb_text_align_left et_pb_bg_layout_light\">\n\t\t\t\t\n\t\t\t\t\n\t\t\t\t\n\t\t\t\t\n\t\t\t\t<div class=\"et_pb_text_inner\"><h2>Quy tr\u00ecnh \u1ee9ng ph\u00f3 \u00f4 nhi\u1ec5m kh\u00f4ng kh\u00ed<\/h2>\n<h3>Nh\u1eefng bi\u1ec7n ph\u00e1p n\u00e0o \u0111\u01b0\u1ee3c \u00e1p d\u1ee5ng trong tr\u01b0\u1eddng h\u1ee3p x\u1ea3y ra \u00f4 nhi\u1ec5m m\u00f4i tr\u01b0\u1eddng?\u00a0\u00a0<\/h3>\n<ul>\n<li><strong>0 &lt; AQI &lt; 50 (Ch\u1ea5t l\u01b0\u1ee3ng kh\u00f4ng kh\u00ed t\u1ed1t)<\/strong>: Ho\u1ea1t \u0111\u1ed9ng ngo\u00e0i tr\u1eddi b\u00ecnh th\u01b0\u1eddng cho t\u1ea5t c\u1ea3 m\u1ecdi ng\u01b0\u1eddi.<\/li>\n<li><strong>51 &lt; AQI &lt; 100 (M\u1ee9c \u0111\u1ed9 trung b\u00ecnh)<\/strong>: Ho\u1ea1t \u0111\u1ed9ng ngo\u00e0i tr\u1eddi b\u00ecnh th\u01b0\u1eddng cho t\u1ea5t c\u1ea3 m\u1ecdi ng\u01b0\u1eddi.<\/li>\n<li><strong>101 &lt; AQI &lt; 150 (Kh\u00f4ng t\u1ed1t cho nh\u1eefng ng\u01b0\u1eddi nh\u1ea1y c\u1ea3m)<\/strong>: Ho\u1ea1t \u0111\u1ed9ng ngo\u00e0i tr\u1eddi h\u1ea1n ch\u1ebf cho nh\u1eefng ng\u01b0\u1eddi nh\u1ea1y c\u1ea3m.<\/li>\n<li><strong>151 &lt; AQI &lt; 170 (C\u00f3 h\u1ea1i cho s\u1ee9c kh\u1ecfe)<\/strong>: Ho\u1ea1t \u0111\u1ed9ng ngo\u00e0i tr\u1eddi b\u1ecb gi\u1edbi h\u1ea1n 2 l\u1ea7n 15 ph\u00fat m\u1ed7i ng\u00e0y cho tr\u1ebb m\u1ea7m non v\u00e0 m\u1eabu gi\u00e1o, t\u1ea1m d\u1eebng cho c\u00e1c h\u1ecdc sinh kh\u00e1c c\u00f3 v\u1ea5n \u0111\u1ec1 v\u1ec1 h\u00f4 h\u1ea5p.<\/li>\n<li><strong>171 &lt; AQI &lt; 200 (R\u1ea5t x\u1ea5u)<\/strong>: Ho\u1ea1t \u0111\u1ed9ng ngo\u00e0i tr\u1eddi b\u1ecb t\u1ea1m d\u1eebng cho tr\u1ebb m\u1ea7m non, m\u1eabu gi\u00e1o v\u00e0 h\u1ecdc sinh c\u00f3 v\u1ea5n \u0111\u1ec1 v\u1ec1 h\u00f4 h\u1ea5p.<\/li>\n<li><strong>201 &lt; AQI &lt; 300 (Nguy hi\u1ec3m)<\/strong>: Ho\u1ea1t \u0111\u1ed9ng ngo\u00e0i tr\u1eddi b\u1ecb t\u1ea1m d\u1eebng cho t\u1ea5t c\u1ea3 h\u1ecdc sinh (m\u1ea7m non, m\u1eabu gi\u00e1o v\u00e0 ti\u1ec3u h\u1ecdc).<\/li>\n<\/ul><\/div>\n\t\t\t<\/div><div class=\"et_pb_button_module_wrapper et_pb_button_0_wrapper et_pb_button_alignment_center et_pb_module \">\n\t\t\t\t<a class=\"et_pb_button et_d4_element et_pb_button_0 et_pb_bg_layout_light et_block_module\" href=\"https:\/\/bouleetbilles.net\/wp-content\/uploads\/2025\/04\/Protocole-pollution-FR-VN-EN-03.2025.pdf\" target=\"_blank\" data-icon=\"\ue092\">Xem PDF<\/a>\n\t\t\t<\/div>\n\t\t\t<\/div>\n\t\t\t\t\n\t\t\t\t\n\t\t\t\t\n\t\t\t\t\n\t\t\t<\/div>\n\t\t\t\t\n\t\t\t\t\n\t\t\t<\/div>\n","protected":false},"excerpt":{"rendered":"<p>Tr\u01b0\u1eddng qu\u1ed1c t\u1ebf Ph\u00e1p t\u1ea1i Vi\u1ec7t Nam Boule et Billes th\u1ef1c hi\u1ec7n nh\u1eefng bi\u1ec7n ph\u00e1p g\u00ec khi m\u1ee9c \u0111\u1ed9 \u00f4 nhi\u1ec5m qu\u00e1 cao \u1edf S\u00e0i G\u00f2n?<\/p>\n","protected":false},"author":110,"featured_media":5737,"parent":0,"menu_order":0,"comment_status":"closed","ping_status":"closed","template":"","meta":{"_seopress_robots_primary_cat":"","_seopress_titles_title":"","_seopress_titles_desc":"Tr\u01b0\u1eddng qu\u1ed1c t\u1ebf Ph\u00e1p t\u1ea1i Vi\u1ec7t Nam Boule et Billes th\u1ef1c hi\u1ec7n nh\u1eefng bi\u1ec7n ph\u00e1p g\u00ec khi m\u1ee9c \u0111\u1ed9 \u00f4 nhi\u1ec5m qu\u00e1 cao \u1edf S\u00e0i G\u00f2n?","_seopress_robots_index":"","_et_pb_use_builder":"on","_et_pb_old_content":"","_et_gb_content_width":"","footnotes":""},"class_list":["post-5736","page","type-page","status-publish","has-post-thumbnail","hentry"],"_links":{"self":[{"href":"https:\/\/bouleetbilles.net\/vi\/wp-json\/wp\/v2\/pages\/5736","targetHints":{"allow":["GET"]}}],"collection":[{"href":"https:\/\/bouleetbilles.net\/vi\/wp-json\/wp\/v2\/pages"}],"about":[{"href":"https:\/\/bouleetbilles.net\/vi\/wp-json\/wp\/v2\/types\/page"}],"author":[{"embeddable":true,"href":"https:\/\/bouleetbilles.net\/vi\/wp-json\/wp\/v2\/users\/110"}],"replies":[{"embeddable":true,"href":"https:\/\/bouleetbilles.net\/vi\/wp-json\/wp\/v2\/comments?post=5736"}],"version-history":[{"count":25,"href":"https:\/\/bouleetbilles.net\/vi\/wp-json\/wp\/v2\/pages\/5736\/revisions"}],"predecessor-version":[{"id":7964,"href":"https:\/\/bouleetbilles.net\/vi\/wp-json\/wp\/v2\/pages\/5736\/revisions\/7964"}],"wp:featuredmedia":[{"embeddable":true,"href":"https:\/\/bouleetbilles.net\/vi\/wp-json\/wp\/v2\/media\/5737"}],"wp:attachment":[{"href":"https:\/\/bouleetbilles.net\/vi\/wp-json\/wp\/v2\/media?parent=5736"}],"curies":[{"name":"wp","href":"https:\/\/api.w.org\/{rel}","templated":true}]}}