{"id":5447,"date":"2020-03-20T09:16:33","date_gmt":"2020-03-20T02:16:33","guid":{"rendered":"https:\/\/bouleetbilles.net\/bieu-gia\/"},"modified":"2026-03-24T09:10:38","modified_gmt":"2026-03-24T02:10:38","slug":"bieu-gia","status":"publish","type":"page","link":"https:\/\/bouleetbilles.net\/vi\/bieu-gia\/","title":{"rendered":"Bi\u1ec3u gi\u00e1"},"content":{"rendered":"<p><div class=\"et_d4_element et_pb_section et_pb_section_0  et_pb_css_mix_blend_mode et_pb_fullwidth_section et_section_regular et_block_section\" >\n\t\t\t\t\n\t\t\t\t\n\t\t\t\t\n\t\t\t\t\n\t\t\t\t\n\t\t\t\t\n\t\t\t\t<section class=\"et_pb_module et_d4_element et_pb_fullwidth_header et_pb_fullwidth_header_0  et_pb_css_mix_blend_mode et_pb_text_align_center et_pb_bg_layout_dark\">\n\t\t\t\t\n\t\t\t\t\n\t\t\t\t\n\t\t\t\t\n\t\t\t\t<div class=\"et_pb_fullwidth_header_container center\">\n\t\t\t\t\t<div class=\"header-content-container center\">\n\t\t\t\t\t<div class=\"header-content\">\n\t\t\t\t\t\t\n\t\t\t\t\t\t<h1 class=\"et_pb_module_header\">Ki\u1ec3m tra t\u1ef7 gi\u00e1 2026-2027 t\u1ea1i Boule et Billes<\/h1>\n\t\t\t\t\t\t<span class=\"et_pb_fullwidth_header_subhead\">Chu\u1ea9n b\u1ecb m\u1ed9t c\u00e1ch y\u00ean t\u00e2m cho vi\u1ec7c \u0111\u0103ng k\u00fd t\u01b0\u01a1ng lai c\u1ee7a b\u1ea1n t\u1ea1i tr\u01b0\u1eddng h\u1ecdc Ph\u00e1p c\u1ee7a ch\u00fang t\u00f4i t\u1ea1i Vi\u1ec7t Nam.<\/span>\n\t\t\t\t\t\t<div class=\"et_pb_header_content_wrapper\"><\/div>\n\t\t\t\t\t\t<a class=\"et_pb_button et_pb_more_button et_pb_button_one\" href=\"https:\/\/bouleetbilles.net\/vi\/lien-he-voi-chung-toi\/\">Li\u00ean h\u1ec7 v\u1edbi ch\u00fang t\u00f4i<\/a><a class=\"et_pb_button et_pb_more_button et_pb_button_two\" href=\"https:\/\/bouleetbilles.net\/vi\/dang-ky-ho-so-dang-ky\/\">Ho\u00e0n th\u00e0nh m\u1eabu \u0111\u0103ng k\u00fd<\/a>\n\t\t\t\t\t<\/div>\n\t\t\t\t<\/div>\n\t\t\t\t\t\n\t\t\t\t<\/div>\n\t\t\t\t<div class=\"et_pb_fullwidth_header_overlay\"><\/div>\n\t\t\t\t<div class=\"et_pb_fullwidth_header_scroll\"><a href=\"#\" class=\"scroll-down-container\">\n\t\t\t\t\t<span class=\"scroll-down et-pb-icon\">;<\/span>\n\t\t\t\t\t\n\t\t\t\t\t\n\t\t\t\t<\/a><\/div>\n\t\t\t<\/section>\n\t\t\t\t\n\t\t\t\t\n\t\t\t<\/div><div class=\"et_d4_element et_pb_section et_pb_section_1  et_pb_css_mix_blend_mode et_section_regular et_block_section\" >\n\t\t\t\t\n\t\t\t\t\n\t\t\t\t\n\t\t\t\t\n\t\t\t\t\n\t\t\t\t\n\t\t\t\t<div class=\"et_d4_element et_pb_row et_pb_row_0  et_pb_css_mix_blend_mode et_block_row\">\n\t\t\t\t<div class=\"et_d4_element et_pb_column_4_4 et_pb_column et_pb_column_0  et_pb_css_mix_blend_mode et-last-child et_block_column\">\n\t\t\t\t\n\t\t\t\t\n\t\t\t\t\n\t\t\t\t\n\t\t\t\t<div id=\"dt-tabs\" class=\"et_pb_module et_d4_element et_pb_tabs et_pb_tabs_0 \" >\n\t\t\t\t\n\t\t\t\t\n\t\t\t\t\n\t\t\t\t\n\t\t\t\t<ul class=\"et_pb_tabs_controls clearfix\">\n\t\t\t\t\t<li class=\"et_pb_tab_0 et_pb_tab_active\"><a href=\"#\">Nh\u00e0 Tr\u1ebb<\/a><\/li><li class=\"et_pb_tab_1\"><a href=\"#\">M\u1eabu gi\u00e1o, Ti\u1ec3u h\u1ecdc<\/a><\/li><li class=\"et_pb_tab_2\"><a href=\"#\">D\u1ecbch v\u1ee5 \u0110\u01b0a \u0111\u00f3n<\/a><\/li><li class=\"et_pb_tab_3\"><a href=\"#\">Ho\u1ea1t \u0111\u1ed9ng ngo\u1ea1i kh\u00f3a<\/a><\/li><li class=\"et_pb_tab_4\"><a href=\"#\">D\u1ecbch v\u1ee5 gi\u1eef tr\u1ebb<\/a><\/li><li class=\"et_pb_tab_5\"><a href=\"#\">Tr\u1ea1i H\u00e8<\/a><\/li><li class=\"et_pb_tab_6\"><a href=\"#\">L\u1edbp h\u1ecdc ti\u1ebfng Ph\u00e1p (FLE\/FLSCO)<\/a><\/li>\n\t\t\t\t<\/ul>\n\t\t\t\t<div class=\"et_pb_all_tabs\">\n\t\t\t\t\t<div class=\"et_d4_element et_pb_tab et_pb_tab_0 clearfix et_pb_active_content\">\n\t\t\t\t\n\t\t\t\t\n\t\t\t\t\n\t\t\t\t\n\t\t\t\t<div class=\"et_pb_tab_content\"><h2>H\u1ecdc ph\u00ed nh\u00e0 tr\u1ebb n\u0103m h\u1ecdc 2026-2027<\/h2>\n<h3>Ph\u00ed \u0111\u0103ng k\u00fd v\u00e0 chi ph\u00ed h\u00e0nh ch\u00ednh<\/h3>\n<ul>\n<li><strong>L\u1ec7 ph\u00ed \u0111\u0103ng k\u00fd ban \u0111\u1ea7u: 10.500.000 VND<\/strong> . L\u1ec7 ph\u00ed \u0111\u0103ng k\u00fd ph\u1ea3i \u0111\u01b0\u1ee3c thanh to\u00e1n khi \u0111\u0103ng k\u00fd l\u1ea7n \u0111\u1ea7u. M\u1ed7i gia \u0111\u00ecnh ch\u1ec9 \u0111\u01b0\u1ee3c \u0111\u0103ng k\u00fd m\u1ed9t l\u1ea7n.  <\/li>\n<li><strong>L\u1ec7 ph\u00ed h\u00e0nh ch\u00ednh: 5.100.000 VND<\/strong> , bao g\u1ed3m m\u1ed9t l\u1ea7n kh\u00e1m s\u1ee9c kh\u1ecfe v\u00e0 b\u1ea3o hi\u1ec3m tr\u00e1ch nhi\u1ec7m d\u00e2n s\u1ef1 b\u1eaft bu\u1ed9c. \u00c1p d\u1ee5ng cho m\u1ed7i tr\u1ebb\/n\u0103m. <\/li>\n<li>V\u1edbi ph\u01b0\u01a1ng \u00e1n mua v\u00e9, ch\u1ec9 c\u1ea7n tr\u1ea3 ph\u00ed h\u00e0nh ch\u00ednh.<\/li>\n<li>Kh\u00f4ng ho\u00e0n ti\u1ec1n trong tr\u01b0\u1eddng h\u1ee3p v\u1eafng m\u1eb7t ( <em>ngo\u1ea1i tr\u1eeb v\u00e9 nh\u00e0 tr\u1ebb<\/em> ).<\/li>\n<li>Ph\u00ed \u0111\u0103ng k\u00fd v\u00e0 ph\u00ed h\u00e0nh ch\u00ednh kh\u00f4ng \u0111\u01b0\u1ee3c ho\u00e0n tr\u1ea3.<\/li>\n<\/ul>\n<h3>H\u1ecdc ph\u00ed<\/h3>\n<ul>\n<li><strong>Tr\u1ecdn ng\u00e0y: 149.000.000 VND<\/strong><\/li>\n<li><strong>Bu\u1ed5i s\u00e1ng: 115.000.000 VND<\/strong><\/li>\n<li>Ph\u1ee5 ph\u00ed bu\u1ed5i chi\u1ec1u: 250.000 VND<\/li>\n<li><strong>Gi\u00e1 v\u00e9 (bao g\u1ed3m b\u1eefa \u0103n)<\/strong><\/li>\n<li><strong>Tr\u1ecdn g\u00f3i<\/strong> (bao g\u1ed3m \u0111\u1ed3 \u0103n nh\u1eb9): <strong>1.040.000 VND<\/strong><\/li>\n<li><strong>Bu\u1ed5i s\u00e1ng<\/strong> : <strong>800.000 VND<\/strong><\/li>\n<li>\u0110\u1ed1i v\u1edbi tr\u1ebb em t\u1eeb 6 \u0111\u1ebfn 12 th\u00e1ng tu\u1ed5i, c\u1ed9ng th\u00eam 15%. Gi\u1ea3m tr\u1eeb 15% theo t\u1ef7 l\u1ec7 n\u1ebfu tr\u1ebb \u1edf l\u1ea1i sau 12 th\u00e1ng tu\u1ed5i. <\/li>\n<li>Ph\u00ed l\u01b0u gi\u1eef t\u00e0i s\u1ea3n \u0111\u01b0\u1ee3c thanh to\u00e1n m\u1ed9t l\u1ea7n v\u00e0o \u0111\u1ea7u n\u0103m ho\u1eb7c \u0111\u1ea7u m\u1ed7i qu\u00fd.<\/li>\n<li>N\u1ebfu tr\u1ebb \u0111\u1ebfn gi\u1eefa k\u1ef3 h\u1ecdc, h\u1ecdc ph\u00ed s\u1ebd \u0111\u01b0\u1ee3c t\u00ednh theo t\u1ef7 l\u1ec7 t\u01b0\u01a1ng \u1ee9ng.<\/li>\n<li>B\u1ea5t k\u1ef3 kho\u1ea3n ph\u00ed n\u00e0o \u0111\u00e3 b\u1eaft \u0111\u1ea7u \u0111\u1ec1u ph\u1ea3i \u0111\u01b0\u1ee3c thanh to\u00e1n \u0111\u1ea7y \u0111\u1ee7.<\/li>\n<li>Gi\u1ea3m gi\u00e1 10% \u00e1p d\u1ee5ng cho con th\u1ee9 hai tr\u1edf \u0111i.<\/li>\n<\/ul>\n<h3>Gi\u00e1 c\u1ea3 t\u1ea1i c\u0103ng tin<\/h3>\n<ul>\n<li><strong>Ph\u00ed th\u01b0\u1eddng ni\u00ean: 12.100.000 VND<\/strong><\/li>\n<li>N\u1ebfu sinh vi\u00ean nh\u1eadp h\u1ecdc gi\u1eefa n\u0103m, h\u1ecdc ph\u00ed s\u1ebd \u0111\u01b0\u1ee3c t\u00ednh theo t\u1ef7 l\u1ec7 t\u01b0\u01a1ng \u1ee9ng.<\/li>\n<li>Kh\u00f4ng ho\u00e0n ti\u1ec1n trong tr\u01b0\u1eddng h\u1ee3p v\u1eafng m\u1eb7t.<\/li>\n<\/ul>\n<h3>Gi\u00e1 \u01b0u \u0111\u00e3i trong k\u1ef3 ngh\u1ec9 h\u00e8 (th\u00e1ng 7-8) khi \u0111\u0103ng k\u00fd.<\/h3>\n<ul>\n<li><strong>N\u1eeda ng\u00e0y: 580.000 VND<\/strong><\/li>\n<li><strong>1 ng\u00e0y: 750.000 VND<\/strong><\/li>\n<li>Bao g\u1ed3m c\u00e1c b\u1eefa \u0103n n\u1eeda ng\u00e0y (7:30 s\u00e1ng \u0111\u1ebfn 12:30 tr\u01b0a), bao g\u1ed3m m\u1ed9t b\u1eefa \u0103n ch\u00ednh v\u00e0 b\u1eefa \u0103n nh\u1eb9 cho c\u1ea3 ng\u00e0y (7:30 s\u00e1ng \u0111\u1ebfn 4:00 chi\u1ec1u).<\/li>\n<\/ul><\/div>\n\t\t\t<\/div><div class=\"et_d4_element et_pb_tab et_pb_tab_1 clearfix\">\n\t\t\t\t\n\t\t\t\t\n\t\t\t\t\n\t\t\t\t\n\t\t\t\t<div class=\"et_pb_tab_content\"><h2>H\u1ecdc ph\u00ed tr\u01b0\u1eddng m\u1eabu gi\u00e1o v\u00e0 ti\u1ec3u h\u1ecdc n\u0103m h\u1ecdc 2026-2027<\/h2>\n<h3>Ph\u00ed \u0111\u0103ng k\u00fd v\u00e0 chi ph\u00ed h\u00e0nh ch\u00ednh<\/h3>\n<ul>\n<li><strong>L\u1ec7 ph\u00ed \u0111\u0103ng k\u00fd: 14.000.000 VND.<\/strong> L\u1ec7 ph\u00ed \u0111\u0103ng k\u00fd ph\u1ea3i \u0111\u01b0\u1ee3c thanh to\u00e1n khi \u0111\u0103ng k\u00fd l\u1ea7n \u0111\u1ea7u v\u00e0 ph\u1ea3i \u0111\u01b0\u1ee3c tr\u1ea3 v\u00e0o \u0111\u1ea7u n\u0103m. M\u1ed7i gia \u0111\u00ecnh ch\u1ec9 \u0111\u01b0\u1ee3c \u0111\u0103ng k\u00fd m\u1ed9t l\u1ea7n. <\/li>\n<li><strong>L\u1ec7 ph\u00ed qu\u1ea3n l\u00fd: 5.600.000 VND.<\/strong> L\u1ec7 ph\u00ed qu\u1ea3n l\u00fd ph\u1ea3i \u0111\u01b0\u1ee3c thanh to\u00e1n v\u00e0o \u0111\u1ea7u m\u1ed7i n\u0103m.<\/li>\n<li>Ph\u00ed \u0111\u0103ng k\u00fd v\u00e0 ph\u00ed h\u00e0nh ch\u00ednh kh\u00f4ng \u0111\u01b0\u1ee3c ho\u00e0n tr\u1ea3.<\/li>\n<\/ul>\n<h3>H\u1ecdc ph\u00ed<\/h3>\n<ul>\n<li><strong>Qu\u1ed1c t\u1ecbch Ph\u00e1p: 190.000.000 VND<\/strong><\/li>\n<li><strong>Qu\u1ed1c t\u1ecbch c\u1ee7a qu\u1ed1c gia m\u00e0 ti\u1ebfng Ph\u00e1p l\u00e0 ng\u00f4n ng\u1eef ch\u00ednh th\u1ee9c ho\u1eb7c ng\u00f4n ng\u1eef th\u1ee9 hai: 201.000.000 VND<\/strong><\/li>\n<li><strong>C\u00e1c qu\u1ed1c t\u1ecbch kh\u00e1c: 210.000.000 VND<\/strong><\/li>\n<li>H\u1ecdc ph\u00ed \u0111\u01b0\u1ee3c thanh to\u00e1n m\u1ed9t l\u1ea7n v\u00e0o \u0111\u1ea7u n\u0103m ho\u1eb7c \u0111\u1ea7u m\u1ed7i h\u1ecdc k\u1ef3.<\/li>\n<li>N\u1ebfu sinh vi\u00ean nh\u1eadp h\u1ecdc gi\u1eefa n\u0103m, h\u1ecdc ph\u00ed s\u1ebd \u0111\u01b0\u1ee3c t\u00ednh theo t\u1ef7 l\u1ec7 t\u01b0\u01a1ng \u1ee9ng.<\/li>\n<li>B\u1ea5t k\u1ef3 kho\u1ea3n ph\u00ed n\u00e0o \u0111\u00e3 b\u1eaft \u0111\u1ea7u \u0111\u1ec1u ph\u1ea3i \u0111\u01b0\u1ee3c thanh to\u00e1n \u0111\u1ea7y \u0111\u1ee7.<\/li>\n<li>Gi\u1ea3m gi\u00e1 10% \u00e1p d\u1ee5ng cho con th\u1ee9 hai tr\u1edf \u0111i.<\/li>\n<\/ul>\n<h3>Gi\u00e1 c\u1ea3 t\u1ea1i c\u0103ng tin<\/h3>\n<ul>\n<li><strong>Ph\u00ed s\u1eed d\u1ee5ng c\u0103ng tin h\u00e0ng n\u0103m: 14.500.000 VND<\/strong><\/li>\n<li>N\u1ebfu sinh vi\u00ean nh\u1eadp h\u1ecdc gi\u1eefa n\u0103m, h\u1ecdc ph\u00ed s\u1ebd \u0111\u01b0\u1ee3c t\u00ednh theo t\u1ef7 l\u1ec7 t\u01b0\u01a1ng \u1ee9ng.<\/li>\n<li>Kh\u00f4ng ho\u00e0n ti\u1ec1n trong tr\u01b0\u1eddng h\u1ee3p v\u1eafng m\u1eb7t.<\/li>\n<\/ul>\n<h3>Gi\u00e1 \u01b0u \u0111\u00e3i trong k\u1ef3 ngh\u1ec9 h\u00e8 (th\u00e1ng 7-8) khi \u0111\u0103ng k\u00fd.<\/h3>\n<p>Vui l\u00f2ng xem b\u1ea3ng <a href=\"https:\/\/bouleetbilles.net\/vi\/bieu-gia\/#dt-tabs%7C5\">gi\u00e1 c\u1ee7a trung t\u00e2m gi\u1ea3i tr\u00ed<\/a> .<\/p><\/div>\n\t\t\t<\/div><div class=\"et_d4_element et_pb_tab et_pb_tab_2 clearfix\">\n\t\t\t\t\n\t\t\t\t\n\t\t\t\t\n\t\t\t\t\n\t\t\t\t<div class=\"et_pb_tab_content\"><h2>Gi\u00e1 v\u00e9 xe bu\u00fdt tr\u01b0\u1eddng h\u1ecdc n\u0103m h\u1ecdc 2026-2027<\/h2>\n<p>K\u00ednh g\u1eedi qu\u00fd ph\u1ee5 huynh, ch\u00fang t\u00f4i cung c\u1ea5p hai l\u1ef1a ch\u1ecdn thanh to\u00e1n:<\/p>\n<ol>\n<li><strong>G\u00f3i d\u1ecbch v\u1ee5 h\u00e0ng qu\u00fd v\u1edbi gi\u00e1 \u01b0u \u0111\u00e3i<\/strong> gi\u00fap b\u1ea1n ti\u1ebft ki\u1ec7m ti\u1ec1n.<\/li>\n<li><strong>ho\u1eb7c mua v\u00e9 l\u1ebb<\/strong> n\u1ebfu b\u1ea1n mu\u1ed1n thanh to\u00e1n ri\u00eang cho t\u1eebng chuy\u1ebfn \u0111i.<\/li>\n<\/ol>\n<p>Vui l\u00f2ng l\u01b0u \u00fd c\u00e1c \u0111i\u1ec1u kho\u1ea3n v\u00e0 \u0111i\u1ec1u ki\u1ec7n c\u1ee7a ch\u00fang t\u00f4i:<\/p>\n<ul>\n<li><strong>Gi\u1ea3m gi\u00e1 50%<\/strong> cho tr\u1ebb th\u1ee9 2 v\u00e0 th\u1ee9 3 \u0111\u0103ng k\u00fd (tr\u00ean c\u00f9ng m\u1ed9t xe \u0111\u01b0a \u0111\u00f3n)<\/li>\n<li>\u0110\u1ed1i v\u1edbi g\u00f3i d\u1ecbch v\u1ee5 n\u00e0y, ch\u00fang t\u00f4i kh\u00f4ng ho\u00e0n ti\u1ec1n trong tr\u01b0\u1eddng h\u1ee3p kh\u00e1ch h\u00e0ng v\u1eafng m\u1eb7t.<\/li>\n<li>N\u1ebfu b\u1ea1n \u0111\u0103ng k\u00fd gi\u1eefa n\u0103m, ch\u00fang t\u00f4i s\u1ebd t\u00ednh ph\u00ed theo t\u1ef7 l\u1ec7 t\u01b0\u01a1ng \u1ee9ng cho qu\u00fd \u0111\u00f3.<\/li>\n<li>N\u1ebfu b\u1ea1n ng\u1eebng tham gia kh\u00f3a h\u1ecdc gi\u1eefa ch\u1eebng, ch\u00fang t\u00f4i s\u1ebd chuy\u1ec3n sang h\u1ec7 th\u1ed1ng t\u00ednh gi\u00e1 theo t\u1eebng v\u00e9.<\/li>\n<\/ul>\n<h3>1. Tuy\u1ebfn xe \u0111\u01b0a \u0111\u00f3n<\/h3>\n<p>\u0110i\u1ec3m \u0111\u00f3n kh\u00e1ch t\u1ea1i Ph\u00fa M\u1ef9 H\u01b0ng: 150.000 VND (v\u00e9) \/ 100.000 VND (g\u00f3i d\u1ecbch v\u1ee5*).<\/p>\n<p>C\u00e1c \u0111i\u1ec3m \u0111\u00f3n kh\u00e1ch kh\u00e1c: 150.000 VND (v\u00e9) \/ 80.000 VND (gi\u00e1 c\u1ed1 \u0111\u1ecbnh)<\/p>\n<p>\u0110\u1ec3 xem \u0111\u1ecba ch\u1ec9 ch\u00ednh x\u00e1c c\u1ee7a t\u1eebng \u0111i\u1ec3m \u0111\u00f3n, vui l\u00f2ng truy c\u1eadp trang V\u1eadn chuy\u1ec3n: <a href=\"https:\/\/bouleetbilles.net\/vi\/dich-vu-dua-don\/#dt-tabs%7C0\" target=\"_blank\" rel=\"noopener\">t\u1ea1i \u0111\u00e2y<\/a><\/p>\n<h3>2. B\u1ed9 s\u01b0u t\u1eadp t\u1ea1i nh\u00e0<\/h3>\n<p>Gi\u00e1 v\u00e9 m\u1ed9t chi\u1ec1u: 170.000 VND cho t\u1ea5t c\u1ea3 c\u00e1c khu v\u1ef1c<\/p>\n<p>Gi\u00e1 tr\u1ecdn g\u00f3i theo t\u1eebng khu v\u1ef1c:<\/p>\n<ul>\n<li>Khu v\u1ef1c 1: 100.000 VND<\/li>\n<li>Khu v\u1ef1c 2: 145.000 VND<\/li>\n<li>Khu v\u1ef1c 3: 165.000 VND<\/li>\n<\/ul>\n<p>\u0110\u1ec3 xem b\u1ea3n \u0111\u1ed3, vui l\u00f2ng m\u1edf trang \"Giao th\u00f4ng\" <a href=\"https:\/\/bouleetbilles.net\/vi\/dich-vu-dua-don\/#dt-tabs%7C0\" target=\"_blank\" rel=\"noopener\">t\u1ea1i \u0111\u00e2y.<\/a><\/p><\/div>\n\t\t\t<\/div><div class=\"et_d4_element et_pb_tab et_pb_tab_3 clearfix\">\n\t\t\t\t\n\t\t\t\t\n\t\t\t\t\n\t\t\t\t\n\t\t\t\t<div class=\"et_pb_tab_content\"><h2><b>Ph\u00ed ho\u1ea1t \u0111\u1ed9ng ngo\u1ea1i kh\u00f3a n\u0103m h\u1ecdc 2026-2027<\/b><\/h2>\n<p><b>Gi\u00e1:<\/b> <b>285.000 VND cho m\u1ed7i ho\u1ea1t \u0111\u1ed9ng kh\u00f4ng th\u01b0\u1eddng xuy\u00ean<\/b> .<\/p>\n<ul>\n<li>Gi\u00e1 hi\u1ec3n th\u1ecb \u0111\u00e3 bao g\u1ed3m \u0111\u1ed3 \u0103n nh\u1eb9 sau gi\u1edd h\u1ecdc v\u00e0 ho\u1ea1t \u0111\u1ed9ng.<\/li>\n<li>Gi\u1ea3m gi\u00e1 10% t\u1eeb con th\u1ee9 2 tr\u1edf \u0111i.<\/li>\n<li>M\u1ed7i ng\u00e0y c\u00e1c em c\u00f3 th\u1ec3 l\u1ef1a ch\u1ecdn tham gia nhi\u1ec1u ho\u1ea1t \u0111\u1ed9ng kh\u00e1c nhau.<\/li>\n<li>Ho\u1ea1t \u0111\u1ed9ng t\u1ef1 do th\u1ee9 7.<\/li>\n<\/ul>\n<h3><b>Ph\u00ed th\u01b0\u1eddng ni\u00ean:<\/b><\/h3>\n<p><i>C\u00e1c t\u1ef7 l\u1ec7 ph\u1ea7n tr\u0103m th\u1ec3 hi\u1ec7n m\u1ee9c chi\u1ebft kh\u1ea5u n\u1ebfu b\u1ea1n thanh to\u00e1n h\u00e0ng n\u0103m so v\u1edbi thanh to\u00e1n h\u00e0ng qu\u00fd.<\/i><\/p>\n<ul>\n<li>1 ho\u1ea1t \u0111\u1ed9ng\/tu\u1ea7n: 8.200.000 VND\/n\u0103m (-10%)<\/li>\n<li>2 ho\u1ea1t \u0111\u1ed9ng\/tu\u1ea7n: 16.100.000 VND\/n\u0103m (-11%)<\/li>\n<li>3 ho\u1ea1t \u0111\u1ed9ng\/tu\u1ea7n: 23.700.000 VND\/n\u0103m (-12%)<\/li>\n<li>4 ho\u1ea1t \u0111\u1ed9ng\/tu\u1ea7n: 30.300.000 VND\/n\u0103m (-15%)<\/li>\n<li>5 ho\u1ea1t \u0111\u1ed9ng\/tu\u1ea7n: 36.200.000 VND\/n\u0103m (-18%)<\/li>\n<li>6 ho\u1ea1t \u0111\u1ed9ng\/tu\u1ea7n: 40.900.000 VND\/n\u0103m (-22%) (2 ho\u1ea1t \u0111\u1ed9ng v\u00e0o th\u1ee9 T\u01b0)<\/li>\n<\/ul>\n<h3>\u0110i\u1ec1u kho\u1ea3n<\/h3>\n<ul>\n<li>Ph\u1ea1m vi c\u00e1c ho\u1ea1t \u0111\u1ed9ng \u0111\u01b0\u1ee3c cung c\u1ea5p c\u00f3 th\u1ec3 t\u0103ng ho\u1eb7c thay \u0111\u1ed5i t\u00f9y thu\u1ed9c v\u00e0o s\u1ed1 l\u01b0\u1ee3ng tr\u1ebb em \u0111\u0103ng k\u00fd.<\/li>\n<li>S\u1ebd kh\u00f4ng ho\u00e0n ti\u1ec1n trong tr\u01b0\u1eddng h\u1ee3p v\u1eafng m\u1eb7t (ngo\u1ea1i tr\u1eeb v\u00e9).<\/li>\n<li>M\u1ed7i ho\u1ea1t \u0111\u1ed9ng y\u00eau c\u1ea7u t\u1ed1i thi\u1ec3u 4 tr\u1ebb em, s\u1ed1 l\u01b0\u1ee3ng tr\u1ebb em gi\u1edbi h\u1ea1n t\u1eeb 8 \u0111\u1ebfn 15 t\u00f9y thu\u1ed9c v\u00e0o ho\u1ea1t \u0111\u1ed9ng.<\/li>\n<li>B\u1ea1n c\u00f3 hai tu\u1ea7n k\u1ec3 t\u1eeb khi b\u1eaft \u0111\u1ea7u m\u1ed7i k\u1ef3 h\u1ecdc \u0111\u1ec3 thay \u0111\u1ed5i ho\u1ea1t \u0111\u1ed9ng c\u1ee7a m\u00ecnh, t\u00f9y thu\u1ed9c v\u00e0o t\u00ecnh tr\u1ea1ng ch\u1ed7 tr\u1ed1ng.<\/li>\n<\/ul>\n<h3>C\u00e1c n\u1ed9i dung b\u1ed5 sung:<\/h3>\n<ul>\n<li><b>B\u00f3ng \u0111\u00e1 &amp; Pickleball:<\/b> 40.000 VND\/bu\u1ed5i\/tr\u1ebb em<\/li>\n<li><b>H\u1ecdc b\u01a1i:<\/b> 60.000 VND\/bu\u1ed5i\/tr\u1ebb em<\/li>\n<li><b>C\u00e2u l\u1ea1c b\u1ed9 c\u1edd vua:<\/b> 80.000 VND\/bu\u1ed5i\/tr\u1ebb em<\/li>\n<li><b>\u0110i\u1ec7n t\u1eed th\u00f4ng qua tr\u00f2 ch\u01a1i:<\/b> 120.000 VND\/phi\u00ean\/tr\u1ebb em<\/li>\n<li><b>V\u1ebd tranh 3D:<\/b> 120.000 VND\/bu\u1ed5i\/tr\u1ebb em<\/li>\n<\/ul>\n<p>L\u01b0u \u00fd: N\u1ebfu b\u1ea1n mu\u1ed1n xem danh s\u00e1ch \u0111\u1ea7y \u0111\u1ee7 c\u00e1c ho\u1ea1t \u0111\u1ed9ng ngo\u1ea1i kh\u00f3a, b\u1ea1n c\u00f3 th\u1ec3 t\u00ecm th\u1ea5y tr\u00ean trang d\u00e0nh ri\u00eang <a href=\"https:\/\/bouleetbilles.net\/vi\/hoat-dong-ngoai-khoa\/#dt-tabs%7C1\" target=\"_blank\" rel=\"noopener\">t\u1ea1i \u0111\u00e2y<\/a> .<\/p>\n<h3><b>C\u00e1c ho\u1ea1t \u0111\u1ed9ng ngo\u1ea1i kh\u00f3a ng\u00e0y th\u1ee9 T\u01b0:<\/b> C\u00f3 3 l\u1ef1a ch\u1ecdn.<\/h3>\n<ol>\n<li><b>Ch\u1ec9 c\u00f3 m\u1ed9t ho\u1ea1t \u0111\u1ed9ng \u0111\u01b0\u1ee3c l\u00ean l\u1ecbch, t\u1eeb 13:00 \u0111\u1ebfn 14:00.<\/b><\/li>\n<\/ol>\n<p>Trong tr\u01b0\u1eddng h\u1ee3p c\u1ee5 th\u1ec3 n\u00e0y, <b>\u0111i\u1ec1u b\u1eaft bu\u1ed9c l\u00e0 b\u1ea1n ph\u1ea3i \u0111\u00f3n con l\u00fac 2:00 chi\u1ec1u<\/b> . Kh\u00f4ng c\u00f3 d\u1ecbch v\u1ee5 xe \u0111\u01b0a \u0111\u00f3n ho\u1eb7c ng\u01b0\u1eddi gi\u00e1m s\u00e1t v\u00e0o th\u1eddi gian \u0111\u00f3. N\u1ebfu b\u1ea1n kh\u00f4ng th\u1ec3 \u0111\u00f3n con, con b\u1ea1n ph\u1ea3i \u0111\u0103ng k\u00fd ho\u1ea1t \u0111\u1ed9ng th\u1ee9 hai t\u1eeb 2:05 chi\u1ec1u \u0111\u1ebfn 3:05 chi\u1ec1u. \u0110i\u1ec1u n\u00e0y s\u1ebd cho ph\u00e9p con b\u1ea1n s\u1eed d\u1ee5ng d\u1ecbch v\u1ee5 xe \u0111\u01b0a \u0111\u00f3n.   <\/p>\n<ol start=\"2\">\n<li><b>Hai ho\u1ea1t \u0111\u1ed9ng s\u1ebd \u0111\u01b0\u1ee3c l\u00ean l\u1ecbch t\u1eeb 13:00 \u0111\u1ebfn 15:05.<\/b><\/li>\n<\/ol>\n<p>Qu\u00fd ph\u1ee5 huynh ph\u1ea3i \u0111\u00f3n con l\u00fac 3:05 chi\u1ec1u n\u1ebfu con kh\u00f4ng s\u1eed d\u1ee5ng xe \u0111\u01b0a \u0111\u00f3n. N\u1ebfu kh\u00f4ng th\u1ec3 \u0111\u00f3n con l\u00fac 3:05 chi\u1ec1u, con qu\u00fd ph\u1ee5 huynh ph\u1ea3i \u0111\u0103ng k\u00fd tham gia ho\u1ea1t \u0111\u1ed9ng kh\u00e1c t\u1eeb 3:20 chi\u1ec1u \u0111\u1ebfn 4:20 chi\u1ec1u. <\/p>\n<ol start=\"3\">\n<li><b>C\u00f3 hai ho\u1eb7c ba ho\u1ea1t \u0111\u1ed9ng \u0111\u01b0\u1ee3c l\u00ean l\u1ecbch t\u1eeb 13:00 \u0111\u1ebfn 16:20.<\/b><\/li>\n<\/ol>\n<p>Qu\u00fd ph\u1ee5 huynh ph\u1ea3i \u0111\u00f3n con l\u00fac 4:20 chi\u1ec1u n\u1ebfu con kh\u00f4ng s\u1eed d\u1ee5ng xe \u0111\u01b0a \u0111\u00f3n. Tr\u01b0\u1eddng h\u1ee3p \u0111\u1ebfn mu\u1ed9n s\u1ebd b\u1ecb ph\u1ea1t theo quy \u0111\u1ecbnh n\u1ed9i b\u1ed9. <\/p><\/div>\n\t\t\t<\/div><div class=\"et_d4_element et_pb_tab et_pb_tab_4 clearfix\">\n\t\t\t\t\n\t\t\t\t\n\t\t\t\t\n\t\t\t\t\n\t\t\t\t<div class=\"et_pb_tab_content\"><h2>B\u1ea3ng gi\u00e1 d\u1ecbch v\u1ee5 gi\u1eef tr\u1ebb n\u0103m h\u1ecdc 2026-2027<\/h2>\n<p>\u0110\u1ec3 bi\u1ebft th\u00f4ng tin chung v\u1ec1 trung t\u00e2m gi\u1eef tr\u1ebb, vui l\u00f2ng <a href=\"https:\/\/bouleetbilles.net\/vi\/dich-vu-giu-tre\/\" target=\"_blank\" rel=\"noopener\">xem trang d\u00e0nh ri\u00eang cho trung t\u00e2m<\/a> .<\/p>\n<ul>\n<li>Ch\u00fang t\u00f4i cung c\u1ea5p <strong>g\u00f3i 10 v\u00e9 v\u1edbi m\u1ee9c gi\u1ea3m gi\u00e1 10%<\/strong> tr\u00ean gi\u00e1 v\u00e9.<\/li>\n<li>Gi\u00e1 m\u1ed7i gi\u1edd: 160.000 VND<\/li>\n<\/ul>\n<h3>Gi\u00e1 v\u00e9 t\u1eeb 15:00 \u0111\u1ebfn 16:30.<\/h3>\n<p>\u0110\u1ed3 \u0103n nh\u1eb9 \u0111\u00e3 \u0111\u01b0\u1ee3c bao g\u1ed3m.<\/p>\n<p><b>3-5 tu\u1ed5i:<\/b> 270.000 VND<\/p>\n<p><b>18-36 th\u00e1ng:<\/b> 200.000 VND<\/p>\n<h3>Gi\u00e1 v\u00e9 t\u1eeb 16:30 \u0111\u1ebfn 18:00.<\/h3>\n<p><b>3-5 tu\u1ed5i:<\/b> 210.000 VND<\/p>\n<p><b>18-36 th\u00e1ng:<\/b> 200.000 VND<\/p>\n<p>Bao g\u1ed3m gi\u1ea3m gi\u00e1 10% cho t\u1ea5t c\u1ea3 tr\u1ebb em \u0111ang theo h\u1ecdc t\u1ea1i c\u00e1c tr\u01b0\u1eddng Boule &amp; Billes.<\/p>\n<h3>G\u00f3i d\u1ecbch v\u1ee5 c\u1ea3 ng\u00e0y (15:00 - 18:00)<\/h3>\n<p>G\u00f3i d\u1ecbch v\u1ee5 n\u00e0y kh\u00f4ng \u0111\u01b0\u1ee3c ho\u00e0n ti\u1ec1n.<\/p>\n<p><b>3-5 tu\u1ed5i:<\/b> 360.000 VND<\/p>\n<p><b>18-36 th\u00e1ng:<\/b> 300.000 VND<\/p><\/div>\n\t\t\t<\/div><div class=\"et_d4_element et_pb_tab et_pb_tab_5 clearfix\">\n\t\t\t\t\n\t\t\t\t\n\t\t\t\t\n\t\t\t\t\n\t\t\t\t<div class=\"et_pb_tab_content\"><p>\u0110\u1ed1i v\u1edbi trung t\u00e2m gi\u1ea3i tr\u00ed, b\u1ea1n c\u00f3 th\u1ec3 t\u00ecm th\u1ea5y gi\u00e1 c\u1ea3 v\u00e0 ch\u01b0\u01a1ng tr\u00ecnh <a href=\"https:\/\/bouleetbilles.net\/vi\/centre-de-loisirs\/\" target=\"_blank\" rel=\"noopener\">tr\u00ean trang trung t\u00e2m gi\u1ea3i tr\u00ed<\/a> .<\/p><\/div>\n\t\t\t<\/div><div class=\"et_d4_element et_pb_tab et_pb_tab_6 clearfix\">\n\t\t\t\t\n\t\t\t\t\n\t\t\t\t\n\t\t\t\t\n\t\t\t\t<div class=\"et_pb_tab_content\"><h2>H\u1ecdc ph\u00ed h\u1ed7 tr\u1ee3 ti\u1ebfng Ph\u00e1p (SLF) v\u00e0 ti\u1ebfng Ph\u00e1p nh\u01b0 ng\u00f4n ng\u1eef gi\u1ea3ng d\u1ea1y (FLSco) n\u0103m h\u1ecdc 2026 \u2013 2027<\/h2>\n<p><strong>Gi\u00e1: 185.000 VND\/gi\u1edd<\/strong><\/p>\n<p>M\u1ed9t n\u0103m h\u1ecdc (th\u00e1ng 9 - th\u00e1ng 6) g\u1ed3m 34 tu\u1ea7n (\u01b0\u1edbc t\u00ednh). Vui l\u00f2ng xem l\u1ecbch v\u1edbi c\u00e1c ti\u1ebft h\u1ecdc v\u00e0 s\u1ed1 gi\u1edd h\u1ecdc tr\u00ean <a href=\"https:\/\/bouleetbilles.net\/vi\/loc-hoc-tieng-phap-fle-flsco\/\" target=\"_blank\" rel=\"noopener\">trang d\u00e0nh ri\u00eang cho th\u00f4ng tin<\/a> v\u1ec1 c\u00e1c kh\u00f3a h\u1ecdc ti\u1ebfng Ph\u00e1p. <\/p>\n<ul>\n<li>Tr\u01b0\u1eddng m\u1ea7m non Th\u1ea3o \u0110i\u1ec1n ( <strong>5 gi\u1edd\/tu\u1ea7n<\/strong> ) \u2248 29.000.000 VN\u0110<\/li>\n<li>Ph\u1ea7n l\u1edbn (GS) <strong>4 gi\u1edd\/tu\u1ea7n<\/strong> FLSco \u2248 24.000.000 vnd<\/li>\n<li>Kh\u00f3a h\u1ecdc d\u1ef1 b\u1ecb (CP) <strong>3 gi\u1edd\/tu\u1ea7n<\/strong> FLSco \u2248 18.000.000 VND<\/li>\n<li>C\u00e1c kh\u00f3a h\u1ecdc S\u01a1 c\u1ea5p (CE) v\u00e0 Trung c\u1ea5p (CM) <strong>2 gi\u1edd\/tu\u1ea7n<\/strong> FLSco \u2248 12.000.000 VND<\/li>\n<li>SLF th\u00e1ng 9 d\u00e0nh cho ng\u01b0\u1eddi n\u00f3i ti\u1ebfng n\u01b0\u1edbc ngo\u00e0i n\u0103m 2024-2025 \u2248 3.000.000 VND<\/li>\n<li>GS SLF+ FLSco c\u01b0\u1eddng \u0111\u1ed9 cao \u2248 45.000.000 vnd<\/li>\n<li>CP SLF+FLSco c\u01b0\u1eddng \u0111\u1ed9 cao \u2248 42.000.000 vnd<\/li>\n<li>Li\u1ec7u tr\u00ecnh CE1-CE2 SLF+FLSco c\u01b0\u1eddng \u0111\u1ed9 cao \u2248 40.000.000 vnd<\/li>\n<\/ul><\/div>\n\t\t\t<\/div>\n\t\t\t\t<\/div>\n\t\t\t<\/div><div class=\"et_pb_button_module_wrapper et_pb_button_0_wrapper  et_pb_module \">\n\t\t\t\t<a class=\"et_pb_button et_d4_element et_pb_button_0 et_pb_bg_layout_light et_block_module\" href=\"https:\/\/drive.google.com\/drive\/folders\/1zpdbt8D7qZ07Q4N7KlarbRYDOsts-_aM?usp=sharing\">Xem b\u1ea3ng gi\u00e1 n\u0103m 2025-2026.<\/a>\n\t\t\t<\/div>\n\t\t\t<\/div>\n\t\t\t\t\n\t\t\t\t\n\t\t\t\t\n\t\t\t\t\n\t\t\t<\/div><div class=\"et_d4_element et_pb_row et_pb_row_3  et_pb_css_mix_blend_mode et_block_row\">\n\t\t\t\t<div class=\"et_d4_element et_pb_column_4_4 et_pb_column et_pb_column_1  et_pb_css_mix_blend_mode et-last-child et_block_column\">\n\t\t\t\t\n\t\t\t\t\n\t\t\t\t\n\t\t\t\t\n\t\t\t\t<div class=\"et_pb_module et_d4_element et_pb_cta_0 et_pb_promo  et_pb_text_align_center et_pb_bg_layout_dark\">\n\t\t\t\t\n\t\t\t\t\n\t\t\t\t\n\t\t\t\t\n\t\t\t\t<div class=\"et_pb_promo_description\"><h2 class=\"et_pb_module_header\">B\u1ea1n c\u00f3 mu\u1ed1n bi\u1ebft th\u00eam chi ti\u1ebft kh\u00f4ng?<\/h2><\/div>\n\t\t\t\t<div class=\"et_pb_button_wrapper\"><a class=\"et_pb_button et_pb_promo_button\" href=\"https:\/\/portal.bouleetbilles.net\/fr\/appointment\" target=\"_blank\" data-icon=\"\uf073\">\u0110\u0103ng k\u00fd tham quan tr\u01b0\u1eddng<\/a><\/div>\n\t\t\t<\/div>\n\t\t\t<\/div>\n\t\t\t\t\n\t\t\t\t\n\t\t\t\t\n\t\t\t\t\n\t\t\t<\/div>\n\t\t\t\t\n\t\t\t\t\n\t\t\t<\/div><\/p>\n","protected":false},"excerpt":{"rendered":"<p>Tarifs et prix de l&#8217;\u00e9cole internationale francaise sur Ho Chi Minh au Vietnam Boule et Billes<\/p>\n","protected":false},"author":110,"featured_media":5450,"parent":0,"menu_order":0,"comment_status":"closed","ping_status":"closed","template":"","meta":{"_seopress_robots_primary_cat":"","_seopress_titles_title":"","_seopress_titles_desc":"","_seopress_robots_index":"","_et_pb_use_builder":"on","_et_pb_old_content":"","_et_gb_content_width":"","footnotes":""},"class_list":["post-5447","page","type-page","status-publish","has-post-thumbnail","hentry"],"_links":{"self":[{"href":"https:\/\/bouleetbilles.net\/vi\/wp-json\/wp\/v2\/pages\/5447","targetHints":{"allow":["GET"]}}],"collection":[{"href":"https:\/\/bouleetbilles.net\/vi\/wp-json\/wp\/v2\/pages"}],"about":[{"href":"https:\/\/bouleetbilles.net\/vi\/wp-json\/wp\/v2\/types\/page"}],"author":[{"embeddable":true,"href":"https:\/\/bouleetbilles.net\/vi\/wp-json\/wp\/v2\/users\/110"}],"replies":[{"embeddable":true,"href":"https:\/\/bouleetbilles.net\/vi\/wp-json\/wp\/v2\/comments?post=5447"}],"version-history":[{"count":69,"href":"https:\/\/bouleetbilles.net\/vi\/wp-json\/wp\/v2\/pages\/5447\/revisions"}],"predecessor-version":[{"id":9457,"href":"https:\/\/bouleetbilles.net\/vi\/wp-json\/wp\/v2\/pages\/5447\/revisions\/9457"}],"wp:featuredmedia":[{"embeddable":true,"href":"https:\/\/bouleetbilles.net\/vi\/wp-json\/wp\/v2\/media\/5450"}],"wp:attachment":[{"href":"https:\/\/bouleetbilles.net\/vi\/wp-json\/wp\/v2\/media?parent=5447"}],"curies":[{"name":"wp","href":"https:\/\/api.w.org\/{rel}","templated":true}]}}