{"id":5432,"date":"2022-12-22T14:22:39","date_gmt":"2022-12-22T07:22:39","guid":{"rendered":"https:\/\/bouleetbilles.net\/hoi-trai-nghi-le-va-trai-he\/"},"modified":"2026-04-10T09:44:24","modified_gmt":"2026-04-10T02:44:24","slug":"centre-de-loisirs","status":"publish","type":"page","link":"https:\/\/bouleetbilles.net\/vi\/centre-de-loisirs\/","title":{"rendered":"H\u1ed9i tr\u1ea1i ngh\u1ec9 l\u1ec5 v\u00e0 tr\u1ea1i h\u00e8"},"content":{"rendered":"<div class=\"et_pb_section_0 et_pb_section et_pb_fullwidth_section et_section_regular et_block_section\">\n<section class=\"et_pb_fullwidth_header_0 et_pb_fullwidth_header et_pb_bg_layout_light et_pb_text_align_center et_pb_module et_flex_module\"><div class=\"et_pb_fullwidth_header_container center\"><div class=\"header-content-container center\"><div class=\"header-content et_flex_module\"><h1 class=\"et_pb_module_header\">Trung t\u00e2m gi\u1ea3i tr\u00ed trong th\u1eddi gian ngh\u1ec9 h\u1ecdc<\/h1><span class=\"et_pb_fullwidth_header_subhead\">Nh\u1eefng ho\u1ea1t \u0111\u1ed9ng vui nh\u1ed9n v\u00e0 b\u1ed5 \u00edch cho k\u1ef3 ngh\u1ec9 h\u1ecdc sinh c\u1ee7a con b\u1ea1n, ngay g\u1ea7n nh\u00e0.<\/span><div class=\"et_pb_header_button_wrapper\"><\/div><\/div><\/div><\/div><div class=\"et_pb_fullwidth_header_overlay\"><\/div><div class=\"et_pb_fullwidth_header_scroll\"><\/div><\/section>\n<\/div>\n\n<div class=\"et_pb_section_1 et_pb_section et_section_regular et_block_section\">\n<div class=\"et_pb_row_0 et_pb_row et_block_row\">\n<div class=\"et_pb_column_0 et_pb_column et_pb_column_1_2 et_block_column et_pb_css_mix_blend_mode_passthrough\">\n<div class=\"et_pb_text_0 et_pb_text et_pb_bg_layout_light et_pb_module et_block_module\"><div class=\"et_pb_text_inner\"><h3><span>H\u00e3y \u0111\u0103ng k\u00fd cho con em c\u1ee7a b\u1ea1n tham gia trung t\u00e2m gi\u1ea3i tr\u00ed Boule et Billes International French School s\u1eafp t\u1edbi.<\/span><\/h3>\n<p><strong>C\u00e1c ng\u00e0y ti\u1ebfp theo:<\/strong> K\u1ef3 ngh\u1ec9 l\u1ec5 Ph\u1ee5c Sinh!<br \/> T\u1eeb ng\u00e0y 20 \u0111\u1ebfn 24 th\u00e1ng 4 n\u0103m 2026.<\/p>\n<p><strong>\u0110\u1ecba \u0111i\u1ec3m:<\/strong> Tr\u01b0\u1eddng Boule et Billiards Ph\u00e1p, <strong><a href=\"https:\/\/share.google\/u8GIBTPTSIu9QHwuJ\" target=\"_blank\" rel=\"noopener\">C\u01a1 s\u1edf B\u00ecnh Th\u1ea1nh.<\/a><\/strong><\/p>\n<p><em>Ch\u1ee7 \u0111\u1ec1: L\u1ec5 Ph\u1ee5c Sinh!<\/em><\/p>\n<\/div><\/div>\n\n<div class=\"et_pb_image_0 et_pb_image et_pb_module et_block_module\"><span class=\"et_pb_image_wrap\"><img decoding=\"async\" src=\"https:\/\/bouleetbilles.net\/wp-content\/uploads\/2026\/03\/centre-de-loisirs-paques-2026-boule-et-billes-ecole-francaise-saigon-Large.webp\" width=\"1280\" height=\"1280\" srcset=\"https:\/\/bouleetbilles.net\/wp-content\/uploads\/2026\/03\/centre-de-loisirs-paques-2026-boule-et-billes-ecole-francaise-saigon-Large.webp 1280w, https:\/\/bouleetbilles.net\/wp-content\/uploads\/2026\/03\/centre-de-loisirs-paques-2026-boule-et-billes-ecole-francaise-saigon-Large-980x980.webp 980w, https:\/\/bouleetbilles.net\/wp-content\/uploads\/2026\/03\/centre-de-loisirs-paques-2026-boule-et-billes-ecole-francaise-saigon-Large-480x480.webp 480w\" sizes=\"(min-width: 0px) and (max-width: 480px) 480px, (min-width: 481px) and (max-width: 980px) 980px, (min-width: 981px) 1280px, 100vw\" class=\"wp-image-9407\" title=\"Trung t\u00e2m gi\u1ea3i tr\u00ed L\u1ec5 Ph\u1ee5c Sinh 2026, tr\u00f2 ch\u01a1i bi v\u00e0 b\u00f3ng, tr\u01b0\u1eddng Ph\u00e1p t\u1ea1i S\u00e0i G\u00f2n, khu v\u1ef1c l\u1edbn.\" alt=\"Trung t\u00e2m gi\u1ea3i tr\u00ed L\u1ec5 Ph\u1ee5c Sinh 2026, tr\u00f2 ch\u01a1i bi v\u00e0 b\u00f3ng, tr\u01b0\u1eddng Ph\u00e1p t\u1ea1i S\u00e0i G\u00f2n, khu v\u1ef1c l\u1edbn.\" \/><\/span><\/div>\n<\/div>\n\n<div class=\"et_pb_column_1 et_pb_column et_pb_column_1_2 et-last-child et_block_column et_pb_css_mix_blend_mode_passthrough\">\n<div class=\"et_pb_image_1 et_pb_image et_pb_module et_block_module\"><span class=\"et_pb_image_wrap\"><img decoding=\"async\" src=\"https:\/\/bouleetbilles.net\/wp-content\/uploads\/2026\/03\/Affiche-Camp-Paques-2026-FR-Large.webp\" width=\"1280\" height=\"1280\" srcset=\"https:\/\/bouleetbilles.net\/wp-content\/uploads\/2026\/03\/Affiche-Camp-Paques-2026-FR-Large.webp 1280w, https:\/\/bouleetbilles.net\/wp-content\/uploads\/2026\/03\/Affiche-Camp-Paques-2026-FR-Large-980x980.webp 980w, https:\/\/bouleetbilles.net\/wp-content\/uploads\/2026\/03\/Affiche-Camp-Paques-2026-FR-Large-480x480.webp 480w\" sizes=\"(min-width: 0px) and (max-width: 480px) 480px, (min-width: 481px) and (max-width: 980px) 980px, (min-width: 981px) 1280px, 100vw\" class=\"wp-image-9408\" title=\"\u00c1p ph\u00edch tr\u1ea1i h\u00e8 Ph\u1ee5c Sinh 2026-FR c\u1ee1 l\u1edbn\" alt=\"\u00c1p ph\u00edch tr\u1ea1i h\u00e8 Ph\u1ee5c Sinh 2026-FR c\u1ee1 l\u1edbn\" \/><\/span><\/div>\n\n<div class=\"et_pb_text_1 et_pb_text et_pb_bg_layout_light et_pb_module et_block_module\"><div class=\"et_pb_text_inner\"><p><span style=\"color: #ff0000;\"><strong>BAO G\u1ed2M \u2193<\/strong><\/span><\/p>\n<ul>\n<li><span style=\"color: #ff0000;\"><strong>C\u00f3 d\u1ecbch v\u1ee5 xe \u0111\u01b0a \u0111\u00f3n<\/strong><\/span> kh\u1ee9 h\u1ed3i mi\u1ec5n ph\u00ed t\u1eeb khu\u00f4n vi\u00ean Th\u1ea3o \u0110i\u1ec1n.<br \/>(Vi\u1ec7c \u0111\u00f3n v\u00e0 tr\u1ea3 h\u1ecdc sinh t\u1ea1i nh\u00e0 ph\u1ee5 thu\u1ed9c v\u00e0o kho\u1ea3ng c\u00e1ch, vui l\u00f2ng tham kh\u1ea3o m\u1eabu \u0111\u0103ng k\u00fd.)<\/li>\n<li>T\u1ea5t c\u1ea3 h\u1ecdc vi\u00ean c\u1ee7a Boule et Billes \u0111\u1ec1u \u0111\u01b0\u1ee3c h\u01b0\u1edfng <span style=\"color: #ff0000;\"><strong>gi\u1ea3m gi\u00e1 10% cho t\u1ea5t c\u1ea3 c\u00e1c ho\u1ea1t \u0111\u1ed9ng<\/strong><\/span> , ngo\u1ea1i tr\u1eeb v\u1eadn chuy\u1ec3n, c\u00e1c kh\u00f3a h\u1ecdc nh\u1eadp m\u00f4n v\u00e0 c\u00e1c kh\u00f3a h\u1ecdc \u00f4n t\u1eadp (n\u1ebfu c\u00f3).<\/li>\n<\/ul>\n<\/div><\/div>\n<\/div>\n<\/div>\n\n<div class=\"et_pb_row_1 et_pb_row et_block_row\">\n<div class=\"et_pb_column_2 et_pb_column et_pb_column_1_2 et_block_column et_pb_css_mix_blend_mode_passthrough\">\n<div class=\"et_pb_cta_0 et_pb_promo et_pb_bg_layout_dark et_animated et_pb_module et_block_module\"><div class=\"et_pb_promo_description\"><h2 class=\"et_pb_module_header\">Phi\u1ebfu \u0111\u0103ng k\u00fd d\u00e0nh cho ph\u1ee5 huynh<\/h2><div class=\"et_pb_promo_content\"><p>M\u1ed7i tu\u1ea7n, c\u00e1c con c\u1ee7a b\u1ea1n s\u1ebd \u0111\u01b0\u1ee3c tham gia v\u00e0o m\u1ed9t ch\u01b0\u01a1ng tr\u00ecnh phong ph\u00fa v\u00e0 \u0111a d\u1ea1ng.<\/p>\n<\/div><\/div><div class=\"et_pb_button_wrapper\"><a class=\"et_pb_button et_pb_promo_button\" target=\"_blank\" href=\"https:\/\/docs.google.com\/forms\/d\/e\/1FAIpQLSev4sTL_PWqJlYf3cFATaDAkIAkpjMGWaYlpSv6r8QtwJm5ZQ\/viewform\" data-icon=\"h\" rel=\"noreferrer\">\u0110\u0103ng k\u00fd<\/a><\/div><\/div>\n<\/div>\n\n<div class=\"et_pb_column_3 et_pb_column et_pb_column_1_2 et-last-child et_block_column et_pb_css_mix_blend_mode_passthrough\">\n<div class=\"et_pb_cta_1 et_pb_promo et_pb_bg_layout_dark et_animated et_pb_module et_block_module\"><div class=\"et_pb_promo_description\"><h2 class=\"et_pb_module_header\">D\u00e0nh cho nh\u1eefng ng\u01b0\u1eddi ch\u01b0a \u0111\u0103ng k\u00fd v\u1edbi ch\u00fang t\u00f4i<\/h2><div class=\"et_pb_promo_content\"><p>Vui l\u00f2ng ho\u00e0n th\u00e0nh c\u00e1c t\u00e0i li\u1ec7u \u0111\u00ednh k\u00e8m n\u00e0y. G\u1eedi ch\u00fang qua email ho\u1eb7c n\u1ed9p tr\u1ef1c ti\u1ebfp t\u1ea1i v\u0103n ph\u00f2ng th\u01b0 k\u00fd. <\/p>\n<\/div><\/div><div class=\"et_pb_button_wrapper\"><a class=\"et_pb_button et_pb_promo_button\" target=\"_blank\" href=\"https:\/\/drive.google.com\/drive\/folders\/1BV486a1IJeTlV8001HMsHFU7qk_ZRJ-C\" data-icon=\"h\" rel=\"noreferrer\">Truy c\u1eadp t\u00e0i li\u1ec7u<\/a><\/div><\/div>\n<\/div>\n<\/div>\n<\/div>\n\n<div class=\"et_pb_section_2 et_pb_section et_section_regular et_block_section\">\n<div class=\"et_pb_row_2 et_pb_row et_block_row\">\n<div class=\"et_pb_column_4 et_pb_column et_pb_column_4_4 et-last-child et_block_column et_pb_css_mix_blend_mode_passthrough\">\n<div class=\"et_pb_tabs_0 et_pb_tabs et_pb_module\" id=\"dt-tabs\"><ul class=\"et_pb_tabs_controls clearfix\"><li class=\"et_pb_tab_nav_item_0 et_pb_tab_nav_item et_pb_tab_0 et_pb_tab_active\"><a class=\"et_pb_tab_nav_item_link\" href=\"#\">Gi\u1edbi thi\u1ec7u<\/a><\/li><li class=\"et_pb_tab_nav_item_1 et_pb_tab_nav_item et_pb_tab_1\"><a class=\"et_pb_tab_nav_item_link\" href=\"#\">Th\u1eddi kh\u00f3a bi\u1ec3u<\/a><\/li><li class=\"et_pb_tab_nav_item_2 et_pb_tab_nav_item et_pb_tab_2\"><a class=\"et_pb_tab_nav_item_link\" href=\"#\">D\u1ef1 \u00e1n gi\u00e1o d\u1ee5c<\/a><\/li><li class=\"et_pb_tab_nav_item_3 et_pb_tab_nav_item et_pb_tab_3\"><a class=\"et_pb_tab_nav_item_link\" href=\"#\">Ch\u00ednh s\u00e1ch d\u1ea1y ng\u00f4n ng\u1eef<\/a><\/li><li class=\"et_pb_tab_nav_item_4 et_pb_tab_nav_item et_pb_tab_4\"><a class=\"et_pb_tab_nav_item_link\" href=\"#\">C\u00e2u h\u1ecfi th\u01b0\u1eddng g\u1eb7p<\/a><\/li><\/ul><div class=\"et_pb_all_tabs\">\n<div class=\"et_pb_tab_0 et_pb_tab clearfix et_pb_active_content et_pb_module et_block_module\"><div class=\"et_pb_tab_content\"><p><span style=\"font-weight: 400;\">H\u1ed9i tr\u1ea1i c\u1ee7a tr\u01b0\u1eddng Boules &amp; Billes m\u1edf c\u1eeda c\u1ea3 ng\u00e0y trong nh\u1eefng k\u1ef3 ngh\u1ec9 t\u1eeb 7 gi\u1edd 30 s\u00e1ng \u0111\u1ebfn 4 gi\u1edd chi\u1ec1u. Ch\u00fang t\u00f4i c\u0169ng c\u00f3 th\u1ec3 ch\u00e0o \u0111\u00f3n c\u00e1c em t\u1eeb 7 gi\u1edd 30 s\u00e1ng \u0111\u1ebfn 1 gi\u1edd chi\u1ec1u ho\u1eb7c t\u1eeb 12 gi\u1edd tr\u01b0a \u0111\u1ebfn 4 gi\u1edd chi\u1ec1u.<\/span><\/p>\n<p><iframe width=\"560\" height=\"315\" src=\"https:\/\/www.youtube.com\/embed\/U-65_fpPW0g?si=-FYwqVK0RGndwE_m\" title=\"YouTube video player\" frameborder=\"0\" allow=\"accelerometer; autoplay; clipboard-write; encrypted-media; gyroscope; picture-in-picture; web-share\" referrerpolicy=\"strict-origin-when-cross-origin\" allowfullscreen=\"\"><\/iframe><\/p>\n<p><span style=\"font-weight: 400;\">Th\u00f4ng th\u01b0\u1eddng m\u1ed9t tu\u1ea7n v\u00e0o th\u00e1ng T\u01b0 trong k\u1ef3 ngh\u1ec9 l\u1ec5 Ph\u1ee5c sinh, hai ho\u1eb7c ba tu\u1ea7n v\u00e0o th\u00e1ng B\u1ea3y v\u00e0 th\u00e1ng T\u00e1m trong k\u1ef3 ngh\u1ec9 h\u00e8. <\/span><a href=\"https:\/\/bouleetbilles.net\/vi\/calendrierscolaire\/\" target=\"_blank\" rel=\"noopener\"><span style=\"font-weight: 400;\">(Xem l\u1ecbch n\u0103m h\u1ecdc)<\/span><\/a><\/p>\n<p><span style=\"font-weight: 400;\">T\u1ea1i h\u1ed9i tr\u1ea1i, ch\u00fang t\u00f4i t\u1ed5 ch\u1ee9c c\u00e1c ho\u1ea1t \u0111\u1ed9ng \u0111a d\u1ea1ng, ph\u00f9 h\u1ee3p v\u1edbi \u0111\u1ed9 tu\u1ed5i c\u1ee7a c\u00e1c em. Ch\u1ee7 y\u1ebfu l\u00e0 <\/span><\/p>\n<ul>\n<li style=\"font-weight: 400;\" aria-level=\"1\"><span style=\"font-weight: 400;\">Ho\u1ea1t \u0111\u1ed9ng th\u1ec3 ch\u1ea5t : leo t\u01b0\u1eddng, nh\u1ea3y m\u00faa, b\u01a1i l\u1ed9i...<\/span><\/li>\n<li style=\"font-weight: 400;\" aria-level=\"1\"><span style=\"font-weight: 400;\">Ho\u1ea1t \u0111\u1ed9ng ngh\u1ec7 thu\u1eadt : th\u1ee7 c\u00f4ng, v\u1ebd, t\u00f4 m\u00e0u\u2026<\/span><\/li>\n<li style=\"font-weight: 400;\" aria-level=\"1\"><span style=\"font-weight: 400;\">Ho\u1ea1t \u0111\u1ed9ng v\u0103n h\u00f3a : d\u00e3 ngo\u1ea1i (v\u01b0\u1eddn th\u00fa - b\u1ea3o t\u00e0ng - c\u00f4ng vi\u00ean...), tr\u00f2 ch\u01a1i t\u1eadp th\u1ec3, ng\u00f4n ng\u1eef\u2026<\/span><\/li>\n<\/ul>\n<p><span style=\"font-weight: 400;\">Nh\u1eefng ho\u1ea1t \u0111\u1ed9ng n\u00e0y \u0111\u01b0\u1ee3c t\u1ed5 ch\u1ee9c trong k\u1ef3 ngh\u1ec9 v\u00e0 t\u01b0\u01a1ng \u1ee9ng v\u1edbi m\u1ed9t ch\u1ee7 \u0111\u1ec1: thi\u00ean nhi\u00ean, ngh\u1ec7 thu\u1eadt, chuy\u1ec7n c\u1ed5 t\u00edch, v.v. <\/span><\/p>\n<p><span style=\"font-weight: 400;\">Tr\u1ebb em c\u00f3 th\u1ec3 tham gia c\u00e1c ho\u1ea1t \u0111\u1ed9ng kh\u00e1c nhau v\u00e0o bu\u1ed5i s\u00e1ng v\u00e0\/ho\u1eb7c bu\u1ed5i chi\u1ec1u.<\/span><\/p>\n<p><span style=\"font-weight: 400;\">C\u00e1c kh\u00f3a h\u1ecdc t\u1eeb 5 \u0111\u1ebfn 10 ng\u00e0y c\u0169ng \u0111\u01b0\u1ee3c \u0111\u1ec1 xu\u1ea5t:<\/span><\/p>\n<ul>\n<li style=\"font-weight: 400;\" aria-level=\"1\"><span style=\"font-weight: 400;\">tr\u01b0\u1ee3t patin, <\/span><\/li>\n<li style=\"font-weight: 400;\" aria-level=\"1\"><span style=\"font-weight: 400;\">di\u1ec5n k\u1ecbch, <\/span><\/li>\n<li style=\"font-weight: 400;\" aria-level=\"1\"><span style=\"font-weight: 400;\">tin h\u1ecdc,<\/span><\/li>\n<li style=\"font-weight: 400;\" aria-level=\"1\"><span style=\"font-weight: 400;\">ph\u1ee5 \u0111\u1ea1o ti\u1ebfng Ph\u00e1p,<\/span><\/li>\n<li style=\"font-weight: 400;\" aria-level=\"1\"><span style=\"font-weight: 400;\">\u00f4n t\u1eadp,<\/span><\/li>\n<li style=\"font-weight: 400;\" aria-level=\"1\"><span style=\"font-weight: 400;\">\u2026<\/span><\/li>\n<\/ul>\n<p><span style=\"font-weight: 400;\">Tr\u1ebb em tham gia kh\u00f3a h\u1ecdc v\u00e0o bu\u1ed5i s\u00e1ng ho\u1eb7c bu\u1ed5i chi\u1ec1u v\u00e0 c\u00f3 th\u1ec3 tham gia c\u00e1c ho\u1ea1t \u0111\u1ed9ng kh\u00e1c v\u00e0o bu\u1ed5i s\u00e1ng ho\u1eb7c bu\u1ed5i chi\u1ec1u, \u0111\u1ed1i v\u1edbi nh\u1eefng h\u1ecdc sinh tham gia c\u1ea3 ng\u00e0y.<\/span><\/p>\n<p><span style=\"font-weight: 400;\">B\u1eefa tr\u01b0a v\u00e0 b\u1eefa \u0103n x\u1ebf s\u1ebd \u0111\u01b0\u1ee3c ph\u1ee5c v\u1ee5 t\u1ea1i h\u1ed9i tr\u1ea1i c\u1ee7a ch\u00fang t\u00f4i. <\/span><\/p>\n<\/div><\/div>\n\n<div class=\"et_pb_tab_1 et_pb_tab clearfix et_pb_module et_block_module\"><div class=\"et_pb_tab_content\"><h2>M\u1ed9t ng\u00e0y \u1edf trung t\u00e2m gi\u1ea3i tr\u00ed<\/h2>\n<ul>\n<li>7h30-8h30: Ti\u1ebfp \u0111\u00f3n t\u1ea1i Th\u1ea3o \u0110i\u1ec1n ho\u1eb7c B\u00ecnh Th\u1ea1nh<\/li>\n<li>8h30: Di chuy\u1ec3n v\u1ec1 B\u00ecnh Th\u1ea1nh cho tr\u1ebb \u1edf Th\u1ea3o \u0110i\u1ec1n<\/li>\n<li>9:00-9:45: Th\u1ec3 thao<\/li>\n<li>9:45-10:15: Ngh\u1ec9 gi\u1ea3i lao<\/li>\n<li>10:15-11:15: Ho\u1ea1t \u0111\u1ed9ng<\/li>\n<li>11:15-12:00: \u0102n tr\u01b0a<\/li>\n<li>12:00-13:30: Gi\u1edd ng\u1ee7 tr\u01b0a<\/li>\n<li>14:00 - 15:00: Ho\u1ea1t \u0111\u1ed9ng<\/li>\n<li>15:00 - 15:15: \u0102n nh\u1eb9<\/li>\n<li>15:15 - 16:00: Ho\u1ea1t \u0111\u1ed9ng b\u1ed5 sung<\/li>\n<li>15:30: Di chuy\u1ec3n v\u1ec1 Th\u1ea3o \u0110i\u1ec1n cho c\u00e1c em \u0111ang \u0111\u01b0\u1ee3c \u0111\u00f3n ti\u1ebfp t\u1ea1i Th\u1ea3o \u0110i\u1ec1n<\/li>\n<li>16h00: Kh\u1edfi h\u00e0nh t\u1eeb B\u00ecnh Th\u1ea1nh ho\u1eb7c Th\u1ea3o \u0110i\u1ec1n<\/li>\n<\/ul>\n<\/div><\/div>\n\n<div class=\"et_pb_tab_2 et_pb_tab clearfix et_pb_module et_block_module\"><div class=\"et_pb_tab_content\"><p>https:\/\/bouleetbilles.net\/vi\/du-an-ngoai-khoa\/<\/p>\n<\/div><\/div>\n\n<div class=\"et_pb_tab_3 et_pb_tab clearfix et_pb_module et_block_module\"><div class=\"et_pb_tab_content\"><p><span style=\"font-weight: 400;\">Trong c\u00e1c ho\u1ea1t \u0111\u1ed9ng chung t\u1ea1i h\u1ed9i tr\u1ea1i, giao ti\u1ebfp \u0111\u01b0\u1ee3c th\u1ef1c hi\u1ec7n b\u1eb1ng ti\u1ebfng Ph\u00e1p, ti\u1ebfng Anh v\u00e0 ti\u1ebfng Vi\u1ec7t. Ng\u00f4n ng\u1eef ch\u1ee7 y\u1ebfu v\u1eabn l\u00e0 ti\u1ebfng ph\u00e1p.<\/span><\/p>\n<p><strong>Vi\u1ec7c h\u1ecdc ng\u00f4n ng\u1eef :<\/strong><\/p>\n<p><span style=\"font-weight: 400;\">Ch\u00fang t\u00f4i \u0111\u1ec1 xu\u1ea5t v\u1edbi c\u00e1c em, nh\u1eefng em n\u00e0o mu\u1ed1n h\u1ecdc m\u1ed9t ng\u00f4n ng\u1eef m\u1edbi ho\u1eb7c r\u00e8n luy\u1ec7n k\u1ef9 n\u0103ng ng\u00f4n ng\u1eef, c\u00e1c kh\u00f3a h\u1ecdc trong k\u1ef3 ngh\u1ec9 :<\/span><\/p>\n<ul>\n<li style=\"font-weight: 400;\" aria-level=\"1\"><span style=\"font-weight: 400;\">T\u0103ng c\u01b0\u1eddng ti\u1ebfng Anh ,<\/span><\/li>\n<li style=\"font-weight: 400;\" aria-level=\"1\"><span style=\"font-weight: 400;\">Ti\u1ebfng Ph\u00e1p ngo\u1ea1i ng\u1eef<\/span><\/li>\n<\/ul>\n<p><span style=\"font-weight: 400;\">Ho\u1ea1t \u0111\u1ed9ng d\u00e0nh cho tr\u1ebb em ch\u01b0a bi\u1ebft ti\u1ebfng Ph\u00e1p mu\u1ed1n kh\u00e1m ph\u00e1 nh\u1eefng ki\u1ebfn th\u1ee9c c\u01a1 b\u1ea3n c\u1ee7a ti\u1ebfng Ph\u00e1p, ti\u1ebfp thu t\u1eeb v\u1ef1ng m\u1edbi v\u00e0 c\u1ea3i thi\u1ec7n k\u1ef9 n\u0103ng cho \u0111\u1ebfn khi c\u00e1c em c\u00f3 kh\u1ea3 n\u0103ng song ng\u1eef v\u00e0 theo h\u1ecdc ch\u01b0\u01a1ng tr\u00ecnh Ph\u00e1p t\u1ea1i tr\u01b0\u1eddng Boule &amp; Billes ho\u1eb7c t\u1ea1i m\u1ed9t tr\u01b0\u1eddng Ph\u00e1p kh\u00e1c trong th\u00e0nh ph\u1ed1.<\/span><\/p>\n<p><span style=\"font-weight: 400;\">T\u00f9y theo tr\u00ecnh \u0111\u1ed9 c\u1ee7a m\u1ed7i em, ng\u01b0\u1eddi qu\u1ea3n l\u00fd h\u1ed9i tr\u1ea1i s\u1ebd th\u00e0nh l\u1eadp c\u00e1c nh\u00f3m h\u1ecdc\/ nh\u00f3m ch\u01a1i ph\u00f9 h\u1ee3p v\u1edbi ho\u1ea1t \u0111\u1ed9ng.<\/span><\/p>\n<\/div><\/div>\n\n<div class=\"et_pb_tab_4 et_pb_tab clearfix et_pb_module et_block_module\"><div class=\"et_pb_tab_content\"><ul>\n<li aria-level=\"1\"><b>H\u1ed9i tr\u1ea1i d\u00e0nh cho ai?<\/b><\/li>\n<\/ul>\n<p><span style=\"font-weight: 400;\">H\u1ed9i tr\u1ea1i h\u01b0\u1edbng t\u1edbi t\u1ea5t c\u1ea3 tr\u1ebb em \u0111ang h\u1ecdc t\u1ea1i tr\u01b0\u1eddng Boules &amp; Billes c\u0169ng nh\u01b0 tr\u1ebb em theo h\u1ecdc t\u1ea1i c\u00e1c tr\u01b0\u1eddng kh\u00e1c, t\u1eeb m\u1ea7m non (3 tu\u1ed5i) \u0111\u1ebfn l\u1edbp n\u0103m (11 tu\u1ed5i).<\/span><\/p>\n<ul>\n<li aria-level=\"1\"><b>C\u00f3 d\u1ecbch v\u1ee5 \u0111\u01b0a \u0111\u00f3n kh\u00f4ng?<\/b><\/li>\n<\/ul>\n<p><span style=\"font-weight: 400;\">C\u00f3, tr\u01b0\u1eddng cung c\u1ea5p d\u1ecbch v\u1ee5 \u0111\u01b0a \u0111\u00f3n cho t\u1ea5t c\u1ea3 ph\u1ee5 huynh c\u00f3 nhu c\u1ea7u.<\/span><\/p>\n<ul>\n<li aria-level=\"1\"><b>Con t\u00f4i c\u00f3 th\u1ec3 th\u1ec9nh tho\u1ea3ng \u0111\u1ebfn h\u1ed9i tr\u1ea1i m\u1ed9t c\u00e1ch kh\u00f4ng th\u01b0\u1eddng xuy\u00ean kh\u00f4ng?<\/b><\/li>\n<\/ul>\n<p><span style=\"font-weight: 400;\">Khi \u0111\u0103ng k\u00fd, qu\u00fd v\u1ecb c\u00f3 th\u1ec3 l\u1ef1a ch\u1ecdn \u0111\u0103ng k\u00fd cho con m\u00ecnh n\u1eeda ng\u00e0y, c\u1ea3 ng\u00e0y ho\u1eb7c th\u1eadm ch\u00ed l\u00e0 trong to\u00e0n b\u1ed9 th\u1eddi gian m\u1edf c\u1eeda c\u1ee7a h\u1ed9i tr\u1ea1i. Thanh to\u00e1n tr\u1ecdn g\u00f3i ho\u1eb7c theo v\u00e9 l\u1ebb.<\/span><\/p>\n<ul>\n<li aria-level=\"1\"><b>H\u1ed9i tr\u1ea1i \u0111\u01b0\u1ee3c t\u1ed5 ch\u1ee9c \u1edf \u0111\u00e2u?<\/b><\/li>\n<\/ul>\n<p><span style=\"font-weight: 400;\">H\u1ed9i tr\u1ea1i \u0111\u01b0\u1ee3c t\u1ed5 ch\u1ee9c \u1edf hai \u0111\u1ecba \u0111i\u1ec3m c\u1ee7a tr\u01b0\u1eddng Boule &amp; Billes, \u1edf Th\u1ea3o \u0110i\u1ec1n v\u00e0 B\u00ecnh Th\u1ea1nh.<\/span><\/p>\n<ul>\n<li aria-level=\"1\"><b>C\u00e1c kh\u00f3a h\u1ecdc di\u1ec5n ra \u1edf \u0111\u00e2u?<\/b><\/li>\n<\/ul>\n<p><span style=\"font-weight: 400;\">T\u1ea1i 1 trong 2 c\u01a1 s\u1edf c\u1ee7a tr\u01b0\u1eddng ho\u1eb7c b\u00ean ngo\u00e0i tr\u01b0\u1eddng t\u00f9y theo b\u1ed9 m\u00f4n<\/span><\/p>\n<ul>\n<li aria-level=\"1\"><b>C\u00f3 chuy\u1ebfn \u0111i ch\u01a1i n\u00e0o \u0111\u01b0\u1ee3c l\u00ean k\u1ebf ho\u1ea1ch b\u00ean ngo\u00e0i tr\u01b0\u1eddng kh\u00f4ng?<\/b><\/li>\n<\/ul>\n<p><span style=\"font-weight: 400;\">C\u00f3, ch\u00fang t\u00f4i c\u1ed1 g\u1eafng t\u1ed5 ch\u1ee9c c\u00e1c chuy\u1ebfn \u0111i ch\u01a1i \u00edt nh\u1ea5t m\u1ed9t l\u1ea7n m\u1ed7i tu\u1ea7n trong kh\u1ea3 n\u0103ng c\u00f3 th\u1ec3. <\/span><a href=\"https:\/\/portal.bouleetbilles.net\/centre-de-loisirs\" target=\"_blank\" rel=\"noopener\"><span style=\"font-weight: 400;\">Xem ch\u01b0\u01a1ng tr\u00ecnh c\u1ee7a h\u1ed9i tr\u1ea1i.<\/span><\/a><\/p>\n<ul>\n<li aria-level=\"1\"><b>Bi\u1ec3u gi\u00e1 bao g\u1ed3m nh\u1eefng g\u00ec?<\/b><\/li>\n<\/ul>\n<p><span style=\"font-weight: 400;\">Gi\u00e1 bao g\u1ed3m c\u00e1c ho\u1ea1t \u0111\u1ed9ng, d\u1ee5ng c\u1ee5 c\u1ea7n thi\u1ebft v\u00e0 b\u1eefa tr\u01b0a. \u0110\u1ed1i v\u1edbi nh\u1eefng h\u1ecdc sinh tham gia c\u1ea3 ng\u00e0y, gi\u00e1 c\u00f2n bao g\u1ed3m c\u1ea3 b\u1eefa \u0103n x\u1ebf.<\/span><\/p>\n<p><span style=\"font-weight: 400;\">M\u1ed9t s\u1ed1 chuy\u1ebfn \u0111i ch\u01a1i ho\u1eb7c kh\u00f3a h\u1ecdc c\u0169ng nh\u01b0 d\u1ecbch v\u1ee5 \u0111\u01b0a \u0111\u00f3n s\u1ebd \u0111\u01b0\u1ee3c t\u00ednh ph\u00ed ri\u00eang th\u00eam. M\u1eddi ph\u1ee5 huynh li\u00ean h\u1ec7 v\u0103n ph\u00f2ng tr\u01b0\u1eddng \u0111\u1ec3 bi\u1ebft th\u00eam chi ti\u1ebft.<\/span><\/p>\n<ul>\n<li aria-level=\"1\"><b>N\u1ebfu con t\u00f4i kh\u00f4ng \u0111i ch\u01a1i d\u00e3 ngo\u1ea1i h\u00e0ng tu\u1ea7n th\u00ec c\u00f3 \u0111\u01b0\u1ee3c \u0111\u1ebfn h\u1ed9i tr\u1ea1i kh\u00f4ng? Gi\u00e1 c\u00f3 \u0111\u01b0\u1ee3c \u0111i\u1ec1u ch\u1ec9nh kh\u00f4ng?<\/b><\/li>\n<\/ul>\n<p><span style=\"font-weight: 400;\">C\u00f3, con c\u00f3 th\u1ec3 \u1edf l\u1ea1i trong tr\u01b0\u1eddng nh\u01b0ng c\u00f3 th\u1ec3 h\u1ecdc v\u1edbi tr\u1ebb em kh\u00f4ng c\u00f9ng \u0111\u1ed9 tu\u1ed5i. Kh\u00f4ng c\u0111i\u1ec1u ch\u1ec9nh gi\u00e1.<\/span><\/p>\n<\/div><\/div>\n<\/div><\/div>\n<\/div>\n<\/div>\n\n<div class=\"et_pb_row_3 et_pb_row et_block_row\">\n<div class=\"et_pb_column_5 et_pb_column et_pb_column_4_4 et-last-child et_block_column et_pb_css_mix_blend_mode_passthrough\">\n<div class=\"et_pb_cta_2 et_pb_promo et_pb_bg_layout_dark et_pb_module et_block_module\"><div class=\"et_pb_promo_description\"><h2 class=\"et_pb_module_header\">Vous souhaitez en savoir plus?<\/h2><div class=\"et_pb_promo_content\"><p>Notre \u00e9quipe est capable de se rendre disponible selon vos pr\u00e9f\u00e9rences pour vous faire visiter nos campus. Si vous souhaitez nous rencontrer et r\u00e9server une visite guid\u00e9e sur Thao Dien ou Binh Thanh, veuillez acc\u00e9der au formulaire en ligne de demande de visite :<\/p>\n<\/div><\/div><div class=\"et_pb_button_wrapper\"><a class=\"et_pb_button et_pb_promo_button\" target=\"_blank\" href=\"https:\/\/portal.bouleetbilles.net\/fr\/appointment\" data-icon=\"\uf073\" rel=\"noreferrer\">Visitez notre \u00e9cole<\/a><\/div><\/div>\n<\/div>\n<\/div>\n<\/div>","protected":false},"excerpt":{"rendered":"<p>H\u1ed9i tr\u1ea1i c\u1ee7a tr\u01b0\u1eddng qu\u1ed1c t\u1ebf Ph\u00e1p \u0111\u01b0\u1ee3c t\u1ed5 ch\u1ee9c trong nh\u1eefng k\u1ef3 ngh\u1ec9<br \/>\nTham quan v\u00e0 \u0111\u0103ng k\u00fd h\u1ed9i tr\u1ea1i<\/p>\n","protected":false},"author":110,"featured_media":8910,"parent":0,"menu_order":0,"comment_status":"closed","ping_status":"closed","template":"","meta":{"_seopress_robots_primary_cat":"","_seopress_titles_title":"%%post_title%% %%sitetitle%% %%sep%%","_seopress_titles_desc":"C\u00e1c ho\u1ea1t \u0111\u1ed9ng d\u00e0nh cho tr\u1ebb em t\u1ea1i S\u00e0i G\u00f2n trong k\u1ef3 ngh\u1ec9 h\u00e8! \u0110\u0103ng k\u00fd cho con em c\u1ee7a b\u1ea1n t\u1ea1i trung t\u00e2m gi\u1ea3i tr\u00ed c\u1ee7a tr\u01b0\u1eddng Ph\u00e1p Boule et Billes. ","_seopress_robots_index":"","footnotes":""},"class_list":["post-5432","page","type-page","status-publish","has-post-thumbnail","hentry"],"_links":{"self":[{"href":"https:\/\/bouleetbilles.net\/vi\/wp-json\/wp\/v2\/pages\/5432","targetHints":{"allow":["GET"]}}],"collection":[{"href":"https:\/\/bouleetbilles.net\/vi\/wp-json\/wp\/v2\/pages"}],"about":[{"href":"https:\/\/bouleetbilles.net\/vi\/wp-json\/wp\/v2\/types\/page"}],"author":[{"embeddable":true,"href":"https:\/\/bouleetbilles.net\/vi\/wp-json\/wp\/v2\/users\/110"}],"replies":[{"embeddable":true,"href":"https:\/\/bouleetbilles.net\/vi\/wp-json\/wp\/v2\/comments?post=5432"}],"version-history":[{"count":84,"href":"https:\/\/bouleetbilles.net\/vi\/wp-json\/wp\/v2\/pages\/5432\/revisions"}],"predecessor-version":[{"id":9852,"href":"https:\/\/bouleetbilles.net\/vi\/wp-json\/wp\/v2\/pages\/5432\/revisions\/9852"}],"wp:featuredmedia":[{"embeddable":true,"href":"https:\/\/bouleetbilles.net\/vi\/wp-json\/wp\/v2\/media\/8910"}],"wp:attachment":[{"href":"https:\/\/bouleetbilles.net\/vi\/wp-json\/wp\/v2\/media?parent=5432"}],"curies":[{"name":"wp","href":"https:\/\/api.w.org\/{rel}","templated":true}]}}