{"id":5413,"date":"2019-03-20T20:10:28","date_gmt":"2019-03-20T13:10:28","guid":{"rendered":"https:\/\/bouleetbilles.net\/tuyen-dung\/"},"modified":"2026-03-24T09:10:28","modified_gmt":"2026-03-24T02:10:28","slug":"tuyen-dung","status":"publish","type":"page","link":"https:\/\/bouleetbilles.net\/vi\/tuyen-dung\/","title":{"rendered":"Tuy\u1ec3n d\u1ee5ng"},"content":{"rendered":"<div class=\"et_pb_section_0 et_pb_section et_pb_fullwidth_section et_section_regular et_block_section\"><section class=\"et_pb_fullwidth_header_0 et_pb_fullwidth_header et_pb_bg_layout_dark et_pb_text_align_center et_pb_module et_flex_module\"><div class=\"et_pb_fullwidth_header_container center\"><div class=\"header-content-container center\"><div class=\"header-content et_flex_module\"><h1 class=\"et_pb_module_header\">Tuy\u1ec3n d\u1ee5ng<\/h1><span class=\"et_pb_fullwidth_header_subhead\">H\u00e3y tham gia v\u00e0o \u0111\u1ed9i ng\u0169 \u0111a v\u0103n h\u00f3a v\u00e0 h\u01b0\u1edbng \u0111\u1ebfn m\u1ee5c ti\u00eau ph\u00e1t tri\u1ec3n tr\u1ebb em c\u1ee7a ch\u00fang t\u00f4i.<\/span><div class=\"et_pb_header_button_wrapper\"><\/div><\/div><\/div><\/div><div class=\"et_pb_fullwidth_header_overlay\"><\/div><div class=\"et_pb_fullwidth_header_scroll\"><\/div><\/section><\/div><div class=\"et_pb_section_1 et_pb_section et_section_regular et_block_section\"><div class=\"et_pb_row_0 et_pb_row et_block_row\"><div class=\"et_pb_column_0 et_pb_column et_pb_column_4_4 et-last-child et_block_column et_pb_css_mix_blend_mode_passthrough\"><div class=\"et_pb_module et_pb_button_module_wrapper et_pb_button_0_wrapper\"><a class=\"et_pb_button_0 et_pb_button et_pb_bg_layout_light et_pb_module et_block_module\" href=\"https:\/\/k7-beb.komit.link\/vi\/jobs\" target=\"_blank\">Xem c\u00e1c v\u1ecb tr\u00ed tuy\u1ec3n d\u1ee5ng<\/a><\/div><\/div><\/div><\/div><div class=\"et_pb_section_2 et_pb_section et_section_regular et_block_section\"><div class=\"et_pb_row_1 et_pb_row et_block_row\"><div class=\"et_pb_column_1 et_pb_column et_pb_column_4_4 et-last-child et_block_column et_pb_css_mix_blend_mode_passthrough\"><div class=\"et_pb_image_0 et_pb_image et_pb_module et_block_module\"><span class=\"et_pb_image_wrap\"><img decoding=\"async\" src=\"https:\/\/bouleetbilles.net\/wp-content\/uploads\/2024\/04\/Lequipe-boule-et-billes-ecole-francaise-au-vietnam-les-professeurs-les-employes-la-direction.jpg\" width=\"1999\" height=\"725\" srcset=\"https:\/\/bouleetbilles.net\/wp-content\/uploads\/2024\/04\/Lequipe-boule-et-billes-ecole-francaise-au-vietnam-les-professeurs-les-employes-la-direction.jpg 1999w, https:\/\/bouleetbilles.net\/wp-content\/uploads\/2024\/04\/Lequipe-boule-et-billes-ecole-francaise-au-vietnam-les-professeurs-les-employes-la-direction-1280x464.jpg 1280w, https:\/\/bouleetbilles.net\/wp-content\/uploads\/2024\/04\/Lequipe-boule-et-billes-ecole-francaise-au-vietnam-les-professeurs-les-employes-la-direction-980x355.jpg 980w, https:\/\/bouleetbilles.net\/wp-content\/uploads\/2024\/04\/Lequipe-boule-et-billes-ecole-francaise-au-vietnam-les-professeurs-les-employes-la-direction-480x174.jpg 480w\" sizes=\"(min-width: 0px) and (max-width: 480px) 480px, (min-width: 481px) and (max-width: 980px) 980px, (min-width: 981px) and (max-width: 1280px) 1280px, (min-width: 1281px) 1999px, 100vw\" class=\"wp-image-4958\" title=\"\u0110\u1ed9i tuy\u1ec3n Boule et Billes ki\u1ec3u Ph\u00e1p t\u1ea1i Vi\u1ec7t Nam: gi\u00e1o vi\u00ean, nh\u00e2n vi\u00ean, ban qu\u1ea3n l\u00fd\" alt=\"\u0110\u1ed9i tuy\u1ec3n Boule et Billes ki\u1ec3u Ph\u00e1p t\u1ea1i Vi\u1ec7t Nam: gi\u00e1o vi\u00ean, nh\u00e2n vi\u00ean, ban qu\u1ea3n l\u00fd\" \/><\/span><\/div><\/div><\/div><\/div><div class=\"et_pb_section_3 et_pb_section et_section_regular et_block_section\" id=\"equipe\"><div class=\"et_pb_row_2 et_pb_row et_block_row\"><div class=\"et_pb_column_2 et_pb_column et_pb_column_1_2 et_block_column et_pb_css_mix_blend_mode_passthrough\"><div class=\"et_pb_text_0 et_pb_text et_pb_bg_layout_light et_pb_module et_block_module\"><div class=\"et_pb_text_inner\"><h2 style=\"text-align: center;\">Ban Gi\u00e1m Hi\u1ec7u:<\/h2>\n<h3 style=\"text-align: center;\">Yen Thu &amp; Thierry FERNANDEZ<\/h3>\n<p style=\"text-align: center;\">H\u1ecd th\u00e0nh l\u1eadp tr\u01b0\u1eddng v\u00e0o n\u0103m 2004 v\u00e0 \u0111\u1ed3ng qu\u1ea3n l\u00fd tr\u01b0\u1eddng.<\/p>\n<\/div><\/div><div class=\"et_pb_image_1 et_pb_image et_pb_module et_block_module\"><span class=\"et_pb_image_wrap\"><img decoding=\"async\" src=\"https:\/\/bouleetbilles.net\/wp-content\/uploads\/2024\/05\/Direction-Thierry-Fernandez-Yen-Thu-Ecoles-boule-et-billes-francaise-internationale-saigon-vietnam-AEFE.jpg\" width=\"751\" height=\"1051\" srcset=\"https:\/\/bouleetbilles.net\/wp-content\/uploads\/2024\/05\/Direction-Thierry-Fernandez-Yen-Thu-Ecoles-boule-et-billes-francaise-internationale-saigon-vietnam-AEFE.jpg 751w, https:\/\/bouleetbilles.net\/wp-content\/uploads\/2024\/05\/Direction-Thierry-Fernandez-Yen-Thu-Ecoles-boule-et-billes-francaise-internationale-saigon-vietnam-AEFE-480x672.jpg 480w\" sizes=\"(min-width: 0px) and (max-width: 480px) 480px, (min-width: 481px) 751px, 100vw\" class=\"wp-image-5030\" title=\"Gi\u00e1m \u0111\u1ed1c Thierry Fernandez Yen Thu, Tr\u01b0\u1eddng Qu\u1ed1c t\u1ebf Ph\u00e1p v\u1ec1 Boule et Billes, S\u00e0i G\u00f2n, Vi\u1ec7t Nam, AEFE\" alt=\"Gi\u00e1m \u0111\u1ed1c Thierry Fernandez Yen Thu, Tr\u01b0\u1eddng Qu\u1ed1c t\u1ebf Ph\u00e1p v\u1ec1 Boule et Billes, S\u00e0i G\u00f2n, Vi\u1ec7t Nam, AEFE\" \/><\/span><\/div><\/div><div class=\"et_pb_column_3 et_pb_column et_pb_column_1_2 et-last-child et_block_column et_pb_css_mix_blend_mode_passthrough\"><div class=\"et_pb_text_1 et_pb_text et_pb_bg_layout_light et_pb_module et_block_module\"><div class=\"et_pb_text_inner\"><h2 style=\"text-align: center;\">Tr\u01b0\u1eddng Boule &amp; Billes g\u1ed3m h\u01a1n 90 nh\u00e2n vi\u00ean !<\/h2>\n<p style=\"text-align: center;\">Tr\u01b0\u1eddng B&amp;B g\u1ed3m h\u01a1n 90 ng\u01b0\u1eddi c\u00f9ng h\u1ee3p t\u00e1c l\u00e0m vi\u1ec7c \u0111\u1ec3 tr\u01b0\u1eddng c\u00f3 th\u1ec3 ho\u1ea1t \u0111\u1ed9ng m\u1ed7i ng\u00e0y.<\/p>\n<\/div><\/div><div class=\"et_pb_gallery_0 et_pb_gallery et_pb_bg_layout_light et_pb_gallery_grid et_pb_module\" data-auto-rotate=\"off\" data-auto-rotate-speed=\"\"><div class=\"et_pb_gallery_items et_post_gallery clearfix et_grid_module\" data-per_page=\"2\"><div class=\"et_pb_gallery_item et_pb_grid_item et_pb_gallery_item_0_0\"><div class=\"et_pb_gallery_image landscape\" data-per_page=\"2\"><a href=\"https:\/\/bouleetbilles.net\/wp-content\/uploads\/2024\/05\/Teachers-min.jpg\" title=\"Teachers-min\"><img decoding=\"async\" width=\"400\" height=\"284\" src=\"https:\/\/bouleetbilles.net\/wp-content\/uploads\/2024\/05\/Teachers-min-400x284.jpg\" alt=\"\" class=\"wp-image-6889\" srcset=\"https:\/\/bouleetbilles.net\/wp-content\/uploads\/2024\/05\/Teachers-min.jpg 479w, https:\/\/bouleetbilles.net\/wp-content\/uploads\/2024\/05\/Teachers-min-400x284.jpg 480w\" sizes=\"(max-width:479px) 479px, 100vw\" \/><span class=\"et_overlay\" data-icon=\"\" data-icon-tablet=\"\" data-icon-phone=\"\"><\/span><\/a><\/div><\/div><div class=\"et_pb_gallery_item et_pb_grid_item et_pb_gallery_item_0_1\"><div class=\"et_pb_gallery_image landscape\" data-per_page=\"2\"><a href=\"https:\/\/bouleetbilles.net\/wp-content\/uploads\/2024\/05\/Teachers-2-min.jpg\" title=\"Teachers-2-min\"><img decoding=\"async\" width=\"400\" height=\"284\" src=\"https:\/\/bouleetbilles.net\/wp-content\/uploads\/2024\/05\/Teachers-2-min-400x284.jpg\" alt=\"\" class=\"wp-image-6891\" srcset=\"https:\/\/bouleetbilles.net\/wp-content\/uploads\/2024\/05\/Teachers-2-min.jpg 479w, https:\/\/bouleetbilles.net\/wp-content\/uploads\/2024\/05\/Teachers-2-min-400x284.jpg 480w\" sizes=\"(max-width:479px) 479px, 100vw\" \/><span class=\"et_overlay\" data-icon=\"\" data-icon-tablet=\"\" data-icon-phone=\"\"><\/span><\/a><\/div><\/div><div class=\"et_pb_gallery_item et_pb_grid_item et_pb_gallery_item_0_2\"><div class=\"et_pb_gallery_image landscape\" data-per_page=\"2\"><a href=\"https:\/\/bouleetbilles.net\/wp-content\/uploads\/2024\/05\/Service-min.jpg\" title=\"Service-min\"><img decoding=\"async\" width=\"400\" height=\"284\" src=\"https:\/\/bouleetbilles.net\/wp-content\/uploads\/2024\/05\/Service-min-400x284.jpg\" alt=\"\" class=\"wp-image-6893\" srcset=\"https:\/\/bouleetbilles.net\/wp-content\/uploads\/2024\/05\/Service-min.jpg 479w, https:\/\/bouleetbilles.net\/wp-content\/uploads\/2024\/05\/Service-min-400x284.jpg 480w\" sizes=\"(max-width:479px) 479px, 100vw\" \/><span class=\"et_overlay\" data-icon=\"\" data-icon-tablet=\"\" data-icon-phone=\"\"><\/span><\/a><\/div><\/div><div class=\"et_pb_gallery_item et_pb_grid_item et_pb_gallery_item_0_3\"><div class=\"et_pb_gallery_image landscape\" data-per_page=\"2\"><a href=\"https:\/\/bouleetbilles.net\/wp-content\/uploads\/2024\/05\/Admin-2-min.jpg\" title=\"Admin-2-min\"><img decoding=\"async\" width=\"400\" height=\"284\" src=\"https:\/\/bouleetbilles.net\/wp-content\/uploads\/2024\/05\/Admin-2-min-400x284.jpg\" alt=\"\" class=\"wp-image-6895\" srcset=\"https:\/\/bouleetbilles.net\/wp-content\/uploads\/2024\/05\/Admin-2-min.jpg 479w, https:\/\/bouleetbilles.net\/wp-content\/uploads\/2024\/05\/Admin-2-min-400x284.jpg 480w\" sizes=\"(max-width:479px) 479px, 100vw\" \/><span class=\"et_overlay\" data-icon=\"\" data-icon-tablet=\"\" data-icon-phone=\"\"><\/span><\/a><\/div><\/div><div class=\"et_pb_gallery_item et_pb_grid_item et_pb_gallery_item_0_4\"><div class=\"et_pb_gallery_image landscape\" data-per_page=\"2\"><a href=\"https:\/\/bouleetbilles.net\/wp-content\/uploads\/2024\/05\/Extracurricular-min.jpg\" title=\"Extracurricular-min\"><img decoding=\"async\" width=\"400\" height=\"284\" src=\"https:\/\/bouleetbilles.net\/wp-content\/uploads\/2024\/05\/Extracurricular-min-400x284.jpg\" alt=\"\" class=\"wp-image-6897\" srcset=\"https:\/\/bouleetbilles.net\/wp-content\/uploads\/2024\/05\/Extracurricular-min.jpg 479w, https:\/\/bouleetbilles.net\/wp-content\/uploads\/2024\/05\/Extracurricular-min-400x284.jpg 480w\" sizes=\"(max-width:479px) 479px, 100vw\" \/><span class=\"et_overlay\" data-icon=\"\" data-icon-tablet=\"\" data-icon-phone=\"\"><\/span><\/a><\/div><\/div><div class=\"et_pb_gallery_item et_pb_grid_item et_pb_gallery_item_0_5\"><div class=\"et_pb_gallery_image landscape\" data-per_page=\"2\"><a href=\"https:\/\/bouleetbilles.net\/wp-content\/uploads\/2024\/05\/Admin-min.jpg\" title=\"Admin-min\"><img decoding=\"async\" width=\"400\" height=\"284\" src=\"https:\/\/bouleetbilles.net\/wp-content\/uploads\/2024\/05\/Admin-min-400x284.jpg\" alt=\"\" class=\"wp-image-6899\" srcset=\"https:\/\/bouleetbilles.net\/wp-content\/uploads\/2024\/05\/Admin-min.jpg 479w, https:\/\/bouleetbilles.net\/wp-content\/uploads\/2024\/05\/Admin-min-400x284.jpg 480w\" sizes=\"(max-width:479px) 479px, 100vw\" \/><span class=\"et_overlay\" data-icon=\"\" data-icon-tablet=\"\" data-icon-phone=\"\"><\/span><\/a><\/div><\/div><div class=\"et_pb_gallery_item et_pb_grid_item et_pb_gallery_item_0_6\"><div class=\"et_pb_gallery_image landscape\" data-per_page=\"2\"><a href=\"https:\/\/bouleetbilles.net\/wp-content\/uploads\/2024\/05\/Pedagogie-min.jpg\" title=\"Pedagogie-min\"><img decoding=\"async\" width=\"400\" height=\"284\" src=\"https:\/\/bouleetbilles.net\/wp-content\/uploads\/2024\/05\/Pedagogie-min-400x284.jpg\" alt=\"\" class=\"wp-image-6901\" srcset=\"https:\/\/bouleetbilles.net\/wp-content\/uploads\/2024\/05\/Pedagogie-min.jpg 479w, https:\/\/bouleetbilles.net\/wp-content\/uploads\/2024\/05\/Pedagogie-min-400x284.jpg 480w\" sizes=\"(max-width:479px) 479px, 100vw\" \/><span class=\"et_overlay\" data-icon=\"\" data-icon-tablet=\"\" data-icon-phone=\"\"><\/span><\/a><\/div><\/div><div class=\"et_pb_gallery_item et_pb_grid_item et_pb_gallery_item_0_7\"><div class=\"et_pb_gallery_image landscape\" data-per_page=\"2\"><a href=\"https:\/\/bouleetbilles.net\/wp-content\/uploads\/2024\/05\/Pedagogie-2-min.jpg\" title=\"Pedagogie-2-min\"><img decoding=\"async\" width=\"400\" height=\"284\" src=\"https:\/\/bouleetbilles.net\/wp-content\/uploads\/2024\/05\/Pedagogie-2-min-400x284.jpg\" alt=\"\" class=\"wp-image-6903\" srcset=\"https:\/\/bouleetbilles.net\/wp-content\/uploads\/2024\/05\/Pedagogie-2-min.jpg 479w, https:\/\/bouleetbilles.net\/wp-content\/uploads\/2024\/05\/Pedagogie-2-min-400x284.jpg 480w\" sizes=\"(max-width:479px) 479px, 100vw\" \/><span class=\"et_overlay\" data-icon=\"\" data-icon-tablet=\"\" data-icon-phone=\"\"><\/span><\/a><\/div><\/div><div class=\"et_pb_gallery_item et_pb_grid_item et_pb_gallery_item_0_8\"><div class=\"et_pb_gallery_image landscape\" data-per_page=\"2\"><a href=\"https:\/\/bouleetbilles.net\/wp-content\/uploads\/2024\/05\/Transportation-min.jpg\" title=\"Transportation-min\"><img decoding=\"async\" width=\"400\" height=\"284\" src=\"https:\/\/bouleetbilles.net\/wp-content\/uploads\/2024\/05\/Transportation-min-400x284.jpg\" alt=\"\" class=\"wp-image-6905\" srcset=\"https:\/\/bouleetbilles.net\/wp-content\/uploads\/2024\/05\/Transportation-min.jpg 479w, https:\/\/bouleetbilles.net\/wp-content\/uploads\/2024\/05\/Transportation-min-400x284.jpg 480w\" sizes=\"(max-width:479px) 479px, 100vw\" \/><span class=\"et_overlay\" data-icon=\"\" data-icon-tablet=\"\" data-icon-phone=\"\"><\/span><\/a><\/div><\/div><div class=\"et_pb_gallery_item et_pb_grid_item et_pb_gallery_item_0_9\"><div class=\"et_pb_gallery_image landscape\" data-per_page=\"2\"><a href=\"https:\/\/bouleetbilles.net\/wp-content\/uploads\/2024\/05\/Pedagogie-4-min.jpg\" title=\"Pedagogie-4-min\"><img decoding=\"async\" width=\"400\" height=\"284\" src=\"https:\/\/bouleetbilles.net\/wp-content\/uploads\/2024\/05\/Pedagogie-4-min-400x284.jpg\" alt=\"\" class=\"wp-image-6907\" srcset=\"https:\/\/bouleetbilles.net\/wp-content\/uploads\/2024\/05\/Pedagogie-4-min.jpg 479w, https:\/\/bouleetbilles.net\/wp-content\/uploads\/2024\/05\/Pedagogie-4-min-400x284.jpg 480w\" sizes=\"(max-width:479px) 479px, 100vw\" \/><span class=\"et_overlay\" data-icon=\"\" data-icon-tablet=\"\" data-icon-phone=\"\"><\/span><\/a><\/div><\/div><div class=\"et_pb_gallery_item et_pb_grid_item et_pb_gallery_item_0_10\"><div class=\"et_pb_gallery_image landscape\" data-per_page=\"2\"><a href=\"https:\/\/bouleetbilles.net\/wp-content\/uploads\/2024\/05\/Pedagogie-3-min.jpg\" title=\"Pedagogie-3-min\"><img decoding=\"async\" width=\"400\" height=\"284\" src=\"https:\/\/bouleetbilles.net\/wp-content\/uploads\/2024\/05\/Pedagogie-3-min-400x284.jpg\" alt=\"\" class=\"wp-image-6909\" srcset=\"https:\/\/bouleetbilles.net\/wp-content\/uploads\/2024\/05\/Pedagogie-3-min.jpg 479w, https:\/\/bouleetbilles.net\/wp-content\/uploads\/2024\/05\/Pedagogie-3-min-400x284.jpg 480w\" sizes=\"(max-width:479px) 479px, 100vw\" \/><span class=\"et_overlay\" data-icon=\"\" data-icon-tablet=\"\" data-icon-phone=\"\"><\/span><\/a><\/div><\/div><div class=\"et_pb_gallery_item et_pb_grid_item et_pb_gallery_item_0_11\"><div class=\"et_pb_gallery_image landscape\" data-per_page=\"2\"><a href=\"https:\/\/bouleetbilles.net\/wp-content\/uploads\/2024\/05\/ELM_0994-min.jpg\" title=\"ELM_0994-min\"><img decoding=\"async\" width=\"400\" height=\"284\" src=\"https:\/\/bouleetbilles.net\/wp-content\/uploads\/2024\/05\/ELM_0994-min-400x284.jpg\" alt=\"\" class=\"wp-image-6911\" srcset=\"https:\/\/bouleetbilles.net\/wp-content\/uploads\/2024\/05\/ELM_0994-min.jpg 479w, https:\/\/bouleetbilles.net\/wp-content\/uploads\/2024\/05\/ELM_0994-min-400x284.jpg 480w\" sizes=\"(max-width:479px) 479px, 100vw\" \/><span class=\"et_overlay\" data-icon=\"\" data-icon-tablet=\"\" data-icon-phone=\"\"><\/span><\/a><\/div><\/div><div class=\"et_pb_gallery_item et_pb_grid_item et_pb_gallery_item_0_12\"><div class=\"et_pb_gallery_image landscape\" data-per_page=\"2\"><a href=\"https:\/\/bouleetbilles.net\/wp-content\/uploads\/2024\/05\/ELM_0996-min.jpg\" title=\"ELM_0996-min\"><img decoding=\"async\" width=\"400\" height=\"284\" src=\"https:\/\/bouleetbilles.net\/wp-content\/uploads\/2024\/05\/ELM_0996-min-400x284.jpg\" alt=\"\" class=\"wp-image-6913\" srcset=\"https:\/\/bouleetbilles.net\/wp-content\/uploads\/2024\/05\/ELM_0996-min.jpg 479w, https:\/\/bouleetbilles.net\/wp-content\/uploads\/2024\/05\/ELM_0996-min-400x284.jpg 480w\" sizes=\"(max-width:479px) 479px, 100vw\" \/><span class=\"et_overlay\" data-icon=\"\" data-icon-tablet=\"\" data-icon-phone=\"\"><\/span><\/a><\/div><\/div><div class=\"et_pb_gallery_item et_pb_grid_item et_pb_gallery_item_0_13\"><div class=\"et_pb_gallery_image landscape\" data-per_page=\"2\"><a href=\"https:\/\/bouleetbilles.net\/wp-content\/uploads\/2024\/05\/Navette-min.jpg\" title=\"Navette-min\"><img decoding=\"async\" width=\"400\" height=\"284\" src=\"https:\/\/bouleetbilles.net\/wp-content\/uploads\/2024\/05\/Navette-min-400x284.jpg\" alt=\"\" class=\"wp-image-6915\" srcset=\"https:\/\/bouleetbilles.net\/wp-content\/uploads\/2024\/05\/Navette-min.jpg 479w, https:\/\/bouleetbilles.net\/wp-content\/uploads\/2024\/05\/Navette-min-400x284.jpg 480w\" sizes=\"(max-width:479px) 479px, 100vw\" \/><span class=\"et_overlay\" data-icon=\"\" data-icon-tablet=\"\" data-icon-phone=\"\"><\/span><\/a><\/div><\/div><\/div><div class=\"et_pb_gallery_pagination\"><\/div><\/div><\/div><\/div><\/div><div class=\"et_pb_section_4 et_pb_section et_section_regular et_block_section\"><div class=\"et_pb_row_3 et_pb_row et_block_row\"><div class=\"et_pb_column_4 et_pb_column et_pb_column_4_4 et-last-child et_block_column et_pb_css_mix_blend_mode_passthrough\"><div class=\"et_pb_text_2 et_pb_text et_pb_bg_layout_light et_pb_module et_block_module et_pb_text_align_center\"><div class=\"et_pb_text_inner\"><h2>Gi\u00e1 tr\u1ecb c\u1ee7a ch\u00fang t\u00f4i (4 tr\u1ecdng t\u00e2m)<\/h2>\n<\/div><\/div><\/div><\/div><\/div><div class=\"et_pb_section_5 et_pb_section et_section_regular et_block_section\"><div class=\"et_pb_row_4 et_pb_row et_block_row\"><div class=\"et_pb_column_5 et_pb_column et_pb_column_1_2 et_block_column et_pb_css_mix_blend_mode_passthrough\"><div class=\"et_pb_cta_0 et_pb_promo et_pb_bg_layout_dark et_pb_module et_block_module\"><div class=\"et_pb_promo_description\"><h2 class=\"et_pb_module_header\">S\u01af PH\u1ea0M<\/h2><div class=\"et_pb_promo_content\"><p>Boule &amp; Billes l\u00e0 m\u1ed9t m\u00f4i tr\u01b0\u1eddng h\u1ecdc t\u1eadp, n\u01a1i to\u00e0n b\u1ed9 c\u1ed9ng \u0111\u1ed3ng gi\u00e1o d\u1ee5c cam k\u1ebft li\u00ean t\u1ee5c ho\u00e0n thi\u1ec7n m\u00f4 h\u00ecnh gi\u00e1o d\u1ee5c c\u1ee7a m\u00ecnh. Tu\u00e2n theo c\u00e1c ch\u01b0\u01a1ng tr\u00ecnh v\u00e0 nguy\u00ean t\u1eafc gi\u00e1o d\u1ee5c c\u1ee7a Ph\u00e1p, Boule &amp; Billes h\u1ed7 tr\u1ee3 m\u1ed7i tr\u1ebb em trong vi\u1ec7c h\u1ecdc t\u1eadp ki\u1ebfn \u200b\u200bth\u1ee9c c\u0169ng nh\u01b0 ph\u00e1t tri\u1ec3n tr\u00ed tu\u1ec7 v\u00e0 k\u1ef9 n\u0103ng x\u00e3 h\u1ed9i.<\/p>\n<p><img decoding=\"async\" src=\"https:\/\/bouleetbilles.net\/wp-content\/uploads\/2024\/05\/2-min-300x300.png\" width=\"300\" height=\"300\" alt=\"\" class=\"wp-image-5052 aligncenter size-medium\"><\/p>\n<\/div><\/div><div class=\"et_pb_button_wrapper\"><a class=\"et_pb_button et_pb_promo_button\" href=\"https:\/\/bouleetbilles.net\/projet-ecole\/\">+ th\u00f4ng tin<\/a><\/div><\/div><div class=\"et_pb_cta_1 et_pb_promo et_pb_bg_layout_dark et_pb_module et_block_module\"><div class=\"et_pb_promo_description\"><h2 class=\"et_pb_module_header\">G\u1ea6N G\u0168I<\/h2><div class=\"et_pb_promo_content\"><p>Boule &amp; Billes coi nh\u00e2n vi\u00ean v\u00e0 h\u1ecdc sinh c\u1ee7a m\u00ecnh nh\u01b0 m\u1ed9t gia \u0111\u00ecnh l\u1edbn, v\u1edbi n\u1ec1n gi\u00e1o d\u1ee5c t\u1eadp trung v\u00e0o nhu c\u1ea7u c\u1ee7a tr\u1ebb em. S\u1ef1 g\u1ea7n g\u0169i n\u00e0y \u0111\u01b0\u1ee3c th\u1ec3 hi\u1ec7n c\u1ee5 th\u1ec3 qua c\u00e1c l\u1edbp h\u1ecdc c\u00f3 quy m\u00f4 v\u1eeba ph\u1ea3i, c\u0169ng nh\u01b0 b\u1eb1ng c\u00e1ch th\u00fac \u0111\u1ea9y s\u1ef1 \u0111a v\u0103n h\u00f3a trong c\u1ed9ng \u0111\u1ed3ng gi\u00e1o vi\u00ean\/h\u1ecdc sinh\/ph\u1ee5 huynh c\u1ee7a ch\u00fang t\u00f4i.<\/p>\n<p><img decoding=\"async\" src=\"https:\/\/bouleetbilles.net\/wp-content\/uploads\/2024\/05\/4-min-300x300.png\" width=\"300\" height=\"300\" alt=\"\" class=\"wp-image-5054 aligncenter size-medium\"><\/p>\n<\/div><\/div><div class=\"et_pb_button_wrapper\"><a class=\"et_pb_button et_pb_promo_button\" target=\"_blank\" href=\"https:\/\/bouleetbilles.net\/vi\/evenements\/\" rel=\"noreferrer\">+ th\u00f4ng tin<\/a><\/div><\/div><\/div><div class=\"et_pb_column_6 et_pb_column et_pb_column_1_2 et-last-child et_block_column et_pb_css_mix_blend_mode_passthrough\"><div class=\"et_pb_cta_2 et_pb_promo et_pb_bg_layout_dark et_pb_module et_block_module\"><div class=\"et_pb_promo_description\"><h2 class=\"et_pb_module_header\">NHI\u1ec6T HUY\u1ebeT<\/h2><div class=\"et_pb_promo_content\"><p>C\u00e1c gi\u00e1o vi\u00ean v\u00e0 t\u1ea5t c\u1ea3 nh\u00e2n vi\u00ean cam k\u1ebft \u0111\u01b0a tr\u01b0\u1eddng Boule &amp; Billes tr\u1edf th\u00e0nh m\u1ed9t n\u01a1i \u1ea5m \u00e1p v\u00e0 chu \u0111\u00e1o, coi tr\u1ecdng m\u1ed1i quan h\u1ec7 gi\u1eefa con ng\u01b0\u1eddi v\u00e0 m\u1ecdi h\u00ecnh th\u1ee9c t\u00e0i n\u0103ng. Ngo\u00e0i th\u00e0nh c\u00f4ng trong h\u1ecdc t\u1eadp c\u1ee7a h\u1ecdc sinh, \u0111\u1ed9i ng\u0169 gi\u1ea3ng d\u1ea1y c\u00f2n c\u00f3 ni\u1ec1m h\u1ea1nh ph\u00fac m\u1ed7i ng\u00e0y khi theo d\u00f5i s\u1ef1 ph\u00e1t tri\u1ec3n v\u00e0 n\u1ee5 c\u01b0\u1eddi c\u1ee7a c\u00e1c em.<\/p>\n<p><img decoding=\"async\" src=\"https:\/\/bouleetbilles.net\/wp-content\/uploads\/2024\/05\/3-min-300x300.png\" width=\"300\" height=\"300\" alt=\"\" class=\"wp-image-5053 aligncenter size-medium\"><\/p>\n<\/div><\/div><div class=\"et_pb_button_wrapper\"><a class=\"et_pb_button et_pb_promo_button\" href=\"#equipe\">+ th\u00f4ng tin<\/a><\/div><\/div><div class=\"et_pb_cta_3 et_pb_promo et_pb_bg_layout_dark et_pb_module et_block_module\"><div class=\"et_pb_promo_description\"><h2 class=\"et_pb_module_header\">CHUY\u00caN NGHI\u1ec6P<\/h2><div class=\"et_pb_promo_content\"><p>V\u1edbi h\u01a1n 18 n\u0103m kinh nghi\u1ec7m, tr\u01b0\u1eddng Boule &amp; Billes \u0111\u00e3 c\u00f3 th\u1ec3 k\u1ebft h\u1ee3p \u01b0u \u0111i\u1ec3m gi\u00e1o d\u1ee5c c\u1ee7a h\u1ec7 th\u1ed1ng Ph\u00e1p (gi\u00e1o vi\u00ean c\u00f3 tr\u00ecnh \u0111\u1ed9, b\u1eb1ng c\u1ea5p v\u1ec1 gi\u00e1o d\u1ee5c &amp; \u0111\u01b0\u1ee3c AEFE ph\u00ea duy\u1ec7t) v\u00e0 ki\u1ebfn \u200b\u200bth\u1ee9c v\u0103n h\u00f3a doanh nghi\u1ec7p t\u1ea1i Vi\u1ec7t Nam. S\u1ee9c m\u1ea1nh t\u1ed5ng h\u1ee3p n\u00e0y gi\u1ea3i th\u00edch cho s\u1ef1 t\u1ed3n t\u1ea1i l\u00e2u d\u00e0i, hi\u1ec7u qu\u1ea3 v\u00e0 danh ti\u1ebfng t\u1ed1t c\u1ee7a tr\u01b0\u1eddng ch\u00fang t\u00f4i, \u0111i\u1ec1u n\u00e0y \u0111\u00e3 gi\u00fap 100% tr\u1ebb em B&amp;B ti\u1ebfp c\u1eadn ch\u01b0\u01a1ng tr\u00ecnh gi\u1ea3ng d\u1ea1y cao h\u01a1n c\u1ee7a Ph\u00e1p (trong s\u1ed1 1.500 tr\u1ebb).<\/p>\n<p><img decoding=\"async\" src=\"https:\/\/bouleetbilles.net\/wp-content\/uploads\/2024\/05\/5-min-300x300.png\" width=\"300\" height=\"300\" alt=\"\" class=\"wp-image-5055 aligncenter size-medium\"><\/p>\n<\/div><\/div><div class=\"et_pb_button_wrapper\"><a class=\"et_pb_button et_pb_promo_button\" href=\"#historique\">+ th\u00f4ng tin<\/a><\/div><\/div><\/div><\/div><div class=\"et_pb_row_5 et_pb_row et_block_row\"><div class=\"et_pb_column_7 et_pb_column et_pb_column_4_4 et-last-child et_block_column et_pb_css_mix_blend_mode_passthrough\"><div class=\"et_pb_cta_4 et_pb_promo et_pb_bg_layout_dark et_pb_module et_block_module\"><div class=\"et_pb_promo_description\"><h2 class=\"et_pb_module_header\">Ch\u00fang t\u00f4i l\u00e0 ai ?<\/h2><div class=\"et_pb_promo_content\"><p>B\u1ea1n s\u1ebd t\u00ecm th\u1ea5y th\u00eam th\u00f4ng tin v\u1ec1 tr\u01b0\u1eddng v\u00e0 \u0111\u1ed9i ng\u0169 c\u1ee7a ch\u00fang t\u00f4i tr\u00ean trang \u201cGi\u1edbi thi\u1ec7u v\u1ec1 ch\u00fang t\u00f4i\u201d.<\/p>\n<\/div><\/div><div class=\"et_pb_button_wrapper\"><a class=\"et_pb_button et_pb_promo_button\" href=\"https:\/\/bouleetbilles.net\/qui-sommes-nous\/\" data-icon=\"\uf073\">Xem trang \u0111\u1ea7y \u0111\u1ee7<\/a><\/div><\/div><\/div><\/div><\/div>","protected":false},"excerpt":{"rendered":"<p>H\u00e3y tham gia v\u00e0o \u0111\u1ed9i ng\u0169 \u0111a v\u0103n h\u00f3a v\u00e0 h\u01b0\u1edbng \u0111\u1ebfn m\u1ee5c ti\u00eau ph\u00e1t tri\u1ec3n tr\u1ebb em c\u1ee7a ch\u00fang t\u00f4i. Gi\u00e1o vi\u00ean ch\u1ee7 nhi\u1ec7m TP. H\u1ed3 Ch\u00ed Minh \u2013 Vi\u1ec7t Nam<\/p>\n","protected":false},"author":110,"featured_media":5414,"parent":0,"menu_order":0,"comment_status":"closed","ping_status":"closed","template":"","meta":{"_seopress_robots_primary_cat":"","_seopress_titles_title":"","_seopress_titles_desc":"","_seopress_robots_index":"","footnotes":""},"class_list":["post-5413","page","type-page","status-publish","has-post-thumbnail","hentry"],"_links":{"self":[{"href":"https:\/\/bouleetbilles.net\/vi\/wp-json\/wp\/v2\/pages\/5413","targetHints":{"allow":["GET"]}}],"collection":[{"href":"https:\/\/bouleetbilles.net\/vi\/wp-json\/wp\/v2\/pages"}],"about":[{"href":"https:\/\/bouleetbilles.net\/vi\/wp-json\/wp\/v2\/types\/page"}],"author":[{"embeddable":true,"href":"https:\/\/bouleetbilles.net\/vi\/wp-json\/wp\/v2\/users\/110"}],"replies":[{"embeddable":true,"href":"https:\/\/bouleetbilles.net\/vi\/wp-json\/wp\/v2\/comments?post=5413"}],"version-history":[{"count":23,"href":"https:\/\/bouleetbilles.net\/vi\/wp-json\/wp\/v2\/pages\/5413\/revisions"}],"predecessor-version":[{"id":9776,"href":"https:\/\/bouleetbilles.net\/vi\/wp-json\/wp\/v2\/pages\/5413\/revisions\/9776"}],"wp:featuredmedia":[{"embeddable":true,"href":"https:\/\/bouleetbilles.net\/vi\/wp-json\/wp\/v2\/media\/5414"}],"wp:attachment":[{"href":"https:\/\/bouleetbilles.net\/vi\/wp-json\/wp\/v2\/media?parent=5413"}],"curies":[{"name":"wp","href":"https:\/\/api.w.org\/{rel}","templated":true}]}}