{"id":5402,"date":"2017-08-09T09:18:53","date_gmt":"2017-08-09T02:18:53","guid":{"rendered":"https:\/\/bouleetbilles.net\/hoc-bong\/"},"modified":"2026-03-24T09:10:23","modified_gmt":"2026-03-24T02:10:23","slug":"hoc-bong","status":"publish","type":"page","link":"https:\/\/bouleetbilles.net\/vi\/hoc-bong\/","title":{"rendered":"H\u1ecdc b\u1ed5ng"},"content":{"rendered":"<div class=\"et_pb_section_0 et_pb_section et_pb_fullwidth_section et_section_regular et_block_section\"><section class=\"et_pb_fullwidth_header_0 et_pb_fullwidth_header et_pb_bg_layout_dark et_pb_text_align_center et_pb_module et_flex_module\"><div class=\"et_pb_fullwidth_header_container center\"><div class=\"header-content-container center\"><div class=\"header-content et_flex_module\"><h1 class=\"et_pb_module_header\">H\u1eccC B\u1ed4NG<\/h1><span class=\"et_pb_fullwidth_header_subhead\">Nhi\u1ec7m v\u1ee5 c\u01a1 b\u1ea3n c\u1ee7a C\u01a1 quan Gi\u00e1o d\u1ee5c Ph\u00e1p \u1edf n\u01b0\u1edbc ngo\u00e0i.<\/span><div class=\"et_pb_header_button_wrapper\"><a class=\"et_pb_button et_pb_more_button et_pb_button_one\" href=\"https:\/\/bouleetbilles.net\/contactez-nous\/\">H\u00e3y \u0111\u1eb7t c\u00e2u h\u1ecfi c\u1ee7a qu\u00fd v\u1ecb v\u1edbi v\u0103n ph\u00f2ng tr\u01b0\u1eddng<\/a><a class=\"et_pb_button et_pb_more_button et_pb_button_two\" href=\"\">\u0110\u1ebfn th\u0103m tr\u01b0\u1eddng<\/a><\/div><\/div><\/div><\/div><div class=\"et_pb_fullwidth_header_overlay\"><\/div><div class=\"et_pb_fullwidth_header_scroll\"><a class=\"scroll-down-container\" href=\"#\"><span class=\"scroll-down et-pb-icon\">;<\/span><\/a><\/div><\/section><\/div><div class=\"et_pb_section_1 et_pb_section et_section_regular et_block_section\"><div class=\"et_pb_row_0 et_pb_row et_block_row\"><div class=\"et_pb_column_0 et_pb_column et_pb_column_4_4 et-last-child et_block_column et_pb_css_mix_blend_mode_passthrough\"><div class=\"et_pb_text_0 et_pb_text et_pb_bg_layout_light et_pb_module et_block_module\"><div class=\"et_pb_text_inner\"><h2>\u0110\u0103ng k\u00fd h\u1ed3 s\u01a1, th\u00f4ng tin quan tr\u1ecdng<\/h2>\n<p>Y\u00eau c\u1ea7u \u0111\u01b0\u1ee3c th\u1ef1c hi\u1ec7n tr\u00ean trang web c\u1ee7a L\u00e3nh s\u1ef1 qu\u00e1n Ph\u00e1p t\u1ea1i Th\u00e0nh ph\u1ed1 H\u1ed3 Ch\u00ed Minh.<\/p>\n<h3 class=\"blue\">Th\u00f4ng tin t\u1eeb AEFE<\/h3>\n<p>Cung c\u1ea5p h\u1ed7 tr\u1ee3 gi\u00e1o d\u1ee5c cho h\u1ecdc sinh Ph\u00e1p \u0111ang sinh s\u1ed1ng c\u00f9ng gia \u0111\u00ecnh t\u1ea1i n\u01b0\u1edbc ngo\u00e0i l\u00e0 m\u1ed9t ph\u1ea7n trong nhi\u1ec7m v\u1ee5 c\u1ee7a C\u01a1 quan. H\u1ed7 tr\u1ee3 gi\u00e1o d\u1ee5c: m\u1ed9t nhi\u1ec7m v\u1ee5 c\u01a1 b\u1ea3n c\u1ee7a C\u01a1 quan Gi\u00e1o d\u1ee5c Ph\u00e1p \u1edf N\u01b0\u1edbc ngo\u00e0i. Theo \u0110i\u1ec1u L452-2 c\u1ee7a B\u1ed9 lu\u1eadt Gi\u00e1o d\u1ee5c, AEFE th\u1ef1c hi\u1ec7n c\u00e1c nhi\u1ec7m v\u1ee5 d\u1ecbch v\u1ee5 c\u00f4ng li\u00ean quan \u0111\u1ebfn gi\u00e1o d\u1ee5c cho tr\u1ebb em Ph\u00e1p sinh s\u1ed1ng ngo\u00e0i n\u01b0\u1edbc. C\u01a1 quan c\u00f3 th\u1ec3 c\u1ea5p h\u1ed7 tr\u1ee3 gi\u00e1o d\u1ee5c cho \"tr\u1ebb em mang qu\u1ed1c t\u1ecbch Ph\u00e1p \u0111ang h\u1ecdc t\u1ea1i c\u00e1c tr\u01b0\u1eddng v\u00e0 c\u01a1 s\u1edf gi\u00e1o d\u1ee5c Ph\u00e1p t\u1ea1i n\u01b0\u1edbc ngo\u00e0i, danh s\u00e1ch \u0111\u01b0\u1ee3c x\u00e1c \u0111\u1ecbnh b\u1edfi quy\u1ebft \u0111\u1ecbnh chung c\u1ee7a B\u1ed9 tr\u01b0\u1edfng ph\u1ee5 tr\u00e1ch gi\u00e1o d\u1ee5c v\u00e0 B\u1ed9 tr\u01b0\u1edfng ph\u1ee5 tr\u00e1ch ngo\u1ea1i giao\" (c\u00e1c c\u01a1 s\u1edf \u0111\u01b0\u1ee3c B\u1ed9 Gi\u00e1o d\u1ee5c Qu\u1ed1c gia c\u00f4ng nh\u1eadn). H\u1ed7 tr\u1ee3 n\u00e0y gi\u00fap chi tr\u1ea3, theo m\u1ed9t s\u1ed1 \u0111i\u1ec1u ki\u1ec7n, to\u00e0n b\u1ed9 ho\u1eb7c m\u1ed9t ph\u1ea7n h\u1ecdc ph\u00ed m\u00e0 c\u00e1c gia \u0111\u00ecnh ph\u1ea3i tr\u1ea3.<\/p>\n<h3 class=\"blue\">H\u1ec7 th\u1ed1ng h\u1ecdc b\u1ed5ng<\/h3>\n<p>H\u1ed7 tr\u1ee3 gi\u00e1o d\u1ee5c n\u00e0y \u0111\u01b0\u1ee3c c\u1ea5p d\u1ef1a tr\u00ean \u0111i\u1ec1u ki\u1ec7n t\u00e0i ch\u00ednh. N\u00f3 d\u00e0nh cho h\u1ecdc sinh Ph\u00e1p t\u1eeb 3 tu\u1ed5i tr\u1edf l\u00ean, sinh s\u1ed1ng c\u00f9ng gia \u0111\u00ecnh t\u1ea1i n\u01b0\u1edbc ngo\u00e0i, \u0111\u00e3 \u0111\u0103ng k\u00fd trong s\u1ed5 \u0111\u0103ng k\u00fd to\u00e0n c\u1ea7u c\u1ee7a ng\u01b0\u1eddi Ph\u00e1p sinh s\u1ed1ng \u1edf n\u01b0\u1edbc ngo\u00e0i v\u00e0 \u0111ang h\u1ecdc t\u1ea1i m\u1ed9t c\u01a1 s\u1edf gi\u00e1o d\u1ee5c Ph\u00e1p. Thu nh\u1eadp c\u1ee7a gia \u0111\u00ecnh ph\u1ea3i n\u1eb1m trong m\u1ed9t b\u1ea3ng quy \u0111\u1ecbnh \u0111\u01b0\u1ee3c x\u00e1c \u0111\u1ecbnh d\u1ef1a tr\u00ean t\u00ecnh h\u00ecnh kinh t\u1ebf v\u00e0 x\u00e3 h\u1ed9i c\u1ee7a m\u1ed7i qu\u1ed1c gia v\u00e0 \u0111\u01b0\u1ee3c xem x\u00e9t h\u00e0ng n\u0103m. H\u1ed3 s\u01a1 xin h\u1ecdc b\u1ed5ng ph\u1ea3i \u0111\u01b0\u1ee3c gia h\u1ea1n h\u00e0ng n\u0103m v\u00e0 ph\u1ea3i n\u1ed9p \u0111\u00fang h\u1ea1n quy \u0111\u1ecbnh b\u1edfi c\u01a1 quan ngo\u1ea1i giao ho\u1eb7c l\u00e3nh s\u1ef1. Tham kh\u1ea3o trang AEFE - H\u1eccC B\u1ed4NG - Khung chung. <strong>Tr\u01b0\u1eddng Boule &amp; Billes c\u1ea5p gi\u1ea3m h\u1ecdc ph\u00ed cho h\u1ecdc sinh nh\u1eadn h\u1ecdc b\u1ed5ng theo c\u00f4ng th\u1ee9c: 50% x S\u1ed1 ti\u1ec1n c\u1ea5p b\u1edfi AEFE x (H\u1ecdc ph\u00ed B&amp;B - H\u1ecdc ph\u00ed tr\u1ea7n)<\/strong><\/p>\n<\/div><\/div><\/div><\/div><\/div>","protected":false},"excerpt":{"rendered":"<p>H\u1eccC B\u1ed4NG, M\u1ed9t nhi\u1ec7m v\u1ee5 c\u01a1 b\u1ea3n c\u1ee7a C\u01a1 quan Gi\u00e1o d\u1ee5c Ph\u00e1p \u1edf n\u01b0\u1edbc ngo\u00e0i.<br \/>\nH\u00e3y \u0111\u1eb7t c\u00e2u h\u1ecfi c\u1ee7a qu\u00fd v\u1ecb v\u1edbi v\u0103n ph\u00f2ng tr\u01b0\u1eddng v\u00e0 \u0111\u1ebfn th\u0103m tr\u01b0\u1eddng. N\u1ed9p h\u1ed3 s\u01a1, th\u00f4ng tin quan tr\u1ecdng.<\/p>\n","protected":false},"author":110,"featured_media":5955,"parent":0,"menu_order":0,"comment_status":"closed","ping_status":"closed","template":"","meta":{"_seopress_robots_primary_cat":"","_seopress_titles_title":"","_seopress_titles_desc":"","_seopress_robots_index":"","footnotes":""},"class_list":["post-5402","page","type-page","status-publish","has-post-thumbnail","hentry"],"_links":{"self":[{"href":"https:\/\/bouleetbilles.net\/vi\/wp-json\/wp\/v2\/pages\/5402","targetHints":{"allow":["GET"]}}],"collection":[{"href":"https:\/\/bouleetbilles.net\/vi\/wp-json\/wp\/v2\/pages"}],"about":[{"href":"https:\/\/bouleetbilles.net\/vi\/wp-json\/wp\/v2\/types\/page"}],"author":[{"embeddable":true,"href":"https:\/\/bouleetbilles.net\/vi\/wp-json\/wp\/v2\/users\/110"}],"replies":[{"embeddable":true,"href":"https:\/\/bouleetbilles.net\/vi\/wp-json\/wp\/v2\/comments?post=5402"}],"version-history":[{"count":14,"href":"https:\/\/bouleetbilles.net\/vi\/wp-json\/wp\/v2\/pages\/5402\/revisions"}],"predecessor-version":[{"id":9772,"href":"https:\/\/bouleetbilles.net\/vi\/wp-json\/wp\/v2\/pages\/5402\/revisions\/9772"}],"wp:featuredmedia":[{"embeddable":true,"href":"https:\/\/bouleetbilles.net\/vi\/wp-json\/wp\/v2\/media\/5955"}],"wp:attachment":[{"href":"https:\/\/bouleetbilles.net\/vi\/wp-json\/wp\/v2\/media?parent=5402"}],"curies":[{"name":"wp","href":"https:\/\/api.w.org\/{rel}","templated":true}]}}