{"id":5397,"date":"2024-04-20T13:33:41","date_gmt":"2024-04-20T06:33:41","guid":{"rendered":"https:\/\/bouleetbilles.net\/cang-tin\/"},"modified":"2026-04-10T04:06:58","modified_gmt":"2026-04-10T04:06:58","slug":"cang-tin","status":"publish","type":"page","link":"https:\/\/bouleetbilles.net\/vi\/cang-tin\/","title":{"rendered":"C\u0103ng tin"},"content":{"rendered":"<div class=\"et_pb_section_0 et_pb_section et_pb_fullwidth_section et_section_regular et_block_section\"><section class=\"et_pb_fullwidth_header_0 et_pb_fullwidth_header et_pb_bg_layout_dark et_pb_text_align_center et_pb_module et_flex_module\"><div class=\"et_pb_fullwidth_header_container center\"><div class=\"header-content-container center\"><div class=\"header-content et_flex_module\"><h1 class=\"et_pb_module_header\">C\u0102NG TIN<\/h1><span class=\"et_pb_fullwidth_header_subhead\">C\u0103ng tin Tr\u01b0\u1eddng Qu\u1ed1c t\u1ebf Ph\u00e1p Boule & Billes \u01b0a chu\u1ed9ng \u0111\u1ed3 \u0103n t\u1ef1 l\u00e0m, ch\u1ebf \u0111\u1ed9 \u0103n u\u1ed1ng c\u00e2n b\u1eb1ng, ph\u00e1t tri\u1ec3n kh\u1ea9u v\u1ecb v\u00e0 b\u1ea3o v\u1ec7 s\u1ee9c kh\u1ecfe.<\/span><div class=\"et_pb_header_button_wrapper\"><a class=\"et_pb_button et_pb_more_button et_pb_button_one\" href=\"https:\/\/bouleetbilles.net\/tarifs\/\">Xem bi\u1ec3u gi\u00e1<\/a><a class=\"et_pb_button et_pb_more_button et_pb_button_two\" href=\"https:\/\/drive.google.com\/drive\/folders\/148V16D6GvHQfAE45sJFkTt3OhhObcHMd\">Xem th\u1ef1c \u0111\u01a1n!<\/a><\/div><\/div><\/div><\/div><div class=\"et_pb_fullwidth_header_overlay\"><\/div><div class=\"et_pb_fullwidth_header_scroll\"><\/div><\/section><\/div><div class=\"et_pb_section_1 et_pb_section et_section_regular et_block_section\"><div class=\"et_pb_row_0 et_pb_row et_block_row\"><div class=\"et_pb_column_0 et_pb_column et_pb_column_4_4 et-last-child et_block_column et_pb_css_mix_blend_mode_passthrough\"><div class=\"et_pb_tabs_0 et_pb_tabs et_pb_module\" id=\"dt-tabs\"><ul class=\"et_pb_tabs_controls clearfix\"><li class=\"et_pb_tab_nav_item_0 et_pb_tab_nav_item et_pb_tab_0 et_pb_tab_active\"><a class=\"et_pb_tab_nav_item_link\" href=\"#\">Gi\u1edbi thi\u1ec7u<\/a><\/li><li class=\"et_pb_tab_nav_item_1 et_pb_tab_nav_item et_pb_tab_1\"><a class=\"et_pb_tab_nav_item_link\" href=\"#\">Th\u1eddi kh\u00f3a bi\u1ec3u<\/a><\/li><li class=\"et_pb_tab_nav_item_2 et_pb_tab_nav_item et_pb_tab_2\"><a class=\"et_pb_tab_nav_item_link\" href=\"#\">Quy \u0111\u1ecbnh c\u0103ng tin<\/a><\/li><li class=\"et_pb_tab_nav_item_3 et_pb_tab_nav_item et_pb_tab_3\"><a class=\"et_pb_tab_nav_item_link\" href=\"#\">C\u00e2u h\u1ecfi th\u01b0\u1eddng g\u1eb7p<\/a><\/li><\/ul><div class=\"et_pb_all_tabs\"><div class=\"et_pb_tab_0 et_pb_tab clearfix et_pb_active_content et_pb_module et_block_module\"><div class=\"et_pb_tab_content\"><p><span style=\"font-weight: 400;\">Th\u1ee9c \u0103n ph\u1ea3i l\u00e0 ngu\u1ed3n vui v\u00e0 \u0111\u1ea3m b\u1ea3o s\u1ee9c kh\u1ecfe cho tr\u1ebb em, tr\u01b0\u1eddng Boule &amp; Billes cam k\u1ebft v\u1edbi qu\u00fd ph\u1ee5 huynh xung quanh c\u00e1c gi\u00e1 tr\u1ecb sau:<\/span><\/p>\n<h2><b>\u201c\u0110\u1ed2 \u0102N T\u1ef0 L\u00c0M\u201d<\/b><\/h2>\n<p><span style=\"font-weight: 400;\">\u1ea8m th\u1ef1c truy\u1ec1n th\u1ed1ng c\u1ee7a Ph\u00e1p v\u00e0 Vi\u1ec7t Nam c\u0169ng nh\u01b0 \u1ea9m th\u1ef1c th\u1ebf gi\u1edbi \u0111\u01b0\u1ee3c chu\u1ea9n b\u1ecb h\u00e0ng ng\u00e0y t\u1ea1i nh\u00e0 b\u1ebfp c\u1ee7a ch\u00fang t\u00f4i v\u1edbi \u0111\u1ed9i ng\u0169 \u0111\u1ea7u b\u1ebfp.<\/span><\/p>\n<p><span style=\"font-weight: 400;\">C\u00e1c b\u1eefa \u0103n v\u00e0 \u0111\u1ed3 \u0103n nh\u1eb9 \u0111\u01b0\u1ee3c ch\u1ebf bi\u1ebfn t\u1eeb nh\u1eefng nguy\u00ean li\u1ec7u t\u01b0\u01a1i ngon, ch\u1ea5t l\u01b0\u1ee3ng cao; ch\u00fang t\u00f4i tuy\u1ec7t \u0111\u1ed1i kh\u00f4ng s\u1eed d\u1ee5ng c\u00e1c s\u1ea3n ph\u1ea9m \"si\u00eau ch\u1ebf bi\u1ebfn\".<\/span><\/p>\n<h2><b>C\u00c2N B\u1eb0NG DINH D\u01af\u1ee0NG<\/b><\/h2>\n<p><span style=\"font-weight: 400;\"><a href=\"https:\/\/drive.google.com\/drive\/folders\/148V16D6GvHQfAE45sJFkTt3OhhObcHMd\" target=\"_blank\" rel=\"noopener\">Th\u1ef1c \u0111\u01a1n<\/a> \u0111\u01b0\u1ee3c ch\u00fang t\u00f4i thi\u1ebft k\u1ebf nh\u1eb1m \u0111\u1ea3m b\u1ea3o t\u0103ng c\u01b0\u1eddng l\u01b0\u1ee3ng rau qu\u1ea3 ti\u00eau th\u1ee5.<\/span><\/p>\n<p><span style=\"font-weight: 400;\">Ch\u00fang t\u00f4i th\u01b0\u1eddng xuy\u00ean g\u1eedi <a href=\"https:\/\/drive.google.com\/drive\/folders\/148V16D6GvHQfAE45sJFkTt3OhhObcHMd\" target=\"_blank\" rel=\"noopener\">th\u1ef1c \u0111\u01a1n<\/a> c\u1ee7a m\u00ecnh cho chuy\u00ean gia dinh d\u01b0\u1ee1ng (ng\u01b0\u1eddi Ph\u00e1p) \u0111\u1ec3 \u0111\u1ea3m b\u1ea3o r\u1eb1ng th\u1ef1c \u0111\u01a1n cung c\u1ea5p cho tr\u1ebb em ph\u00f9 h\u1ee3p v\u1edbi nhu c\u1ea7u dinh d\u01b0\u1ee1ng c\u1ee7a tr\u1ebb.<\/span><\/p>\n<h2><b>\u0110\u00c1NH TH\u1ee8C V\u1eca GI\u00c1C<\/b><\/h2>\n<h3><span style=\"font-weight: 400;\">Ph\u00e1t tri\u1ec3n kh\u1ea9u v\u1ecb v\u00e0 h\u1ecdc t\u1eadp<\/span><\/h3>\n<p><span style=\"font-weight: 400;\">\u0110\u1ec3 \u0111\u00e1nh th\u1ee9c c\u00e1c gi\u00e1c quan v\u00e0 tr\u00ed t\u00f2 m\u00f2 c\u1ee7a tr\u1ebb, c\u00e1c m\u00f3n \u0103n m\u1edbi th\u01b0\u1eddng xuy\u00ean \u0111\u01b0\u1ee3c \u0111\u01b0a v\u00e0o th\u1ef1c \u0111\u01a1n.<\/span><\/p>\n<p><span style=\"font-weight: 400;\">C\u00e1c ho\u1ea1t \u0111\u1ed9ng th\u01b0\u1eddng xuy\u00ean \u0111\u01b0\u1ee3c \u0111\u1ec1 xu\u1ea5t v\u1edbi tr\u1ebb em:<\/span><\/p>\n<ul>\n<li style=\"font-weight: 400;\" aria-level=\"1\"><span style=\"font-weight: 400;\">C\u00e1c b\u1eefa \u0103n theo ch\u1ee7 \u0111\u1ec1 (Gi\u00e1ng sinh, b\u1eefa \u0103n theo m\u00f9a, t\u00f9y theo c\u00e1c ng\u00e0y l\u1ec5 trong n\u0103m,\u2026)<\/span><\/li>\n<li style=\"font-weight: 400;\" aria-level=\"1\"><span style=\"font-weight: 400;\">Tu\u1ea7n l\u1ec5 h\u01b0\u01a1ng v\u1ecb (v\u1edbi s\u1ef1 tham gia c\u1ee7a c\u00e1c nh\u00e0 h\u00e0ng \u0111\u1ecba ph\u01b0\u01a1ng)<\/span><\/li>\n<li style=\"font-weight: 400;\" aria-level=\"1\"><span style=\"font-weight: 400;\">Tu\u1ea7n l\u1ec5 Ph\u00e1p ng\u1eef v\u1edbi c\u00e1c m\u00f3n \u0103n li\u00ean quan \u0111\u1ebfn c\u00e1c n\u01b0\u1edbc Ph\u00e1p ng\u1eef<\/span><\/li>\n<li style=\"font-weight: 400;\" aria-level=\"1\"><span style=\"font-weight: 400;\"> Kh\u00f3a h\u1ecdc n\u1ea5u \u0103n<\/span><\/li>\n<\/ul>\n<p><strong>L\u01b0u \u00fd r\u1eb1ng \u0111\u1ed3 \u0103n chay \u0111\u01b0\u1ee3c cung c\u1ea5p m\u1ed7i tu\u1ea7n m\u1ed9t l\u1ea7n v\u00e0o th\u1ee9 N\u0103m!<\/strong><\/p>\n<h2><b>B\u1ea2O V\u1ec6 S\u1ee8C KH\u1eceE<\/b><\/h2>\n<p><span style=\"font-weight: 400;\">C\u00e1c v\u1ea5n \u0111\u1ec1 d\u1ecb \u1ee9ng th\u1ef1c ph\u1ea9m s\u1ebd \u0111\u01b0\u1ee3c ghi nh\u1edb v\u00e0 m\u1ed9t s\u1ed1 ch\u1ebf \u0111\u1ed9 \u0103n ki\u00eang \u0111\u1eb7c bi\u1ec7t c\u00f3 th\u1ec3 \u0111\u01b0\u1ee3c xem x\u00e9t v\u00e0 l\u00e0 m\u1ed9t ph\u1ea7n c\u1ee7a PAI (D\u1ef1 \u00e1n ti\u1ebfp nh\u1eadn h\u1ecdc sinh \u0111\u01b0\u1ee3c c\u00e1 nh\u00e2n h\u00f3a).<\/span><\/p>\n<\/div><\/div><div class=\"et_pb_tab_1 et_pb_tab clearfix et_pb_module et_block_module\"><div class=\"et_pb_tab_content\"><p><span style=\"font-weight: 400;\">C\u00e1c b\u1eefa \u0103n \u0111\u01b0\u1ee3c d\u00f9ng v\u00e0o l\u00fac: <\/span><\/p>\n<ul>\n<li style=\"font-weight: 400;\" aria-level=\"1\"><span style=\"font-weight: 400;\">10 gi\u1edd 55 s\u00e1ng d\u00e0nh cho nh\u00e0 tr\u1ebb<\/span><\/li>\n<li style=\"font-weight: 400;\" aria-level=\"1\"><span style=\"font-weight: 400;\">11 gi\u1edd 20 d\u00e0nh cho tr\u1ebb m\u1eabu gi\u00e1o<\/span><\/li>\n<li style=\"font-weight: 400;\" aria-level=\"1\"><span style=\"font-weight: 400;\">11 gi\u1edd 55 s\u00e1ng cho h\u1ecdc sinh ti\u1ec3u h\u1ecdc<\/span><\/li>\n<\/ul>\n<\/div><\/div><div class=\"et_pb_tab_2 et_pb_tab clearfix et_pb_module et_block_module\"><div class=\"et_pb_tab_content\"><h2><b>QUY\u1ec0N TR\u1eba EM -<\/b><b>QUY \u0110\u1ecaNH C\u0102NG TIN<\/b><\/h2>\n<h3>Tr\u1ebb em c\u00f3 quy\u1ec1n<\/h3>\n<ul>\n<li>\u0110\u01b0\u1ee3c t\u00f4n tr\u1ecdng, th\u1ec3 hi\u1ec7n b\u1ea3n th\u00e2n, \u0111\u01b0\u1ee3c b\u1ea1n b\u00e8 v\u00e0 nh\u00e2n vi\u00ean qu\u1ea3n l\u00fd l\u1eafng nghe<\/li>\n<li>B\u00e1o c\u00e1o v\u1ea5n \u0111\u1ec1 ho\u1eb7c m\u1ed1i lo ng\u1ea1i cho ng\u01b0\u1eddi qu\u1ea3n l\u00fd<\/li>\n<li>\u0110\u01b0\u1ee3c b\u1ea3o v\u1ec7 kh\u1ecfi s\u1ef1 t\u1ea5n c\u00f4ng t\u1eeb nh\u1eefng h\u1ecdc sinh kh\u00e1c (x\u00f4 \u0111\u1ea9y, tr\u00eau ch\u1ecdc, \u0111e d\u1ecda, v.v.)<\/li>\n<li>Th\u01b0\u1edfng th\u1ee9c b\u1eefa \u0103n c\u1ee7a m\u00ecnh trong \u0111i\u1ec1u ki\u1ec7n t\u1ed1t, trong b\u1ea7u kh\u00f4ng kh\u00ed tho\u1ea3i m\u00e1i, \u1ea5m \u00e1p v\u00e0 chu \u0111\u00e1o.<\/li>\n<\/ul>\n<h3>Tr\u1ebb em c\u00f3 ngh\u0129a v\u1ee5<\/h3>\n<ul>\n<li>T\u00f4n tr\u1ecdng c\u00e1c quy t\u1eafc l\u1ecbch s\u1ef1 c\u01a1 b\u1ea3n (xin vui l\u00f2ng, c\u1ea3m \u01a1n, v.v.)<\/li>\n<li>T\u00f4n tr\u1ecdng nh\u1eefng h\u1ecdc sinh kh\u00e1c v\u00e0 nh\u00e2n vi\u00ean ph\u1ee5c v\u1ee5 c\u0103ng tin, l\u1ecbch s\u1ef1 v\u00e0 nh\u00e3 nh\u1eb7n v\u1edbi c\u00e1c b\u1ea1n c\u00f9ng l\u1edbp v\u00e0 ng\u01b0\u1eddi l\u1edbn c\u00f3 m\u1eb7t.<\/li>\n<li>\u0110\u00f3ng g\u00f3p v\u1edbi th\u00e1i \u0111\u1ed9 c\u00f3 tr\u00e1ch nhi\u1ec7m \u0111\u1ec3 b\u1eefa \u0103n di\u1ec5n ra su\u00f4n s\u1ebb.<\/li>\n<li>C\u0103ng tin tr\u01b0\u1eddng h\u1ecdc l\u00e0 n\u01a1i sinh ho\u1ea1t c\u1ed9ng \u0111\u1ed3ng<\/li>\n<\/ul>\n<h3>\u0110\u00e2y l\u00e0 c\u01a1 h\u1ed9i \u0111\u1ec3 tr\u1ebb em :<\/h3>\n<ul>\n<li>H\u1ecdc c\u00e1ch chung s\u1ed1ng trong t\u1eadp th\u1ec3<\/li>\n<li>Kh\u00e1m ph\u00e1 nh\u1eefng m\u00f3n \u0103n m\u1edbi<\/li>\n<\/ul>\n<h3><strong>\u0110\u1ec3 vi\u1ec7c n\u00e0y di\u1ec5n ra su\u00f4n s\u1ebb nh\u1ea5t c\u00f3 th\u1ec3, c\u00f3 m\u1ed9t s\u1ed1 quy t\u1eafc c\u01a1 b\u1ea3n m\u00e0 m\u1ecdi ng\u01b0\u1eddi ph\u1ea3i tu\u00e2n theo.<\/strong><\/h3>\n<h4>Tr\u01b0\u1edbc khi v\u00e0o c\u0103ng tin:<\/h4>\n<ul>\n<li>Tr\u1ebb c\u00f3 quy\u1ec1n xem th\u1ef1c \u0111\u01a1n.<\/li>\n<li>Tr\u1ebb c\u00f3 quy\u1ec1n ng\u1ed3i v\u1edbi b\u1ea5t c\u1ee9 ai m\u00e0 tr\u1ebb mu\u1ed1n.<\/li>\n<\/ul>\n<h4>NH\u01afNG<\/h4>\n<ul>\n<li>Tr\u1ebb ph\u1ea3i b\u00ecnh t\u0129nh, kh\u00f4ng x\u00f4 \u0111\u1ea9y b\u1ea1n<\/li>\n<li>Tr\u1ebb ph\u1ea3i r\u1eeda tay<\/li>\n<li>T\u00f4i ph\u1ea3i ng\u1ed3i y\u00ean l\u1eb7ng trong c\u0103ng tin tr\u01b0\u1eddng, t\u00f4n tr\u1ecdng ng\u01b0\u1eddi l\u1edbn v\u00e0 c\u00e1c b\u1ea1n c\u00f9ng l\u1edbp.<br \/>\u0111\u1ed3ng ch\u00ed.<\/li>\n<\/ul>\n<h4>Trong khi d\u00f9ng b\u1eefa :<\/h4>\n<ul>\n<li>Tr\u1ebb c\u00f3 quy\u1ec1n n\u00f3i chuy\u1ec7n v\u1edbi c\u00e1c b\u1ea1n m\u00e0 kh\u00f4ng g\u00e2y \u1ed3n \u00e0o<\/li>\n<li>Tr\u1ebb c\u00f3 quy\u1ec1n \u0103n v\u1edbi t\u1ed1c \u0111\u1ed9 ri\u00eang c\u1ee7a m\u00ecnh<\/li>\n<li>Tr\u1ebb c\u00f3 quy\u1ec1n \u0111\u01b0\u1ee3c \u0103n th\u00eam n\u1ebfu c\u00f2n d\u01b0 th\u1ee9c \u0103n.<\/li>\n<li>Tr\u1ebb c\u00f3 quy\u1ec1n \u0111\u01b0\u1ee3c ng\u01b0\u1eddi l\u1edbn t\u00f4n tr\u1ecdng.<\/li>\n<\/ul>\n<h4>NH\u01afNG<\/h4>\n<ul>\n<li>Tr\u1ebb ph\u1ea3i t\u00f4n tr\u1ecdng ng\u01b0\u1eddi l\u1edbn<\/li>\n<li>Tr\u1ebb ph\u1ea3i ghi nh\u1eadn nh\u1eefng g\u00ec \u0111\u01b0\u1ee3c d\u1eb7n d\u00f2 v\u00e0 t\u00f4n tr\u1ecdng quy\u1ebft \u0111\u1ecbnh c\u1ee7a nh\u00e2n vi\u00ean c\u0103ng tin.<\/li>\n<li>Tr\u1ebb ph\u1ea3i \u0103n u\u1ed1ng s\u1ea1ch s\u1ebd v\u00e0 d\u00f9ng kh\u0103n gi\u1ea5y c\u1ee7a m\u00ecnh<\/li>\n<li>Tr\u1ebb kh\u00f4ng ch\u01a1i \u0111\u00f9a ho\u1eb7c l\u00e3ng ph\u00ed \u0111\u1ed3 \u0103n v\u00e0 tr\u1ebb c\u1ea7n n\u1ebfm th\u1eed t\u1ea5t c\u1ea3 c\u00e1c m\u00f3n !<\/li>\n<li>Tr\u1ebb ph\u1ea3i chia s\u1ebb v\u1edbi c\u00e1c b\u1ea1n c\u00f9ng l\u1edbp (th\u1ee9c \u0103n trong th\u1ed1 \u0111\u1ef1ng).<\/li>\n<\/ul>\n<h4>Cu\u1ed1i b\u1eefa \u0103n<\/h4>\n<ul>\n<li>Tr\u1ebb ph\u1ee5 gi\u00fap x\u1ebfp \u0111\u0129a v\u00e0 d\u1ee5ng c\u1ee5 \u0103n.<\/li>\n<li>Tr\u1ebb x\u1ebfp gh\u1ebf c\u1ee7a m\u00ecnh d\u01b0\u1edbi g\u1ea7m b\u00e0n tr\u01b0\u1edbc khi r\u1eddi c\u0103ng tin.<\/li>\n<li>Tr\u1ebb b\u00ecnh t\u0129nh r\u1eddi \u0111i m\u00e0 kh\u00f4ng x\u00f4 \u0111\u1ea9y c\u00e1c b\u1ea1n v\u00e0 \u0111i \u0111\u1ebfn s\u00e2n ch\u01a1i.<\/li>\n<\/ul>\n<h4>V\u00c0<\/h4>\n<ul>\n<li>Tr\u1ebb c\u00f3 quy\u1ec1n ra s\u00e2n ch\u01a1i ho\u1eb7c tham gia c\u00e1c ch\u01b0\u01a1ng tr\u00ecnh \u0111\u01b0\u1ee3c t\u1ed5 ch\u1ee9c.<\/li>\n<li>Tr\u1ebb cam k\u1ebft t\u00f4n tr\u1ecdng quy ch\u1ebf sinh ho\u1ea1t t\u1ea1i c\u0103ng tin c\u1ee7a tr\u01b0\u1eddng<\/li>\n<\/ul>\n<\/div><\/div><div class=\"et_pb_tab_3 et_pb_tab clearfix et_pb_module et_block_module\"><div class=\"et_pb_tab_content\"><ul>\n<li><strong>T\u00f4i c\u00f3 th\u1ec3 t\u00ecm th\u1ef1c \u0111\u01a1n nh\u00e0 \u0103n \u1edf \u0111\u00e2u?<\/strong><\/li>\n<\/ul>\n<p>N\u00f3 n\u1eb1m <a href=\"https:\/\/drive.google.com\/drive\/folders\/148V16D6GvHQfAE45sJFkTt3OhhObcHMd\" target=\"_blank\" rel=\"noopener\">\u1edf \u0111\u00e2y<\/a><\/p>\n<ul>\n<li><strong>C\u00e1c con c\u00f3 \u0103n c\u01a1m m\u1ed7i ng\u00e0y kh\u00f4ng?<\/strong><\/li>\n<\/ul>\n<p>Kh\u00f4ng. Ch\u00fang t\u00f4i ph\u1ee5c v\u1ee5 c\u00e1c m\u00f3n \u0103n gi\u00e0u tinh b\u1ed9t m\u1ed7i ng\u00e0y, nh\u01b0ng ch\u00fang thay \u0111\u1ed5i t\u00f9y thu\u1ed9c v\u00e0o th\u1ef1c \u0111\u01a1n: m\u00ec \u1ed1ng, khoai t\u00e2y, c\u01a1m, ng\u0169 c\u1ed1c ho\u1eb7c b\u00e1nh m\u00ec. M\u1ee5c ti\u00eau l\u00e0 \u0111\u1ea3m b\u1ea3o m\u1ed9t ch\u1ebf \u0111\u1ed9 \u0103n u\u1ed1ng c\u00e2n b\u1eb1ng v\u00e0 \u0111a d\u1ea1ng.  <\/p>\n<ul>\n<li><strong>Con t\u00f4i kh\u00f4ng th\u00edch rau, v\u1eady ch\u00e1u c\u00f3 th\u1ec3 ch\u1ec9 \u0103n th\u1ecbt v\u00e0 th\u1ee9c \u0103n gi\u00e0u tinh b\u1ed9t \u0111\u01b0\u1ee3c kh\u00f4ng?<\/strong><\/li>\n<\/ul>\n<p>Ch\u00fang t\u00f4i khuy\u1ebfn kh\u00edch tr\u1ebb em th\u1eed t\u1ea5t c\u1ea3 c\u00e1c lo\u1ea1i th\u1ef1c ph\u1ea9m, bao g\u1ed3m c\u1ea3 rau c\u1ee7.<\/p>\n<p>Ch\u00fang t\u00f4i t\u00f4n tr\u1ecdng kh\u1ea9u v\u1ecb c\u1ee7a h\u1ecd, nh\u01b0ng ch\u00fang t\u00f4i \u0111\u1ed3ng h\u00e0nh c\u00f9ng h\u1ecd trong qu\u00e1 tr\u00ecnh kh\u00e1m ph\u00e1 d\u1ea7n nh\u1eefng m\u00f3n \u0103n m\u1edbi, m\u00e0 kh\u00f4ng \u00e9p bu\u1ed9c h\u1ecd.<\/p>\n<ul>\n<li><strong>Con t\u00f4i b\u1ecb d\u1ecb \u1ee9ng th\u1ef1c ph\u1ea9m, t\u00f4i n\u00ean l\u00e0m g\u00ec?<\/strong><\/li>\n<\/ul>\n<p>Ch\u00fang t\u00f4i xem x\u00e9t c\u00e1c y\u1ebfu t\u1ed1 d\u1ecb \u1ee9ng nh\u01b0 m\u1ed9t ph\u1ea7n c\u1ee7a K\u1ebf ho\u1ea1ch Ch\u0103m s\u00f3c C\u00e1 nh\u00e2n h\u00f3a (PAI).<\/p>\n<p>Khi c\u00f3 th\u1ec3, ch\u00fang t\u00f4i s\u1ebd \u0111i\u1ec1u ch\u1ec9nh th\u1ef1c \u0111\u01a1n.<\/p>\n<p>Trong tr\u01b0\u1eddng h\u1ee3p tr\u1ebb b\u1ecb d\u1ecb \u1ee9ng n\u1eb7ng ho\u1eb7c nhi\u1ec1u lo\u1ea1i d\u1ecb \u1ee9ng, ch\u00fang t\u00f4i c\u00f3 th\u1ec3 y\u00eau c\u1ea7u ph\u1ee5 huynh chu\u1ea9n b\u1ecb b\u1eefa \u0103n \u0111\u1ec3 \u0111\u1ea3m b\u1ea3o an to\u00e0n cho tr\u1ebb.<\/p>\n<ul>\n<li><strong>Con t\u00f4i c\u00f3 nh\u1eefng h\u1ea1n ch\u1ebf v\u1ec1 ch\u1ebf \u0111\u1ed9 \u0103n u\u1ed1ng v\u00ec l\u00fd do t\u00f4n gi\u00e1o. L\u00e0m th\u1ebf n\u00e0o \u0111\u1ec3 con t\u00f4i tu\u00e2n th\u1ee7 \u0111i\u1ec1u n\u00e0y? <\/strong><\/li>\n<\/ul>\n<p>V\u00e0o nh\u1eefng ng\u00e0y th\u1ef1c \u0111\u01a1n c\u00f3 m\u00f3n \u0103n b\u1ecb c\u1ea5m, ch\u00fang t\u00f4i s\u1ebd cung c\u1ea5p m\u1ed9t m\u00f3n thay th\u1ebf ph\u00f9 h\u1ee3p.<\/p>\n<p>Vui l\u00f2ng cung c\u1ea5p cho ch\u00fang t\u00f4i x\u00e1c nh\u1eadn b\u1eb1ng v\u0103n b\u1ea3n v\u1ec1 b\u1ea5t k\u1ef3 h\u1ea1n ch\u1ebf n\u00e0o \u0111\u1ec3 \u0111\u1ea3m b\u1ea3o vi\u1ec7c theo d\u00f5i \u0111\u01b0\u1ee3c nh\u1ea5t qu\u00e1n.<\/p>\n<ul>\n<li><strong>Con t\u00f4i \u0103n chay, v\u1eady c\u00f3 nh\u1eefng l\u1ef1a ch\u1ecdn n\u00e0o?<\/strong><\/li>\n<\/ul>\n<p>Th\u1ef1c \u0111\u01a1n chay \u0111\u01b0\u1ee3c ph\u1ee5c v\u1ee5 m\u1ed9t l\u1ea7n m\u1ed7i tu\u1ea7n cho t\u1ea5t c\u1ea3 m\u1ecdi ng\u01b0\u1eddi.<\/p>\n<p>\u0110\u1ed1i v\u1edbi tr\u1ebb em \u0103n chay h\u00e0ng ng\u00e0y, c\u00f3 th\u1ec3 ph\u1ee5c v\u1ee5 m\u00f3n chay m\u1ed7i ng\u00e0y theo y\u00eau c\u1ea7u.<\/p>\n<ul>\n<li><strong>C\u00e1c th\u1ef1c \u0111\u01a1n \u0111\u00e3 \u0111\u01b0\u1ee3c chuy\u00ean gia dinh d\u01b0\u1ee1ng ph\u00ea duy\u1ec7t ch\u01b0a?<\/strong><\/li>\n<\/ul>\n<p>V\u00e2ng. M\u1ed9t chuy\u00ean gia dinh d\u01b0\u1ee1ng ng\u01b0\u1eddi Ph\u00e1p th\u01b0\u1eddng xuy\u00ean \u0111\u00e1nh gi\u00e1 th\u1ef1c \u0111\u01a1n c\u1ee7a ch\u00fang t\u00f4i \u0111\u1ec3 \u0111\u1ea3m b\u1ea3o s\u1ef1 c\u00e2n b\u1eb1ng dinh d\u01b0\u1ee1ng. <\/p>\n<ul>\n<li><strong>C\u00e1c b\u1eefa \u0103n \u0111\u01b0\u1ee3c chu\u1ea9n b\u1ecb t\u1ea1i ch\u1ed7 hay \u0111\u01b0\u1ee3c giao t\u1eadn n\u01a1i?<\/strong><\/li>\n<\/ul>\n<p>T\u1ea5t c\u1ea3 c\u00e1c b\u1eefa \u0103n ch\u00ednh v\u00e0 b\u1eefa \u0103n nh\u1eb9 c\u1ee7a ch\u00fang t\u00f4i \u0111\u1ec1u \u0111\u01b0\u1ee3c chu\u1ea9n b\u1ecb t\u1ea1i ch\u1ed7, m\u1ed7i ng\u00e0y, trong nh\u00e0 b\u1ebfp c\u1ee7a ch\u00fang t\u00f4i b\u1edfi \u0111\u1ed9i ng\u0169 \u0111\u1ea7u b\u1ebfp.<\/p>\n<ul>\n<li><strong>B\u1ea1n c\u00f3 s\u1eed d\u1ee5ng rau qu\u1ea3 t\u01b0\u01a1i kh\u00f4ng?<\/strong><\/li>\n<\/ul>\n<p>\u0110\u00fang v\u1eady. Ch\u00fang t\u00f4i \u01b0u ti\u00ean th\u1ef1c ph\u1ea9m t\u01b0\u01a1i s\u1ed1ng v\u00e0 h\u1ea1n ch\u1ebf t\u1ed1i \u0111a th\u1ef1c ph\u1ea9m ch\u1ebf bi\u1ebfn s\u1eb5n. <\/p>\n<ul>\n<li><strong>T\u00f4i c\u00f3 th\u1ec3 xem th\u1ef1c \u0111\u01a1n tr\u01b0\u1edbc \u0111\u01b0\u1ee3c kh\u00f4ng?<\/strong><\/li>\n<\/ul>\n<p>V\u00e2ng, th\u1ef1c \u0111\u01a1n \u0111\u01b0\u1ee3c th\u00f4ng b\u00e1o cho c\u00e1c gia \u0111\u00ecnh:<\/p>\n<ol>\n<li>tr\u00ean trang web<\/li>\n<li>th\u00f4ng qua c\u00e1c th\u00f4ng b\u00e1o \u0111\u01b0\u1ee3c g\u1eedi b\u1edfi tr\u01b0\u1eddng h\u1ecdc<\/li>\n<li>ho\u1eb7c th\u00f4ng qua \u1ee9ng d\u1ee5ng n\u1ed9i b\u1ed9 (n\u1ebfu c\u00f3)<\/li>\n<\/ol>\n<ul>\n<li><strong>Con t\u00f4i \u0103n r\u1ea5t \u00edt \u1edf c\u0103ng tin, c\u00e1c b\u1ea1n xoay x\u1edf th\u1ebf n\u00e0o v\u1eady?<\/strong><\/li>\n<\/ul>\n<p>\u0110\u1ed9i ng\u0169 c\u1ee7a ch\u00fang t\u00f4i h\u1ed7 tr\u1ee3 c\u00e1c em nh\u1ecf b\u1eb1ng l\u00f2ng t\u1ed1t, khuy\u1ebfn kh\u00edch c\u00e1c em th\u1eed nh\u1eefng \u0111i\u1ec1u m\u1edbi v\u00e0 \u0111\u1ea3m b\u1ea3o c\u00e1c em \u0111\u01b0\u1ee3c \u0103n u\u1ed1ng \u0111\u1ea7y \u0111\u1ee7.<\/p>\n<p>N\u1ebfu ph\u00e1t hi\u1ec7n nh\u1eefng kh\u00f3 kh\u0103n th\u01b0\u1eddng xuy\u00ean, ch\u00fang t\u00f4i s\u1ebd th\u00f4ng b\u00e1o cho ph\u1ee5 huynh \u0111\u1ec3 c\u00f9ng nhau t\u00ecm ra gi\u1ea3i ph\u00e1p.<\/p>\n<ul>\n<li><strong>C\u0103ng tin c\u00f3 b\u00e1n n\u01b0\u1edbc ng\u1ecdt ho\u1eb7c n\u01b0\u1edbc l\u1ecdc kh\u00f4ng?<\/strong><\/li>\n<\/ul>\n<p>Kh\u00f4ng. Tr\u1ebb em ch\u1ec9 \u0111\u01b0\u1ee3c u\u1ed1ng n\u01b0\u1edbc trong b\u1eefa \u0103n. <\/p>\n<p>C\u00e1c lo\u1ea1i \u0111\u1ed3 u\u1ed1ng c\u00f3 \u0111\u01b0\u1eddng, n\u01b0\u1edbc ng\u1ecdt v\u00e0 n\u01b0\u1edbc c\u00f3 h\u01b0\u01a1ng v\u1ecb \u0111\u1ec1u b\u1ecb lo\u1ea1i tr\u1eeb ho\u00e0n to\u00e0n.<\/p>\n<p>M\u1ed7i s\u00e1ng, ch\u00fang t\u00f4i ph\u1ee5c v\u1ee5 n\u01b0\u1edbc \u00e9p tr\u00e1i c\u00e2y t\u01b0\u01a1i \u0111\u01b0\u1ee3c pha ch\u1ebf ngay t\u1ea1i ch\u1ed7.<\/p>\n<p>Ch\u1ec9 n\u00ean th\u00eam m\u1ed9t l\u01b0\u1ee3ng nh\u1ecf \u0111\u01b0\u1eddng khi c\u00e1c lo\u1ea1i tr\u00e1i c\u00e2y c\u00f3 v\u1ecb chua g\u1eaft (chanh, cam \u0111\u1eafng, chanh d\u00e2y).<\/p>\n<p>Tuy nhi\u00ean, trong nh\u1eefng d\u1ecbp l\u1ec5 h\u1ed9i, m\u1ed9t l\u01b0\u1ee3ng nh\u1ecf siro grenadine c\u00f3 th\u1ec3 \u0111\u01b0\u1ee3c d\u00f9ng. \u0110i\u1ec1u n\u00e0y r\u1ea5t hi\u1ebfm v\u00e0 ph\u1ea3i tu\u00e2n th\u1ee7 c\u00e1c quy \u0111\u1ecbnh nghi\u00eam ng\u1eb7t. <\/p>\n<ul>\n<li><strong>Con t\u00f4i c\u00f3 th\u1ec3 \u0103n th\u00eam bao nhi\u00eau l\u1ea7n t\u00f9y th\u00edch kh\u00f4ng?<\/strong><\/li>\n<\/ul>\n<p>V\u00e2ng, tr\u1ebb em c\u00f3 th\u1ec3 \u0103n th\u00eam ph\u1ea7n th\u1ee9 hai v\u1edbi s\u1ed1 l\u01b0\u1ee3ng h\u1ee3p l\u00fd.<\/p>\n<p>Ch\u00fang t\u00f4i khuy\u1ebfn kh\u00edch h\u1ecd \u0103n h\u1ebft ph\u1ea7n \u0111\u1ea7u ti\u00ean tr\u01b0\u1edbc khi g\u1ecdi th\u00eam, nh\u1eb1m h\u1ea1n ch\u1ebf l\u00e3ng ph\u00ed th\u1ee9c \u0103n \u0111\u1ed3ng th\u1eddi t\u00f4n tr\u1ecdng kh\u1ea9u v\u1ecb c\u1ee7a h\u1ecd.<\/p>\n<ul>\n<li><strong>B\u1ea1n c\u00f3 khu v\u1ef1c t\u1ef1 ph\u1ee5c v\u1ee5 kh\u00f4ng?<\/strong><\/li>\n<\/ul>\n<p>Kh\u00f4ng, ch\u00fang t\u00f4i kh\u00f4ng c\u00f3 khu v\u1ef1c t\u1ef1 ph\u1ee5c v\u1ee5.<\/p>\n<p>\u1ede tr\u01b0\u1eddng m\u1eabu gi\u00e1o, b\u1eefa \u0103n \u0111\u01b0\u1ee3c ph\u1ee5c v\u1ee5 t\u1ea1i b\u00e0n, v\u00e0 m\u1ed9t tr\u1ee3 l\u00fd tr\u01b0\u1eddng h\u1ecdc (ASEM) s\u1ebd c\u00f3 m\u1eb7t \u0111\u1ec3 gi\u00fap tr\u1ebb \u0103n v\u00e0 \u0111\u1ea3m b\u1ea3o m\u1ed7i tr\u1ebb \u0111\u1ec1u nh\u1eadn \u0111\u01b0\u1ee3c kh\u1ea9u ph\u1ea7n \u0103n ph\u00f9 h\u1ee3p.<\/p>\n<p>\u1ede tr\u01b0\u1eddng ti\u1ec3u h\u1ecdc, c\u00e1c m\u00f3n \u0103n \u0111\u01b0\u1ee3c \u0111\u1eb7t \u1edf gi\u1eefa b\u00e0n d\u00e0nh cho 4 h\u1ecdc sinh: c\u00e1c em t\u1ef1 ph\u1ee5c v\u1ee5 d\u01b0\u1edbi s\u1ef1 gi\u00e1m s\u00e1t c\u1ee7a nh\u00e2n vi\u00ean nh\u00e0 \u0103n, nh\u1eefng ng\u01b0\u1eddi \u0111\u1ea3m b\u1ea3o b\u1eefa \u0103n di\u1ec5n ra su\u00f4n s\u1ebb v\u00e0 c\u00e1c quy t\u1eafc v\u1ec7 sinh c\u0169ng nh\u01b0 s\u1ef1 h\u00f2a nh\u00e3 \u0111\u01b0\u1ee3c tu\u00e2n th\u1ee7.<\/p>\n<\/div><\/div><\/div><\/div><\/div><\/div><\/div>","protected":false},"excerpt":{"rendered":"<p>C\u0102NG TIN, nh\u1eefng m\u00f3n \u0103n nh\u00e0 l\u00e0m ! C\u0103ng tin tr\u01b0\u1eddng Boule et Billes \u01b0a chu\u1ed9ng \u0111\u1ed3 \u0103n t\u1ef1 l\u00e0m, ch\u1ebf \u0111\u1ed9 \u0103n u\u1ed1ng c\u00e2n b\u1eb1ng, ph\u00e1t tri\u1ec3n kh\u1ea9u v\u1ecb v\u00e0 b\u1ea3o v\u1ec7 s\u1ee9c kh\u1ecfe. <\/p>\n","protected":false},"author":110,"featured_media":5398,"parent":0,"menu_order":0,"comment_status":"closed","ping_status":"closed","template":"","meta":{"_seopress_robots_primary_cat":"","_seopress_titles_title":"","_seopress_titles_desc":"","_seopress_robots_index":"","footnotes":""},"class_list":["post-5397","page","type-page","status-publish","has-post-thumbnail","hentry"],"_links":{"self":[{"href":"https:\/\/bouleetbilles.net\/vi\/wp-json\/wp\/v2\/pages\/5397","targetHints":{"allow":["GET"]}}],"collection":[{"href":"https:\/\/bouleetbilles.net\/vi\/wp-json\/wp\/v2\/pages"}],"about":[{"href":"https:\/\/bouleetbilles.net\/vi\/wp-json\/wp\/v2\/types\/page"}],"author":[{"embeddable":true,"href":"https:\/\/bouleetbilles.net\/vi\/wp-json\/wp\/v2\/users\/110"}],"replies":[{"embeddable":true,"href":"https:\/\/bouleetbilles.net\/vi\/wp-json\/wp\/v2\/comments?post=5397"}],"version-history":[{"count":33,"href":"https:\/\/bouleetbilles.net\/vi\/wp-json\/wp\/v2\/pages\/5397\/revisions"}],"predecessor-version":[{"id":9785,"href":"https:\/\/bouleetbilles.net\/vi\/wp-json\/wp\/v2\/pages\/5397\/revisions\/9785"}],"wp:featuredmedia":[{"embeddable":true,"href":"https:\/\/bouleetbilles.net\/vi\/wp-json\/wp\/v2\/media\/5398"}],"wp:attachment":[{"href":"https:\/\/bouleetbilles.net\/vi\/wp-json\/wp\/v2\/media?parent=5397"}],"curies":[{"name":"wp","href":"https:\/\/api.w.org\/{rel}","templated":true}]}}