{"id":5386,"date":"2017-08-08T17:05:52","date_gmt":"2017-08-08T10:05:52","guid":{"rendered":"https:\/\/bouleetbilles.net\/hoat-dong-ngoai-khoa\/"},"modified":"2026-04-10T04:06:58","modified_gmt":"2026-04-10T04:06:58","slug":"hoat-dong-ngoai-khoa","status":"publish","type":"page","link":"https:\/\/bouleetbilles.net\/vi\/hoat-dong-ngoai-khoa\/","title":{"rendered":"Ho\u1ea1t \u0111\u1ed9ng ngo\u1ea1i kh\u00f3a"},"content":{"rendered":"<div class=\"et_pb_section_0 et_pb_section et_pb_fullwidth_section et_section_regular et_block_section\"><section class=\"et_pb_fullwidth_header_0 et_pb_fullwidth_header et_pb_bg_layout_dark et_pb_text_align_center et_pb_module et_flex_module\"><div class=\"et_pb_fullwidth_header_container center\"><div class=\"header-content-container center\"><div class=\"header-content et_flex_module\"><h1 class=\"et_pb_module_header\">HO\u1ea0T \u0110\u1ed8NG NGO\u1ea0I KH\u00d3A<\/h1><span class=\"et_pb_fullwidth_header_subhead\">Ho\u1ea1t \u0111\u1ed9ng th\u1ec3 thao, ngh\u1ec7 thu\u1eadt v\u00e0 ng\u00f4n ng\u1eef m\u1edf ra d\u00e0nh cho c\u00e1c em c\u00f3 \u0111\u1ed9 tu\u1ed5i t\u1eeb 3 \u0111\u1ebfn 11 tu\u1ed5i t\u1ea1i Th\u1ea3o \u0110i\u1ec1n v\u00e0 B\u00ecnh Th\u1ea1nh<\/span><div class=\"et_pb_header_button_wrapper\"><a class=\"et_pb_button et_pb_more_button et_pb_button_one\" href=\"https:\/\/bouleetbilles.net\/vi\/bieu-gia\/#dt-tabs|3\">Xem t\u1ea5t c\u1ea3 bi\u1ec3u gi\u00e1<\/a><a class=\"et_pb_button et_pb_more_button et_pb_button_two\" href=\"https:\/\/bouleetbilles.net\/contactez-nous\/\">\u0110\u0103ng k\u00fd h\u1ecdc ho\u1ea1t \u0111\u1ed9ng<\/a><\/div><\/div><\/div><\/div><div class=\"et_pb_fullwidth_header_overlay\"><\/div><div class=\"et_pb_fullwidth_header_scroll\"><a class=\"scroll-down-container\" href=\"#\"><span class=\"scroll-down et-pb-icon\">;<\/span><\/a><\/div><\/section><\/div><div class=\"et_pb_section_1 et_pb_section et_section_regular et_block_section\"><div class=\"et_pb_row_0 et_pb_row et_block_row\"><div class=\"et_pb_column_0 et_pb_column et_pb_column_4_4 et-last-child et_block_column et_pb_css_mix_blend_mode_passthrough\"><div class=\"et_pb_tabs_0 et_pb_tabs et_pb_module\" id=\"dt-tabs\"><ul class=\"et_pb_tabs_controls clearfix\"><li class=\"et_pb_tab_nav_item_0 et_pb_tab_nav_item et_pb_tab_0 et_pb_tab_active\"><a class=\"et_pb_tab_nav_item_link\" href=\"#\">Gi\u1edbi thi\u1ec7u<\/a><\/li><li class=\"et_pb_tab_nav_item_1 et_pb_tab_nav_item et_pb_tab_1\"><a class=\"et_pb_tab_nav_item_link\" href=\"#\">Ch\u01b0\u01a1ng tr\u00ecnh m\u1eabu gi\u00e1o Thao Dien<\/a><\/li><li class=\"et_pb_tab_nav_item_2 et_pb_tab_nav_item et_pb_tab_2\"><a class=\"et_pb_tab_nav_item_link\" href=\"#\">Ch\u01b0\u01a1ng tr\u00ecnh m\u1eabu gi\u00e1o Binh Thanh<\/a><\/li><li class=\"et_pb_tab_nav_item_3 et_pb_tab_nav_item et_pb_tab_3\"><a class=\"et_pb_tab_nav_item_link\" href=\"#\">Ch\u01b0\u01a1ng tr\u00ecnh ti\u1ec3u h\u1ecdc Binh Thanh<\/a><\/li><li class=\"et_pb_tab_nav_item_4 et_pb_tab_nav_item et_pb_tab_4\"><a class=\"et_pb_tab_nav_item_link\" href=\"#\">D\u1ef1 \u00e1n gi\u00e1o d\u1ee5c<\/a><\/li><li class=\"et_pb_tab_nav_item_5 et_pb_tab_nav_item et_pb_tab_5\"><a class=\"et_pb_tab_nav_item_link\" href=\"#\">Ch\u00ednh s\u00e1ch d\u1ea1y ng\u00f4n ng\u1eef<\/a><\/li><li class=\"et_pb_tab_nav_item_6 et_pb_tab_nav_item et_pb_tab_6\"><a class=\"et_pb_tab_nav_item_link\" href=\"#\">C\u00e2u h\u1ecfi th\u01b0\u1eddng g\u1eb7p<\/a><\/li><\/ul><div class=\"et_pb_all_tabs\"><div class=\"et_pb_tab_0 et_pb_tab clearfix et_pb_active_content et_pb_module et_block_module\"><div class=\"et_pb_tab_content\">\n<p><span style=\"font-weight: 400;\">M\u1ee5c ti\u00eau c\u1ee7a c\u00e1c ho\u1ea1t \u0111\u1ed9ng ngo\u1ea1i kh\u00f3a l\u00e0 th\u00fac \u0111\u1ea9y s\u1ef1 ph\u00e1t tri\u1ec3n <\/span><span style=\"font-weight: 400;\">v\u00e0 t\u1ef1 ch\u1ee7 c\u1ee7a tr\u1ebb ngo\u00e0i gi\u1edd h\u1ecdc, v\u1edbi \u01b0u ti\u00ean l\u00e0 <\/span><span style=\"font-weight: 400;\">s\u1ef1 vui ch\u01a1i.<\/span><\/p>\n<p><strong>C\u00e1c ho\u1ea1t \u0111\u1ed9ng ngo\u1ea1i kh\u00f3a :<\/strong><\/p>\n<ul>\n<li style=\"font-weight: 400;\" aria-level=\"1\"><span style=\"font-weight: 400;\">T\u1ea1i c\u01a1 s\u1edf Th\u1ea3o \u0110i\u1ec1n, tr\u1ebb m\u1eabu gi\u00e1o (t\u1eeb 3 \u0111\u1ebfn 6 tu\u1ed5i)<\/span><\/li>\n<li style=\"font-weight: 400;\" aria-level=\"1\"><span style=\"font-weight: 400;\">T\u1ea1i c\u01a1 s\u1edf B\u00ecnh Th\u1ea1nh, tr\u1ebb m\u1eabu gi\u00e1o (t\u1eeb 3 \u0111\u1ebfn 6 tu\u1ed5i) v\u00e0 ti\u1ec3u h\u1ecdc (t\u1eeb 6 \u0111\u1ebfn 11 tu\u1ed5i)<\/span><\/li>\n<li style=\"font-weight: 400;\" aria-level=\"1\"><span style=\"font-weight: 400;\">C\u00e1c tr\u1ebb \u0111ang theo h\u1ecdc \u1edf c\u00e1c tr\u01b0\u1eddng kh\u00e1c.<\/span><\/li>\n<\/ul>\n<p><span style=\"font-weight: 400;\">C\u00e1c ho\u1ea1t \u0111\u1ed9ng ph\u00f9 h\u1ee3p v\u1edbi \u0111\u1ed9 tu\u1ed5i c\u1ee7a tr\u1ebb. v\u00e0 \u0111\u01b0\u1ee3c d\u1eabn d\u1eaft b\u1edfi <\/span><span style=\"font-weight: 400;\">c\u00e1c th\u1ea7y c\u00f4 gi\u00e0u kinh nghi\u1ec7m, nhi\u1ec1u nhi\u1ec7t huy\u1ebft ho\u1eb7c c\u00e1c c\u00f4 tr\u1ee3 gi\u1ea3ng.<\/span><\/p>\n<p><span style=\"font-weight: 400;\">Nh\u1eefng ho\u1ea1t \u0111\u1ed9ng n\u00e0y kh\u00f4ng xem nh\u01b0 ho\u1ea1t \u0111\u1ed9ng c\u1ee7a m\u1ed9t c\u00e2u l\u1ea1c b\u1ed9<\/span><\/p>\n<p><span style=\"font-weight: 400;\">M\u1ed7i ng\u00e0y tr\u1ebb c\u00f3 th\u1ec3 l\u1ef1a ch\u1ecdn tham gia m\u1ed9t trong c\u00e1c ho\u1ea1t \u0111\u1ed9ng nh\u01b0 th\u1ec3 thao, ngh\u1ec7 thu\u1eadt,<\/span> <span style=\"font-weight: 400;\">h\u1ecdc ng\u00f4n ng\u1eef ho\u1eb7c d\u1ea1y k\u00e8m (ch\u1ec9 d\u00e0nh cho<\/span><span style=\"font-weight: 400;\">h\u1ecdc sinh ti\u1ec3u h\u1ecdc).<\/span><\/p>\n<p><span style=\"font-weight: 400;\">C\u00e1c ho\u1ea1t \u0111\u1ed9ng \u0111\u01b0\u1ee3c t\u1ed5 ch\u1ee9c b\u1eb1ng ti\u1ebfng Ph\u00e1p, ti\u1ebfng Anh ho\u1eb7c ti\u1ebfng Vi\u1ec7t.<\/span><\/p>\n<p><span style=\"font-weight: 400;\">M\u1ed9t ho\u1ea1t \u0111\u1ed9ng ngo\u1ea1i kh\u00f3a ph\u1ea3i mang l\u1ea1i ni\u1ec1m vui cho tr\u1ebb. Kh\u00f4ng c\u00f3 vi\u1ec7c <\/span><span style=\"font-weight: 400;\">\u00e9p bu\u1ed9c tr\u1ebb tham gia v\u00e0o m\u1ed9t ho\u1ea1t \u0111\u1ed9ng m\u00e0 tr\u1ebb kh\u00f4ng h\u1ee9ng th\u00fa.<\/span><\/p>\n<p><span style=\"font-weight: 400;\">T\u01b0\u01a1ng t\u1ef1, m\u1ed9t cu\u1ed9c thi ch\u1ec9 c\u00f3 \u00fd ngh\u0129a khi n\u00f3 <\/span><span style=\"font-weight: 400;\">\u0111\u01b0\u1ee3c tr\u1ebb t\u1ef1 nguy\u1ec7n! Ch\u00fang t\u00f4i kh\u00f4ng y\u00eau c\u1ea7u tr\u1ebb \u0111\u1ea1t \u0111\u01b0\u1ee3c k\u1ebft qu\u1ea3 nh\u01b0 <\/span><span style=\"font-weight: 400;\">\u1edf tr\u01b0\u1eddng : ch\u00fang t\u00f4i h\u1ed7 tr\u1ee3, \u0111\u1ed9ng vi\u00ean, tham gia c\u00f9ng tr\u1ebb, <\/span><span style=\"font-weight: 400;\">vai tr\u00f2 c\u1ee7a ch\u00fang t\u00f4i d\u1eebng l\u1ea1i \u1edf \u0111\u00f3.<\/span><\/p>\n<p><span style=\"font-weight: 400;\">Cha m\u1eb9 c\u1ea7n \u0111\u1ed9ng vi\u00ean, \u0111i c\u00f9ng con v\u00e0 \u1edf b\u00ean con <\/span><span style=\"font-weight: 400;\">trong giai \u0111o\u1ea1n \u0111\u1ea7u, \u0111\u1ec3 khuy\u1ebfn kh\u00edch tr\u1ebb, v\u00e0 sau m\u1ed9t th\u1eddi gian, cha m\u1eb9 c\u00f3 th\u1ec3<\/span><span style=\"font-weight: 400;\">nh\u1eadn th\u1ea5y nh\u1eefng ti\u1ebfn b\u1ed9 m\u00e0 tr\u1ebb \u0111\u00e3 \u0111\u1ea1t \u0111\u01b0\u1ee3c.<\/span><\/p>\n<p><span style=\"font-weight: 400;\">M\u1ed7i tr\u1ebb s\u1ebd t\u00ecm th\u1ea5y ho\u1ea1t \u0111\u1ed9ng ph\u00f9 h\u1ee3p nh\u1ea5t v\u1edbi m\u00ecnh, kh\u00f4ng c\u00f3<\/span><span style=\"font-weight: 400;\">ho\u1ea1t \u0111\u1ed9ng n\u00e0o t\u1ed1t h\u01a1n ho\u1ea1t \u0111\u1ed9ng n\u00e0o, t\u1ea5t c\u1ea3 \u0111\u1ec1u ph\u1ee5 thu\u1ed9c v\u00e0o s\u1edf th\u00edch v\u00e0 t\u00ednh c\u00e1ch<\/span><span style=\"font-weight: 400;\">c\u1ee7a tr\u1ebb, nh\u01b0ng t\u1ea5t c\u1ea3 \u0111\u1ec1u mang l\u1ee3i \u00edch kh\u00f4ng th\u1ec3 b\u1ecf qua.<\/span><\/p>\n<\/div><\/div><div class=\"et_pb_tab_1 et_pb_tab clearfix et_pb_module et_block_module\"><div class=\"et_pb_tab_content\"><h3>Ch\u01b0\u01a1ng tr\u00ecnh ho\u1ea1t \u0111\u1ed9ng ngo\u1ea1i kh\u00f3a (2025-2026) cho giai \u0111o\u1ea1n t\u1eeb Th\u1ee9 Hai, ng\u00e0y 5 th\u00e1ng 1 n\u0103m 2026 \u0111\u1ebfn Th\u1ee9 N\u0103m, ng\u00e0y 2 th\u00e1ng 7 n\u0103m 2026<\/h3>\n<ul>\n<li><strong>Lundi<\/strong> 15h20 - 16h20 : Cuisine \/ Ballet (nouveau)<\/li>\n<li><strong>Mardi<\/strong> 15h20 - 16h20 : Jeux Collectifs \/ Dessin et Arts Graphiques<\/li>\n<li><strong>Th\u1ee9 T\u01b0<\/strong>\n<ul>\n<li>12:50 - 14:00: Gi\u1edd ng\u1ee7 tr\u01b0a cho tr\u1ebb m\u1edbi bi\u1ebft \u0111i v\u00e0 tr\u1ebb m\u1eabu gi\u00e1o \/ B\u01a1i l\u1ed9i cho tr\u1ebb l\u1edbn h\u01a1n<\/li>\n<li>14:05 - 15:05: B\u01a1i l\u1ed9i cho tr\u1ebb em \/ Nh\u1ea3y hip-hop v\u00e0 hi\u1ec7n \u0111\u1ea1i d\u00e0nh cho t\u1ea5t c\u1ea3 m\u1ecdi ng\u01b0\u1eddi<\/li>\n<li>15:20 - 16:20: H\u1ed9i th\u1ea3o ti\u1ebfng Anh \/ Kh\u00f3a h\u1ecdc k\u1ef9 n\u0103ng v\u1eadn \u0111\u1ed9ng<\/li>\n<\/ul>\n<\/li>\n<li><strong>Th\u1ee9 N\u0103m<\/strong> , 15:20 - 16:20: Yoga \/ Th\u1eed th\u00e1ch logic<\/li>\n<li><strong>Th\u1ee9 S\u00e1u,<\/strong> 15:20 - 16:20: L\u00e0m g\u1ed1m \/ Tr\u00f2 ch\u01a1i tr\u00ean b\u00e0n<\/li>\n<\/ul>\n<\/div><\/div><div class=\"et_pb_tab_2 et_pb_tab clearfix et_pb_module et_block_module\"><div class=\"et_pb_tab_content\"><h3>Ch\u01b0\u01a1ng tr\u00ecnh ho\u1ea1t \u0111\u1ed9ng ngo\u1ea1i kh\u00f3a (2025-2026) cho giai \u0111o\u1ea1n t\u1eeb Th\u1ee9 Hai, ng\u00e0y 5 th\u00e1ng 1 n\u0103m 2026 \u0111\u1ebfn Th\u1ee9 N\u0103m, ng\u00e0y 2 th\u00e1ng 7 n\u0103m 2026<\/h3>\n<ul><\/ul>\n<ul>\n<li><strong>Th\u1ee9 Hai<\/strong> , 15:20 - 16:20: L\u1edbp h\u1ecdc ti\u1ebfng Anh \/ B\u00f3ng \u0111\u00e1 (d\u00e0nh cho tr\u1ebb l\u1edbn h\u01a1n)<\/li>\n<li><strong>Th\u1ee9 Ba,<\/strong> 15:20 - 16:20: N\u1ea5u \u0103n \/ Tr\u00ecnh di\u1ec5n v\u0169 \u0111\u1ea1o v\u00e0 flashmob<\/li>\n<li><strong>Th\u1ee9 T\u01b0<\/strong>\n<ul>\n<li>13:00 - 14:00: Gi\u1edd ng\u1ee7 tr\u01b0a cho tr\u1ebb m\u1edbi bi\u1ebft \u0111i v\u00e0 tr\u1ebb m\u1eabu gi\u00e1o \/ Nh\u00e0 khoa h\u1ecdc nh\u00ed cho tr\u1ebb l\u1edbn h\u01a1n \/ Ngh\u1ec7 thu\u1eadt 3D<\/li>\n<li>14:00 - 15:00: V\u1ebd v\u00e0 Ngh\u1ec7 thu\u1eadt \u0111\u1ed3 h\u1ecda \/ Karate cho tr\u1ebb em<\/li>\n<li>15:20 - 16:20: H\u1ed9i th\u1ea3o ti\u1ebfng Anh<\/li>\n<\/ul>\n<\/li>\n<li><strong>Th\u1ee9 N\u0103m,<\/strong> 15:20 - 16:20: Vovinam \/ tr\u00f2 ch\u01a1i tr\u00ean b\u00e0n c\u1edd<\/li>\n<li><strong>Th\u1ee9 S\u00e1u,<\/strong> 15:20 - 16:20: M\u00faa ba l\u00ea \/ Ngh\u1ec7 thu\u1eadt v\u00e0 Ho\u1ea1t \u0111\u1ed9ng gi\u1ea3i tr\u00ed s\u00e1ng t\u1ea1o<\/li>\n<\/ul>\n<\/div><\/div><div class=\"et_pb_tab_3 et_pb_tab clearfix et_pb_module et_block_module\"><div class=\"et_pb_tab_content\"><h3>Ch\u01b0\u01a1ng tr\u00ecnh ho\u1ea1t \u0111\u1ed9ng ngo\u1ea1i kh\u00f3a (2025-2026) cho giai \u0111o\u1ea1n t\u1eeb Th\u1ee9 Hai, ng\u00e0y 5 th\u00e1ng 1 n\u0103m 2026 \u0111\u1ebfn Th\u1ee9 N\u0103m, ng\u00e0y 2 th\u00e1ng 7 n\u0103m 2026<\/h3>\n<ul><\/ul>\n<ul>\n<li><strong>Th\u1ee9 Hai,<\/strong> 15:20 - 16:20: B\u00f3ng \u0111\u00e1 \/ \u0110\u1ea5u ki\u1ebfm bi\u1ec3u di\u1ec5n \/ H\u1ed9i th\u1ea3o ti\u1ebfng Anh \/ H\u1ecdc t\u1eadp - H\u1ed7 tr\u1ee3 l\u00e0m b\u00e0i t\u1eadp v\u1ec1 nh\u00e0<\/li>\n<li><strong>Th\u1ee9 Ba,<\/strong> 15:20 - 16:20: C\u1ea7u l\u00f4ng \/ Yoga \/ K\u1ecbch \u1ee9ng kh\u1ea9u \/ H\u1ecdc t\u1eadp - H\u1ed7 tr\u1ee3 l\u00e0m b\u00e0i t\u1eadp v\u1ec1 nh\u00e0<\/li>\n<li><strong>Th\u1ee9 T\u01b0<\/strong>\n<ul>\n<li>13:00 - 14:00: X\u01b0\u1edfng n\u1ea5u \u0103n \/ V\u1ebd tranh \/ Ngh\u1ec7 thu\u1eadt 3D \/ Pickleball \/ Nh\u00e0 khoa h\u1ecdc nh\u00ed (CP)<\/li>\n<li>14:00 - 15:00: STEM \/ C\u00e2u l\u1ea1c b\u1ed9 c\u1edd vua \/ Tr\u01b0\u1ee3t patin \/ H\u1ed9i th\u1ea3o ti\u1ebfng Anh<\/li>\n<li>15:20 - 16:20: Thi \u0111\u1ea5u Karate \/ Ch\u01b0\u01a1ng tr\u00ecnh<\/li>\n<\/ul>\n<\/li>\n<li><strong>Th\u1ee9 N\u0103m,<\/strong> 15:20 - 16:20: Nh\u1ea3y hip-hop v\u00e0 hi\u1ec7n \u0111\u1ea1i \/ Nh\u00e0 khoa h\u1ecdc nh\u00ed \/ \u0110\u1ea5u ki\u1ebfm \/ H\u1ecdc t\u1eadp - h\u1ed7 tr\u1ee3 l\u00e0m b\u00e0i t\u1eadp v\u1ec1 nh\u00e0<\/li>\n<li><strong>Th\u1ee9 S\u00e1u<\/strong> , 15:20 - 16:20: B\u00f3ng ch\u00e0y S\u00e9c - Ph\u00e1p \/ L\u00e0m g\u1ed1m \/ H\u1ed9i th\u1ea3o k\u1ef9 n\u0103ng thuy\u1ebft tr\u00ecnh \/ H\u1ed7 tr\u1ee3 h\u1ecdc t\u1eadp - l\u00e0m b\u00e0i t\u1eadp v\u1ec1 nh\u00e0<\/li>\n<\/ul>\n<\/div><\/div><div class=\"et_pb_tab_4 et_pb_tab clearfix et_pb_module et_block_module\"><div class=\"et_pb_tab_content\"><p>Xem : <a href=\"https:\/\/bouleetbilles.net\/vi\/du-an-ngoai-khoa\/\" target=\"_blank\" rel=\"noopener\">https:\/\/bouleetbilles.net\/projet-extra-scolaire\/<\/a><\/p>\n<\/div><\/div><div class=\"et_pb_tab_5 et_pb_tab clearfix et_pb_module et_block_module\"><div class=\"et_pb_tab_content\"><p><span style=\"font-weight: 400;\">Trong ho\u1ea1t \u0111\u1ed9ng ngo\u1ea1i kh\u00f3a n\u00f3i chung, c\u00e1c gi\u00e1o vi\u00ean ngo\u1ea1i kh\u00f3a s\u1ebd giao ti\u1ebfp b\u1eb1ng ti\u1ebfng Ph\u00e1p, ti\u1ebfng Anh v\u00e0 ti\u1ebfng Vi\u1ec7t. Ng\u00f4n ng\u1eef ch\u1ee7 y\u1ebfu v\u1eabn l\u00e0 ti\u1ebfng ph\u00e1p.<\/span><\/p>\n<p><span style=\"font-weight: 400;\">Vi\u1ec7c h\u1ecdc ng\u00f4n ng\u1eef :<\/span><span style=\"font-weight: 400;\"> <\/span><\/p>\n<p><span style=\"font-weight: 400;\">Ch\u00fang t\u00f4i \u0111\u1ec1 xu\u1ea5t cho tr\u1ebb, nh\u1eefng ai mu\u1ed1n h\u1ecdc n\u00f3i m\u1ed9t ng\u00f4n ng\u1eef m\u1edbi ho\u1eb7c mu\u1ed1n c\u1ea3i thi\u1ec7n k\u1ef9 n\u0103ng c\u1ee7a m\u00ecnh, c\u00e1c kh\u00f3a h\u1ecdc v\u1ec1 c\u00e1c ng\u00f4n ng\u1eef :<\/span><\/p>\n<ul>\n<li style=\"font-weight: 400;\" aria-level=\"1\"><span style=\"font-weight: 400;\">Ti\u1ebfng anh t\u0103ng c\u01b0\u1eddng<\/span><\/li>\n<\/ul>\n<p><span style=\"font-weight: 400;\">Nh\u1eefng kh\u00f3a h\u1ecdc n\u00e0y \u0111\u01b0\u1ee3c t\u1ed5 ch\u1ee9c ngay t\u1eeb l\u1edbp M\u1ea7m, d\u00e0nh cho tr\u1ebb m\u1edbi b\u1eaft \u0111\u1ea7u v\u00e0 c\u00e1c h\u1ecdc sinh.<\/span><\/p>\n<ul>\n<li style=\"font-weight: 400;\" aria-level=\"1\"><span style=\"font-weight: 400;\">Ti\u1ebfng Ph\u00e1p l\u00e0 ngo\u1ea1i ng\u1eef<\/span><\/li>\n<\/ul>\n<p><span style=\"font-weight: 400;\">Ho\u1ea1t \u0111\u1ed9ng d\u00e0nh cho tr\u1ebb n\u00f3i ng\u00f4n ng\u1eef kh\u00e1c (ti\u1ebfng Ph\u00e1p kh\u00f4ng ph\u1ea3i l\u00e0 ti\u1ebfng m\u1eb9 \u0111\u1ebb) mong mu\u1ed1n kh\u00e1m ph\u00e1 ki\u1ebfn th\u1ee9c c\u01a1 b\u1ea3n c\u1ee7a ti\u1ebfng Ph\u00e1p, h\u1ecdc t\u1eeb v\u1ef1ng m\u1edbi v\u00e0 th\u00e0nh th\u1ea1o ti\u1ebfng Ph\u00e1p ho\u00e0n to\u00e0n v\u00e0 theo h\u1ecdc ch\u01b0\u01a1ng tr\u00ecnh ti\u1ebfng Ph\u00e1p.<\/span><\/p>\n<p><span style=\"font-weight: 400;\">Trong m\u1ed7i bu\u1ed5i h\u1ecdc, gi\u00e1o vi\u00ean ngo\u1ea1i kh\u00f3a \u0111\u1ec1 xu\u1ea5t c\u00e1c ho\u1ea1t \u0111\u1ed9ng vui ch\u01a1i ph\u00f9 h\u1ee3p v\u1edbi tr\u00ecnh \u0111\u1ed9 c\u1ee7a tr\u1ebb qua c\u00e1c ph\u01b0\u01a1ng ti\u1ec7n kh\u00e1c nhau (s\u00e1ch, video, ca h\u00e1t, v\u1ebd tranh, k\u1ecbch\u2026) gi\u00fap tr\u1ebb th\u1ec3 hi\u1ec7n m\u00ecnh m\u1ed9t c\u00e1ch t\u1ef1 nhi\u00ean v\u1edbi ng\u00f4n ng\u1eef n\u00e0y. <\/span><\/p>\n<p><span style=\"font-weight: 400;\">D\u1ef1a theo tr\u00ecnh \u0111\u1ed9 c\u1ee7a t\u1eebng tr\u1ebb, gi\u00e1o vi\u00ean ngo\u1ea1i kh\u00f3a t\u1ed5 ch\u1ee9c c\u00e1c nh\u00f3m th\u1ef1c hi\u1ec7n\/ch\u01a1i \u0111\u1ec3 \u0111i\u1ec1u ch\u1ec9nh c\u00e1c ho\u1ea1t \u0111\u1ed9ng.<\/span><\/p>\n<\/div><\/div><div class=\"et_pb_tab_6 et_pb_tab clearfix et_pb_module et_block_module\"><div class=\"et_pb_tab_content\"><ul>\n<li aria-level=\"1\"><b>Nh\u1eefng ho\u1ea1t \u0111\u1ed9ng n\u00e0y d\u00e0nh cho ai?<\/b><\/li>\n<\/ul>\n<p><span style=\"font-weight: 400;\">Nh\u1eefng ho\u1ea1t \u0111\u1ed9ng n\u00e0y d\u00e0nh cho t\u1ea5t c\u1ea3 c\u00e1c tr\u1ebb \u0111\u0103ng k\u00fd t\u1ea1i c\u00e1c Tr\u01b0\u1eddng Qu\u1ed1c t\u1ebf Ph\u00e1p Boule & Billes c\u0169ng nh\u01b0 c\u00e1c tr\u1ebb \u0111ang h\u1ecdc t\u1ea1i c\u00e1c tr\u01b0\u1eddng kh\u00e1c, t\u1eeb m\u1eabu gi\u00e1o (3 tu\u1ed5i) \u0111\u1ebfn l\u1edbp CM2 (11 tu\u1ed5i).<\/span><\/p>\n<ul>\n<li aria-level=\"1\"><b>C\u00f3 ph\u1ea3i c\u00e1c ho\u1ea1t \u0111\u1ed9ng gi\u1ed1ng nhau cho t\u1ea5t c\u1ea3 c\u00e1c tr\u1ebb, b\u1ea5t k\u1ec3 tr\u00ecnh \u0111\u1ed9 c\u1ee7a tr\u1ebb kh\u00f4ng?<\/b><\/li>\n<\/ul>\n<p><span style=\"font-weight: 400;\">M\u1ed9t s\u1ed1 ho\u1ea1t \u0111\u1ed9ng d\u00e0nh ri\u00eang cho h\u1ecdc sinh m\u1eabu gi\u00e1o, nh\u01b0 Vovinam, leo n\u00fai hay c\u1ea3 KinderMusik ch\u1eb3ng h\u1ea1n, trong khi nh\u1eefng ho\u1ea1t \u0111\u1ed9ng kh\u00e1c d\u00e0nh cho h\u1ecdc sinh ti\u1ec3u h\u1ecdc, nh\u01b0 \u0111ua xe kart, tennis, v.v. C\u00e1c ho\u1ea1t \u0111\u1ed9ng nh\u01b0 b\u01a1i l\u1ed9i, h\u1ecdc ti\u1ebfng Anh t\u0103ng c\u01b0\u1eddng ho\u1eb7c v\u1ebd tranh \u0111\u1ec1u d\u00e0nh cho t\u1ea5t c\u1ea3 c\u00e1c em nh\u01b0ng ch\u00fang t\u00f4i t\u1ed5 ch\u1ee9c nhi\u1ec1u bu\u1ed5i h\u1ecdc theo t\u1eebng c\u1ea5p \u0111\u1ed9. T\u1ea5t c\u1ea3 c\u00e1c th\u00f4ng tin n\u00e0y \u0111\u01b0\u1ee3c ghi r\u00f5 tr\u00ean ph\u1ea7n gi\u1edbi thi\u1ec7u c\u00e1c ho\u1ea1t \u0111\u1ed9ng.<\/span><\/p>\n<ul>\n<li aria-level=\"1\"><b>Tr\u1ebb c\u00f3 th\u1ec3 th\u1ec9nh tho\u1ea3ng tham gia c\u00e1c ho\u1ea1t \u0111\u1ed9ng kh\u00f4ng?<\/b><\/li>\n<\/ul>\n<p><span style=\"font-weight: 400;\">\u0110\u0103ng k\u00fd \u0111\u01b0\u1ee3c th\u1ef1c hi\u1ec7n theo t\u1eebng h\u1ecdc k\u1ef3, tuy nhi\u00ean, b\u1ea1n c\u00f3 th\u1ec3 th\u1ec9nh tho\u1ea3ng \u0111\u0103ng k\u00fd cho con tham gia m\u1ed9t ho\u1ea1t \u0111\u1ed9ng n\u00e0o \u0111\u00f3, n\u1ebfu c\u00f2n ch\u1ed7. <\/span><\/p>\n<ul>\n<li aria-level=\"1\"><b>S\u1ed1 l\u01b0\u1ee3ng h\u1ecdc sinh t\u1ed1i \u0111a c\u00f3 th\u1ec3 tham gia cho m\u1ed7i ho\u1ea1t \u0111\u1ed9ng l\u00e0 bao nhi\u00eau?<\/b><\/li>\n<\/ul>\n<p><span style=\"font-weight: 400;\">M\u1ed7i ho\u1ea1t \u0111\u1ed9ng gi\u1edbi h\u1ea1n t\u1ed1i \u0111a 12 tr\u1ebb.<\/span><\/p>\n<ul>\n<li aria-level=\"1\"><b>Tr\u1ebb c\u00f3 th\u1ec3 thay \u0111\u1ed5i ho\u1ea1t \u0111\u1ed9ng?<\/b><\/li>\n<\/ul>\n<p><span style=\"font-weight: 400;\">Vi\u1ec7c \u0111\u0103ng k\u00fd \u0111\u01b0\u1ee3c th\u1ef1c hi\u1ec7n theo t\u1eebng k\u1ef3 h\u1ecdc, tuy nhi\u00ean, b\u1ea1n c\u00f3 th\u1ec3 thay \u0111\u1ed5i ho\u1ea1t \u0111\u1ed9ng n\u1ebfu ho\u1ea1t \u0111\u1ed9ng hi\u1ec7n t\u1ea1i kh\u00f4ng ph\u00f9 h\u1ee3p v\u1edbi con, mi\u1ec5n l\u00e0 ho\u1ea1t \u0111\u1ed9ng m\u1edbi c\u00f2n ch\u1ed7.<\/span><\/p>\n<ul>\n<li aria-level=\"1\"><b>H\u1ecdc ph\u00ed cho t\u1ea5t c\u1ea3 c\u00e1c ho\u1ea1t \u0111\u1ed9ng \u0111\u1ec1u nh\u01b0 nhau kh\u00f4ng?<\/b><\/li>\n<\/ul>\n<p><span style=\"font-weight: 400;\">Ch\u00fang t\u00f4i ph\u1ee5 thu cho m\u1ed9t s\u1ed1 ho\u1ea1t \u0111\u1ed9ng \u0111\u00f2i h\u1ecfi chi ph\u00ed (thu\u00ea s\u00e2n, thi\u1ebft b\u1ecb, v.v.).<\/span><\/p>\n<p><span style=\"font-weight: 400;\">C\u00e1c ho\u1ea1t \u0111\u1ed9ng c\u00f3 ph\u1ee5 thu ph\u00ed bao g\u1ed3m Tennis, Golf, Judo, c\u1edd vua, STEM, v.v.<\/span><\/p>\n<ul>\n<li aria-level=\"1\"><b>Nh\u00e0 tr\u01b0\u1eddng s\u1ebd l\u00e0m g\u00ec n\u1ebfu tr\u1eddi m\u01b0a v\u00e0 kh\u00f4ng th\u1ec3 th\u1ef1c hi\u1ec7n ho\u1ea1t \u0111\u1ed9ng?<\/b><\/li>\n<\/ul>\n<p><span style=\"font-weight: 400;\">Nh\u00e0 tr\u01b0\u1eddng c\u00f3 m\u1ed9t quy tr\u00ecnh khi c\u00f3 m\u01b0a ho\u1eb7c \u00f4 nhi\u1ec5m nghi\u00eam tr\u1ecdng: trong tr\u01b0\u1eddng h\u1ee3p n\u00e0y, c\u00e1c ho\u1ea1t \u0111\u1ed9ng d\u1ef1 \u0111\u1ecbnh ngo\u00e0i tr\u1eddi s\u1ebd \u0111\u01b0\u1ee3c thay th\u1ebf b\u1eb1ng c\u00e1c ho\u1ea1t \u0111\u1ed9ng kh\u00e1c.<\/span><\/p>\n<ul>\n<li aria-level=\"1\"><b>C\u00f3 nh\u1eefng ho\u1ea1t \u0111\u1ed9ng c\u1ea7n \u0111\u0103ng k\u00fd h\u00e0ng n\u0103m kh\u00f4ng?<\/b><\/li>\n<\/ul>\n<p><span style=\"font-weight: 400;\">Kh\u00f4ng c\u1ea7n, \u0111\u0103ng k\u00fd \u0111\u01b0\u1ee3c th\u1ef1c hi\u1ec7n theo t\u1eebng k\u1ef3 h\u1ecdc. V\u00e0o \u0111\u1ea7u m\u1ed7i k\u1ef3, b\u1ea1n c\u00f3 th\u1ec3 ti\u1ebfp t\u1ee5c ho\u1ea1t \u0111\u1ed9ng hi\u1ec7n t\u1ea1i ho\u1eb7c chuy\u1ec3n sang ho\u1ea1t \u0111\u1ed9ng kh\u00e1c.<\/span><\/p>\n<ul>\n<li aria-level=\"1\"><b>M\u1ed9t s\u1ed1 ho\u1ea1t \u0111\u1ed9ng c\u00f3 y\u00eau c\u1ea7u m\u1eb7c trang ph\u1ee5c ri\u00eang kh\u00f4ng?<\/b><\/li>\n<\/ul>\n<p><span style=\"font-weight: 400;\">Th\u1ef1c t\u1ebf l\u00e0 t\u1ea5t c\u1ea3 c\u00e1c ho\u1ea1t \u0111\u1ed9ng th\u1ec3 thao \u0111\u1ec1u y\u00eau c\u1ea7u m\u1ed9t b\u1ed9 trang ph\u1ee5c ph\u00f9 h\u1ee3p, bao g\u1ed3m \u0111\u1ed3 th\u1ec3 thao, gi\u00e0y th\u1ec3 thao,...<\/span><\/p>\n<p><span style=\"font-weight: 400;\">\u0110\u1ed1i v\u1edbi m\u00f4n v\u00f5 Judo v\u00e0 Vovinam, sau bu\u1ed5i h\u1ecdc th\u1eed \u0111\u1ea7u ti\u00ean, ch\u00fang t\u00f4i \u0111\u1ec1 xu\u1ea5t cho ph\u1ee5 huynh mua b\u1ed9 v\u00f5 ph\u1ee5c v\u1edbi m\u1ee9c gi\u00e1 \u01b0u \u0111\u00e3i c\u1ee7a gi\u00e1o vi\u00ean ngo\u1ea1i kh\u00f3a.<\/span><\/p>\n<p><span style=\"font-weight: 400;\">\u0110\u1ed1i v\u1edbi m\u00f4n b\u01a1i l\u1ed9i, tr\u1ebb s\u1ebd ph\u1ea3i mang theo \u0111\u1ed3 b\u01a1i<\/span><\/p>\n<ul>\n<li aria-level=\"1\"><b>Trong tr\u01b0\u1eddng h\u1ee3p x\u1ea3y ra tai n\u1ea1n, tr\u1ebb c\u00f3 \u0111\u01b0\u1ee3c b\u1ea3o hi\u1ec3m c\u1ee7a tr\u01b0\u1eddng kh\u00f4ng?<\/b><\/li>\n<\/ul>\n<p><span style=\"font-weight: 400;\">C\u00f3 \u0111\u1ed1i v\u1edbi tr\u1ebb l\u00e0 h\u1ecdc sinh Tr\u01b0\u1eddng Qu\u1ed1c t\u1ebf Ph\u00e1p Boule & Billes. \u0110\u1ed1i v\u1edbi c\u00e1c em ngo\u00e0i tr\u01b0\u1eddng, c\u1ea7n c\u00f3 gi\u1ea5y ch\u1ee9ng nh\u1eadn khi \u0111\u0103ng k\u00fd.<\/span><\/p>\n<\/div><\/div><\/div><\/div><\/div><\/div><\/div><div class=\"et_pb_section_2 et_pb_section et_section_regular et_block_section\"><div class=\"et_pb_row_1 et_pb_row et_block_row\"><div class=\"et_pb_column_1 et_pb_column et_pb_column_4_4 et-last-child et_block_column et_pb_css_mix_blend_mode_passthrough\"><div class=\"et_pb_module et_pb_button_module_wrapper et_pb_button_0_wrapper preset--module--divi-button--8184cb9b-42f7-4818-81ef-c140a1978c04_wrapper\"><a class=\"et_pb_button_0 et_pb_button et_pb_bg_layout_light et_pb_module et_block_module preset--module--divi-button--8184cb9b-42f7-4818-81ef-c140a1978c04\" href=\"https:\/\/bouleetbilles.net\/tarifs\/\" target=\"_blank\" data-icon=\"E\">Xem t\u1ea5t c\u1ea3 bi\u1ec3u gi\u00e1<\/a><\/div><\/div><\/div><\/div>","protected":false},"excerpt":{"rendered":"<p>HO\u1ea0T \u0110\u1ed8NG NGO\u1ea0I KH\u00d3A<br \/>\nHo\u1ea1t \u0111\u1ed9ng th\u1ec3 thao, ngh\u1ec7 thu\u1eadt v\u00e0 ng\u00f4n ng\u1eef m\u1edf ra d\u00e0nh cho c\u00e1c em c\u00f3 \u0111\u1ed9 tu\u1ed5i t\u1eeb 3 \u0111\u1ebfn 11 tu\u1ed5i t\u1ea1i Th\u1ea3o \u0110i\u1ec1n v\u00e0 B\u00ecnh Th\u1ea1nh<\/p>\n","protected":false},"author":110,"featured_media":5597,"parent":0,"menu_order":0,"comment_status":"closed","ping_status":"closed","template":"","meta":{"_seopress_robots_primary_cat":"","_seopress_titles_title":"","_seopress_titles_desc":"","_seopress_robots_index":"","footnotes":""},"class_list":["post-5386","page","type-page","status-publish","has-post-thumbnail","hentry"],"_links":{"self":[{"href":"https:\/\/bouleetbilles.net\/vi\/wp-json\/wp\/v2\/pages\/5386","targetHints":{"allow":["GET"]}}],"collection":[{"href":"https:\/\/bouleetbilles.net\/vi\/wp-json\/wp\/v2\/pages"}],"about":[{"href":"https:\/\/bouleetbilles.net\/vi\/wp-json\/wp\/v2\/types\/page"}],"author":[{"embeddable":true,"href":"https:\/\/bouleetbilles.net\/vi\/wp-json\/wp\/v2\/users\/110"}],"replies":[{"embeddable":true,"href":"https:\/\/bouleetbilles.net\/vi\/wp-json\/wp\/v2\/comments?post=5386"}],"version-history":[{"count":48,"href":"https:\/\/bouleetbilles.net\/vi\/wp-json\/wp\/v2\/pages\/5386\/revisions"}],"predecessor-version":[{"id":9766,"href":"https:\/\/bouleetbilles.net\/vi\/wp-json\/wp\/v2\/pages\/5386\/revisions\/9766"}],"wp:featuredmedia":[{"embeddable":true,"href":"https:\/\/bouleetbilles.net\/vi\/wp-json\/wp\/v2\/media\/5597"}],"wp:attachment":[{"href":"https:\/\/bouleetbilles.net\/vi\/wp-json\/wp\/v2\/media?parent=5386"}],"curies":[{"name":"wp","href":"https:\/\/api.w.org\/{rel}","templated":true}]}}