{"id":5303,"date":"2017-08-09T07:18:16","date_gmt":"2017-08-09T00:18:16","guid":{"rendered":"https:\/\/bouleetbilles.net\/dang-ky-ho-so-dang-ky\/"},"modified":"2026-03-24T09:10:19","modified_gmt":"2026-03-24T02:10:19","slug":"dang-ky-ho-so-dang-ky","status":"publish","type":"page","link":"https:\/\/bouleetbilles.net\/vi\/dang-ky-ho-so-dang-ky\/","title":{"rendered":"\u0110\u0103ng k\u00fd: h\u1ed3 s\u01a1 \u0111\u0103ng k\u00fd"},"content":{"rendered":"<div class=\"et_pb_section_0 et_pb_section et_pb_fullwidth_section et_section_regular et_block_section\"><section class=\"et_pb_fullwidth_header_0 et_pb_fullwidth_header et_pb_bg_layout_dark et_pb_text_align_center et_pb_module et_flex_module\"><div class=\"et_pb_fullwidth_header_container center\"><div class=\"header-content-container center\"><div class=\"header-content et_flex_module\"><h1 class=\"et_pb_module_header\">\u0110\u0103ng k\u00fd<\/h1><span class=\"et_pb_fullwidth_header_subhead\">Tham kh\u1ea3o \u0111\u1ea7y \u0111\u1ee7 c\u00e1c b\u01b0\u1edbc c\u0169ng nh\u01b0 h\u1ed3 s\u01a1 c\u1ea7n chu\u1ea9n b\u1ecb \u0111\u1ec3 \u0111\u0103ng k\u00fd cho con b\u1ea1n v\u00e0o Tr\u01b0\u1eddng Ph\u00e1p Boule et Billes t\u1ea1i c\u01a1 s\u1edf B\u00ecnh Th\u1ea1nh v\u00e0 Th\u1ea3o \u0110i\u1ec1n.<\/span><div class=\"et_pb_header_button_wrapper\"><a class=\"et_pb_button et_pb_more_button et_pb_button_one\" href=\"https:\/\/bouleetbilles.net\/tarifs\/\">Xem bi\u1ec3u gi\u00e1<\/a><a class=\"et_pb_button et_pb_more_button et_pb_button_two\" href=\"https:\/\/bouleetbilles.net\/contactez-nous\/\">Li\u00ean H\u1ec7<\/a><\/div><\/div><\/div><\/div><div class=\"et_pb_fullwidth_header_overlay\"><\/div><div class=\"et_pb_fullwidth_header_scroll\"><a class=\"scroll-down-container\" href=\"#\"><span class=\"scroll-down et-pb-icon\">;<\/span><\/a><\/div><\/section><\/div><div class=\"et_pb_section_1 et_pb_section et_section_regular et_block_section\"><div class=\"et_pb_row_0 et_pb_row et_block_row\"><div class=\"et_pb_column_0 et_pb_column et_pb_column_4_4 et-last-child et_block_column et_pb_css_mix_blend_mode_passthrough\"><div class=\"et_pb_text_0 et_pb_text et_pb_bg_layout_light et_pb_module et_block_module\"><div class=\"et_pb_text_inner\"><h2>Th\u00f4ng tin v\u1ec1 h\u1ed3 s\u01a1 \u0111\u0103ng k\u00fd t\u1ea1i tr\u01b0\u1eddng Ph\u00e1p ng\u1eef c\u1ee7a ch\u00fang t\u00f4i :<\/h2>\n<p>C\u00f3 th\u1ec3 \u0111\u0103ng k\u00fd h\u1ecdc t\u1ea1i tr\u01b0\u1eddng Ph\u00e1p Boule et Billes cho con v\u00e0o nh\u00f3m nh\u00e0 tr\u1ebb, c\u00e1c l\u1edbp m\u1eabu gi\u00e1o (m\u1ea7m, ch\u1ed3i v\u00e0 l\u00e1) v\u00e0 c\u00e1c l\u1edbp ti\u1ec3u h\u1ecdc (l\u1edbp 1, l\u1edbp 2, l\u1edbp 3, l\u1edbp 4 &amp; l\u1edbp 5) t\u00f9y theo n\u0103ng l\u1ef1c.<\/p>\n<p>C\u00e1c h\u1ed3 s\u01a1 \u0111\u0103ng k\u00fd t\u1ea3i v\u1ec1 (nh\u1ea5p n\u00fat li\u00ean k\u1ebft b\u00ean d\u01b0\u1edbi). B\u1ea1n s\u1ebd t\u00ecm th\u1ea5y t\u1ea5t c\u1ea3 th\u00f4ng tin li\u00ean quan \u0111\u1ebfn vi\u1ec7c \u0111\u0103ng k\u00fd chi ti\u1ebft sau \u0111\u00e2y :<\/p>\n<ol>\n<li>Phi\u1ebfu \u0111\u0103ng k\u00fd nh\u1eadp h\u1ecdc,<\/li>\n<li>Phi\u1ebfu ch\u1ea5p thu\u1eadn c\u1ee7a ph\u1ee5 huynh,<\/li>\n<li>Phi\u1ebfu th\u00f4ng tin s\u1ee9c kh\u1ecfe,<\/li>\n<li>N\u1ed9i quy<\/li>\n<li>V\u00e0 c\u00e1c gi\u1ea5y t\u1edd c\u1ea7n n\u1ed9p kh\u00e1c.<\/li>\n<\/ol>\n<\/div><\/div><div class=\"et_pb_module et_pb_button_module_wrapper et_pb_button_0_wrapper\"><a class=\"et_pb_button_0 et_pb_button et_pb_bg_layout_light et_pb_module et_block_module\" href=\"https:\/\/drive.google.com\/drive\/u\/2\/folders\/1VgP2uGBi7vCB2HkIsVKJhtAXjXxi1cii\" target=\"_blank\" data-icon=\"\ue092\">T\u1ea3i h\u1ed3 s\u01a1<\/a><\/div><div class=\"et_pb_text_1 et_pb_text et_pb_bg_layout_light et_pb_module et_block_module\"><div class=\"et_pb_text_inner\"><p>Nh\u1ea5p v\u00e0o n\u00fat b\u00ean tr\u00ean s\u1ebd chuy\u1ec3n h\u01b0\u1edbng b\u1ea1n \u0111\u1ebfn th\u01b0 m\u1ee5c Google Drive c\u00f3 s\u1eb5n 5 m\u1eabu phi\u1ebfu PDF. B\u1ea1n c\u00f3 th\u1ec3 t\u1ea3i c\u00e1c m\u1eabu phi\u1ebfu xu\u1ed1ng ch\u1ec9 b\u1eb1ng m\u1ed9t c\u00fa nh\u1ea5p chu\u1ed9t b\u1eb1ng c\u00e1ch l\u00e0m theo h\u01b0\u1edbng d\u1eabn b\u00ean d\u01b0\u1edbi :<\/p>\n<\/div><\/div><div class=\"et_pb_image_0 et_pb_image et_pb_module et_block_module\"><span class=\"et_pb_image_wrap\"><img decoding=\"async\" src=\"https:\/\/bouleetbilles.net\/wp-content\/uploads\/2024\/05\/dossier-inscription-complete-ecole-francaise-internationale-vietnam-boule-et-billes-min.png\" width=\"2854\" height=\"842\" srcset=\"https:\/\/bouleetbilles.net\/wp-content\/uploads\/2024\/05\/dossier-inscription-complete-ecole-francaise-internationale-vietnam-boule-et-billes-min.png 2854w, https:\/\/bouleetbilles.net\/wp-content\/uploads\/2024\/05\/dossier-inscription-complete-ecole-francaise-internationale-vietnam-boule-et-billes-min-1280x378.png 1280w, https:\/\/bouleetbilles.net\/wp-content\/uploads\/2024\/05\/dossier-inscription-complete-ecole-francaise-internationale-vietnam-boule-et-billes-min-980x289.png 980w, https:\/\/bouleetbilles.net\/wp-content\/uploads\/2024\/05\/dossier-inscription-complete-ecole-francaise-internationale-vietnam-boule-et-billes-min-480x142.png 480w\" sizes=\"(min-width: 0px) and (max-width: 480px) 480px, (min-width: 481px) and (max-width: 980px) 980px, (min-width: 981px) and (max-width: 1280px) 1280px, (min-width: 1281px) 2854px, 100vw\" class=\"wp-image-5023\" title=\"dossier inscription complete ecole francaise internationale vietnam boule et billes-min\" alt=\"dossier inscription complete ecole francaise internationale vietnam boule et billes-min\" \/><\/span><\/div><div class=\"et_pb_text_2 et_pb_text et_pb_bg_layout_light et_pb_module et_block_module\"><div class=\"et_pb_text_inner\"><p>\u0110\u1ec3 bi\u1ebft th\u00f4ng tin: m\u00e1y t\u00ednh c\u1ee7a b\u1ea1n c\u00f3 th\u1ec3 c\u00f3 ph\u1ea7n m\u1ec1m t\u00edch h\u1ee3p cho ph\u00e9p b\u1ea1n \u0111i\u1ec1n v\u00e0 k\u00fd tr\u1ef1c ti\u1ebfp v\u00e0o t\u1ec7p PDF. Th\u00f4ng th\u01b0\u1eddng b\u1ea1n ch\u1ec9 c\u1ea7n m\u1edf t\u1ec7p PDF v\u00e0 \u0111i\u1ec1n v\u00e0o ch\u1ed7 tr\u1ed1ng.<\/p>\n<p>Tr\u01b0\u1eddng h\u1ee3p kh\u00f4ng th\u1ef1c hi\u1ec7n \u0111\u01b0\u1ee3c, b\u1ea1n c\u00f3 th\u1ec3 tham kh\u1ea3o \u00fd ki\u1ebfn, chu\u1ea9n b\u1ecb h\u1ed3 s\u01a1 v\u00e0 \u0111\u1ebfn \u0111i\u1ec1n tr\u1ef1c ti\u1ebfp t\u1ea1i tr\u01b0\u1eddng.<\/p>\n<p>Ch\u00fang t\u00f4i c\u00f3 th\u1ec3 in s\u1eb5n m\u1eabu \u1edf tr\u01b0\u1eddng, kh\u00f4ng v\u1ea5n \u0111\u1ec1 g\u00ec.<\/p>\n<\/div><\/div><\/div><\/div><div class=\"et_pb_row_1 et_pb_row et_block_row\"><div class=\"et_pb_column_1 et_pb_column et_pb_column_1_2 et_block_column et_pb_css_mix_blend_mode_passthrough\"><div class=\"et_pb_module et_pb_button_module_wrapper et_pb_button_1_wrapper\"><a class=\"et_pb_button_1 et_pb_button et_pb_bg_layout_light et_pb_module et_block_module\" href=\"https:\/\/drive.google.com\/drive\/u\/2\/folders\/1VgP2uGBi7vCB2HkIsVKJhtAXjXxi1cii\" target=\"_blank\" data-icon=\"\ue092\">T\u1ea3i h\u1ed3 s\u01a1<\/a><\/div><\/div><div class=\"et_pb_column_2 et_pb_column et_pb_column_1_2 et-last-child et_block_column et_pb_css_mix_blend_mode_passthrough\"><div class=\"et_pb_module et_pb_button_module_wrapper et_pb_button_2_wrapper\"><a class=\"et_pb_button_2 et_pb_button et_pb_bg_layout_light et_pb_module et_block_module\" href=\"https:\/\/bouleetbilles.net\/bourses-scolaires\/\" target=\"_blank\" data-icon=\"\ue092\">Th\u00f4ng tin v\u1ec1 h\u1ecdc b\u1ed5ng<\/a><\/div><\/div><\/div><\/div><div class=\"et_pb_section_2 et_pb_section et_section_regular et_block_section\"><div class=\"et_pb_row_2 et_pb_row et_block_row\"><div class=\"et_pb_column_3 et_pb_column et_pb_column_4_4 et-last-child et_block_column et_pb_css_mix_blend_mode_passthrough\"><div class=\"et_pb_text_3 et_pb_text et_pb_bg_layout_light et_pb_module et_block_module\"><div class=\"et_pb_text_inner\"><h2>B\u1ea1n c\u00f3 th\u00eam c\u00e2u h\u1ecfi? \u0110\u1eb7t l\u1ecbch h\u1eb9n: gh\u00e9 th\u0103m tr\u01b0\u1eddng c\u1ee7a ch\u00fang t\u00f4i v\u00e0 g\u1eb7p g\u1ee1 \u0111\u1ed9i ng\u0169 c\u1ee7a ch\u00fang t\u00f4i!<\/h2>\n<h3>B\u1ea1n c\u00f3 th\u1ec3 ch\u1ecdn c\u01a1 s\u1edf B\u00ecnh Th\u1ea1nh ho\u1eb7c Th\u1ea3o \u0110i\u1ec1n v\u00e0 g\u1eb7p \u0111\u1ed9i ng\u0169 c\u1ee7a ch\u00fang t\u00f4i \u0111\u1ec3 gi\u1ea3i \u0111\u00e1p m\u1ecdi th\u1eafc m\u1eafc c\u1ee7a b\u1ea1n.<\/h3>\n<\/div><\/div><\/div><\/div><div class=\"et_pb_row_3 et_pb_row et_block_row\"><div class=\"et_pb_column_4 et_pb_column et_pb_column_1_2 et_block_column et_pb_css_mix_blend_mode_passthrough\"><div class=\"et_pb_text_4 et_pb_text et_pb_bg_layout_light et_pb_module et_block_module\"><div class=\"et_pb_text_inner\"><h3>C\u01a1 s\u1edf Th\u1ea3o \u0110i\u1ec1n :<\/h3>\n<p>C\u00f3 2 c\u1ea5p h\u1ecdc:<\/p>\n<ul>\n<li><a href=\"https:\/\/bouleetbilles.net\/vi\/nha-tre\/\" target=\"_blank\" rel=\"noopener\">nh\u00e0 tr\u1ebb<\/a><\/li>\n<li><a href=\"https:\/\/bouleetbilles.net\/vi\/mau-giao\/\" target=\"_blank\" rel=\"noopener\">m\u1eabu gi\u00e1o<\/a><\/li>\n<\/ul>\n<\/div><\/div><div class=\"et_pb_image_1 et_pb_image et_pb_module et_block_module\"><span class=\"et_pb_image_wrap\"><img decoding=\"async\" src=\"https:\/\/bouleetbilles.net\/wp-content\/uploads\/2024\/04\/campus-thao-dien-ecole-boule-et-billes-internationale-francaise-ho-chi-minh-city-vietnam-min.jpg\" width=\"1600\" height=\"901\" srcset=\"https:\/\/bouleetbilles.net\/wp-content\/uploads\/2024\/04\/campus-thao-dien-ecole-boule-et-billes-internationale-francaise-ho-chi-minh-city-vietnam-min.jpg 1600w, https:\/\/bouleetbilles.net\/wp-content\/uploads\/2024\/04\/campus-thao-dien-ecole-boule-et-billes-internationale-francaise-ho-chi-minh-city-vietnam-min-1280x721.jpg 1280w, https:\/\/bouleetbilles.net\/wp-content\/uploads\/2024\/04\/campus-thao-dien-ecole-boule-et-billes-internationale-francaise-ho-chi-minh-city-vietnam-min-980x552.jpg 980w, https:\/\/bouleetbilles.net\/wp-content\/uploads\/2024\/04\/campus-thao-dien-ecole-boule-et-billes-internationale-francaise-ho-chi-minh-city-vietnam-min-480x270.jpg 480w\" sizes=\"(min-width: 0px) and (max-width: 480px) 480px, (min-width: 481px) and (max-width: 980px) 980px, (min-width: 981px) and (max-width: 1280px) 1280px, (min-width: 1281px) 1600px, 100vw\" class=\"wp-image-4772\" title=\"campus thao dien ecole boule et billes internationale francaise ho chi minh city vietnam-min\" alt=\"campus thao dien ecole boule et billes internationale francaise ho chi minh city vietnam-min\" \/><\/span><\/div><\/div><div class=\"et_pb_column_5 et_pb_column et_pb_column_1_2 et-last-child et_block_column et_pb_css_mix_blend_mode_passthrough\"><div class=\"et_pb_text_5 et_pb_text et_pb_bg_layout_light et_pb_module et_block_module\"><div class=\"et_pb_text_inner\"><h3>C\u01a1 s\u1edf B\u00ecnh Th\u1ea1nh :<\/h3>\n<p>C\u00f3 3 c\u1ea5p h\u1ecdc :<\/p>\n<ul>\n<li><a href=\"https:\/\/bouleetbilles.net\/vi\/nha-tre\/\" target=\"_blank\" rel=\"noopener\">nh\u00e0 tr\u1ebb<\/a><\/li>\n<li><a href=\"https:\/\/bouleetbilles.net\/vi\/mau-giao\/\" target=\"_blank\" rel=\"noopener\">m\u1eabu gi\u00e1o<\/a><\/li>\n<li><a href=\"https:\/\/bouleetbilles.net\/vi\/tieu-hoc\/\" target=\"_blank\" rel=\"noopener\">ti\u1ec3u h\u1ecdc<\/a><\/li>\n<\/ul>\n<\/div><\/div><div class=\"et_pb_image_2 et_pb_image et_pb_module et_block_module\"><span class=\"et_pb_image_wrap\"><img decoding=\"async\" src=\"https:\/\/bouleetbilles.net\/wp-content\/uploads\/2024\/04\/campus-binh-thanh-ecole-boule-et-billes-francaise-internationale-ho-chi-minh-city-vietnam-min.jpg\" width=\"1600\" height=\"901\" srcset=\"https:\/\/bouleetbilles.net\/wp-content\/uploads\/2024\/04\/campus-binh-thanh-ecole-boule-et-billes-francaise-internationale-ho-chi-minh-city-vietnam-min.jpg 1600w, https:\/\/bouleetbilles.net\/wp-content\/uploads\/2024\/04\/campus-binh-thanh-ecole-boule-et-billes-francaise-internationale-ho-chi-minh-city-vietnam-min-1280x721.jpg 1280w, https:\/\/bouleetbilles.net\/wp-content\/uploads\/2024\/04\/campus-binh-thanh-ecole-boule-et-billes-francaise-internationale-ho-chi-minh-city-vietnam-min-980x552.jpg 980w, https:\/\/bouleetbilles.net\/wp-content\/uploads\/2024\/04\/campus-binh-thanh-ecole-boule-et-billes-francaise-internationale-ho-chi-minh-city-vietnam-min-480x270.jpg 480w\" sizes=\"(min-width: 0px) and (max-width: 480px) 480px, (min-width: 481px) and (max-width: 980px) 980px, (min-width: 981px) and (max-width: 1280px) 1280px, (min-width: 1281px) 1600px, 100vw\" class=\"wp-image-4773\" title=\"campus binh thanh ecole boule et billes francaise internationale ho chi minh city vietnam-min\" alt=\"campus binh thanh ecole boule et billes francaise internationale ho chi minh city vietnam-min\" \/><\/span><\/div><\/div><\/div><div class=\"et_pb_row_4 et_pb_row et_block_row\"><div class=\"et_pb_column_6 et_pb_column et_pb_column_4_4 et-last-child et_block_column et_pb_css_mix_blend_mode_passthrough\"><div class=\"et_pb_cta_0 et_pb_promo et_pb_bg_layout_dark et_pb_module et_block_module\"><div class=\"et_pb_promo_description\"><h2 class=\"et_pb_module_header\">Hoan ngh\u00eanh b\u1ea1n \u0111\u1ebfn tham quan tr\u01b0\u1eddng<\/h2><div class=\"et_pb_promo_content\"><p>\u0110\u1ed9i ng\u0169 c\u1ee7a ch\u00fang t\u00f4i lu\u00f4n s\u1eb5n s\u00e0ng \u0111\u00f3n ti\u1ebfp b\u1ea1n \u0111\u1ebfn th\u0103m c\u00e1c c\u01a1 s\u1edf t\u00f9y thu\u1ed9c v\u00e0o l\u1ef1a ch\u1ecdn c\u1ee7a b\u1ea1n. N\u1ebfu b\u1ea1n mu\u1ed1n g\u1eb7p ch\u00fang t\u00f4i v\u00e0 \u0111\u1eb7t h\u1eb9n tham quan c\u01a1 s\u1edf Th\u1ea3o \u0110i\u1ec1n ho\u1eb7c B\u00ecnh Th\u1ea1nh, vui l\u00f2ng truy c\u1eadp v\u00e0o m\u1eabu y\u00eau c\u1ea7u tham quan tr\u1ef1c tuy\u1ebfn sau:<\/p>\n<\/div><\/div><div class=\"et_pb_button_wrapper\"><a class=\"et_pb_button et_pb_promo_button\" target=\"_blank\" href=\"https:\/\/bouleetbilles.net\/contactez-nous\/\" data-icon=\"\uf073\" rel=\"noreferrer\">\u0110\u0103ng k\u00fd tham quan<\/a><\/div><\/div><\/div><\/div><\/div>","protected":false},"excerpt":{"rendered":"<p>\u0110\u0103ng k\u00fd h\u1ecdc t\u1ea1i tr\u01b0\u1eddng Boule et Billes c\u01a1 s\u1edf B\u00ecnh Th\u1ea1nh ho\u1eb7c Th\u1ea3o \u0110i\u1ec1n cho con t\u1eeb nh\u00e0 tr\u1ebb, m\u1eabu gi\u00e1o \u0111\u1ebfn ti\u1ec3u h\u1ecdc.<\/p>\n","protected":false},"author":110,"featured_media":5875,"parent":0,"menu_order":0,"comment_status":"closed","ping_status":"closed","template":"","meta":{"_seopress_robots_primary_cat":"","_seopress_titles_title":"","_seopress_titles_desc":"","_seopress_robots_index":"","footnotes":""},"class_list":["post-5303","page","type-page","status-publish","has-post-thumbnail","hentry"],"_links":{"self":[{"href":"https:\/\/bouleetbilles.net\/vi\/wp-json\/wp\/v2\/pages\/5303","targetHints":{"allow":["GET"]}}],"collection":[{"href":"https:\/\/bouleetbilles.net\/vi\/wp-json\/wp\/v2\/pages"}],"about":[{"href":"https:\/\/bouleetbilles.net\/vi\/wp-json\/wp\/v2\/types\/page"}],"author":[{"embeddable":true,"href":"https:\/\/bouleetbilles.net\/vi\/wp-json\/wp\/v2\/users\/110"}],"replies":[{"embeddable":true,"href":"https:\/\/bouleetbilles.net\/vi\/wp-json\/wp\/v2\/comments?post=5303"}],"version-history":[{"count":27,"href":"https:\/\/bouleetbilles.net\/vi\/wp-json\/wp\/v2\/pages\/5303\/revisions"}],"predecessor-version":[{"id":9768,"href":"https:\/\/bouleetbilles.net\/vi\/wp-json\/wp\/v2\/pages\/5303\/revisions\/9768"}],"wp:featuredmedia":[{"embeddable":true,"href":"https:\/\/bouleetbilles.net\/vi\/wp-json\/wp\/v2\/media\/5875"}],"wp:attachment":[{"href":"https:\/\/bouleetbilles.net\/vi\/wp-json\/wp\/v2\/media?parent=5303"}],"curies":[{"name":"wp","href":"https:\/\/api.w.org\/{rel}","templated":true}]}}