{"id":9471,"date":"2026-03-20T09:15:27","date_gmt":"2026-03-20T02:15:27","guid":{"rendered":"https:\/\/bouleetbilles.net\/kermesse\/"},"modified":"2026-03-24T09:11:28","modified_gmt":"2026-03-24T02:11:28","slug":"school-fair","status":"publish","type":"page","link":"https:\/\/bouleetbilles.net\/en\/school-fair\/","title":{"rendered":"School Fair"},"content":{"rendered":"<div class=\"et_pb_section_0 et_pb_section et_pb_fullwidth_section et_section_regular et_block_section\"><section class=\"et_pb_fullwidth_header_0 et_pb_fullwidth_header et_pb_bg_layout_dark et_pb_text_align_center et_pb_module et_flex_module\"><div class=\"et_pb_fullwidth_header_container center\"><div class=\"header-content-container center\"><div class=\"header-content et_flex_module\"><h1 class=\"et_pb_module_header\">SCHOOL FAIR - FAMILY DAYS<\/h1><span class=\"et_pb_fullwidth_header_subhead\">Boule &amp; Billes is pleased to invite you to its Family Day, on Saturday, March 28, 2026, from 9:00 a.m. to 1:00 p.m.<\/span><div class=\"et_pb_header_content_wrapper\"><h4>Binh Thanh Campus!<\/h4>\n<\/div><div class=\"et_pb_header_button_wrapper\"><a class=\"et_pb_button et_pb_more_button et_pb_button_one\" href=\"https:\/\/share.google\/u8GIBTPTSIu9QHwuJ\">Where is it?<\/a><a class=\"et_pb_button et_pb_more_button et_pb_button_two\" href=\"https:\/\/bouleetbilles.net\/contactez-nous\/\">Contact-us<\/a><\/div><\/div><\/div><\/div><div class=\"et_pb_fullwidth_header_overlay\"><\/div><div class=\"et_pb_fullwidth_header_scroll\"><\/div><\/section><\/div><div class=\"et_pb_section_1 et_pb_section et_section_regular et_block_section\"><div class=\"et_pb_row_0 et_pb_row et_block_row\"><div class=\"et_pb_column_0 et_pb_column et_pb_column_3_5 et_block_column et_pb_css_mix_blend_mode_passthrough\"><div class=\"et_pb_text_0 et_pb_text et_pb_bg_layout_light et_pb_module et_block_module\"><div class=\"et_pb_text_inner\"><h2>Practical information<\/h2>\n<p><strong>Date: Saturday, March 28<\/strong><br \/> <strong>Hours: 9:00 AM \u2013 1:00 PM<\/strong><br \/> <strong>Location: <a href=\"https:\/\/share.google\/u8GIBTPTSIu9QHwuJ\" target=\"_blank\" rel=\"noopener\">Binh Thanh Campus<\/a><\/strong><\/p>\n<p>In a festive, warm and welcoming atmosphere, come and <strong>share a beautiful morning with your family<\/strong> and discover the world of our school through many activities offered throughout the event.<\/p>\n<p>Whether you are already part of the Boule &amp; Billes community, are looking for a school for your child, or simply want to spend a good time with your family, we will be happy to welcome you to share a festive, warm and open morning for all.<\/p>\n<\/div><\/div><\/div><div class=\"et_pb_column_1 et_pb_column et_pb_column_2_5 et-last-child et_block_column et_pb_css_mix_blend_mode_passthrough\"><div class=\"et_pb_image_0 et_pb_image et_pb_module et_block_module\"><span class=\"et_pb_image_wrap\"><img decoding=\"async\" src=\"https:\/\/bouleetbilles.net\/wp-content\/uploads\/2026\/03\/flyer-kermesse-boule-et-billes-mars-2026.webp\" width=\"1414\" height=\"2000\" srcset=\"https:\/\/bouleetbilles.net\/wp-content\/uploads\/2026\/03\/flyer-kermesse-boule-et-billes-mars-2026.webp 1414w, https:\/\/bouleetbilles.net\/wp-content\/uploads\/2026\/03\/flyer-kermesse-boule-et-billes-mars-2026-1280x1810.webp 1280w, https:\/\/bouleetbilles.net\/wp-content\/uploads\/2026\/03\/flyer-kermesse-boule-et-billes-mars-2026-980x1386.webp 980w, https:\/\/bouleetbilles.net\/wp-content\/uploads\/2026\/03\/flyer-kermesse-boule-et-billes-mars-2026-480x679.webp 480w\" sizes=\"(min-width: 0px) and (max-width: 480px) 480px, (min-width: 481px) and (max-width: 980px) 980px, (min-width: 981px) and (max-width: 1280px) 1280px, (min-width: 1281px) 1414px, 100vw\" class=\"wp-image-9397\" title=\"flyer for the marbles and balls fair, March 2026\" alt=\"flyer for the marbles and balls fair, March 2026\" \/><\/span><\/div><\/div><\/div><div class=\"et_pb_row_1 et_pb_row et_block_row\"><div class=\"et_pb_column_2 et_pb_column et_pb_column_1_2 et_block_column et_pb_css_mix_blend_mode_passthrough\"><div class=\"et_pb_blurb_0 et_pb_blurb et_pb_bg_layout_light et_pb_blurb_position_top et_pb_module et_block_module\"><div class=\"et_pb_blurb_content\"><div class=\"et_pb_main_blurb_image\"><span class=\"et_pb_image_wrap et_pb_only_image_mode_wrap\"><img decoding=\"async\" src=\"https:\/\/bouleetbilles.net\/wp-content\/uploads\/2026\/03\/Jeux-de-kermesse.webp\" width=\"1232\" height=\"693\" srcset=\"https:\/\/bouleetbilles.net\/wp-content\/uploads\/2026\/03\/Jeux-de-kermesse.webp 1232w, https:\/\/bouleetbilles.net\/wp-content\/uploads\/2026\/03\/Jeux-de-kermesse-980x551.webp 980w, https:\/\/bouleetbilles.net\/wp-content\/uploads\/2026\/03\/Jeux-de-kermesse-480x270.webp 480w\" sizes=\"(min-width: 0px) and (max-width: 480px) 480px, (min-width: 481px) and (max-width: 980px) 980px, (min-width: 981px) 1232px, 100vw\" class=\"et-waypoint et_pb_animation_top et_pb_animation_top_tablet et_pb_animation_top_phone wp-image-9402\" alt=\"Carnival games\" \/><\/span><\/div><div class=\"et_pb_blurb_container\"><h4 class=\"et_pb_module_header\">Carnival games<\/h4><div class=\"et_pb_blurb_description\"><p>Children and their families will be able to enjoy many carnival games throughout the morning. Between fun, little challenges and bursts of laughter, everyone will find something to enjoy a joyful and family moment in the best festive spirit.<\/p>\n<\/div><\/div><\/div><\/div><div class=\"et_pb_blurb_1 et_pb_blurb et_pb_bg_layout_light et_pb_blurb_position_top et_pb_module et_block_module\"><div class=\"et_pb_blurb_content\"><div class=\"et_pb_main_blurb_image\"><span class=\"et_pb_image_wrap et_pb_only_image_mode_wrap\"><img decoding=\"async\" src=\"https:\/\/bouleetbilles.net\/wp-content\/uploads\/2026\/03\/Animations-diverses-1.webp\" width=\"1232\" height=\"693\" srcset=\"https:\/\/bouleetbilles.net\/wp-content\/uploads\/2026\/03\/Animations-diverses-1.webp 1232w, https:\/\/bouleetbilles.net\/wp-content\/uploads\/2026\/03\/Animations-diverses-1-980x551.webp 980w, https:\/\/bouleetbilles.net\/wp-content\/uploads\/2026\/03\/Animations-diverses-1-480x270.webp 480w\" sizes=\"(min-width: 0px) and (max-width: 480px) 480px, (min-width: 481px) and (max-width: 980px) 980px, (min-width: 981px) 1232px, 100vw\" class=\"et-waypoint et_pb_animation_top et_pb_animation_top_tablet et_pb_animation_top_phone wp-image-9539\" alt=\"Various activities\" \/><\/span><\/div><div class=\"et_pb_blurb_container\"><h4 class=\"et_pb_module_header\">Various activities<\/h4><div class=\"et_pb_blurb_description\"><p>Various activities will punctuate the morning and contribute to the festive atmosphere of the event. Surprises, highlights and moments of sharing will make this Family Day a joyful and warm event for young and old.<\/p>\n<\/div><\/div><\/div><\/div><\/div><div class=\"et_pb_column_3 et_pb_column et_pb_column_1_2 et-last-child et_block_column et_pb_css_mix_blend_mode_passthrough\"><div class=\"et_pb_blurb_2 et_pb_blurb et_pb_bg_layout_light et_pb_blurb_position_top et_pb_module et_block_module\"><div class=\"et_pb_blurb_content\"><div class=\"et_pb_main_blurb_image\"><span class=\"et_pb_image_wrap et_pb_only_image_mode_wrap\"><img decoding=\"async\" src=\"https:\/\/bouleetbilles.net\/wp-content\/uploads\/2026\/03\/Workshops.webp\" width=\"1232\" height=\"693\" srcset=\"https:\/\/bouleetbilles.net\/wp-content\/uploads\/2026\/03\/Workshops.webp 1232w, https:\/\/bouleetbilles.net\/wp-content\/uploads\/2026\/03\/Workshops-980x551.webp 980w, https:\/\/bouleetbilles.net\/wp-content\/uploads\/2026\/03\/Workshops-480x270.webp 480w\" sizes=\"(min-width: 0px) and (max-width: 480px) 480px, (min-width: 481px) and (max-width: 980px) 980px, (min-width: 981px) 1232px, 100vw\" class=\"et-waypoint et_pb_animation_top et_pb_animation_top_tablet et_pb_animation_top_phone wp-image-9400\" alt=\"Workshops\" \/><\/span><\/div><div class=\"et_pb_blurb_container\"><h4 class=\"et_pb_module_header\">Workshops<\/h4><div class=\"et_pb_blurb_description\"><p>Free workshops will be offered throughout the morning, inviting children to discover, create and experiment through a variety of activities, in an atmosphere that is both fun and stimulating.<\/p>\n<\/div><\/div><\/div><\/div><div class=\"et_pb_blurb_3 et_pb_blurb et_pb_bg_layout_light et_pb_blurb_position_top et_pb_module et_block_module\"><div class=\"et_pb_blurb_content\"><div class=\"et_pb_main_blurb_image\"><span class=\"et_pb_image_wrap et_pb_only_image_mode_wrap\"><img decoding=\"async\" src=\"https:\/\/bouleetbilles.net\/wp-content\/uploads\/2026\/03\/Restauration-sur-place.webp\" width=\"1232\" height=\"693\" srcset=\"https:\/\/bouleetbilles.net\/wp-content\/uploads\/2026\/03\/Restauration-sur-place.webp 1232w, https:\/\/bouleetbilles.net\/wp-content\/uploads\/2026\/03\/Restauration-sur-place-980x551.webp 980w, https:\/\/bouleetbilles.net\/wp-content\/uploads\/2026\/03\/Restauration-sur-place-480x270.webp 480w\" sizes=\"(min-width: 0px) and (max-width: 480px) 480px, (min-width: 481px) and (max-width: 980px) 980px, (min-width: 981px) 1232px, 100vw\" class=\"et-waypoint et_pb_animation_top et_pb_animation_top_tablet et_pb_animation_top_phone wp-image-9401\" alt=\"On-site catering\" \/><\/span><\/div><div class=\"et_pb_blurb_container\"><h4 class=\"et_pb_module_header\">On-site catering<\/h4><div class=\"et_pb_blurb_description\"><p>To extend this moment in a friendly atmosphere, a catering service will be offered on site, allowing everyone to fully enjoy this festive morning with their family.<\/p>\n<\/div><\/div><\/div><\/div><\/div><\/div><div class=\"et_pb_row_2 et_pb_row et_block_row\"><div class=\"et_pb_column_4 et_pb_column et_pb_column_4_4 et-last-child et_block_column et_pb_css_mix_blend_mode_passthrough\"><div class=\"et_pb_text_1 et_pb_text et_pb_bg_layout_light et_pb_module et_block_module\"><div class=\"et_pb_text_inner\"><h3>\ud83c\udf81 Tombola &amp; Lucky Envelopes<\/h3>\n<p><span style=\"font-weight: 400;\">\u00c0 l\u2019occasion de cette matin\u00e9e festive, la tombola et le jeu des lucky enveloppes viendront offrir de belles surprises aux familles.<\/span><\/p>\n<\/div><\/div><\/div><\/div><div class=\"et_pb_row_3 et_pb_row et_block_row\"><div class=\"et_pb_column_5 et_pb_column et_pb_column_1_2 et_block_column et_pb_css_mix_blend_mode_passthrough\"><div class=\"et_pb_image_1 et_pb_image et_pb_module et_block_module\"><span class=\"et_pb_image_wrap\"><img decoding=\"async\" src=\"https:\/\/bouleetbilles.net\/wp-content\/uploads\/2026\/03\/Tombola.webp\" width=\"1232\" height=\"693\" srcset=\"https:\/\/bouleetbilles.net\/wp-content\/uploads\/2026\/03\/Tombola.webp 1232w, https:\/\/bouleetbilles.net\/wp-content\/uploads\/2026\/03\/Tombola-980x551.webp 980w, https:\/\/bouleetbilles.net\/wp-content\/uploads\/2026\/03\/Tombola-480x270.webp 480w\" sizes=\"(min-width: 0px) and (max-width: 480px) 480px, (min-width: 481px) and (max-width: 980px) 980px, (min-width: 981px) 1232px, 100vw\" class=\"wp-image-9398\" title=\"Tombola\" alt=\"Tombola\" \/><\/span><\/div><\/div><div class=\"et_pb_column_6 et_pb_column et_pb_column_1_2 et-last-child et_block_column et_pb_css_mix_blend_mode_passthrough\"><div class=\"et_pb_text_2 et_pb_text et_pb_bg_layout_light et_pb_module et_block_module\"><div class=\"et_pb_text_inner\"><h4>Une tombola exceptionnelle<\/h4>\n<p>Plus de 50 lots d\u2019une valeur sup\u00e9rieure \u00e0 500 000 VND sont \u00e0 gagner : s\u00e9jours, exp\u00e9riences uniques, restaurants, activit\u00e9s sportives, bien-\u00eatre et loisirs\u2026 Une belle diversit\u00e9 de cadeaux pour faire de ce moment un temps fort de la matin\u00e9e.<\/p>\n<h4>Lucky Envelopes \u2013 100% gagnant<\/h4>\n<p>Le jour de la kermesse, tentez \u00e9galement votre chance avec les lucky envelopes :<br \/>plus de 150 vouchers (entre 100 000 et 500 000 VND) ainsi que de nombreux cadeaux sont \u00e0 remporter.<\/p>\n<p>Chaque enveloppe est gagnante\u2026 pour le plaisir de repartir avec une surprise.<\/p>\n<h4>Un immense merci \u00e0 nos partenaires<\/h4>\n<p>Gr\u00e2ce \u00e0 la g\u00e9n\u00e9rosit\u00e9 de nos partenaires, <strong>plus de 100 000 000 VND de lots<\/strong> ont \u00e9t\u00e9 r\u00e9unis.<br \/>Leur soutien contribue pleinement \u00e0 la r\u00e9ussite de cette Journ\u00e9e des familles<\/p>\n<\/div><\/div><\/div><\/div><div class=\"et_pb_row_4 et_pb_row et_block_row\"><div class=\"et_pb_column_7 et_pb_column et_pb_column_4_4 et-last-child et_block_column et_pb_css_mix_blend_mode_passthrough\"><div class=\"et_pb_image_2 et_pb_image et_pb_module et_block_module\"><span class=\"et_pb_image_wrap\"><img decoding=\"async\" src=\"https:\/\/bouleetbilles.net\/wp-content\/uploads\/2026\/03\/partenaires-tombola-boule-et-billes-kermesse-2026.webp\" width=\"2245\" height=\"1587\" srcset=\"https:\/\/bouleetbilles.net\/wp-content\/uploads\/2026\/03\/partenaires-tombola-boule-et-billes-kermesse-2026.webp 2245w, https:\/\/bouleetbilles.net\/wp-content\/uploads\/2026\/03\/partenaires-tombola-boule-et-billes-kermesse-2026-1280x905.webp 1280w, https:\/\/bouleetbilles.net\/wp-content\/uploads\/2026\/03\/partenaires-tombola-boule-et-billes-kermesse-2026-980x693.webp 980w, https:\/\/bouleetbilles.net\/wp-content\/uploads\/2026\/03\/partenaires-tombola-boule-et-billes-kermesse-2026-480x339.webp 480w\" sizes=\"(min-width: 0px) and (max-width: 480px) 480px, (min-width: 481px) and (max-width: 980px) 980px, (min-width: 981px) and (max-width: 1280px) 1280px, (min-width: 1281px) 2245px, 100vw\" class=\"wp-image-9404\" title=\"partenaires tombola boule et billes kermesse 2026\" alt=\"partenaires tombola boule et billes kermesse 2026\" \/><\/span><\/div><\/div><\/div><\/div>","protected":false},"excerpt":{"rendered":"<p>Boule &amp; Billes is pleased to invite you to its Family Day, on Saturday, March 28, 2026, from 9:00 a.m. to 1:00 p.m.<\/p>\n","protected":false},"author":110,"featured_media":9468,"parent":0,"menu_order":0,"comment_status":"closed","ping_status":"closed","template":"","meta":{"_seopress_robots_primary_cat":"","_seopress_titles_title":"","_seopress_titles_desc":"","_seopress_robots_index":"","footnotes":""},"class_list":["post-9471","page","type-page","status-publish","has-post-thumbnail","hentry"],"_links":{"self":[{"href":"https:\/\/bouleetbilles.net\/en\/wp-json\/wp\/v2\/pages\/9471","targetHints":{"allow":["GET"]}}],"collection":[{"href":"https:\/\/bouleetbilles.net\/en\/wp-json\/wp\/v2\/pages"}],"about":[{"href":"https:\/\/bouleetbilles.net\/en\/wp-json\/wp\/v2\/types\/page"}],"author":[{"embeddable":true,"href":"https:\/\/bouleetbilles.net\/en\/wp-json\/wp\/v2\/users\/110"}],"replies":[{"embeddable":true,"href":"https:\/\/bouleetbilles.net\/en\/wp-json\/wp\/v2\/comments?post=9471"}],"version-history":[{"count":18,"href":"https:\/\/bouleetbilles.net\/en\/wp-json\/wp\/v2\/pages\/9471\/revisions"}],"predecessor-version":[{"id":9818,"href":"https:\/\/bouleetbilles.net\/en\/wp-json\/wp\/v2\/pages\/9471\/revisions\/9818"}],"wp:featuredmedia":[{"embeddable":true,"href":"https:\/\/bouleetbilles.net\/en\/wp-json\/wp\/v2\/media\/9468"}],"wp:attachment":[{"href":"https:\/\/bouleetbilles.net\/en\/wp-json\/wp\/v2\/media?parent=9471"}],"curies":[{"name":"wp","href":"https:\/\/api.w.org\/{rel}","templated":true}]}}